{"id":82,"date":"2023-09-11T12:27:35","date_gmt":"2023-09-11T12:27:35","guid":{"rendered":"https:\/\/domath.surju.ee\/?page_id=82"},"modified":"2025-01-02T19:43:58","modified_gmt":"2025-01-02T19:43:58","slug":"time","status":"publish","type":"page","link":"https:\/\/domath.surju.ee\/et\/aeg\/","title":{"rendered":"Aeg"},"content":{"rendered":"<h1 style=\"text-align: center;\"><span style=\"color: #008000;\"><strong>Aeg, aja\u00fchikud<\/strong><\/span><\/h1>\r\n<p><span style=\"color: #ff0000;\"><strong>Aeg<\/strong><span style=\"color: #000000;\"> on s\u00fcndmuse kestus aja\u00fchikutes m\u00f5\u00f5detuna.&nbsp;<br \/>\r\n<strong>Aega<\/strong> m\u00f5\u00f5detakse aja\u00fchikutega: sekund, minut, tund, p\u00e4ev, n\u00e4dal, kuu, aasta jne.&nbsp;<\/span><\/span><\/p>\r\n\r\n<hr class=\"wp-block-separator has-alpha-channel-opacity\" \/>\r\n<p><img loading=\"lazy\" decoding=\"async\" class=\"alignnone size-medium wp-image-3417\" src=\"https:\/\/domath.surju.ee\/wp-content\/uploads\/2024\/07\/measurement-of-time2-300x300.png\" alt=\"\" width=\"300\" height=\"300\" srcset=\"https:\/\/domath.surju.ee\/wp-content\/uploads\/2024\/07\/measurement-of-time2-300x300.png 300w, https:\/\/domath.surju.ee\/wp-content\/uploads\/2024\/07\/measurement-of-time2-150x150.png 150w, https:\/\/domath.surju.ee\/wp-content\/uploads\/2024\/07\/measurement-of-time2-24x24.png 24w, https:\/\/domath.surju.ee\/wp-content\/uploads\/2024\/07\/measurement-of-time2-36x36.png 36w, https:\/\/domath.surju.ee\/wp-content\/uploads\/2024\/07\/measurement-of-time2-48x48.png 48w, https:\/\/domath.surju.ee\/wp-content\/uploads\/2024\/07\/measurement-of-time2.png 500w\" sizes=\"auto, (max-width: 300px) 100vw, 300px\" \/>&nbsp; &nbsp; &nbsp; &nbsp; &nbsp;<img loading=\"lazy\" decoding=\"async\" class=\"alignnone  wp-image-3416\" src=\"https:\/\/domath.surju.ee\/wp-content\/uploads\/2024\/07\/time-7471242_640-300x223.png\" alt=\"\" width=\"342\" height=\"254\" srcset=\"https:\/\/domath.surju.ee\/wp-content\/uploads\/2024\/07\/time-7471242_640-300x223.png 300w, https:\/\/domath.surju.ee\/wp-content\/uploads\/2024\/07\/time-7471242_640-24x18.png 24w, https:\/\/domath.surju.ee\/wp-content\/uploads\/2024\/07\/time-7471242_640-36x27.png 36w, https:\/\/domath.surju.ee\/wp-content\/uploads\/2024\/07\/time-7471242_640-48x36.png 48w, https:\/\/domath.surju.ee\/wp-content\/uploads\/2024\/07\/time-7471242_640.png 640w\" sizes=\"auto, (max-width: 342px) 100vw, 342px\" \/><\/p>\r\n<div class=\"wp-block-image\">\r\n<figure class=\"aligncenter size-full is-resized\"><img loading=\"lazy\" decoding=\"async\" width=\"500\" height=\"250\" class=\"wp-image-3418\" style=\"width: 380px; height: auto;\" src=\"https:\/\/domath.surju.ee\/wp-content\/uploads\/2024\/07\/measurement-of-time2-1.png\" alt=\"\" srcset=\"https:\/\/domath.surju.ee\/wp-content\/uploads\/2024\/07\/measurement-of-time2-1.png 500w, https:\/\/domath.surju.ee\/wp-content\/uploads\/2024\/07\/measurement-of-time2-1-300x150.png 300w, https:\/\/domath.surju.ee\/wp-content\/uploads\/2024\/07\/measurement-of-time2-1-24x12.png 24w, https:\/\/domath.surju.ee\/wp-content\/uploads\/2024\/07\/measurement-of-time2-1-36x18.png 36w, https:\/\/domath.surju.ee\/wp-content\/uploads\/2024\/07\/measurement-of-time2-1-48x24.png 48w\" sizes=\"auto, (max-width: 500px) 100vw, 500px\" \/><\/figure><\/div>\r\n\r\n<figure class=\"wp-block-gallery has-nested-images columns-default is-cropped wp-block-gallery-1 is-layout-flex wp-block-gallery-is-layout-flex\">\r\n<figure class=\"wp-block-image size-large is-resized\"><img loading=\"lazy\" decoding=\"async\" width=\"500\" height=\"500\" data-id=\"3420\" class=\"wp-image-3420\" style=\"width: 370px; height: auto;\" src=\"https:\/\/domath.surju.ee\/wp-content\/uploads\/2024\/07\/quarters-of-time2.png\" alt=\"\" srcset=\"https:\/\/domath.surju.ee\/wp-content\/uploads\/2024\/07\/quarters-of-time2.png 500w, https:\/\/domath.surju.ee\/wp-content\/uploads\/2024\/07\/quarters-of-time2-300x300.png 300w, https:\/\/domath.surju.ee\/wp-content\/uploads\/2024\/07\/quarters-of-time2-150x150.png 150w, https:\/\/domath.surju.ee\/wp-content\/uploads\/2024\/07\/quarters-of-time2-24x24.png 24w, https:\/\/domath.surju.ee\/wp-content\/uploads\/2024\/07\/quarters-of-time2-36x36.png 36w, https:\/\/domath.surju.ee\/wp-content\/uploads\/2024\/07\/quarters-of-time2-48x48.png 48w\" sizes=\"auto, (max-width: 500px) 100vw, 500px\" \/><\/figure>\r\n\r\n\r\n<figure class=\"wp-block-image size-large is-resized\"><img loading=\"lazy\" decoding=\"async\" width=\"500\" height=\"500\" data-id=\"3419\" class=\"wp-image-3419\" style=\"width: 370px; height: auto;\" src=\"https:\/\/domath.surju.ee\/wp-content\/uploads\/2024\/07\/measurement-of-time2-2.png\" alt=\"\" srcset=\"https:\/\/domath.surju.ee\/wp-content\/uploads\/2024\/07\/measurement-of-time2-2.png 500w, https:\/\/domath.surju.ee\/wp-content\/uploads\/2024\/07\/measurement-of-time2-2-300x300.png 300w, https:\/\/domath.surju.ee\/wp-content\/uploads\/2024\/07\/measurement-of-time2-2-150x150.png 150w, https:\/\/domath.surju.ee\/wp-content\/uploads\/2024\/07\/measurement-of-time2-2-24x24.png 24w, https:\/\/domath.surju.ee\/wp-content\/uploads\/2024\/07\/measurement-of-time2-2-36x36.png 36w, https:\/\/domath.surju.ee\/wp-content\/uploads\/2024\/07\/measurement-of-time2-2-48x48.png 48w\" sizes=\"auto, (max-width: 500px) 100vw, 500px\" \/><\/figure>\r\n<\/figure>\r\n\r\n\r\n<p style=\"text-align: center;\"><a href=\"https:\/\/www.crestolympiads.com\/topic\/class-2-time\">https:\/\/www.crestolympiads.com\/topic\/class-2-time<\/a><\/p>\r\n<h5>&nbsp;<\/h5>\r\n<h5 style=\"text-align: center;\"><span style=\"color: #99ccff; background-color: #333399;\"><strong>Aja\u00fchikud<\/strong><\/span><\/h5>\r\n<p style=\"text-align: center;\"><strong>sekund &lt; minut &lt; \u00f6\u00f6p\u00e4ev &lt; n\u00e4dal &lt; kuu &lt; aasta<\/strong><\/p>\r\n<p style=\"text-align: center;\">1 minut = 60 sekundit<\/p>\r\n<p style=\"text-align: center;\">1 tund = 60 minutit<\/p>\r\n<p style=\"text-align: center;\">1 tund = 3600 sekundit<\/p>\r\n<p style=\"text-align: center;\">1 p\u00e4ev = 24 tundi<\/p>\r\n<p style=\"text-align: center;\">1 n\u00e4dal = 7 p\u00e4eva<\/p>\r\n<p style=\"text-align: center;\">1 kuu = 4 n\u00e4dalat<\/p>\r\n<p style=\"text-align: center;\">1 aasta = 12 kuud<\/p>\r\n<p style=\"text-align: center;\">100 aastat = 1 sajand<\/p>\r\n<p style=\"text-align: center;\">1000 aastat = 1 millennium<\/p>\r\n<p style=\"text-align: center;\">\u00dches kuus v\u00f5ib olla 28, 29, 30 v\u00f5i 31 p\u00e4eva.<\/p>\r\n<p style=\"text-align: center;\">1 aasta = 365 p\u00e4eva<\/p>\r\n<p style=\"text-align: center;\">1 liigaasta = 366 p\u00e4eva<\/p>\r\n<p style=\"text-align: center;\">Iga neljas aasta on liigaasta.&nbsp;<br \/>\r\n\u00dches aastas on 52 n\u00e4dalat ja \u00fcks p\u00e4ev.&nbsp;<br \/>\r\nLiigaastas on 52 n\u00e4dalat ja kaks p\u00e4eva.<\/p>\r\n<hr \/>\r\n<h5 style=\"text-align: center;\"><strong><span style=\"color: #99ccff; background-color: #333399;\">M\u00e4ngi m\u00e4ngu: <\/span><\/strong><\/h5>\r\n<p><a href=\"https:\/\/mathsframe.co.uk\/en\/resources\/resource\/116\/telling-the-time\"><img loading=\"lazy\" decoding=\"async\" class=\" wp-image-3423 aligncenter\" src=\"https:\/\/domath.surju.ee\/wp-content\/uploads\/2024\/07\/Kuvatommis-2024-08-01-021059-300x158.png\" alt=\"\" width=\"440\" height=\"231\" srcset=\"https:\/\/domath.surju.ee\/wp-content\/uploads\/2024\/07\/Kuvatommis-2024-08-01-021059-300x158.png 300w, https:\/\/domath.surju.ee\/wp-content\/uploads\/2024\/07\/Kuvatommis-2024-08-01-021059-1024x538.png 1024w, https:\/\/domath.surju.ee\/wp-content\/uploads\/2024\/07\/Kuvatommis-2024-08-01-021059-768x403.png 768w, https:\/\/domath.surju.ee\/wp-content\/uploads\/2024\/07\/Kuvatommis-2024-08-01-021059-24x13.png 24w, https:\/\/domath.surju.ee\/wp-content\/uploads\/2024\/07\/Kuvatommis-2024-08-01-021059-36x19.png 36w, https:\/\/domath.surju.ee\/wp-content\/uploads\/2024\/07\/Kuvatommis-2024-08-01-021059-48x25.png 48w, https:\/\/domath.surju.ee\/wp-content\/uploads\/2024\/07\/Kuvatommis-2024-08-01-021059.png 1405w\" sizes=\"auto, (max-width: 440px) 100vw, 440px\" \/><\/a><\/p>\r\n<p style=\"text-align: center;\"><a href=\"https:\/\/mathsframe.co.uk\/en\/resources\/resource\/116\/telling-the-time\">https:\/\/mathsframe.co.uk\/en\/resources\/resource\/116\/telling-the-time<\/a><\/p>\r\n\r\n\r\n<hr class=\"wp-block-separator has-alpha-channel-opacity\" \/>\r\n<p>&nbsp; &nbsp; &nbsp; &nbsp; &nbsp; &nbsp; &nbsp; &nbsp; &nbsp; &nbsp; &nbsp; &nbsp; &nbsp; &nbsp; &nbsp; &nbsp; &nbsp; &nbsp; <iframe loading=\"lazy\" style=\"border: 0px;\" title=\"Kell\" src=\"https:\/\/www.geogebra.org\/material\/iframe\/id\/c5vxxscj\/width\/1000\/height\/550\/border\/888888\/sfsb\/true\/smb\/false\/stb\/false\/stbh\/false\/ai\/false\/asb\/false\/sri\/false\/rc\/false\/ld\/false\/sdz\/false\/ctl\/false\" width=\"550px\" height=\"300px\" scrolling=\"no\"> <\/iframe><\/p>\r\n<p style=\"text-align: center;\">Anthony Or. Education Bureau, Hong Kong. License<a href=\"https:\/\/creativecommons.org\/licenses\/by-sa\/3.0\">CC-BY-SA<\/a>,&nbsp;<a href=\"https:\/\/www.geogebra.org\/tos\">GeoGebra Terms of Use<\/a><\/p>","protected":false},"excerpt":{"rendered":"<p>Aeg, aja\u00fchikud Aeg on s\u00fcndmuse kestus aja\u00fchikutes m\u00f5\u00f5detuna.&nbsp; Aega m\u00f5\u00f5detakse aja\u00fchikutega: sekund, minut, tund, p\u00e4ev, n\u00e4dal, kuu, aasta jne.&nbsp; &nbsp; &nbsp; &nbsp; &nbsp; &nbsp; https:\/\/www.crestolympiads.com\/topic\/class-2-time &nbsp; Aja\u00fchikud sekund &lt; minut &lt; \u00f6\u00f6p\u00e4ev &lt; n\u00e4dal &lt; kuu &lt; aasta 1 minut = 60 sekundit 1 tund = 60 minutit 1 tund = 3600 sekundit 1 p\u00e4ev [&#8230;]<\/p>\n<p><a class=\"btn btn-secondary understrap-read-more-link\" href=\"https:\/\/domath.surju.ee\/et\/aeg\/\">Read More&#8230;<span class=\"screen-reader-text\"> from Aeg<\/span><\/a><\/p>\n","protected":false},"author":1,"featured_media":0,"parent":0,"menu_order":0,"comment_status":"closed","ping_status":"closed","template":"","meta":{"_eb_attr":"","_uag_custom_page_level_css":"","footnotes":""},"categories":[],"tags":[23,22,154,155,135],"class_list":["post-82","page","type-page","status-publish","hentry","tag-english-t","tag-estonian-a","tag-greek-chi","tag-greek-omega","tag-spanish-t"],"uagb_featured_image_src":{"full":false,"thumbnail":false,"medium":false,"medium_large":false,"large":false,"1536x1536":false,"2048x2048":false,"menu-24x24":false,"menu-36x36":false,"menu-48x48":false},"uagb_author_info":{"display_name":"valter","author_link":"https:\/\/domath.surju.ee\/et\/author\/valter\/"},"uagb_comment_info":0,"uagb_excerpt":"Aeg, aja\u00fchikud Aeg on s\u00fcndmuse kestus aja\u00fchikutes m\u00f5\u00f5detuna.&nbsp; Aega m\u00f5\u00f5detakse aja\u00fchikutega: sekund, minut, tund, p\u00e4ev, n\u00e4dal, kuu, aasta jne.&nbsp; &nbsp; &nbsp; &nbsp; &nbsp; &nbsp; https:\/\/www.crestolympiads.com\/topic\/class-2-time &nbsp; Aja\u00fchikud sekund &lt; minut &lt; \u00f6\u00f6p\u00e4ev &lt; n\u00e4dal &lt; kuu &lt; aasta 1 minut = 60 sekundit 1 tund = 60 minutit 1 tund = 3600 sekundit 1 p\u00e4ev&hellip;","_links":{"self":[{"href":"https:\/\/domath.surju.ee\/et\/wp-json\/wp\/v2\/pages\/82","targetHints":{"allow":["GET"]}}],"collection":[{"href":"https:\/\/domath.surju.ee\/et\/wp-json\/wp\/v2\/pages"}],"about":[{"href":"https:\/\/domath.surju.ee\/et\/wp-json\/wp\/v2\/types\/page"}],"author":[{"embeddable":true,"href":"https:\/\/domath.surju.ee\/et\/wp-json\/wp\/v2\/users\/1"}],"replies":[{"embeddable":true,"href":"https:\/\/domath.surju.ee\/et\/wp-json\/wp\/v2\/comments?post=82"}],"version-history":[{"count":10,"href":"https:\/\/domath.surju.ee\/et\/wp-json\/wp\/v2\/pages\/82\/revisions"}],"predecessor-version":[{"id":4686,"href":"https:\/\/domath.surju.ee\/et\/wp-json\/wp\/v2\/pages\/82\/revisions\/4686"}],"wp:attachment":[{"href":"https:\/\/domath.surju.ee\/et\/wp-json\/wp\/v2\/media?parent=82"}],"wp:term":[{"taxonomy":"category","embeddable":true,"href":"https:\/\/domath.surju.ee\/et\/wp-json\/wp\/v2\/categories?post=82"},{"taxonomy":"post_tag","embeddable":true,"href":"https:\/\/domath.surju.ee\/et\/wp-json\/wp\/v2\/tags?post=82"}],"curies":[{"name":"wp","href":"https:\/\/api.w.org\/{rel}","templated":true}]}}