{"id":796,"date":"2023-12-20T12:41:28","date_gmt":"2023-12-20T12:41:28","guid":{"rendered":"https:\/\/domath.surju.ee\/?page_id=796"},"modified":"2024-12-27T13:46:28","modified_gmt":"2024-12-27T13:46:28","slug":"decimal","status":"publish","type":"page","link":"https:\/\/domath.surju.ee\/et\/kumnendmurd\/","title":{"rendered":"K\u00fcmnendmurd"},"content":{"rendered":"<h1 style=\"text-align: center;\"><span style=\"color: #008000;\">K\u00fcmnendmurd<\/span><\/h1>\r\n\r\n<p><br \/>\r\n<span style=\"color: #ff0000;\"><strong>K\u00fcmnendmurd<\/strong><\/span> on k\u00fcmnend\u00fcsteemis kirjutatud murdarv, mis koosneb t\u00e4isosast ja murdosast, mis on eraldatud <strong>komaga<\/strong>. <br \/>\r\nKoma on t\u00e4isosa ja murdosa vahele j\u00e4\u00e4v m\u00e4rk.<br \/>\r\n<br \/>\r\n<span style=\"color: #0000ff;\"><strong>N\u00e4ited.<br \/>\r\n<\/strong><\/span><mark><strong><mark class=\"has-inline-color has-red-color\" style=\"background-color: rgba(0, 0, 0, 0);\">35,<\/mark><mark class=\"has-inline-color has-purple-color\" style=\"background-color: rgba(0, 0, 0, 0);\">28<\/mark> <br \/>\r\n<\/strong><\/mark><mark> <\/mark><mark> <\/mark><mark><strong> <mark class=\"has-inline-color has-red-color\" style=\"background-color: rgba(0, 0, 0, 0);\">56<span style=\"color: #000000;\">,<\/span><\/mark><mark class=\"has-inline-color has-purple-color\" style=\"background-color: rgba(0, 0, 0, 0);\">1<\/mark> <br \/>\r\n<mark class=\"has-inline-color has-red-color\" style=\"background-color: rgba(0, 0, 0, 0);\">148<span style=\"color: #000000;\">,<\/span><\/mark><mark class=\"has-inline-color has-purple-color\" style=\"background-color: rgba(0, 0, 0, 0);\">32<\/mark><\/strong><\/mark><\/p>\r\n\r\n\r\n\r\n<p><span style=\"color: #0000ff;\"><strong><img loading=\"lazy\" decoding=\"async\" class=\"alignnone  wp-image-5028\" src=\"https:\/\/domath.surju.ee\/wp-content\/uploads\/2024\/12\/Kuvatommis-2024-12-27-164714-300x272.png\" alt=\"\" width=\"356\" height=\"323\" srcset=\"https:\/\/domath.surju.ee\/wp-content\/uploads\/2024\/12\/Kuvatommis-2024-12-27-164714-300x272.png 300w, https:\/\/domath.surju.ee\/wp-content\/uploads\/2024\/12\/Kuvatommis-2024-12-27-164714-24x22.png 24w, https:\/\/domath.surju.ee\/wp-content\/uploads\/2024\/12\/Kuvatommis-2024-12-27-164714-36x33.png 36w, https:\/\/domath.surju.ee\/wp-content\/uploads\/2024\/12\/Kuvatommis-2024-12-27-164714-48x43.png 48w, https:\/\/domath.surju.ee\/wp-content\/uploads\/2024\/12\/Kuvatommis-2024-12-27-164714.png 769w\" sizes=\"auto, (max-width: 356px) 100vw, 356px\" \/><br \/>\r\n<br \/>\r\n<\/strong><\/span> <strong><span style=\"color: #ff6600;\">25<\/span>,<span style=\"color: #333399;\">5<\/span><\/strong> on k\u00fcmnendmurd, kus <span style=\"color: #ff6600;\"><strong>25 on t\u00e4isosa<\/strong><\/span> ja<span style=\"color: #0000ff;\"><strong><span style=\"color: #333399;\"> 5<\/span> <span style=\"color: #333399;\">on murdosa<\/span><\/strong><\/span> (5\/10 v\u00f5i 5 k\u00fcmnendikku).<br \/>\r\n<strong><span style=\"color: #ff6600;\">302<\/span>, <span style=\"color: #333399;\">28<\/span><\/strong> on k\u00fcmnendmurd, kus<span style=\"color: #ff6600;\"><strong> 302 on t\u00e4isosa<\/strong><\/span> ja <span style=\"color: #333399;\"><strong>28 on murdosa <\/strong><\/span>(28\/100 ehk 28 sajandikku)<br \/>\r\n<br \/>\r\n<strong><span style=\"color: #008000;\">K\u00fcmnendmurdude v\u00f5rdlemine<\/span><\/strong><br \/>\r\nKahe v\u00f5i enama k\u00fcmnendarvu v\u00f5rdlemiseks tehke j\u00e4rgmist:<br \/>\r\nK\u00f5igepealt tuleb v\u00f5rrelda k\u00fcmnendmurru&nbsp; t\u00e4isosa. Suurem on see, millel on suurem t\u00e4isarvuline osa.<br \/>\r\n<span style=\"color: #0000ff;\"><strong>nt.<\/strong><\/span> <strong><span style=\"color: #ff6600;\">45<\/span>,2 &gt;<span style=\"color: #ff6600;\"> 5<\/span>,123<\/strong><br \/>\r\n<br \/>\r\nKui t\u00e4isosad on v\u00f5rdsed, siis tuleb v\u00f5rrelda k\u00fcmnendosa, alustades k\u00fcmnendosas vasakult paremale. <br \/>\r\nSuurim on see, millel on k\u00f5ige rohkem k\u00fcmnendikke v\u00f5i sajandikke v\u00f5i tuhandikke&nbsp; jne. <strong><span style=\"color: #0000ff;\">nt.<\/span> 0,1<span style=\"color: #ff6600;\">3<\/span>5 &gt; 0,1<span style=\"color: #ff6600;\">2<\/span>3<br \/>\r\n<br \/>\r\nK\u00fcmnendmurru l\u00f5ppu v\u00f5ib vajaduse korral nulle juurde kirjutada.<br \/>\r\n<span style=\"color: #0000ff;\">nt. <\/span>0,12 =0,120<\/strong><\/p>\r\n\r\n\r\n<p><span style=\"color: #0000ff;\"><strong>Siin on m\u00f5ned n\u00e4ited k\u00fcmnendmurdude v\u00f5rdlemiseks.<\/strong><\/span><\/p>\r\n\r\n\r\n<p>&nbsp;<a href=\"https:\/\/www.sheppardsoftware.com\/math\/decimals\/fruit-splat-compare-game\/\">https:\/\/www.sheppardsoftware.com\/math\/decimals\/fruit-splat-compare-game\/<\/a> <mark class=\"has-inline-color has-red-color\" style=\"background-color: rgba(0, 0, 0, 0);\">ja&nbsp;<\/mark> <a href=\"https:\/\/www.teacherled.com\/iresources\/decimals\/comparedecimals\/\">https:\/\/www.teacherled.com\/iresources\/decimals\/comparedecimals\/<\/a><\/p>\r\n\r\n\r\n<figure class=\"wp-block-embed\">\r\n<div class=\"wp-block-embed__wrapper\"><a href=\"https:\/\/www.sheppardsoftware.com\/math\/decimals\/fruit-splat-compare-game\">https:\/\/www.sheppardsoftware.com\/math\/decimals\/fruit-splat-compare-game<\/a><br \/>\r\n<br \/>\r\n\r\n\r\n<figure class=\"wp-block-image size-large\"><a href=\"https:\/\/www.sheppardsoftware.com\/math\/decimals\/fruit-splat-compare-game\/\"><img loading=\"lazy\" decoding=\"async\" width=\"1024\" height=\"514\" class=\"wp-image-5024\" src=\"https:\/\/domath.surju.ee\/wp-content\/uploads\/2024\/12\/Kuvatommis-2024-12-27-154313-1-1024x514.png\" alt=\"\" srcset=\"https:\/\/domath.surju.ee\/wp-content\/uploads\/2024\/12\/Kuvatommis-2024-12-27-154313-1-1024x514.png 1024w, https:\/\/domath.surju.ee\/wp-content\/uploads\/2024\/12\/Kuvatommis-2024-12-27-154313-1-300x151.png 300w, https:\/\/domath.surju.ee\/wp-content\/uploads\/2024\/12\/Kuvatommis-2024-12-27-154313-1-768x385.png 768w, https:\/\/domath.surju.ee\/wp-content\/uploads\/2024\/12\/Kuvatommis-2024-12-27-154313-1-24x12.png 24w, https:\/\/domath.surju.ee\/wp-content\/uploads\/2024\/12\/Kuvatommis-2024-12-27-154313-1-36x18.png 36w, https:\/\/domath.surju.ee\/wp-content\/uploads\/2024\/12\/Kuvatommis-2024-12-27-154313-1-48x24.png 48w, https:\/\/domath.surju.ee\/wp-content\/uploads\/2024\/12\/Kuvatommis-2024-12-27-154313-1.png 1473w\" sizes=\"auto, (max-width: 1024px) 100vw, 1024px\" \/><\/a><\/figure>\r\n<br \/>\r\n<br \/>\r\n<br \/>\r\n<\/div>\r\n<\/figure>","protected":false},"excerpt":{"rendered":"<p>K\u00fcmnendmurd K\u00fcmnendmurd on k\u00fcmnend\u00fcsteemis kirjutatud murdarv, mis koosneb t\u00e4isosast ja murdosast, mis on eraldatud komaga. Koma on t\u00e4isosa ja murdosa vahele j\u00e4\u00e4v m\u00e4rk. N\u00e4ited. 35,28 56,1 148,32 25,5 on k\u00fcmnendmurd, kus 25 on t\u00e4isosa ja 5 on murdosa (5\/10 v\u00f5i 5 k\u00fcmnendikku). 302, 28 on k\u00fcmnendmurd, kus 302 on t\u00e4isosa ja 28 on murdosa (28\/100 [&#8230;]<\/p>\n<p><a class=\"btn btn-secondary understrap-read-more-link\" href=\"https:\/\/domath.surju.ee\/et\/kumnendmurd\/\">Read More&#8230;<span class=\"screen-reader-text\"> from K\u00fcmnendmurd<\/span><\/a><\/p>\n","protected":false},"author":9,"featured_media":0,"parent":0,"menu_order":0,"comment_status":"closed","ping_status":"closed","template":"","meta":{"_eb_attr":"","_uag_custom_page_level_css":"","footnotes":""},"categories":[],"tags":[12,76,74,80],"class_list":["post-796","page","type-page","status-publish","hentry","tag-english-d","tag-estonian-k","tag-greek-delta","tag-spanish-d"],"uagb_featured_image_src":{"full":false,"thumbnail":false,"medium":false,"medium_large":false,"large":false,"1536x1536":false,"2048x2048":false,"menu-24x24":false,"menu-36x36":false,"menu-48x48":false},"uagb_author_info":{"display_name":"Styliani Bempi","author_link":"https:\/\/domath.surju.ee\/et\/author\/styliani\/"},"uagb_comment_info":0,"uagb_excerpt":"K\u00fcmnendmurd K\u00fcmnendmurd on k\u00fcmnend\u00fcsteemis kirjutatud murdarv, mis koosneb t\u00e4isosast ja murdosast, mis on eraldatud komaga. Koma on t\u00e4isosa ja murdosa vahele j\u00e4\u00e4v m\u00e4rk. N\u00e4ited. 35,28 56,1 148,32 25,5 on k\u00fcmnendmurd, kus 25 on t\u00e4isosa ja 5 on murdosa (5\/10 v\u00f5i 5 k\u00fcmnendikku). 302, 28 on k\u00fcmnendmurd, kus 302 on t\u00e4isosa ja 28 on murdosa (28\/100&hellip;","_links":{"self":[{"href":"https:\/\/domath.surju.ee\/et\/wp-json\/wp\/v2\/pages\/796","targetHints":{"allow":["GET"]}}],"collection":[{"href":"https:\/\/domath.surju.ee\/et\/wp-json\/wp\/v2\/pages"}],"about":[{"href":"https:\/\/domath.surju.ee\/et\/wp-json\/wp\/v2\/types\/page"}],"author":[{"embeddable":true,"href":"https:\/\/domath.surju.ee\/et\/wp-json\/wp\/v2\/users\/9"}],"replies":[{"embeddable":true,"href":"https:\/\/domath.surju.ee\/et\/wp-json\/wp\/v2\/comments?post=796"}],"version-history":[{"count":10,"href":"https:\/\/domath.surju.ee\/et\/wp-json\/wp\/v2\/pages\/796\/revisions"}],"predecessor-version":[{"id":5026,"href":"https:\/\/domath.surju.ee\/et\/wp-json\/wp\/v2\/pages\/796\/revisions\/5026"}],"wp:attachment":[{"href":"https:\/\/domath.surju.ee\/et\/wp-json\/wp\/v2\/media?parent=796"}],"wp:term":[{"taxonomy":"category","embeddable":true,"href":"https:\/\/domath.surju.ee\/et\/wp-json\/wp\/v2\/categories?post=796"},{"taxonomy":"post_tag","embeddable":true,"href":"https:\/\/domath.surju.ee\/et\/wp-json\/wp\/v2\/tags?post=796"}],"curies":[{"name":"wp","href":"https:\/\/api.w.org\/{rel}","templated":true}]}}