{"id":700,"date":"2023-11-12T11:01:17","date_gmt":"2023-11-12T11:01:17","guid":{"rendered":"https:\/\/domath.surju.ee\/?page_id=700"},"modified":"2024-12-27T21:34:13","modified_gmt":"2024-12-27T21:34:13","slug":"equilateral-triangle","status":"publish","type":"page","link":"https:\/\/domath.surju.ee\/et\/vordkulgne-kolmnurk\/","title":{"rendered":"V\u00f5rdk\u00fclgne kolmnurk"},"content":{"rendered":"<h1 style=\"text-align: center;\"><span style=\"color: #008000;\"><strong>V\u00f5rdk\u00fclgne kolmnurk<\/strong><\/span><\/h1>\r\n\r\n<p><strong><span style=\"color: #ff0000;\">V\u00f5rdk\u00fclgne kolmnurk<\/span> <\/strong>on kolmnurk, mille k\u00f5ik kolm k\u00fclge on v\u00f5rdse pikkusega.<\/p>\r\n\r\n\r\n<p>V\u00f5rdk\u00fclgse kolmnurga k\u00fcljed on kongruentsed, mis t\u00e4hendab, et k\u00f5ik k\u00fcljed on v\u00f5rdse pikkusega <strong>(AB=BC=CA).<\/strong><\/p>\r\n\r\n\r\n<p>V\u00f5rdk\u00fclgse kolmnurga k\u00f5ik sisenurgad on v\u00f5rdsed (<strong>\u03b1=\u03b2=\u03b3=60 kraadi<\/strong>).<\/p>\r\n\r\n\r\n<figure class=\"wp-block-image size-full is-resized\"><img loading=\"lazy\" decoding=\"async\" width=\"689\" height=\"599\" class=\"wp-image-1580\" style=\"width: 568px; height: auto;\" src=\"https:\/\/domath.surju.ee\/wp-content\/uploads\/2024\/03\/Equilateral-triangle-heights.svg_.png\" alt=\"\" srcset=\"https:\/\/domath.surju.ee\/wp-content\/uploads\/2024\/03\/Equilateral-triangle-heights.svg_.png 689w, https:\/\/domath.surju.ee\/wp-content\/uploads\/2024\/03\/Equilateral-triangle-heights.svg_-300x261.png 300w, https:\/\/domath.surju.ee\/wp-content\/uploads\/2024\/03\/Equilateral-triangle-heights.svg_-24x21.png 24w, https:\/\/domath.surju.ee\/wp-content\/uploads\/2024\/03\/Equilateral-triangle-heights.svg_-36x31.png 36w, https:\/\/domath.surju.ee\/wp-content\/uploads\/2024\/03\/Equilateral-triangle-heights.svg_-48x42.png 48w\" sizes=\"auto, (max-width: 689px) 100vw, 689px\" \/><br \/>\r\n<br \/>\r\n<span style=\"color: #008080;\"><strong>Kolmnurkade liigid k\u00fclgede j\u00e4rgi:<\/strong><\/span>&nbsp;<br \/>\r\nErik\u00fclgne kolmnurk (k\u00f5ik k\u00fcljed on erineva pikkusega), v\u00e4rdhaarne kolmnurk (kaks k\u00fclge on v\u00f5rdse pikkusega), v\u00f5rdk\u00fclgne kolmnurk (k\u00f5ik k\u00fcljed on v\u00f5rdse pikkusega).<br \/>\r\n<br \/>\r\n<span style=\"color: #008080;\"><strong>Kolmnurkade liigid nurkade j\u00e4rgi:<\/strong><\/span><br \/>\r\nteravnurkne kolmnurk (k\u00f5ik nurgad on v\u00e4iksemad kui 90\u00b0), t\u00e4isnurkne kolmnurk (\u00fcks nurk on 90\u00b0), n\u00fcrinurkne kolmnurk (\u00fcks nurk on suurem kui 90\u00b0).<\/figure>\r\n\r\n\r\n<figure class=\"wp-block-image size-full is-resized\"><img loading=\"lazy\" decoding=\"async\" width=\"453\" height=\"316\" class=\"wp-image-2875\" style=\"width: 571px; height: auto;\" src=\"https:\/\/domath.surju.ee\/wp-content\/uploads\/2024\/07\/trigvnaaaa.png\" alt=\"\" srcset=\"https:\/\/domath.surju.ee\/wp-content\/uploads\/2024\/07\/trigvnaaaa.png 453w, https:\/\/domath.surju.ee\/wp-content\/uploads\/2024\/07\/trigvnaaaa-300x209.png 300w, https:\/\/domath.surju.ee\/wp-content\/uploads\/2024\/07\/trigvnaaaa-24x17.png 24w, https:\/\/domath.surju.ee\/wp-content\/uploads\/2024\/07\/trigvnaaaa-36x25.png 36w, https:\/\/domath.surju.ee\/wp-content\/uploads\/2024\/07\/trigvnaaaa-48x33.png 48w\" sizes=\"auto, (max-width: 453px) 100vw, 453px\" \/><\/figure>\r\n\r\n\r\n<p><strong><mark class=\"has-inline-color has-red-color\" style=\"background-color: rgba(0, 0, 0, 0);\">Siin on m\u00f5ned m\u00e4ngud:<\/mark><\/strong><\/p>\r\n\r\n\r\n<p><a href=\"https:\/\/www.iknowit.com\/lessons\/e-classifying-triangles-equilateral-isosceles-scalene.html \">https:\/\/www.iknowit.com\/lessons\/e-classifying-triangles-equilateral-isosceles-scalene.html <\/a> <mark class=\"has-inline-color has-red-color\" style=\"background-color: rgba(0, 0, 0, 0);\"> <\/mark><a href=\"https:\/\/cardgames.io\/triangles\/\">https:\/\/cardgames.io\/triangles\/<\/a><\/p>\r\n","protected":false},"excerpt":{"rendered":"<p>V\u00f5rdk\u00fclgne kolmnurk V\u00f5rdk\u00fclgne kolmnurk on kolmnurk, mille k\u00f5ik kolm k\u00fclge on v\u00f5rdse pikkusega. V\u00f5rdk\u00fclgse kolmnurga k\u00fcljed on kongruentsed, mis t\u00e4hendab, et k\u00f5ik k\u00fcljed on v\u00f5rdse pikkusega (AB=BC=CA). V\u00f5rdk\u00fclgse kolmnurga k\u00f5ik sisenurgad on v\u00f5rdsed (\u03b1=\u03b2=\u03b3=60 kraadi). Kolmnurkade liigid k\u00fclgede j\u00e4rgi:&nbsp; Erik\u00fclgne kolmnurk (k\u00f5ik k\u00fcljed on erineva pikkusega), v\u00e4rdhaarne kolmnurk (kaks k\u00fclge on v\u00f5rdse pikkusega), v\u00f5rdk\u00fclgne kolmnurk [&#8230;]<\/p>\n<p><a class=\"btn btn-secondary understrap-read-more-link\" href=\"https:\/\/domath.surju.ee\/et\/vordkulgne-kolmnurk\/\">Read More&#8230;<span class=\"screen-reader-text\"> from V\u00f5rdk\u00fclgne kolmnurk<\/span><\/a><\/p>\n","protected":false},"author":9,"featured_media":0,"parent":0,"menu_order":0,"comment_status":"closed","ping_status":"closed","template":"","meta":{"_eb_attr":"","_uag_custom_page_level_css":"","footnotes":""},"categories":[],"tags":[67,119,143],"class_list":["post-700","page","type-page","status-publish","hentry","tag-english-e","tag-estonian-v","tag-greek-iota"],"uagb_featured_image_src":{"full":false,"thumbnail":false,"medium":false,"medium_large":false,"large":false,"1536x1536":false,"2048x2048":false,"menu-24x24":false,"menu-36x36":false,"menu-48x48":false},"uagb_author_info":{"display_name":"Styliani Bempi","author_link":"https:\/\/domath.surju.ee\/et\/author\/styliani\/"},"uagb_comment_info":0,"uagb_excerpt":"V\u00f5rdk\u00fclgne kolmnurk V\u00f5rdk\u00fclgne kolmnurk on kolmnurk, mille k\u00f5ik kolm k\u00fclge on v\u00f5rdse pikkusega. V\u00f5rdk\u00fclgse kolmnurga k\u00fcljed on kongruentsed, mis t\u00e4hendab, et k\u00f5ik k\u00fcljed on v\u00f5rdse pikkusega (AB=BC=CA). V\u00f5rdk\u00fclgse kolmnurga k\u00f5ik sisenurgad on v\u00f5rdsed (\u03b1=\u03b2=\u03b3=60 kraadi). Kolmnurkade liigid k\u00fclgede j\u00e4rgi:&nbsp; Erik\u00fclgne kolmnurk (k\u00f5ik k\u00fcljed on erineva pikkusega), v\u00e4rdhaarne kolmnurk (kaks k\u00fclge on v\u00f5rdse pikkusega), v\u00f5rdk\u00fclgne kolmnurk&hellip;","_links":{"self":[{"href":"https:\/\/domath.surju.ee\/et\/wp-json\/wp\/v2\/pages\/700","targetHints":{"allow":["GET"]}}],"collection":[{"href":"https:\/\/domath.surju.ee\/et\/wp-json\/wp\/v2\/pages"}],"about":[{"href":"https:\/\/domath.surju.ee\/et\/wp-json\/wp\/v2\/types\/page"}],"author":[{"embeddable":true,"href":"https:\/\/domath.surju.ee\/et\/wp-json\/wp\/v2\/users\/9"}],"replies":[{"embeddable":true,"href":"https:\/\/domath.surju.ee\/et\/wp-json\/wp\/v2\/comments?post=700"}],"version-history":[{"count":11,"href":"https:\/\/domath.surju.ee\/et\/wp-json\/wp\/v2\/pages\/700\/revisions"}],"predecessor-version":[{"id":4076,"href":"https:\/\/domath.surju.ee\/et\/wp-json\/wp\/v2\/pages\/700\/revisions\/4076"}],"wp:attachment":[{"href":"https:\/\/domath.surju.ee\/et\/wp-json\/wp\/v2\/media?parent=700"}],"wp:term":[{"taxonomy":"category","embeddable":true,"href":"https:\/\/domath.surju.ee\/et\/wp-json\/wp\/v2\/categories?post=700"},{"taxonomy":"post_tag","embeddable":true,"href":"https:\/\/domath.surju.ee\/et\/wp-json\/wp\/v2\/tags?post=700"}],"curies":[{"name":"wp","href":"https:\/\/api.w.org\/{rel}","templated":true}]}}