{"id":696,"date":"2023-11-12T10:57:19","date_gmt":"2023-11-12T10:57:19","guid":{"rendered":"https:\/\/domath.surju.ee\/?page_id=696"},"modified":"2025-01-02T19:50:34","modified_gmt":"2025-01-02T19:50:34","slug":"even-number","status":"publish","type":"page","link":"https:\/\/domath.surju.ee\/et\/paarisarvud\/","title":{"rendered":"Paarisarvud"},"content":{"rendered":"<h1 style=\"text-align: center;\"><span style=\"color: #008000;\"><strong>Paarisarvud<\/strong><\/span><\/h1>\r\n\r\n<p><mark class=\"has-inline-color has-red-color\" style=\"background-color: rgba(0, 0, 0, 0);\"><strong><em>Paarisarvud <\/em><\/strong><span style=\"color: #000000;\">on arvud, mille \u00fcheliste number on 2, 4, 6, 8 v\u00f5i 0.<br \/>\r\n<strong>Paarisarvud jaguvad 2-ga.<br \/>\r\n<br \/>\r\n<span style=\"color: #800000;\">Paaritud arvud<\/span><\/strong> on arvud, mille \u00fcheliste number on1, 3, 5, 7, 9.<strong><br \/>\r\n<br \/>\r\n<\/strong><\/span><\/mark><strong><span style=\"color: #0000ff;\">N\u00e4ited: <\/span><\/strong><span style=\"color: #0000ff;\"><span style=\"color: #000000;\">Paarisarvud on 0, 2, 4, 6, 8, 10,12, 14, 16, 18, 20,&#8230;&#8230;&#8230;.<\/span><\/span><\/p>\r\n\r\n\r\n<p>Siin on m\u00e4ng <strong><span style=\"color: #800000;\">paaris<\/span><\/strong> ja <span style=\"color: #008000;\"><strong>paaritute<\/strong><\/span> numbritega:<\/p>\r\n\r\n\r\n<p><a href=\"https:\/\/www.topmarks.co.uk\/learning-to-count\/coconut-odd-or-even\">https:\/\/www.topmarks.co.uk\/learning-to-count\/coconut-odd-or-even<\/a><\/p>\r\n\r\n\r\n<p>&nbsp;<\/p>\r\n","protected":false},"excerpt":{"rendered":"<p>Paarisarvud Paarisarvud on arvud, mille \u00fcheliste number on 2, 4, 6, 8 v\u00f5i 0. Paarisarvud jaguvad 2-ga. Paaritud arvud on arvud, mille \u00fcheliste number on1, 3, 5, 7, 9. N\u00e4ited: Paarisarvud on 0, 2, 4, 6, 8, 10,12, 14, 16, 18, 20,&#8230;&#8230;&#8230;. Siin on m\u00e4ng paaris ja paaritute numbritega: https:\/\/www.topmarks.co.uk\/learning-to-count\/coconut-odd-or-even &nbsp; [&#8230;]<\/p>\n<p><a class=\"btn btn-secondary understrap-read-more-link\" href=\"https:\/\/domath.surju.ee\/et\/paarisarvud\/\">Read More&#8230;<span class=\"screen-reader-text\"> from Paarisarvud<\/span><\/a><\/p>\n","protected":false},"author":9,"featured_media":0,"parent":0,"menu_order":0,"comment_status":"closed","ping_status":"closed","template":"","meta":{"_eb_attr":"","_uag_custom_page_level_css":"","footnotes":""},"categories":[],"tags":[67,57,88],"class_list":["post-696","page","type-page","status-publish","hentry","tag-english-e","tag-estonian-p","tag-greek-zeta"],"uagb_featured_image_src":{"full":false,"thumbnail":false,"medium":false,"medium_large":false,"large":false,"1536x1536":false,"2048x2048":false,"menu-24x24":false,"menu-36x36":false,"menu-48x48":false},"uagb_author_info":{"display_name":"Styliani Bempi","author_link":"https:\/\/domath.surju.ee\/et\/author\/styliani\/"},"uagb_comment_info":0,"uagb_excerpt":"Paarisarvud Paarisarvud on arvud, mille \u00fcheliste number on 2, 4, 6, 8 v\u00f5i 0. Paarisarvud jaguvad 2-ga. Paaritud arvud on arvud, mille \u00fcheliste number on1, 3, 5, 7, 9. N\u00e4ited: Paarisarvud on 0, 2, 4, 6, 8, 10,12, 14, 16, 18, 20,&#8230;&#8230;&#8230;. Siin on m\u00e4ng paaris ja paaritute numbritega: https:\/\/www.topmarks.co.uk\/learning-to-count\/coconut-odd-or-even &nbsp; [...]Read More... from Paarisarvud","_links":{"self":[{"href":"https:\/\/domath.surju.ee\/et\/wp-json\/wp\/v2\/pages\/696","targetHints":{"allow":["GET"]}}],"collection":[{"href":"https:\/\/domath.surju.ee\/et\/wp-json\/wp\/v2\/pages"}],"about":[{"href":"https:\/\/domath.surju.ee\/et\/wp-json\/wp\/v2\/types\/page"}],"author":[{"embeddable":true,"href":"https:\/\/domath.surju.ee\/et\/wp-json\/wp\/v2\/users\/9"}],"replies":[{"embeddable":true,"href":"https:\/\/domath.surju.ee\/et\/wp-json\/wp\/v2\/comments?post=696"}],"version-history":[{"count":9,"href":"https:\/\/domath.surju.ee\/et\/wp-json\/wp\/v2\/pages\/696\/revisions"}],"predecessor-version":[{"id":4078,"href":"https:\/\/domath.surju.ee\/et\/wp-json\/wp\/v2\/pages\/696\/revisions\/4078"}],"wp:attachment":[{"href":"https:\/\/domath.surju.ee\/et\/wp-json\/wp\/v2\/media?parent=696"}],"wp:term":[{"taxonomy":"category","embeddable":true,"href":"https:\/\/domath.surju.ee\/et\/wp-json\/wp\/v2\/categories?post=696"},{"taxonomy":"post_tag","embeddable":true,"href":"https:\/\/domath.surju.ee\/et\/wp-json\/wp\/v2\/tags?post=696"}],"curies":[{"name":"wp","href":"https:\/\/api.w.org\/{rel}","templated":true}]}}