{"id":682,"date":"2023-11-12T10:19:16","date_gmt":"2023-11-12T10:19:16","guid":{"rendered":"https:\/\/domath.surju.ee\/?page_id=682"},"modified":"2024-12-27T15:31:56","modified_gmt":"2024-12-27T15:31:56","slug":"decimal-fraction","status":"publish","type":"page","link":"https:\/\/domath.surju.ee\/et\/kymnendmurrud_murdosa\/","title":{"rendered":"K\u00fcmnendmurru murdosa"},"content":{"rendered":"<h1 style=\"text-align: center;\"><span style=\"color: #008000;\"><strong>K\u00fcmnendmurru murdosa.<br \/>\r\n<\/strong><\/span><\/h1>\r\n<h1 style=\"text-align: center;\"><span style=\"color: #008000;\"><strong>K\u00fcmnendmurru&nbsp; k\u00fcmnendkohad<\/strong><\/span><\/h1>\r\n<h1 style=\"text-align: center;\"><span style=\"color: #008000;\"><strong>Harilik murd k\u00fcmnendmurruna.&nbsp;<br \/>\r\n<br \/>\r\n<\/strong><\/span><\/h1>\r\n\r\n<p><strong><span style=\"color: #ff0000;\">Harilik murd<\/span> n\u00e4itab, mitmeks v\u00f5rdseks osaks tervik on jaotatud(murru nimetaja) ja mitu sellist osa on v\u00f5etud(murru lugeja). Harilik murd koosneb murru nimetajast ja murru lugejast.<br \/>\r\n<br \/>\r\n<\/strong><\/p>\r\n\r\n\r\n<p><span style=\"color: #0000ff;\"><strong>N\u00e4iteks:<br \/>\r\n<\/strong>Murrud, mille nimetaja on 10, 100, 1000, 10000 jne<strong><br \/>\r\n<\/strong><\/span><\/p>\r\n\r\n\r\n<figure class=\"wp-block-image size-full is-resized\"><img loading=\"lazy\" decoding=\"async\" width=\"364\" height=\"292\" class=\"wp-image-775\" style=\"width: 302px; height: auto;\" src=\"https:\/\/domath.surju.ee\/wp-content\/uploads\/2023\/12\/kl-2.png\" alt=\"\" srcset=\"https:\/\/domath.surju.ee\/wp-content\/uploads\/2023\/12\/kl-2.png 364w, https:\/\/domath.surju.ee\/wp-content\/uploads\/2023\/12\/kl-2-300x241.png 300w, https:\/\/domath.surju.ee\/wp-content\/uploads\/2023\/12\/kl-2-24x19.png 24w, https:\/\/domath.surju.ee\/wp-content\/uploads\/2023\/12\/kl-2-36x29.png 36w, https:\/\/domath.surju.ee\/wp-content\/uploads\/2023\/12\/kl-2-48x39.png 48w\" sizes=\"auto, (max-width: 364px) 100vw, 364px\" \/><\/figure>\r\n\r\n\r\n<p><span style=\"color: #008000;\"><span style=\"color: #000000;\"><strong>K\u00fcmnendmurru murdosa<\/strong> numbreid nimetatakse <span style=\"color: #ff0000;\"><strong>k\u00fcmnendkohtadeks.<\/strong><\/span> K\u00fcmnendmurdudes v\u00f5ib olla erinev arv k\u00fcmnendkohti.<br \/>\r\n<\/span><b><br \/>\r\nHarilikke murde saab kirjutada k\u00fcmnendmurruna.<\/b><\/span><\/p>\r\n\r\n\r\n<figure class=\"wp-block-image size-full is-resized\"><img loading=\"lazy\" decoding=\"async\" width=\"578\" height=\"99\" class=\"wp-image-774\" style=\"width: 589px; height: auto;\" src=\"https:\/\/domath.surju.ee\/wp-content\/uploads\/2023\/12\/kla-3.png\" alt=\"\" srcset=\"https:\/\/domath.surju.ee\/wp-content\/uploads\/2023\/12\/kla-3.png 578w, https:\/\/domath.surju.ee\/wp-content\/uploads\/2023\/12\/kla-3-300x51.png 300w, https:\/\/domath.surju.ee\/wp-content\/uploads\/2023\/12\/kla-3-24x4.png 24w, https:\/\/domath.surju.ee\/wp-content\/uploads\/2023\/12\/kla-3-36x6.png 36w, https:\/\/domath.surju.ee\/wp-content\/uploads\/2023\/12\/kla-3-48x8.png 48w\" sizes=\"auto, (max-width: 578px) 100vw, 578px\" \/><\/figure>\r\n\r\n\r\n<figure class=\"wp-block-image size-full is-resized\"><img loading=\"lazy\" decoding=\"async\" width=\"543\" height=\"99\" class=\"wp-image-776\" style=\"width: 516px; height: auto;\" src=\"https:\/\/domath.surju.ee\/wp-content\/uploads\/2023\/12\/kla-4.png\" alt=\"\" srcset=\"https:\/\/domath.surju.ee\/wp-content\/uploads\/2023\/12\/kla-4.png 543w, https:\/\/domath.surju.ee\/wp-content\/uploads\/2023\/12\/kla-4-300x55.png 300w, https:\/\/domath.surju.ee\/wp-content\/uploads\/2023\/12\/kla-4-24x4.png 24w, https:\/\/domath.surju.ee\/wp-content\/uploads\/2023\/12\/kla-4-36x7.png 36w, https:\/\/domath.surju.ee\/wp-content\/uploads\/2023\/12\/kla-4-48x9.png 48w\" sizes=\"auto, (max-width: 543px) 100vw, 543px\" \/><\/figure>\r\n\r\n\r\n<figure class=\"wp-block-image size-full is-resized\"><img loading=\"lazy\" decoding=\"async\" width=\"653\" height=\"98\" class=\"wp-image-777\" style=\"width: 565px; height: auto;\" src=\"https:\/\/domath.surju.ee\/wp-content\/uploads\/2023\/12\/kla-5.png\" alt=\"\" srcset=\"https:\/\/domath.surju.ee\/wp-content\/uploads\/2023\/12\/kla-5.png 653w, https:\/\/domath.surju.ee\/wp-content\/uploads\/2023\/12\/kla-5-300x45.png 300w, https:\/\/domath.surju.ee\/wp-content\/uploads\/2023\/12\/kla-5-24x4.png 24w, https:\/\/domath.surju.ee\/wp-content\/uploads\/2023\/12\/kla-5-36x5.png 36w, https:\/\/domath.surju.ee\/wp-content\/uploads\/2023\/12\/kla-5-48x7.png 48w\" sizes=\"auto, (max-width: 653px) 100vw, 653px\" \/><\/figure>\r\n\r\n\r\n<p><strong><em><mark>Siin on m\u00f5ned m\u00e4ngud harilike&nbsp; ja k\u00fcmnendmurdudega. <\/mark><\/em><\/strong><a href=\"https:\/\/www.sheppardsoftware.com\/math\/fractions\/convert-to-decimals-game\/\">https:\/\/www.sheppardsoftware.com\/math\/fractions\/convert-to-decimals-game\/<\/a><\/p>\r\n","protected":false},"excerpt":{"rendered":"<p>K\u00fcmnendmurru murdosa. K\u00fcmnendmurru&nbsp; k\u00fcmnendkohad Harilik murd k\u00fcmnendmurruna.&nbsp; Harilik murd n\u00e4itab, mitmeks v\u00f5rdseks osaks tervik on jaotatud(murru nimetaja) ja mitu sellist osa on v\u00f5etud(murru lugeja). Harilik murd koosneb murru nimetajast ja murru lugejast. N\u00e4iteks: Murrud, mille nimetaja on 10, 100, 1000, 10000 jne K\u00fcmnendmurru murdosa numbreid nimetatakse k\u00fcmnendkohtadeks. K\u00fcmnendmurdudes v\u00f5ib olla erinev arv k\u00fcmnendkohti. Harilikke murde [&#8230;]<\/p>\n<p><a class=\"btn btn-secondary understrap-read-more-link\" href=\"https:\/\/domath.surju.ee\/et\/kymnendmurrud_murdosa\/\">Read More&#8230;<span class=\"screen-reader-text\"> from K\u00fcmnendmurru murdosa<\/span><\/a><\/p>\n","protected":false},"author":9,"featured_media":0,"parent":0,"menu_order":0,"comment_status":"closed","ping_status":"closed","template":"","meta":{"_eb_attr":"","_uag_custom_page_level_css":"","footnotes":""},"categories":[],"tags":[12,76,74],"class_list":["post-682","page","type-page","status-publish","hentry","tag-english-d","tag-estonian-k","tag-greek-delta"],"uagb_featured_image_src":{"full":false,"thumbnail":false,"medium":false,"medium_large":false,"large":false,"1536x1536":false,"2048x2048":false,"menu-24x24":false,"menu-36x36":false,"menu-48x48":false},"uagb_author_info":{"display_name":"Styliani Bempi","author_link":"https:\/\/domath.surju.ee\/et\/author\/styliani\/"},"uagb_comment_info":0,"uagb_excerpt":"K\u00fcmnendmurru murdosa. K\u00fcmnendmurru&nbsp; k\u00fcmnendkohad Harilik murd k\u00fcmnendmurruna.&nbsp; Harilik murd n\u00e4itab, mitmeks v\u00f5rdseks osaks tervik on jaotatud(murru nimetaja) ja mitu sellist osa on v\u00f5etud(murru lugeja). Harilik murd koosneb murru nimetajast ja murru lugejast. N\u00e4iteks: Murrud, mille nimetaja on 10, 100, 1000, 10000 jne K\u00fcmnendmurru murdosa numbreid nimetatakse k\u00fcmnendkohtadeks. K\u00fcmnendmurdudes v\u00f5ib olla erinev arv k\u00fcmnendkohti. Harilikke murde&hellip;","_links":{"self":[{"href":"https:\/\/domath.surju.ee\/et\/wp-json\/wp\/v2\/pages\/682","targetHints":{"allow":["GET"]}}],"collection":[{"href":"https:\/\/domath.surju.ee\/et\/wp-json\/wp\/v2\/pages"}],"about":[{"href":"https:\/\/domath.surju.ee\/et\/wp-json\/wp\/v2\/types\/page"}],"author":[{"embeddable":true,"href":"https:\/\/domath.surju.ee\/et\/wp-json\/wp\/v2\/users\/9"}],"replies":[{"embeddable":true,"href":"https:\/\/domath.surju.ee\/et\/wp-json\/wp\/v2\/comments?post=682"}],"version-history":[{"count":8,"href":"https:\/\/domath.surju.ee\/et\/wp-json\/wp\/v2\/pages\/682\/revisions"}],"predecessor-version":[{"id":4065,"href":"https:\/\/domath.surju.ee\/et\/wp-json\/wp\/v2\/pages\/682\/revisions\/4065"}],"wp:attachment":[{"href":"https:\/\/domath.surju.ee\/et\/wp-json\/wp\/v2\/media?parent=682"}],"wp:term":[{"taxonomy":"category","embeddable":true,"href":"https:\/\/domath.surju.ee\/et\/wp-json\/wp\/v2\/categories?post=682"},{"taxonomy":"post_tag","embeddable":true,"href":"https:\/\/domath.surju.ee\/et\/wp-json\/wp\/v2\/tags?post=682"}],"curies":[{"name":"wp","href":"https:\/\/api.w.org\/{rel}","templated":true}]}}