{"id":662,"date":"2023-10-26T12:17:35","date_gmt":"2023-10-26T12:17:35","guid":{"rendered":"https:\/\/domath.surju.ee\/?page_id=662"},"modified":"2024-12-22T17:10:02","modified_gmt":"2024-12-22T17:10:02","slug":"average","status":"publish","type":"page","link":"https:\/\/domath.surju.ee\/et\/keskmine\/","title":{"rendered":"Aritmeetiline keskmine"},"content":{"rendered":"\r\n<h1 style=\"text-align: center;\"><span style=\"color: #008000;\"><strong>Aritmeetiline keskmine&nbsp;<\/strong><\/span><\/h1>\r\n\r\n\r\n<p><span style=\"color: #ff0000;\"><span style=\"color: #000000;\">Antud arvude<\/span><strong> aritmeetiliseks <br \/>\r\nkeskmiseks<\/strong><\/span> nimetatakse arvu, mis saadakse arvude summa jagamisel liidetavate arvuga.&nbsp;<\/p>\r\n\r\n\r\n<p><span style=\"color: #0000ff;\"><strong>&nbsp;N\u00e4iteks:<\/strong><\/span><\/p>\r\n\r\n\r\n<p>Leiame arvude 2, 3, 4, 7, and 9 aritmeetilise keskmise.&nbsp;<br \/>\r\n<br \/>\r\n<strong>(2+3+4+7+9 ) : 5 = 25:5= 5<\/strong><br \/>\r\nAritmeetiline keskmine on 5.<\/p>\r\n\r\n<p>&nbsp;<\/p>\r\n<p><a href=\"https:\/\/docs.google.com\/spreadsheets\/d\/1QfcHT7G3lWDda1dMd0jh3aubHqrwXb2AKalKkaaIeE0\/edit?usp=sharing\"><strong><span style=\"color: #333399;\">V\u00e4\u00e4rtuste&nbsp; { 1, 2, 2, 3, 4, 7, 9 } v\u00f5rdlus<\/span><\/strong><\/a><span style=\"color: #333399;\"> (<\/span><span style=\"color: #333399;\"><a href=\"https:\/\/en.wikipedia.org\/wiki\/Average\">https:\/\/en.wikipedia.org\/wiki\/Average<\/a>)<\/span><\/p>\r\n\r\n<div class=\"wp-block-columns is-layout-flex wp-container-core-columns-is-layout-9d6595d7 wp-block-columns-is-layout-flex\">\r\n<div class=\"wp-block-column is-layout-flow wp-block-column-is-layout-flow\" style=\"flex-basis: 100%;\">\r\n<figure class=\"wp-block-table\">\r\n<table class=\"has-fixed-layout\" style=\"width: 90.9524%; height: 179px;\">\r\n<tbody>\r\n<tr style=\"height: 61px;\">\r\n<td style=\"width: 25%; height: 32px; text-align: center;\">\r\n<p><span style=\"color: #000080;\"><strong>T\u00fc\u00fcp<\/strong><\/span><\/p>\r\n<\/td>\r\n<td style=\"width: 31.4136%; height: 32px; text-align: center;\">\r\n<p><span style=\"color: #000080;\"><strong>Kirjeldus<\/strong><\/span><\/p>\r\n<\/td>\r\n<td style=\"width: 28.1414%; height: 32px; text-align: center;\"><span style=\"color: #000080;\"><strong>N\u00e4ide<\/strong><\/span><\/td>\r\n<td style=\"width: 15.445%; height: 32px; text-align: center;\"><span style=\"color: #000080;\"><strong>Result<\/strong><\/span><\/td>\r\n<\/tr>\r\n<tr style=\"height: 37px;\">\r\n<td style=\"width: 25%; height: 37px; text-align: center;\"><strong><a class=\"in-cell-link\" href=\"https:\/\/en.wikipedia.org\/wiki\/Arithmetic_mean\" target=\"_blank\" rel=\"noopener\">Aritmeetiline keskmine<\/a><\/strong><\/td>\r\n<td style=\"width: 31.4136%; height: 37px;\">Antud arvude summa jagatakse liidetavate arvuga.<\/td>\r\n<td style=\"width: 28.1414%; height: 37px;\">(1+2+2+3+4+7+9) : 7<\/td>\r\n<td style=\"width: 15.445%; height: 37px; text-align: center;\"><span style=\"color: #ff0000;\"><strong>4<\/strong><\/span><\/td>\r\n<\/tr>\r\n<tr style=\"height: 37px;\">\r\n<td style=\"width: 25%; height: 37px; text-align: center;\"><strong><a class=\"in-cell-link\" href=\"https:\/\/en.wikipedia.org\/wiki\/Median\" target=\"_blank\" rel=\"noopener\">Mediaan<\/a><\/strong><\/td>\r\n<td style=\"width: 31.4136%; height: 37px;\">Variatsioonirea keskmise liikme v\u00e4\u00e4rtus, mis eraldab suurema ja v\u00e4iksema poole.&nbsp;<br \/>\r\nKui reas on paarisarv liikmeid, loetakse mediaaniks tavaliselt kahe keskmise liikme aritmeetiline keskmine.<\/td>\r\n<td style=\"width: 28.1414%; height: 37px;\">1, 2, 2, <strong>3<\/strong>, 4, 7, 9<br \/>\r\n<br \/>\r\n<br \/>\r\n<br \/>\r\n<br \/>\r\n<br \/>\r\n<br \/>\r\n{3, 5, 7, 9} mediaan on (5 + 7) : 2 = 6.<\/td>\r\n<td style=\"width: 15.445%; height: 37px; text-align: center;\"><span style=\"color: #ff0000;\"><strong>3<br \/>\r\n<br \/>\r\n<br \/>\r\n<br \/>\r\n<br \/>\r\n<br \/>\r\n<br \/>\r\n<br \/>\r\nMe=6<\/strong><\/span><\/td>\r\n<\/tr>\r\n<tr style=\"height: 37px;\">\r\n<td style=\"width: 25%; height: 37px; text-align: center;\"><strong><a class=\"in-cell-link\" href=\"https:\/\/en.wikipedia.org\/wiki\/Mode_(statistics)\" target=\"_blank\" rel=\"noopener\">Mood<\/a><\/strong><\/td>\r\n<td style=\"width: 31.4136%; height: 37px;\">Andmerea k\u00f5ige sagedami esinev v\u00e4\u00e4rtus<\/td>\r\n<td style=\"width: 28.1414%; height: 37px;\">1, <strong>2, 2<\/strong>, 3, 4, 7, 9<br \/>\r\n<br \/>\r\n<br \/>\r\nKlassis on erineva vanusega \u00f5pilasi.<br \/>\r\n11-aastaseid on 5,<br \/>\r\n12-aastaseid on 9,<br \/>\r\n13-aastaseid on 2.<\/td>\r\n<td style=\"width: 15.445%; height: 37px; text-align: center;\"><span style=\"color: #ff0000;\"><strong>2<br \/>\r\n<br \/>\r\n<br \/>\r\nMo = 12 a<br \/>\r\n<\/strong><\/span><\/td>\r\n<\/tr>\r\n<tr style=\"height: 37px;\">\r\n<td style=\"width: 25%; height: 36px; text-align: center;\"><strong><a class=\"in-cell-link\" href=\"https:\/\/en.wikipedia.org\/wiki\/Mid-range\" target=\"_blank\" rel=\"noopener\">Mid-range<\/a><\/strong><\/td>\r\n<td style=\"width: 31.4136%; height: 36px;\">Suurima ja v\u00e4hima v\u00e4\u00e4rtuse aritmeetiline keskmine.<\/td>\r\n<td style=\"width: 28.1414%; height: 36px;\">(1 + 9):2<\/td>\r\n<td style=\"width: 15.445%; height: 36px; text-align: center;\"><span style=\"color: #ff0000;\"><strong>5<\/strong><\/span><\/td>\r\n<\/tr>\r\n<\/tbody>\r\n<\/table>\r\n<span style=\"color: #008000;\"><strong><br \/>\r\nArimeetilise keskmise arvutamise n\u00e4idised<\/strong><\/span><\/figure>\r\n\r\n <iframe loading=\"lazy\" style=\"border: 0px;\" title=\"Punktide aritmeetiline keskmine\" src=\"https:\/\/www.geogebra.org\/material\/iframe\/id\/jbwfssbj\/width\/1280\/height\/585\/border\/888888\/sfsb\/true\/smb\/false\/stb\/false\/stbh\/false\/ai\/false\/asb\/false\/sri\/false\/rc\/false\/ld\/false\/sdz\/false\/ctl\/false\" width=\"600px\" height=\"285px\" scrolling=\"no\"> <\/iframe> \r\n <iframe loading=\"lazy\" style=\"border: 0px;\" title=\"Hinnete aritmeetiline keskmine\" src=\"https:\/\/www.geogebra.org\/material\/iframe\/id\/ehadmj7y\/width\/1280\/height\/585\/border\/888888\/sfsb\/true\/smb\/false\/stb\/false\/stbh\/false\/ai\/false\/asb\/false\/sri\/false\/rc\/false\/ld\/false\/sdz\/false\/ctl\/false\" width=\"600px\" height=\"285px\" scrolling=\"no\"> <\/iframe> <\/div>\r\n<\/div>\r\n","protected":false},"excerpt":{"rendered":"<p>Aritmeetiline keskmine&nbsp; Antud arvude aritmeetiliseks keskmiseks nimetatakse arvu, mis saadakse arvude summa jagamisel liidetavate arvuga.&nbsp; &nbsp;N\u00e4iteks: Leiame arvude 2, 3, 4, 7, and 9 aritmeetilise keskmise.&nbsp; (2+3+4+7+9 ) : 5 = 25:5= 5 Aritmeetiline keskmine on 5. &nbsp; V\u00e4\u00e4rtuste&nbsp; { 1, 2, 2, 3, 4, 7, 9 } v\u00f5rdlus (https:\/\/en.wikipedia.org\/wiki\/Average) T\u00fc\u00fcp Kirjeldus N\u00e4ide Result Aritmeetiline [&#8230;]<\/p>\n<p><a class=\"btn btn-secondary understrap-read-more-link\" href=\"https:\/\/domath.surju.ee\/et\/keskmine\/\">Read More&#8230;<span class=\"screen-reader-text\"> from Aritmeetiline keskmine<\/span><\/a><\/p>\n","protected":false},"author":12,"featured_media":0,"parent":0,"menu_order":0,"comment_status":"closed","ping_status":"closed","template":"","meta":{"_eb_attr":"","_uag_custom_page_level_css":"","footnotes":""},"categories":[],"tags":[37,22,145,78],"class_list":["post-662","page","type-page","status-publish","hentry","tag-english-a","tag-estonian-a","tag-greek-mu","tag-spanish-m"],"uagb_featured_image_src":{"full":false,"thumbnail":false,"medium":false,"medium_large":false,"large":false,"1536x1536":false,"2048x2048":false,"menu-24x24":false,"menu-36x36":false,"menu-48x48":false},"uagb_author_info":{"display_name":"Ave Kartau","author_link":"https:\/\/domath.surju.ee\/et\/author\/ave\/"},"uagb_comment_info":0,"uagb_excerpt":"Aritmeetiline keskmine&nbsp; Antud arvude aritmeetiliseks keskmiseks nimetatakse arvu, mis saadakse arvude summa jagamisel liidetavate arvuga.&nbsp; &nbsp;N\u00e4iteks: Leiame arvude 2, 3, 4, 7, and 9 aritmeetilise keskmise.&nbsp; (2+3+4+7+9 ) : 5 = 25:5= 5 Aritmeetiline keskmine on 5. &nbsp; V\u00e4\u00e4rtuste&nbsp; { 1, 2, 2, 3, 4, 7, 9 } v\u00f5rdlus (https:\/\/en.wikipedia.org\/wiki\/Average) T\u00fc\u00fcp Kirjeldus N\u00e4ide Result Aritmeetiline&hellip;","_links":{"self":[{"href":"https:\/\/domath.surju.ee\/et\/wp-json\/wp\/v2\/pages\/662","targetHints":{"allow":["GET"]}}],"collection":[{"href":"https:\/\/domath.surju.ee\/et\/wp-json\/wp\/v2\/pages"}],"about":[{"href":"https:\/\/domath.surju.ee\/et\/wp-json\/wp\/v2\/types\/page"}],"author":[{"embeddable":true,"href":"https:\/\/domath.surju.ee\/et\/wp-json\/wp\/v2\/users\/12"}],"replies":[{"embeddable":true,"href":"https:\/\/domath.surju.ee\/et\/wp-json\/wp\/v2\/comments?post=662"}],"version-history":[{"count":26,"href":"https:\/\/domath.surju.ee\/et\/wp-json\/wp\/v2\/pages\/662\/revisions"}],"predecessor-version":[{"id":4691,"href":"https:\/\/domath.surju.ee\/et\/wp-json\/wp\/v2\/pages\/662\/revisions\/4691"}],"wp:attachment":[{"href":"https:\/\/domath.surju.ee\/et\/wp-json\/wp\/v2\/media?parent=662"}],"wp:term":[{"taxonomy":"category","embeddable":true,"href":"https:\/\/domath.surju.ee\/et\/wp-json\/wp\/v2\/categories?post=662"},{"taxonomy":"post_tag","embeddable":true,"href":"https:\/\/domath.surju.ee\/et\/wp-json\/wp\/v2\/tags?post=662"}],"curies":[{"name":"wp","href":"https:\/\/api.w.org\/{rel}","templated":true}]}}