{"id":640,"date":"2023-10-26T12:00:55","date_gmt":"2023-10-26T12:00:55","guid":{"rendered":"https:\/\/domath.surju.ee\/?page_id=640"},"modified":"2024-11-24T18:14:47","modified_gmt":"2024-11-24T18:14:47","slug":"ascending-order","status":"publish","type":"page","link":"https:\/\/domath.surju.ee\/et\/kasvav-jarjestus\/","title":{"rendered":"Kasvavas j\u00e4rjekorras"},"content":{"rendered":"<h1 style=\"text-align: center;\"><span style=\"color: #008000;\"><strong>Kasvavas j\u00e4rjekorras.<br \/>\r\nArvude j\u00e4rjestus kasvavas j\u00e4rjekorras.&nbsp;<\/strong><\/span><\/h1>\r\n\r\n<h5><span style=\"color: #ff0000;\"><b>Kasvavas j\u00e4rjekorras <\/b><\/span>t\u00e4hendab arvude j\u00e4rjestust v\u00e4himast suurimani, nt 0st 9ni.&nbsp;<\/h5>\r\n\r\n<h5 class=\"definition\"><span style=\"color: #0000ff;\"><strong>N\u00e4iteks:<\/strong><\/span><\/h5>\r\n<h5 class=\"definition\"><span style=\"color: #000000;\"><strong>Kasvav j\u00e4rjestus arvudes<\/strong><\/span><\/h5>\r\n<div class=\"general\">\r\n<p>Arvud 17, 9, 5, 33, 1,&nbsp; 234, 45 kasvavas j\u00e4rjestuses reastatuna on 1, 5, 9, 17, 33, 45 234.<\/p>\r\n<h5><strong>Kasvav j\u00e4rjestus p\u00e4riselus<\/strong><\/h5>\r\n<p>Pildil on inimesed asetatud pikkuse j\u00e4rgi vasakult paremale kasvavasse j\u00e4rjestusse.<br \/>\r\n<a href=\"https:\/\/pixabay.com\/illustrations\/graphic-diagram-silhouette-woman-68871\/\" target=\"_blank\" rel=\"noopener\">https:\/\/pixabay.com\/illustrations\/graphic-diagram-silhouette-woman-68871\/<\/a><\/p>\r\n<p><img loading=\"lazy\" decoding=\"async\" class=\"alignnone size-medium wp-image-2756\" src=\"https:\/\/domath.surju.ee\/wp-content\/uploads\/2024\/07\/graphic-68871_640-300x212.jpg\" alt=\"\" width=\"300\" height=\"212\" srcset=\"https:\/\/domath.surju.ee\/wp-content\/uploads\/2024\/07\/graphic-68871_640-300x212.jpg 300w, https:\/\/domath.surju.ee\/wp-content\/uploads\/2024\/07\/graphic-68871_640-24x17.jpg 24w, https:\/\/domath.surju.ee\/wp-content\/uploads\/2024\/07\/graphic-68871_640-36x25.jpg 36w, https:\/\/domath.surju.ee\/wp-content\/uploads\/2024\/07\/graphic-68871_640-48x34.jpg 48w, https:\/\/domath.surju.ee\/wp-content\/uploads\/2024\/07\/graphic-68871_640.jpg 640w\" sizes=\"auto, (max-width: 300px) 100vw, 300px\" \/><\/p>\r\n<p>&nbsp;<\/p>\r\n<\/div>\r\n\r\n<p><iframe loading=\"lazy\" title=\"Ascending order U-1 class.1\" width=\"640\" height=\"360\" src=\"https:\/\/www.youtube.com\/embed\/axQo_ME-H1w?feature=oembed\" frameborder=\"0\" allow=\"accelerometer; autoplay; clipboard-write; encrypted-media; gyroscope; picture-in-picture; web-share\" referrerpolicy=\"strict-origin-when-cross-origin\" allowfullscreen><\/iframe><\/p>\r\n\r\n <iframe style=\"border: 0px; width: 100%; height: 500px;\" src=\"https:\/\/learningapps.org\/watch?v=ppzfjpq0c24\" allowfullscreen=\"allowfullscreen\"><\/iframe> ","protected":false},"excerpt":{"rendered":"<p>Kasvavas j\u00e4rjekorras. Arvude j\u00e4rjestus kasvavas j\u00e4rjekorras.&nbsp; Kasvavas j\u00e4rjekorras t\u00e4hendab arvude j\u00e4rjestust v\u00e4himast suurimani, nt 0st 9ni.&nbsp; N\u00e4iteks: Kasvav j\u00e4rjestus arvudes Arvud 17, 9, 5, 33, 1,&nbsp; 234, 45 kasvavas j\u00e4rjestuses reastatuna on 1, 5, 9, 17, 33, 45 234. Kasvav j\u00e4rjestus p\u00e4riselus Pildil on inimesed asetatud pikkuse j\u00e4rgi vasakult paremale kasvavasse j\u00e4rjestusse. https:\/\/pixabay.com\/illustrations\/graphic-diagram-silhouette-woman-68871\/ &nbsp; [&#8230;]<\/p>\n<p><a class=\"btn btn-secondary understrap-read-more-link\" href=\"https:\/\/domath.surju.ee\/et\/kasvav-jarjestus\/\">Read More&#8230;<span class=\"screen-reader-text\"> from Kasvavas j\u00e4rjekorras<\/span><\/a><\/p>\n","protected":false},"author":12,"featured_media":0,"parent":0,"menu_order":0,"comment_status":"closed","ping_status":"closed","template":"","meta":{"_eb_attr":"","_uag_custom_page_level_css":"","footnotes":""},"categories":[],"tags":[37,76,86,160],"class_list":["post-640","page","type-page","status-publish","hentry","tag-english-a","tag-estonian-k","tag-greek-alpha","tag-spanish-o"],"uagb_featured_image_src":{"full":false,"thumbnail":false,"medium":false,"medium_large":false,"large":false,"1536x1536":false,"2048x2048":false,"menu-24x24":false,"menu-36x36":false,"menu-48x48":false},"uagb_author_info":{"display_name":"Ave Kartau","author_link":"https:\/\/domath.surju.ee\/et\/author\/ave\/"},"uagb_comment_info":0,"uagb_excerpt":"Kasvavas j\u00e4rjekorras. Arvude j\u00e4rjestus kasvavas j\u00e4rjekorras.&nbsp; Kasvavas j\u00e4rjekorras t\u00e4hendab arvude j\u00e4rjestust v\u00e4himast suurimani, nt 0st 9ni.&nbsp; N\u00e4iteks: Kasvav j\u00e4rjestus arvudes Arvud 17, 9, 5, 33, 1,&nbsp; 234, 45 kasvavas j\u00e4rjestuses reastatuna on 1, 5, 9, 17, 33, 45 234. Kasvav j\u00e4rjestus p\u00e4riselus Pildil on inimesed asetatud pikkuse j\u00e4rgi vasakult paremale kasvavasse j\u00e4rjestusse. https:\/\/pixabay.com\/illustrations\/graphic-diagram-silhouette-woman-68871\/ &nbsp; [...]Read&hellip;","_links":{"self":[{"href":"https:\/\/domath.surju.ee\/et\/wp-json\/wp\/v2\/pages\/640","targetHints":{"allow":["GET"]}}],"collection":[{"href":"https:\/\/domath.surju.ee\/et\/wp-json\/wp\/v2\/pages"}],"about":[{"href":"https:\/\/domath.surju.ee\/et\/wp-json\/wp\/v2\/types\/page"}],"author":[{"embeddable":true,"href":"https:\/\/domath.surju.ee\/et\/wp-json\/wp\/v2\/users\/12"}],"replies":[{"embeddable":true,"href":"https:\/\/domath.surju.ee\/et\/wp-json\/wp\/v2\/comments?post=640"}],"version-history":[{"count":5,"href":"https:\/\/domath.surju.ee\/et\/wp-json\/wp\/v2\/pages\/640\/revisions"}],"predecessor-version":[{"id":2760,"href":"https:\/\/domath.surju.ee\/et\/wp-json\/wp\/v2\/pages\/640\/revisions\/2760"}],"wp:attachment":[{"href":"https:\/\/domath.surju.ee\/et\/wp-json\/wp\/v2\/media?parent=640"}],"wp:term":[{"taxonomy":"category","embeddable":true,"href":"https:\/\/domath.surju.ee\/et\/wp-json\/wp\/v2\/categories?post=640"},{"taxonomy":"post_tag","embeddable":true,"href":"https:\/\/domath.surju.ee\/et\/wp-json\/wp\/v2\/tags?post=640"}],"curies":[{"name":"wp","href":"https:\/\/api.w.org\/{rel}","templated":true}]}}