{"id":629,"date":"2023-10-26T11:44:45","date_gmt":"2023-10-26T11:44:45","guid":{"rendered":"https:\/\/domath.surju.ee\/?page_id=629"},"modified":"2024-11-30T13:05:32","modified_gmt":"2024-11-30T13:05:32","slug":"arms-of-an-angle","status":"publish","type":"page","link":"https:\/\/domath.surju.ee\/et\/nurga-haarad\/","title":{"rendered":"Nurga haarad"},"content":{"rendered":"<h1 style=\"text-align: center;\"><span style=\"color: #008000;\">Nurga haarad<\/span><\/h1>\r\n\r\n<h5><span style=\"color: #ff0000;\"><strong>Nurga haarad<\/strong><\/span> on kaks \u00fchise otspunktiga kiirt, mis moodustavad nurga.<\/h5>\r\n\r\n<p><img loading=\"lazy\" decoding=\"async\" class=\"size-medium wp-image-2738 aligncenter\" src=\"https:\/\/domath.surju.ee\/wp-content\/uploads\/2024\/07\/geogebra-export-2-300x181.png\" alt=\"\" width=\"300\" height=\"181\" srcset=\"https:\/\/domath.surju.ee\/wp-content\/uploads\/2024\/07\/geogebra-export-2-300x181.png 300w, https:\/\/domath.surju.ee\/wp-content\/uploads\/2024\/07\/geogebra-export-2-1024x617.png 1024w, https:\/\/domath.surju.ee\/wp-content\/uploads\/2024\/07\/geogebra-export-2-768x463.png 768w, https:\/\/domath.surju.ee\/wp-content\/uploads\/2024\/07\/geogebra-export-2-1536x926.png 1536w, https:\/\/domath.surju.ee\/wp-content\/uploads\/2024\/07\/geogebra-export-2-2048x1234.png 2048w, https:\/\/domath.surju.ee\/wp-content\/uploads\/2024\/07\/geogebra-export-2-24x14.png 24w, https:\/\/domath.surju.ee\/wp-content\/uploads\/2024\/07\/geogebra-export-2-36x22.png 36w, https:\/\/domath.surju.ee\/wp-content\/uploads\/2024\/07\/geogebra-export-2-48x29.png 48w\" sizes=\"auto, (max-width: 300px) 100vw, 300px\" \/><br \/>\r\n<span style=\"color: #333399;\"><span style=\"color: #000000;\">\u00dchise otspunktiga kiired, mis moodustavad nurga, on<\/span> <strong><span style=\"color: #ff0000;\">nurga haarad.<\/span><br \/>\r\n<br \/>\r\n<\/strong><\/span><span style=\"color: #000000;\">Haarade \u00fchist otspunkti nimetatakse <strong>nurga tipuks.<br \/>\r\n<br \/>\r\n<\/strong><\/span><span style=\"color: #000000;\"><strong>Haarade muutmisel <\/strong><strong style=\"font-family: var(--bs-body-font-family); font-size: var(--bs-body-font-size);\">nurga suurus muutub.&nbsp;<\/strong><\/span><\/p>\r\n<h6 style=\"text-align: left;\"><span style=\"color: #ff0000;\"><strong>Nurki m\u00f5\u00f5detakse kraadides.<br \/>\r\n<br \/>\r\n<span style=\"color: #000000;\"><br \/>\r\n<\/span><\/strong><span style=\"color: #000000;\">arm &#8211; haar<\/span><br \/>\r\n<span style=\"color: #000000;\">angle &#8211;&nbsp; nurk<\/span><br \/>\r\n<span style=\"color: #000000;\">vertex- nurga tipp<\/span><\/span><\/h6>\r\n<span style=\"color: #ff0000;\"> <\/span><iframe loading=\"lazy\" style=\"border: 0px;\" title=\"Nurga haarad\" src=\"https:\/\/www.geogebra.org\/material\/iframe\/id\/k296dv9c\/width\/900\/height\/385\/border\/888888\/sfsb\/true\/smb\/false\/stb\/false\/stbh\/false\/ai\/false\/asb\/false\/sri\/false\/rc\/false\/ld\/false\/sdz\/false\/ctl\/false\" width=\"600px\" height=\"255px\" scrolling=\"no\"> <\/iframe> \r\n<h5>&nbsp;<\/h5>\r\n<h5 style=\"text-align: center;\"><span style=\"color: #0000ff; background-color: #ccffff;\"><strong>Elulised n\u00e4ited<\/strong><\/span><\/h5>\r\n<p><img loading=\"lazy\" decoding=\"async\" class=\"alignnone  wp-image-2749\" src=\"https:\/\/domath.surju.ee\/wp-content\/uploads\/2024\/07\/Nurgad-reaalses-elus-300x173.png\" alt=\"\" width=\"279\" height=\"161\" srcset=\"https:\/\/domath.surju.ee\/wp-content\/uploads\/2024\/07\/Nurgad-reaalses-elus-300x173.png 300w, https:\/\/domath.surju.ee\/wp-content\/uploads\/2024\/07\/Nurgad-reaalses-elus-1024x591.png 1024w, https:\/\/domath.surju.ee\/wp-content\/uploads\/2024\/07\/Nurgad-reaalses-elus-768x443.png 768w, https:\/\/domath.surju.ee\/wp-content\/uploads\/2024\/07\/Nurgad-reaalses-elus-1536x886.png 1536w, https:\/\/domath.surju.ee\/wp-content\/uploads\/2024\/07\/Nurgad-reaalses-elus-2048x1182.png 2048w, https:\/\/domath.surju.ee\/wp-content\/uploads\/2024\/07\/Nurgad-reaalses-elus-24x14.png 24w, https:\/\/domath.surju.ee\/wp-content\/uploads\/2024\/07\/Nurgad-reaalses-elus-36x21.png 36w, https:\/\/domath.surju.ee\/wp-content\/uploads\/2024\/07\/Nurgad-reaalses-elus-48x28.png 48w\" sizes=\"auto, (max-width: 279px) 100vw, 279px\" \/>&nbsp; <img loading=\"lazy\" decoding=\"async\" class=\"alignnone  wp-image-2750\" src=\"https:\/\/domath.surju.ee\/wp-content\/uploads\/2024\/07\/geogebra-export-5-300x245.png\" alt=\"\" width=\"202\" height=\"165\" srcset=\"https:\/\/domath.surju.ee\/wp-content\/uploads\/2024\/07\/geogebra-export-5-300x245.png 300w, https:\/\/domath.surju.ee\/wp-content\/uploads\/2024\/07\/geogebra-export-5-1024x838.png 1024w, https:\/\/domath.surju.ee\/wp-content\/uploads\/2024\/07\/geogebra-export-5-768x628.png 768w, https:\/\/domath.surju.ee\/wp-content\/uploads\/2024\/07\/geogebra-export-5-1536x1256.png 1536w, https:\/\/domath.surju.ee\/wp-content\/uploads\/2024\/07\/geogebra-export-5-2048x1675.png 2048w, https:\/\/domath.surju.ee\/wp-content\/uploads\/2024\/07\/geogebra-export-5-24x20.png 24w, https:\/\/domath.surju.ee\/wp-content\/uploads\/2024\/07\/geogebra-export-5-36x29.png 36w, https:\/\/domath.surju.ee\/wp-content\/uploads\/2024\/07\/geogebra-export-5-48x39.png 48w\" sizes=\"auto, (max-width: 202px) 100vw, 202px\" \/> <img loading=\"lazy\" decoding=\"async\" class=\"alignnone  wp-image-2751\" src=\"https:\/\/domath.surju.ee\/wp-content\/uploads\/2024\/07\/geogebra-export-4-300x266.png\" alt=\"\" width=\"183\" height=\"163\" srcset=\"https:\/\/domath.surju.ee\/wp-content\/uploads\/2024\/07\/geogebra-export-4-300x266.png 300w, https:\/\/domath.surju.ee\/wp-content\/uploads\/2024\/07\/geogebra-export-4-1024x908.png 1024w, https:\/\/domath.surju.ee\/wp-content\/uploads\/2024\/07\/geogebra-export-4-768x681.png 768w, https:\/\/domath.surju.ee\/wp-content\/uploads\/2024\/07\/geogebra-export-4-1536x1362.png 1536w, https:\/\/domath.surju.ee\/wp-content\/uploads\/2024\/07\/geogebra-export-4-2048x1817.png 2048w, https:\/\/domath.surju.ee\/wp-content\/uploads\/2024\/07\/geogebra-export-4-24x21.png 24w, https:\/\/domath.surju.ee\/wp-content\/uploads\/2024\/07\/geogebra-export-4-36x32.png 36w, https:\/\/domath.surju.ee\/wp-content\/uploads\/2024\/07\/geogebra-export-4-48x43.png 48w\" sizes=\"auto, (max-width: 183px) 100vw, 183px\" \/><\/p>","protected":false},"excerpt":{"rendered":"<p>Nurga haarad Nurga haarad on kaks \u00fchise otspunktiga kiirt, mis moodustavad nurga. \u00dchise otspunktiga kiired, mis moodustavad nurga, on nurga haarad. Haarade \u00fchist otspunkti nimetatakse nurga tipuks. Haarade muutmisel nurga suurus muutub.&nbsp; Nurki m\u00f5\u00f5detakse kraadides. arm &#8211; haar angle &#8211;&nbsp; nurk vertex- nurga tipp &nbsp; Elulised n\u00e4ited &nbsp; [&#8230;]<\/p>\n<p><a class=\"btn btn-secondary understrap-read-more-link\" href=\"https:\/\/domath.surju.ee\/et\/nurga-haarad\/\">Read More&#8230;<span class=\"screen-reader-text\"> from Nurga haarad<\/span><\/a><\/p>\n","protected":false},"author":12,"featured_media":0,"parent":0,"menu_order":0,"comment_status":"closed","ping_status":"closed","template":"","meta":{"_eb_attr":"","_uag_custom_page_level_css":"","footnotes":""},"categories":[],"tags":[37,79,63,130],"class_list":["post-629","page","type-page","status-publish","hentry","tag-english-a","tag-estonian-n","tag-greek-pi","tag-spanish-l"],"uagb_featured_image_src":{"full":false,"thumbnail":false,"medium":false,"medium_large":false,"large":false,"1536x1536":false,"2048x2048":false,"menu-24x24":false,"menu-36x36":false,"menu-48x48":false},"uagb_author_info":{"display_name":"Ave Kartau","author_link":"https:\/\/domath.surju.ee\/et\/author\/ave\/"},"uagb_comment_info":0,"uagb_excerpt":"Nurga haarad Nurga haarad on kaks \u00fchise otspunktiga kiirt, mis moodustavad nurga. \u00dchise otspunktiga kiired, mis moodustavad nurga, on nurga haarad. Haarade \u00fchist otspunkti nimetatakse nurga tipuks. Haarade muutmisel nurga suurus muutub.&nbsp; Nurki m\u00f5\u00f5detakse kraadides. arm &#8211; haar angle &#8211;&nbsp; nurk vertex- nurga tipp &nbsp; Elulised n\u00e4ited &nbsp; [...]Read More... from Nurga haarad","_links":{"self":[{"href":"https:\/\/domath.surju.ee\/et\/wp-json\/wp\/v2\/pages\/629","targetHints":{"allow":["GET"]}}],"collection":[{"href":"https:\/\/domath.surju.ee\/et\/wp-json\/wp\/v2\/pages"}],"about":[{"href":"https:\/\/domath.surju.ee\/et\/wp-json\/wp\/v2\/types\/page"}],"author":[{"embeddable":true,"href":"https:\/\/domath.surju.ee\/et\/wp-json\/wp\/v2\/users\/12"}],"replies":[{"embeddable":true,"href":"https:\/\/domath.surju.ee\/et\/wp-json\/wp\/v2\/comments?post=629"}],"version-history":[{"count":13,"href":"https:\/\/domath.surju.ee\/et\/wp-json\/wp\/v2\/pages\/629\/revisions"}],"predecessor-version":[{"id":2754,"href":"https:\/\/domath.surju.ee\/et\/wp-json\/wp\/v2\/pages\/629\/revisions\/2754"}],"wp:attachment":[{"href":"https:\/\/domath.surju.ee\/et\/wp-json\/wp\/v2\/media?parent=629"}],"wp:term":[{"taxonomy":"category","embeddable":true,"href":"https:\/\/domath.surju.ee\/et\/wp-json\/wp\/v2\/categories?post=629"},{"taxonomy":"post_tag","embeddable":true,"href":"https:\/\/domath.surju.ee\/et\/wp-json\/wp\/v2\/tags?post=629"}],"curies":[{"name":"wp","href":"https:\/\/api.w.org\/{rel}","templated":true}]}}