{"id":619,"date":"2023-11-11T13:31:13","date_gmt":"2023-11-11T13:31:13","guid":{"rendered":"https:\/\/domath.surju.ee\/?page_id=619"},"modified":"2024-12-16T11:29:26","modified_gmt":"2024-12-16T11:29:26","slug":"diagonal","status":"publish","type":"page","link":"https:\/\/domath.surju.ee\/et\/diagonaal\/","title":{"rendered":"Diagonaal"},"content":{"rendered":"<h1 style=\"text-align: center;\"><span style=\"color: #008000;\">Diagonaal<\/span><\/h1>\r\n\r\n<p><strong><br \/>\r\n<span style=\"color: #ff0000;\">Diagonaal<\/span> <\/strong>on sirgl\u00f5ik, mis \u00fchendab hulknurga kaht tippu, mis ei asetse \u00fchel ja samal k\u00fcljel.<strong><br \/>\r\n<br \/>\r\n<\/strong><\/p>\r\n<p>&nbsp;<\/p>\r\n<p><strong>\r\n<\/strong><\/p>\r\n<figure class=\"wp-block-image size-full is-resized\"><img loading=\"lazy\" decoding=\"async\" width=\"1024\" height=\"574\" class=\"wp-image-1193\" style=\"width: 1129px; height: auto;\" src=\"https:\/\/domath.surju.ee\/wp-content\/uploads\/2024\/02\/octagone.png\" alt=\"\" srcset=\"https:\/\/domath.surju.ee\/wp-content\/uploads\/2024\/02\/octagone.png 1024w, https:\/\/domath.surju.ee\/wp-content\/uploads\/2024\/02\/octagone-300x168.png 300w, https:\/\/domath.surju.ee\/wp-content\/uploads\/2024\/02\/octagone-768x431.png 768w, https:\/\/domath.surju.ee\/wp-content\/uploads\/2024\/02\/octagone-24x13.png 24w, https:\/\/domath.surju.ee\/wp-content\/uploads\/2024\/02\/octagone-36x20.png 36w, https:\/\/domath.surju.ee\/wp-content\/uploads\/2024\/02\/octagone-48x27.png 48w\" sizes=\"auto, (max-width: 1024px) 100vw, 1024px\" \/><\/figure>\r\n<p><strong>&nbsp;<\/strong><\/p>\r\n","protected":false},"excerpt":{"rendered":"<p>Diagonaal Diagonaal on sirgl\u00f5ik, mis \u00fchendab hulknurga kaht tippu, mis ei asetse \u00fchel ja samal k\u00fcljel. &nbsp; &nbsp; [&#8230;]<\/p>\n<p><a class=\"btn btn-secondary understrap-read-more-link\" href=\"https:\/\/domath.surju.ee\/et\/diagonaal\/\">Read More&#8230;<span class=\"screen-reader-text\"> from Diagonaal<\/span><\/a><\/p>\n","protected":false},"author":9,"featured_media":0,"parent":0,"menu_order":0,"comment_status":"closed","ping_status":"closed","template":"","meta":{"_eb_attr":"","_uag_custom_page_level_css":"","footnotes":""},"categories":[],"tags":[12,108,74],"class_list":["post-619","page","type-page","status-publish","hentry","tag-english-d","tag-estonian-d","tag-greek-delta"],"uagb_featured_image_src":{"full":false,"thumbnail":false,"medium":false,"medium_large":false,"large":false,"1536x1536":false,"2048x2048":false,"menu-24x24":false,"menu-36x36":false,"menu-48x48":false},"uagb_author_info":{"display_name":"Styliani Bempi","author_link":"https:\/\/domath.surju.ee\/et\/author\/styliani\/"},"uagb_comment_info":0,"uagb_excerpt":"Diagonaal Diagonaal on sirgl\u00f5ik, mis \u00fchendab hulknurga kaht tippu, mis ei asetse \u00fchel ja samal k\u00fcljel. &nbsp; &nbsp; [...]Read More... from Diagonaal","_links":{"self":[{"href":"https:\/\/domath.surju.ee\/et\/wp-json\/wp\/v2\/pages\/619","targetHints":{"allow":["GET"]}}],"collection":[{"href":"https:\/\/domath.surju.ee\/et\/wp-json\/wp\/v2\/pages"}],"about":[{"href":"https:\/\/domath.surju.ee\/et\/wp-json\/wp\/v2\/types\/page"}],"author":[{"embeddable":true,"href":"https:\/\/domath.surju.ee\/et\/wp-json\/wp\/v2\/users\/9"}],"replies":[{"embeddable":true,"href":"https:\/\/domath.surju.ee\/et\/wp-json\/wp\/v2\/comments?post=619"}],"version-history":[{"count":9,"href":"https:\/\/domath.surju.ee\/et\/wp-json\/wp\/v2\/pages\/619\/revisions"}],"predecessor-version":[{"id":4067,"href":"https:\/\/domath.surju.ee\/et\/wp-json\/wp\/v2\/pages\/619\/revisions\/4067"}],"wp:attachment":[{"href":"https:\/\/domath.surju.ee\/et\/wp-json\/wp\/v2\/media?parent=619"}],"wp:term":[{"taxonomy":"category","embeddable":true,"href":"https:\/\/domath.surju.ee\/et\/wp-json\/wp\/v2\/categories?post=619"},{"taxonomy":"post_tag","embeddable":true,"href":"https:\/\/domath.surju.ee\/et\/wp-json\/wp\/v2\/tags?post=619"}],"curies":[{"name":"wp","href":"https:\/\/api.w.org\/{rel}","templated":true}]}}