{"id":604,"date":"2023-10-26T11:27:39","date_gmt":"2023-10-26T11:27:39","guid":{"rendered":"https:\/\/domath.surju.ee\/?page_id=604"},"modified":"2024-12-29T17:20:58","modified_gmt":"2024-12-29T17:20:58","slug":"graph-2","status":"publish","type":"page","link":"https:\/\/domath.surju.ee\/et\/horisont\/","title":{"rendered":"Horisont, horisontaal"},"content":{"rendered":"<h1 style=\"text-align: center;\"><span style=\"color: #008000;\"><strong>Horisont, horisontaal<\/strong><\/span><\/h1>\r\n<p><span class=\"Y2IQFc\" lang=\"en\" style=\"font-family: arial, helvetica, sans-serif;\"><strong><br \/>\r\nHorisont ehk silmapiir geograafias <\/strong>on on joon, mis vaatleja jaoks lahutab taevast maast v\u00f5i merest.&nbsp;<strong><br \/>\r\n<br \/>\r\n<span style=\"color: #ff0000;\">R\u00f5htsirge ehk horisontaal <\/span><\/strong>on sirge, mis on joonisel kujutatud paralleelselt paberi, tahvli v\u00f5i ekraani \u00fclemise ja alumise \u00e4\u00e4rega.<br \/>\r\n<br \/>\r\n<strong>Horisontaalsed jooned:<br \/>\r\n<img loading=\"lazy\" decoding=\"async\" class=\"alignnone  wp-image-5134\" src=\"https:\/\/domath.surju.ee\/wp-content\/uploads\/2024\/12\/lines-7754105_1280-300x300.jpg\" alt=\"\" width=\"212\" height=\"212\" srcset=\"https:\/\/domath.surju.ee\/wp-content\/uploads\/2024\/12\/lines-7754105_1280-300x300.jpg 300w, https:\/\/domath.surju.ee\/wp-content\/uploads\/2024\/12\/lines-7754105_1280-1024x1024.jpg 1024w, https:\/\/domath.surju.ee\/wp-content\/uploads\/2024\/12\/lines-7754105_1280-150x150.jpg 150w, https:\/\/domath.surju.ee\/wp-content\/uploads\/2024\/12\/lines-7754105_1280-768x768.jpg 768w, https:\/\/domath.surju.ee\/wp-content\/uploads\/2024\/12\/lines-7754105_1280-24x24.jpg 24w, https:\/\/domath.surju.ee\/wp-content\/uploads\/2024\/12\/lines-7754105_1280-36x36.jpg 36w, https:\/\/domath.surju.ee\/wp-content\/uploads\/2024\/12\/lines-7754105_1280-48x48.jpg 48w, https:\/\/domath.surju.ee\/wp-content\/uploads\/2024\/12\/lines-7754105_1280.jpg 1280w\" sizes=\"auto, (max-width: 212px) 100vw, 212px\" \/><br \/>\r\n<br \/>\r\nR\u00f5htsirgena (horisontaalsena) joonestatakse <\/strong>tavaliselt tasandi abstsisstelg (x-telg).<br \/>\r\n<br \/>\r\nR\u00f5htsirge kujutis (horisontaalne sirge) on risti p\u00fcstsirge kujutisega (vertikaalse sirgega).<strong><br \/>\r\n<br \/>\r\nHorisontaal <\/strong>asetseb&nbsp; vasakult paremale v\u00f5i vastupidi.<strong><br \/>\r\n<br \/>\r\n<\/strong><b><span style=\"color: #0000ff;\">M\u00f5ned n\u00e4ited:<\/span><br \/>\r\n<\/b>Lennuliin.<br \/>\r\nLaud, millel on tasane ja horisontaalne pind.<br \/>\r\nAvatud raamat, mille lehed on paigutatud vasakult paremale.<br \/>\r\n<\/span><\/p>\r\n<p><img loading=\"lazy\" decoding=\"async\" class=\"alignnone size-medium wp-image-1955\" src=\"https:\/\/domath.surju.ee\/wp-content\/uploads\/2024\/04\/31858-300x133.jpg\" alt=\"\" width=\"300\" height=\"133\" srcset=\"https:\/\/domath.surju.ee\/wp-content\/uploads\/2024\/04\/31858-300x133.jpg 300w, https:\/\/domath.surju.ee\/wp-content\/uploads\/2024\/04\/31858-1024x453.jpg 1024w, https:\/\/domath.surju.ee\/wp-content\/uploads\/2024\/04\/31858-768x340.jpg 768w, https:\/\/domath.surju.ee\/wp-content\/uploads\/2024\/04\/31858-24x11.jpg 24w, https:\/\/domath.surju.ee\/wp-content\/uploads\/2024\/04\/31858-36x16.jpg 36w, https:\/\/domath.surju.ee\/wp-content\/uploads\/2024\/04\/31858-48x21.jpg 48w, https:\/\/domath.surju.ee\/wp-content\/uploads\/2024\/04\/31858.jpg 1500w\" sizes=\"auto, (max-width: 300px) 100vw, 300px\" \/><\/p>\r\n<!-- \/wp:post-content -->\r\n<!-- wp:gutenverse\/section {\"elementId\":\"guten-RC8xjd\"} -->\r\n<div class=\"section-wrapper\" data-id=\"RC8xjd\">\r\n<section class=\"wp-block-gutenverse-section guten-element guten-section guten-RC8xjd layout-boxed align-stretch\">\r\n<div class=\"guten-container guten-column-gap-default\"><!-- wp:gutenverse\/column {\"width\":{\"Desktop\":67.9},\"elementId\":\"guten-ZmdOtb\"} -->\r\n<div class=\"wp-block-gutenverse-column guten-element guten-column guten-ZmdOtb\">\r\n<div class=\"guten-column-wrapper\" data-id=\"ZmdOtb\"><strong>P\u00fcstsirge ehk vertikaal<\/strong> on sirge, mis joonisel kulgeb &#8220;alt \u00fcles&#8221;.<br \/>\r\n<br \/>\r\nP\u00fcstsirgena joonestatakse tavaliselt tasandi ordinaattelg (y-telg).<br \/>\r\nP\u00fcstsirge (vertikaalne sirge) ristub r\u00f5htsirgega (horisontaalse sirgega).<\/div>\r\n<\/div>\r\n<!-- \/wp:gutenverse\/column --><\/div>\r\n<\/section>\r\n<\/div>\r\n<!-- \/wp:gutenverse\/section -->\r\n<!-- wp:paragraph -->\r\n<p><br \/>\r\nVertikaalsed jooned:<br \/>\r\n<img loading=\"lazy\" decoding=\"async\" class=\"alignnone  wp-image-5135\" src=\"https:\/\/domath.surju.ee\/wp-content\/uploads\/2024\/12\/blue-yellow-black-7854576_1280-300x236.png\" alt=\"\" width=\"236\" height=\"186\" srcset=\"https:\/\/domath.surju.ee\/wp-content\/uploads\/2024\/12\/blue-yellow-black-7854576_1280-300x236.png 300w, https:\/\/domath.surju.ee\/wp-content\/uploads\/2024\/12\/blue-yellow-black-7854576_1280-1024x805.png 1024w, https:\/\/domath.surju.ee\/wp-content\/uploads\/2024\/12\/blue-yellow-black-7854576_1280-768x604.png 768w, https:\/\/domath.surju.ee\/wp-content\/uploads\/2024\/12\/blue-yellow-black-7854576_1280-24x19.png 24w, https:\/\/domath.surju.ee\/wp-content\/uploads\/2024\/12\/blue-yellow-black-7854576_1280-36x28.png 36w, https:\/\/domath.surju.ee\/wp-content\/uploads\/2024\/12\/blue-yellow-black-7854576_1280-48x38.png 48w, https:\/\/domath.surju.ee\/wp-content\/uploads\/2024\/12\/blue-yellow-black-7854576_1280.png 1280w\" sizes=\"auto, (max-width: 236px) 100vw, 236px\" \/><\/p>","protected":false},"excerpt":{"rendered":"<p>Horisont, horisontaal Horisont ehk silmapiir geograafias on on joon, mis vaatleja jaoks lahutab taevast maast v\u00f5i merest.&nbsp; R\u00f5htsirge ehk horisontaal on sirge, mis on joonisel kujutatud paralleelselt paberi, tahvli v\u00f5i ekraani \u00fclemise ja alumise \u00e4\u00e4rega. Horisontaalsed jooned: R\u00f5htsirgena (horisontaalsena) joonestatakse tavaliselt tasandi abstsisstelg (x-telg). R\u00f5htsirge kujutis (horisontaalne sirge) on risti p\u00fcstsirge kujutisega (vertikaalse sirgega). Horisontaal [&#8230;]<\/p>\n<p><a class=\"btn btn-secondary understrap-read-more-link\" href=\"https:\/\/domath.surju.ee\/et\/horisont\/\">Read More&#8230;<span class=\"screen-reader-text\"> from Horisont, horisontaal<\/span><\/a><\/p>\n","protected":false},"author":5,"featured_media":0,"parent":0,"menu_order":0,"comment_status":"closed","ping_status":"closed","template":"","meta":{"_eb_attr":"","_uag_custom_page_level_css":"","footnotes":""},"categories":[],"tags":[70,112,148,81],"class_list":["post-604","page","type-page","status-publish","hentry","tag-english-h","tag-estonian-h","tag-greek-omicron","tag-spanish-h"],"uagb_featured_image_src":{"full":false,"thumbnail":false,"medium":false,"medium_large":false,"large":false,"1536x1536":false,"2048x2048":false,"menu-24x24":false,"menu-36x36":false,"menu-48x48":false},"uagb_author_info":{"display_name":"Einar Aleman","author_link":"https:\/\/domath.surju.ee\/et\/author\/einar\/"},"uagb_comment_info":0,"uagb_excerpt":"Horisont, horisontaal Horisont ehk silmapiir geograafias on on joon, mis vaatleja jaoks lahutab taevast maast v\u00f5i merest.&nbsp; R\u00f5htsirge ehk horisontaal on sirge, mis on joonisel kujutatud paralleelselt paberi, tahvli v\u00f5i ekraani \u00fclemise ja alumise \u00e4\u00e4rega. Horisontaalsed jooned: R\u00f5htsirgena (horisontaalsena) joonestatakse tavaliselt tasandi abstsisstelg (x-telg). R\u00f5htsirge kujutis (horisontaalne sirge) on risti p\u00fcstsirge kujutisega (vertikaalse sirgega). Horisontaal&hellip;","_links":{"self":[{"href":"https:\/\/domath.surju.ee\/et\/wp-json\/wp\/v2\/pages\/604","targetHints":{"allow":["GET"]}}],"collection":[{"href":"https:\/\/domath.surju.ee\/et\/wp-json\/wp\/v2\/pages"}],"about":[{"href":"https:\/\/domath.surju.ee\/et\/wp-json\/wp\/v2\/types\/page"}],"author":[{"embeddable":true,"href":"https:\/\/domath.surju.ee\/et\/wp-json\/wp\/v2\/users\/5"}],"replies":[{"embeddable":true,"href":"https:\/\/domath.surju.ee\/et\/wp-json\/wp\/v2\/comments?post=604"}],"version-history":[{"count":10,"href":"https:\/\/domath.surju.ee\/et\/wp-json\/wp\/v2\/pages\/604\/revisions"}],"predecessor-version":[{"id":5316,"href":"https:\/\/domath.surju.ee\/et\/wp-json\/wp\/v2\/pages\/604\/revisions\/5316"}],"wp:attachment":[{"href":"https:\/\/domath.surju.ee\/et\/wp-json\/wp\/v2\/media?parent=604"}],"wp:term":[{"taxonomy":"category","embeddable":true,"href":"https:\/\/domath.surju.ee\/et\/wp-json\/wp\/v2\/categories?post=604"},{"taxonomy":"post_tag","embeddable":true,"href":"https:\/\/domath.surju.ee\/et\/wp-json\/wp\/v2\/tags?post=604"}],"curies":[{"name":"wp","href":"https:\/\/api.w.org\/{rel}","templated":true}]}}