{"id":602,"date":"2023-10-26T11:30:45","date_gmt":"2023-10-26T11:30:45","guid":{"rendered":"https:\/\/domath.surju.ee\/?page_id=602"},"modified":"2024-10-21T14:58:22","modified_gmt":"2024-10-21T14:58:22","slug":"area","status":"publish","type":"page","link":"https:\/\/domath.surju.ee\/et\/pindala\/","title":{"rendered":"Pindala"},"content":{"rendered":"<h1 style=\"text-align: center;\"><span style=\"color: #008000;\"><strong>Pindala<\/strong><\/span><\/h1>\r\n\r\n<p><br \/>\r\n<span style=\"color: #ff0000;\"><strong>Pindala<\/strong> <\/span>on pinna suurus.<br \/>\r\n<br \/>\r\n<strong>Pindala m\u00f5\u00f5detakse ruut\u00fchikutes:<\/strong> <br \/>\r\nmillimeetrites (mm<sup>2<\/sup>), ruutsentimeetrites (cm<sup>2<\/sup>), ruutdetsimeetrites (dm<sup>2<\/sup>), ruutmeetrites (m<sup>2<\/sup>), ruutkilomeetrites (Km<sup>2<\/sup>).<br \/>\r\n<sup id=\"cite_ref-BIPM2006Ch5_13-0\" class=\"reference\"><\/sup><\/p>\r\n\r\n<p><span style=\"color: #008000;\"><strong><br \/>\r\nMaat\u00fcki pindala<\/strong><\/span><\/p>\r\n<p><img loading=\"lazy\" decoding=\"async\" class=\"alignnone size-medium wp-image-2735\" src=\"https:\/\/domath.surju.ee\/wp-content\/uploads\/2024\/07\/pexels-kelly-1179532-3030296-300x168.jpg\" alt=\"\" width=\"300\" height=\"168\" srcset=\"https:\/\/domath.surju.ee\/wp-content\/uploads\/2024\/07\/pexels-kelly-1179532-3030296-300x168.jpg 300w, https:\/\/domath.surju.ee\/wp-content\/uploads\/2024\/07\/pexels-kelly-1179532-3030296-1024x575.jpg 1024w, https:\/\/domath.surju.ee\/wp-content\/uploads\/2024\/07\/pexels-kelly-1179532-3030296-768x431.jpg 768w, https:\/\/domath.surju.ee\/wp-content\/uploads\/2024\/07\/pexels-kelly-1179532-3030296-1536x863.jpg 1536w, https:\/\/domath.surju.ee\/wp-content\/uploads\/2024\/07\/pexels-kelly-1179532-3030296-2048x1150.jpg 2048w, https:\/\/domath.surju.ee\/wp-content\/uploads\/2024\/07\/pexels-kelly-1179532-3030296-24x13.jpg 24w, https:\/\/domath.surju.ee\/wp-content\/uploads\/2024\/07\/pexels-kelly-1179532-3030296-36x20.jpg 36w, https:\/\/domath.surju.ee\/wp-content\/uploads\/2024\/07\/pexels-kelly-1179532-3030296-48x27.jpg 48w\" sizes=\"auto, (max-width: 300px) 100vw, 300px\" \/><\/p>\r\n<p><a href=\"https:\/\/www.pexels.com\/photo\/aerial-view-of-plots-of-farm-land-3030296\/\">https:\/\/www.pexels.com\/photo\/aerial-view-of-plots-of-farm-land-3030296\/<\/a><br \/>\r\n<br \/>\r\n<span style=\"color: #008000;\"><strong>Kujundite pindalad<\/strong><\/span><\/p>\r\n\r\n<div class=\"wp-block-group is-nowrap is-layout-flex wp-container-core-group-is-layout-ad2f72ca wp-block-group-is-layout-flex\">\r\n<p><img loading=\"lazy\" decoding=\"async\" class=\"alignnone  wp-image-626\" src=\"https:\/\/domath.surju.ee\/wp-content\/uploads\/2023\/10\/area-300x232.gif\" alt=\"\" width=\"395\" height=\"305\" srcset=\"https:\/\/domath.surju.ee\/wp-content\/uploads\/2023\/10\/area-300x232.gif 300w, https:\/\/domath.surju.ee\/wp-content\/uploads\/2023\/10\/area-1024x791.gif 1024w, https:\/\/domath.surju.ee\/wp-content\/uploads\/2023\/10\/area-768x593.gif 768w, https:\/\/domath.surju.ee\/wp-content\/uploads\/2023\/10\/area-1536x1187.gif 1536w, https:\/\/domath.surju.ee\/wp-content\/uploads\/2023\/10\/area-24x19.gif 24w, https:\/\/domath.surju.ee\/wp-content\/uploads\/2023\/10\/area-36x28.gif 36w, https:\/\/domath.surju.ee\/wp-content\/uploads\/2023\/10\/area-48x37.gif 48w\" sizes=\"auto, (max-width: 395px) 100vw, 395px\" \/><\/p>\r\n<\/div>\r\n\r\n<p><span style=\"color: #333399;\"><strong><span style=\"color: #008000;\">M\u00f5\u00f5t\u00fchikud<\/span><br \/>\r\n1m\u00b2&nbsp; &#8211;&nbsp; 1dm\u00b2&nbsp; &#8211;&nbsp; 1cm\u00b2&nbsp; &#8211;&nbsp; 1mm\u00b2<\/strong><\/span><\/p>\r\n<p><span style=\"color: #333399;\"><strong>1m\u00b2 = 100 dm\u00b2<\/strong><\/span><br \/>\r\n<span style=\"color: #333399;\"><strong>1dm\u00b2 = 100 cm\u00b2<\/strong><\/span><br \/>\r\n<span style=\"color: #333399;\"><strong>1cm\u00b2 = 100 mm\u00b2<\/strong><\/span><\/p>\r\n<p><span style=\"color: #333399;\"><strong>1m\u00b2 = 10 000 cm\u00b2<\/strong><\/span>&nbsp; &nbsp; &nbsp; 1 ruutmeeter = 10 000 ruutsentimeetrit&nbsp;<br \/>\r\n<strong><span style=\"color: #333399;\">1ha = 10 000 m\u00b2&nbsp;<\/span> &nbsp;<\/strong> &nbsp; &nbsp; 1 hektar= 10 000 ruutmeetrit<br \/>\r\n<span style=\"color: #333399;\"><strong>1km\u00b2 = 100ha&nbsp; &nbsp;<\/strong> &nbsp;<\/span> &nbsp; &nbsp; &nbsp; 1 ruutkilomeetrit = 100 hektarit&nbsp; &nbsp;<br \/>\r\n<span style=\"color: #333399;\"><strong>1a =100 m\u00b2&nbsp;<\/strong> &nbsp; &nbsp;<\/span> &nbsp; &nbsp; &nbsp; &nbsp; &nbsp; 1 aar = 100 ruutmeetrit<br \/>\r\n<br \/>\r\n<\/p>\r\n<table style=\"border-collapse: collapse; width: 100%; height: 360px;\">\r\n<tbody>\r\n<tr style=\"height: 66px;\">\r\n<td style=\"width: 32.7485%; height: 66px;\">\r\n<p><b>Nimetus<\/b><sup>&nbsp;<\/sup><\/p>\r\n<\/td>\r\n<td style=\"width: 14.9123%; height: 66px;\">\r\n<p><b>T\u00e4his<sup>&nbsp;<\/sup><\/b><\/p>\r\n<\/td>\r\n<td style=\"width: 52.0468%; height: 66px;\">\r\n<p><b>Seos p\u00f5hi\u00fchikuga (m<sup>2&nbsp;<\/sup>)<\/b><\/p>\r\n<\/td>\r\n<\/tr>\r\n<tr style=\"height: 42px;\">\r\n<td style=\"width: 32.7485%; height: 42px;\">\r\n<p>ruutmillimeeter<sup>&nbsp;<\/sup><\/p>\r\n<\/td>\r\n<td style=\"width: 14.9123%; height: 42px;\">\r\n<p>mm<sup>2<\/sup><\/p>\r\n<\/td>\r\n<td style=\"width: 52.0468%; height: 42px;\">\r\n<p>1 m<sup>2<\/sup>&nbsp;= 1 000 000 mm<sup>2<\/sup><\/p>\r\n<\/td>\r\n<\/tr>\r\n<tr style=\"height: 42px;\">\r\n<td style=\"width: 32.7485%; height: 42px;\">\r\n<p>ruutsentimeeter<sup>&nbsp;<\/sup><\/p>\r\n<\/td>\r\n<td style=\"width: 14.9123%; height: 42px;\">\r\n<p>cm<sup>2<\/sup><\/p>\r\n<\/td>\r\n<td style=\"width: 52.0468%; height: 42px;\">\r\n<p>1 m<sup>2<\/sup>&nbsp;= 10 000 cm<sup>2<\/sup><\/p>\r\n<\/td>\r\n<\/tr>\r\n<tr style=\"height: 42px;\">\r\n<td style=\"width: 32.7485%; height: 42px;\">\r\n<p>ruutdetsimeeter<sup>&nbsp;<\/sup><\/p>\r\n<\/td>\r\n<td style=\"width: 14.9123%; height: 42px;\">\r\n<p>dm<sup>2<\/sup><\/p>\r\n<\/td>\r\n<td style=\"width: 52.0468%; height: 42px;\">\r\n<p>1 m<sup>2<\/sup>&nbsp;= 100 dm<sup>2<\/sup><\/p>\r\n<\/td>\r\n<\/tr>\r\n<tr style=\"height: 42px;\">\r\n<td style=\"width: 32.7485%; height: 42px;\">\r\n<p>ruutmeeter<sup>&nbsp;<\/sup><\/p>\r\n<\/td>\r\n<td style=\"width: 14.9123%; height: 42px;\">\r\n<p>m<sup>2<\/sup><\/p>\r\n<\/td>\r\n<td style=\"width: 52.0468%; height: 42px;\">\r\n<p>1 m<sup>2<\/sup>&nbsp;= 1 m<sup>2<\/sup><\/p>\r\n<\/td>\r\n<\/tr>\r\n<tr style=\"height: 42px;\">\r\n<td style=\"width: 32.7485%; height: 42px;\">\r\n<p>aar<sup>&nbsp;<\/sup><\/p>\r\n<\/td>\r\n<td style=\"width: 14.9123%; height: 42px;\">\r\n<p>a<sup>&nbsp;<\/sup><\/p>\r\n<\/td>\r\n<td style=\"width: 52.0468%; height: 42px;\">\r\n<p>1 a = 100 m<sup>2<\/sup><\/p>\r\n<\/td>\r\n<\/tr>\r\n<tr style=\"height: 42px;\">\r\n<td style=\"width: 32.7485%; height: 42px;\">\r\n<p>hektar<sup>&nbsp;<\/sup><\/p>\r\n<\/td>\r\n<td style=\"width: 14.9123%; height: 42px;\">\r\n<p>ha<sup>&nbsp;<\/sup><\/p>\r\n<\/td>\r\n<td style=\"width: 52.0468%; height: 42px;\">\r\n<p>1 ha = 10 000 m<sup>2<\/sup><\/p>\r\n<\/td>\r\n<\/tr>\r\n<tr style=\"height: 42px;\">\r\n<td style=\"width: 32.7485%; height: 42px;\">\r\n<p>ruutkilomeeter<sup>&nbsp;<\/sup><\/p>\r\n<\/td>\r\n<td style=\"width: 14.9123%; height: 42px;\">\r\n<p>km<sup>2<\/sup><\/p>\r\n<\/td>\r\n<td style=\"width: 52.0468%; height: 42px;\">\r\n<p>1 km<sup>2<\/sup>&nbsp;= 1 000 000 m<sup>2<\/sup><\/p>\r\n<\/td>\r\n<\/tr>\r\n<\/tbody>\r\n<\/table>\r\n<h4><span style=\"color: #800000;\"><strong><span class=\"FootnotesCopyrightNoticeEtc\"><span class=\"NotesHeader\"><br \/>\r\n<br \/>\r\nVanad\/v\u00e4hemlevinud pindala\u00fchikud&nbsp;&nbsp;<\/span><\/span><\/strong><\/span><\/h4>\r\n\r\n<p><strong>144 ruuttolli = 1 ruutjalg<\/strong><br \/>\r\n<strong>9 ruutjalga = 1 ruutjard<\/strong><br \/>\r\n<strong>4840 ruutjardi = 1 aaker<\/strong><br \/>\r\n<strong>640 aakrit = 1 ruutmiil<\/strong><br \/>\r\n<br \/>\r\n<strong>1 ruuttolli = 6,45&nbsp;cm<sup>2<\/sup><\/strong><br \/>\r\n<strong>1 ruutjalg = 929&nbsp;cm<sup>2<\/sup><\/strong><br \/>\r\n<strong>1 ruutjard = 0,84 m<sup>2<\/sup><\/strong><br \/>\r\n<br \/>\r\n<span style=\"color: #008000;\"><strong>Ristk\u00fcliku pindala<\/strong><\/span><br \/>\r\n<br \/>\r\n<iframe loading=\"lazy\" style=\"color: var(--bs-body-color); font-family: var(--bs-body-font-family); font-size: var(--bs-body-font-size); font-weight: var(--bs-body-font-weight); text-align: var(--bs-body-text-align); border: 0px initial initial;\" title=\"Ristk\u00fcliku pindala\" src=\"https:\/\/www.geogebra.org\/material\/iframe\/id\/tppnyhwd\/width\/1000\/height\/485\/border\/888888\/sfsb\/true\/smb\/false\/stb\/false\/stbh\/false\/ai\/false\/asb\/false\/sri\/false\/rc\/false\/ld\/false\/sdz\/false\/ctl\/false\" width=\"600px\" height=\"285px\" scrolling=\"no\"> <\/iframe><\/p>\r\n<span style=\"color: #008000;\"><strong><br \/>\r\nRuudu pindala<\/strong><\/span><br \/>\r\n<br \/>\r\n<iframe loading=\"lazy\" style=\"border: 0px;\" title=\"Ruudu pindala\" src=\"https:\/\/www.geogebra.org\/material\/iframe\/id\/jsptp29t\/width\/1280\/height\/585\/border\/888888\/sfsb\/true\/smb\/false\/stb\/false\/stbh\/false\/ai\/false\/asb\/false\/sri\/false\/rc\/false\/ld\/false\/sdz\/false\/ctl\/false\" width=\"600px\" height=\"265px\" scrolling=\"no\"> <\/iframe><br \/>\r\n<br \/>\r\n<span style=\"color: #008000;\"><strong>Kolmnurga pindala<\/strong><\/span><br \/>\r\n\r\n <iframe loading=\"lazy\" style=\"border: 0px;\" title=\"Kolmnurga pindala\" src=\"https:\/\/www.geogebra.org\/material\/iframe\/id\/w5fv9vun\/width\/1000\/height\/485\/border\/888888\/sfsb\/true\/smb\/false\/stb\/false\/stbh\/false\/ai\/false\/asb\/false\/sri\/false\/rc\/false\/ld\/false\/sdz\/false\/ctl\/false\" width=\"600px\" height=\"285px\" scrolling=\"no\"> <\/iframe><br \/>\r\n<br \/>\r\n<br \/>\r\n<span style=\"color: #008000;\"><strong>R\u00f6\u00f6pk\u00fcliku pindala<\/strong><\/span><br \/>\r\n\r\n <iframe loading=\"lazy\" style=\"border: 0px;\" title=\"R\u00f6\u00f6pk\u00fcliku pindala\" src=\"https:\/\/www.geogebra.org\/material\/iframe\/id\/u3arpv7v\/width\/1000\/height\/485\/border\/888888\/sfsb\/true\/smb\/false\/stb\/false\/stbh\/false\/ai\/false\/asb\/false\/sri\/false\/rc\/false\/ld\/false\/sdz\/false\/ctl\/false\" width=\"600px\" height=\"285px\" scrolling=\"no\"> <\/iframe> \r\n <iframe loading=\"lazy\" style=\"border: 0px;\" title=\"R\u00f6\u00f6pk\u00fcliku pindala2\" src=\"https:\/\/www.geogebra.org\/material\/iframe\/id\/gg7bfhzd\/width\/1000\/height\/485\/border\/888888\/sfsb\/true\/smb\/false\/stb\/false\/stbh\/false\/ai\/false\/asb\/false\/sri\/false\/rc\/false\/ld\/false\/sdz\/false\/ctl\/false\" width=\"600px\" height=\"285px\" scrolling=\"no\"> <\/iframe><br \/>\r\n<br \/>\r\n<span style=\"color: #008000;\"><strong>Trapetsi pindala<\/strong><\/span><br \/>\r\n\r\n <iframe loading=\"lazy\" style=\"border: 0px;\" title=\"Trapetsi pindala\" src=\"https:\/\/www.geogebra.org\/material\/iframe\/id\/meuh6wwz\/width\/1000\/height\/485\/border\/888888\/sfsb\/true\/smb\/false\/stb\/false\/stbh\/false\/ai\/false\/asb\/false\/sri\/false\/rc\/false\/ld\/false\/sdz\/false\/ctl\/false\" width=\"600px\" height=\"285px\" scrolling=\"no\"> <\/iframe><br \/>\r\n<br \/>\r\n<span style=\"color: #008000;\"><strong>Ringi pindala<\/strong><\/span><br \/>\r\n\r\n <iframe loading=\"lazy\" style=\"border: 0px;\" title=\"Ringi pindala\" src=\"https:\/\/www.geogebra.org\/material\/iframe\/id\/zrdzz9ws\/width\/1000\/height\/485\/border\/888888\/sfsb\/true\/smb\/false\/stb\/false\/stbh\/false\/ai\/false\/asb\/false\/sri\/false\/rc\/false\/ld\/false\/sdz\/false\/ctl\/false\" width=\"600px\" height=\"285px\" scrolling=\"no\"> <\/iframe>","protected":false},"excerpt":{"rendered":"<p>Pindala Pindala on pinna suurus. Pindala m\u00f5\u00f5detakse ruut\u00fchikutes: millimeetrites (mm2), ruutsentimeetrites (cm2), ruutdetsimeetrites (dm2), ruutmeetrites (m2), ruutkilomeetrites (Km2). Maat\u00fcki pindala https:\/\/www.pexels.com\/photo\/aerial-view-of-plots-of-farm-land-3030296\/ Kujundite pindalad M\u00f5\u00f5t\u00fchikud 1m\u00b2&nbsp; &#8211;&nbsp; 1dm\u00b2&nbsp; &#8211;&nbsp; 1cm\u00b2&nbsp; &#8211;&nbsp; 1mm\u00b2 1m\u00b2 = 100 dm\u00b2 1dm\u00b2 = 100 cm\u00b2 1cm\u00b2 = 100 mm\u00b2 1m\u00b2 = 10 000 cm\u00b2&nbsp; &nbsp; &nbsp; 1 ruutmeeter = 10 000 [&#8230;]<\/p>\n<p><a class=\"btn btn-secondary understrap-read-more-link\" href=\"https:\/\/domath.surju.ee\/et\/pindala\/\">Read More&#8230;<span class=\"screen-reader-text\"> from Pindala<\/span><\/a><\/p>\n","protected":false},"author":12,"featured_media":0,"parent":0,"menu_order":0,"comment_status":"closed","ping_status":"closed","template":"","meta":{"_eb_attr":"","_uag_custom_page_level_css":"","footnotes":""},"categories":[],"tags":[37,57,85],"class_list":["post-602","page","type-page","status-publish","hentry","tag-english-a","tag-estonian-p","tag-greek-epsilon"],"uagb_featured_image_src":{"full":false,"thumbnail":false,"medium":false,"medium_large":false,"large":false,"1536x1536":false,"2048x2048":false,"menu-24x24":false,"menu-36x36":false,"menu-48x48":false},"uagb_author_info":{"display_name":"Ave Kartau","author_link":"https:\/\/domath.surju.ee\/et\/author\/ave\/"},"uagb_comment_info":0,"uagb_excerpt":"Pindala Pindala on pinna suurus. Pindala m\u00f5\u00f5detakse ruut\u00fchikutes: millimeetrites (mm2), ruutsentimeetrites (cm2), ruutdetsimeetrites (dm2), ruutmeetrites (m2), ruutkilomeetrites (Km2). Maat\u00fcki pindala https:\/\/www.pexels.com\/photo\/aerial-view-of-plots-of-farm-land-3030296\/ Kujundite pindalad M\u00f5\u00f5t\u00fchikud 1m\u00b2&nbsp; &#8211;&nbsp; 1dm\u00b2&nbsp; &#8211;&nbsp; 1cm\u00b2&nbsp; &#8211;&nbsp; 1mm\u00b2 1m\u00b2 = 100 dm\u00b2 1dm\u00b2 = 100 cm\u00b2 1cm\u00b2 = 100 mm\u00b2 1m\u00b2 = 10 000 cm\u00b2&nbsp; &nbsp; &nbsp; 1 ruutmeeter = 10 000&hellip;","_links":{"self":[{"href":"https:\/\/domath.surju.ee\/et\/wp-json\/wp\/v2\/pages\/602","targetHints":{"allow":["GET"]}}],"collection":[{"href":"https:\/\/domath.surju.ee\/et\/wp-json\/wp\/v2\/pages"}],"about":[{"href":"https:\/\/domath.surju.ee\/et\/wp-json\/wp\/v2\/types\/page"}],"author":[{"embeddable":true,"href":"https:\/\/domath.surju.ee\/et\/wp-json\/wp\/v2\/users\/12"}],"replies":[{"embeddable":true,"href":"https:\/\/domath.surju.ee\/et\/wp-json\/wp\/v2\/comments?post=602"}],"version-history":[{"count":29,"href":"https:\/\/domath.surju.ee\/et\/wp-json\/wp\/v2\/pages\/602\/revisions"}],"predecessor-version":[{"id":4531,"href":"https:\/\/domath.surju.ee\/et\/wp-json\/wp\/v2\/pages\/602\/revisions\/4531"}],"wp:attachment":[{"href":"https:\/\/domath.surju.ee\/et\/wp-json\/wp\/v2\/media?parent=602"}],"wp:term":[{"taxonomy":"category","embeddable":true,"href":"https:\/\/domath.surju.ee\/et\/wp-json\/wp\/v2\/categories?post=602"},{"taxonomy":"post_tag","embeddable":true,"href":"https:\/\/domath.surju.ee\/et\/wp-json\/wp\/v2\/tags?post=602"}],"curies":[{"name":"wp","href":"https:\/\/api.w.org\/{rel}","templated":true}]}}