{"id":580,"date":"2023-10-26T11:05:14","date_gmt":"2023-10-26T11:05:14","guid":{"rendered":"https:\/\/domath.surju.ee\/?page_id=580"},"modified":"2024-10-21T14:44:40","modified_gmt":"2024-10-21T14:44:40","slug":"apex-angles","status":"publish","type":"page","link":"https:\/\/domath.surju.ee\/et\/tipunurk\/","title":{"rendered":"Tipunurk"},"content":{"rendered":"<h1 style=\"text-align: center;\"><strong><span style=\"color: #008000;\">Tipunurk<\/span><\/strong><\/h1>\r\n<p><span style=\"color: #0000ff;\"><strong>Tipunurk&nbsp;<\/strong><\/span> on v\u00f5rdhaarse kolmnurga v\u00f5rdsete k\u00fclgede vaheline nurk (v\u00f5rdhaarse kolmnurga haarade vaheline nurk).<br \/>\r\n<br \/>\r\n<img loading=\"lazy\" decoding=\"async\" class=\"wp-image-4264 alignleft\" src=\"https:\/\/domath.surju.ee\/wp-content\/uploads\/2024\/08\/geogebra-export-1_2-300x236.png\" alt=\"\" width=\"255\" height=\"201\" srcset=\"https:\/\/domath.surju.ee\/wp-content\/uploads\/2024\/08\/geogebra-export-1_2-300x236.png 300w, https:\/\/domath.surju.ee\/wp-content\/uploads\/2024\/08\/geogebra-export-1_2-1024x807.png 1024w, https:\/\/domath.surju.ee\/wp-content\/uploads\/2024\/08\/geogebra-export-1_2-768x605.png 768w, https:\/\/domath.surju.ee\/wp-content\/uploads\/2024\/08\/geogebra-export-1_2-1536x1210.png 1536w, https:\/\/domath.surju.ee\/wp-content\/uploads\/2024\/08\/geogebra-export-1_2-2048x1613.png 2048w, https:\/\/domath.surju.ee\/wp-content\/uploads\/2024\/08\/geogebra-export-1_2-24x19.png 24w, https:\/\/domath.surju.ee\/wp-content\/uploads\/2024\/08\/geogebra-export-1_2-36x28.png 36w, https:\/\/domath.surju.ee\/wp-content\/uploads\/2024\/08\/geogebra-export-1_2-48x38.png 48w\" sizes=\"auto, (max-width: 255px) 100vw, 255px\" \/><b>V\u00f5rdhaarne kolmnurk<\/b>&nbsp; on kolmnurk, millel on <span style=\"color: #ff0000;\"><strong>kaks v\u00f5rdse pikkusega k\u00fclge.<\/strong><\/span><\/p>\r\n<!-- \/wp:post-content -->\r\n<!-- wp:paragraph \/-->\r\n<!-- wp:gutenverse\/section {\"elementId\":\"guten-dBKi8U\"} -->\r\n<div class=\"section-wrapper\" data-id=\"dBKi8U\">\r\n<section class=\"wp-block-gutenverse-section guten-element guten-section guten-dBKi8U layout-boxed align-stretch\">\r\n<div class=\"guten-background-overlay\">&nbsp;<\/div>\r\n<div class=\"guten-shape-divider guten-shape-divider-top\">&nbsp;<\/div>\r\n<div class=\"guten-shape-divider guten-shape-divider-bottom\">&nbsp;<\/div>\r\n<div class=\"guten-container guten-column-gap-default\"><!-- wp:gutenverse\/column {\"width\":{\"Desktop\":50},\"elementId\":\"guten-lPv2dS\"} -->\r\n<div class=\"wp-block-gutenverse-column guten-element guten-column guten-lPv2dS\">\r\n<div class=\"guten-background-overlay\">&nbsp;<\/div>\r\n<div class=\"sticky-wrapper\" data-id=\"lPv2dS\">\r\n<div class=\"guten-column-wrapper\">&nbsp;<\/div>\r\n<\/div>\r\n<\/div>\r\n<!-- \/wp:gutenverse\/column -->\r\n<!-- wp:gutenverse\/column {\"width\":{\"Desktop\":50},\"elementId\":\"guten-fL9ob2\"} -->\r\n<div class=\"wp-block-gutenverse-column guten-element guten-column guten-fL9ob2\">\r\n<div class=\"guten-background-overlay\">&nbsp;<\/div>\r\n<\/div>\r\n<\/div>\r\n<\/section>\r\n<\/div>\r\n<\/div>\r\n<!-- \/wp:gutenverse\/column -->\r\n<!-- wp:gutenverse\/section {\"elementId\":\"guten-dBKi8U\"} -->\r\n<div class=\"section-wrapper\" data-id=\"dBKi8U\">\r\n<section class=\"wp-block-gutenverse-section guten-element guten-section guten-dBKi8U layout-boxed align-stretch\">\r\n<div class=\"guten-background-overlay\">&nbsp;<\/div>\r\n<div class=\"guten-shape-divider guten-shape-divider-top\">&nbsp;<\/div>\r\n<div class=\"guten-container guten-column-gap-default\">\r\n<div class=\"wp-block-gutenverse-column guten-element guten-column guten-fL9ob2\">\r\n<div class=\"sticky-wrapper\" data-id=\"fL9ob2\">\r\n<div class=\"guten-column-wrapper\">&nbsp;<\/div>\r\n<\/div>\r\n<\/div>\r\n<\/div>\r\n<\/section>\r\n<\/div><!-- \/wp:gutenverse\/section --><!-- \/wp:gutenverse\/section -->\r\n<p><br \/>\r\nV\u00f5rdse pikkusega k\u00fclgi nimetatakse <strong>haaradeks<\/strong> ja kolmandat k\u00fclge <strong>aluseks<\/strong>.<\/p>\r\n<!-- wp:group {\"layout\":{\"type\":\"flex\",\"flexWrap\":\"nowrap\"}} -->\r\n<div class=\"wp-block-group\">\r\n<p><iframe loading=\"lazy\" style=\"border: 0px;\" title=\"V\u00f5rdhaarne kolmnurk1_eesti keeles\" src=\"https:\/\/www.geogebra.org\/material\/iframe\/id\/zppc7hbz\/width\/1250\/height\/630\/border\/888888\/sfsb\/true\/smb\/false\/stb\/false\/stbh\/false\/ai\/false\/asb\/false\/sri\/false\/rc\/false\/ld\/false\/sdz\/false\/ctl\/false\" width=\"600px\" height=\"300px\" scrolling=\"no\"> <\/iframe><\/p>\r\n<!-- wp:html -->Kui suur&nbsp; on tipunurga suurus, kui alusnurk on antud? <iframe loading=\"lazy\" style=\"border: 0px;\" title=\"V\u00f5rdhaarne kolmnurk yl\" src=\"https:\/\/www.geogebra.org\/material\/iframe\/id\/pyem6qaa\/width\/1250\/height\/632\/border\/888888\/sfsb\/true\/smb\/false\/stb\/false\/stbh\/false\/ai\/false\/asb\/false\/sri\/false\/rc\/false\/ld\/false\/sdz\/false\/ctl\/false\" width=\"600px\" height=\"300px\" scrolling=\"no\"> <\/iframe> <!-- \/wp:html -->\r\n<!-- wp:gutenverse\/section {\"elementId\":\"guten-dBKi8U\"} -->\r\n<div class=\"section-wrapper\" data-id=\"dBKi8U\">\r\n<section class=\"wp-block-gutenverse-section guten-element guten-section guten-dBKi8U layout-boxed align-stretch\">\r\n<div class=\"guten-background-overlay\">&nbsp;<\/div>\r\n<div class=\"guten-shape-divider guten-shape-divider-top\">&nbsp;<\/div>\r\n<div class=\"guten-shape-divider guten-shape-divider-bottom\">&nbsp;<\/div>\r\n<div class=\"guten-container guten-column-gap-default\"><!-- wp:gutenverse\/column {\"width\":{\"Desktop\":50},\"elementId\":\"guten-lPv2dS\"} -->\r\n<div class=\"wp-block-gutenverse-column guten-element guten-column guten-lPv2dS\">\r\n<div class=\"guten-background-overlay\">&nbsp;<\/div>\r\n<div class=\"sticky-wrapper\" data-id=\"lPv2dS\">\r\n<div class=\"guten-column-wrapper\">&nbsp;<\/div>\r\n<\/div>\r\n<\/div>\r\n<!-- \/wp:gutenverse\/column -->\r\n<!-- wp:gutenverse\/column {\"width\":{\"Desktop\":50},\"elementId\":\"guten-fL9ob2\"} -->\r\n<div class=\"wp-block-gutenverse-column guten-element guten-column guten-fL9ob2\">\r\n<div class=\"guten-background-overlay\">&nbsp;<\/div>\r\n<\/div>\r\n<\/div>\r\n<\/section>\r\n<\/div>\r\n<\/div>\r\n<!-- \/wp:group -->\r\n<!-- wp:gutenverse\/section {\"elementId\":\"guten-dBKi8U\"} -->\r\n<div class=\"section-wrapper\" data-id=\"dBKi8U\">\r\n<section class=\"wp-block-gutenverse-section guten-element guten-section guten-dBKi8U layout-boxed align-stretch\">\r\n<div class=\"guten-background-overlay\">&nbsp;<\/div>\r\n<div class=\"guten-shape-divider guten-shape-divider-top\">&nbsp;<\/div>\r\n<div class=\"guten-container guten-column-gap-default\">\r\n<div class=\"wp-block-gutenverse-column guten-element guten-column guten-fL9ob2\">\r\n<div class=\"sticky-wrapper\" data-id=\"fL9ob2\">\r\n<div class=\"guten-column-wrapper\">&nbsp;<\/div>\r\n<\/div>\r\n<\/div>\r\n<\/div>\r\n<\/section>\r\n<\/div><!-- \/wp:post-content -->","protected":false},"excerpt":{"rendered":"<p>Tipunurk Tipunurk&nbsp; on v\u00f5rdhaarse kolmnurga v\u00f5rdsete k\u00fclgede vaheline nurk (v\u00f5rdhaarse kolmnurga haarade vaheline nurk). V\u00f5rdhaarne kolmnurk&nbsp; on kolmnurk, millel on kaks v\u00f5rdse pikkusega k\u00fclge. &nbsp; &nbsp; &nbsp; &nbsp; &nbsp; &nbsp; &nbsp; &nbsp; &nbsp; V\u00f5rdse pikkusega k\u00fclgi nimetatakse haaradeks ja kolmandat k\u00fclge aluseks. Kui suur&nbsp; on tipunurga suurus, kui alusnurk on antud? &nbsp; &nbsp; &nbsp; &nbsp; [&#8230;]<\/p>\n<p><a class=\"btn btn-secondary understrap-read-more-link\" href=\"https:\/\/domath.surju.ee\/et\/tipunurk\/\">Read More&#8230;<span class=\"screen-reader-text\"> from Tipunurk<\/span><\/a><\/p>\n","protected":false},"author":12,"featured_media":0,"parent":0,"menu_order":0,"comment_status":"closed","ping_status":"closed","template":"","meta":{"_eb_attr":"","_uag_custom_page_level_css":"","footnotes":""},"categories":[],"tags":[37,40,73],"class_list":["post-580","page","type-page","status-publish","hentry","tag-english-a","tag-estonian-t","tag-greek-kappa"],"uagb_featured_image_src":{"full":false,"thumbnail":false,"medium":false,"medium_large":false,"large":false,"1536x1536":false,"2048x2048":false,"menu-24x24":false,"menu-36x36":false,"menu-48x48":false},"uagb_author_info":{"display_name":"Ave Kartau","author_link":"https:\/\/domath.surju.ee\/et\/author\/ave\/"},"uagb_comment_info":0,"uagb_excerpt":"Tipunurk Tipunurk&nbsp; on v\u00f5rdhaarse kolmnurga v\u00f5rdsete k\u00fclgede vaheline nurk (v\u00f5rdhaarse kolmnurga haarade vaheline nurk). V\u00f5rdhaarne kolmnurk&nbsp; on kolmnurk, millel on kaks v\u00f5rdse pikkusega k\u00fclge. &nbsp; &nbsp; &nbsp; &nbsp; &nbsp; &nbsp; &nbsp; &nbsp; &nbsp; V\u00f5rdse pikkusega k\u00fclgi nimetatakse haaradeks ja kolmandat k\u00fclge aluseks. Kui suur&nbsp; on tipunurga suurus, kui alusnurk on antud? &nbsp; &nbsp; &nbsp; &nbsp;&hellip;","_links":{"self":[{"href":"https:\/\/domath.surju.ee\/et\/wp-json\/wp\/v2\/pages\/580","targetHints":{"allow":["GET"]}}],"collection":[{"href":"https:\/\/domath.surju.ee\/et\/wp-json\/wp\/v2\/pages"}],"about":[{"href":"https:\/\/domath.surju.ee\/et\/wp-json\/wp\/v2\/types\/page"}],"author":[{"embeddable":true,"href":"https:\/\/domath.surju.ee\/et\/wp-json\/wp\/v2\/users\/12"}],"replies":[{"embeddable":true,"href":"https:\/\/domath.surju.ee\/et\/wp-json\/wp\/v2\/comments?post=580"}],"version-history":[{"count":23,"href":"https:\/\/domath.surju.ee\/et\/wp-json\/wp\/v2\/pages\/580\/revisions"}],"predecessor-version":[{"id":4307,"href":"https:\/\/domath.surju.ee\/et\/wp-json\/wp\/v2\/pages\/580\/revisions\/4307"}],"wp:attachment":[{"href":"https:\/\/domath.surju.ee\/et\/wp-json\/wp\/v2\/media?parent=580"}],"wp:term":[{"taxonomy":"category","embeddable":true,"href":"https:\/\/domath.surju.ee\/et\/wp-json\/wp\/v2\/categories?post=580"},{"taxonomy":"post_tag","embeddable":true,"href":"https:\/\/domath.surju.ee\/et\/wp-json\/wp\/v2\/tags?post=580"}],"curies":[{"name":"wp","href":"https:\/\/api.w.org\/{rel}","templated":true}]}}