{"id":531,"date":"2023-10-26T09:42:59","date_gmt":"2023-10-26T09:42:59","guid":{"rendered":"https:\/\/domath.surju.ee\/?page_id=531"},"modified":"2024-10-24T08:00:28","modified_gmt":"2024-10-24T08:00:28","slug":"angle","status":"publish","type":"page","link":"https:\/\/domath.surju.ee\/et\/nurk\/","title":{"rendered":"Nurk"},"content":{"rendered":"<h1 style=\"text-align: center;\"><strong><span style=\"color: #008000;\">Nurk<\/span><\/strong><\/h1>\r\n<p><img loading=\"lazy\" decoding=\"async\" class=\"wp-image-2517 alignleft\" src=\"https:\/\/domath.surju.ee\/wp-content\/uploads\/2024\/07\/nurgad.jpg\" alt=\"\" width=\"221\" height=\"214\" srcset=\"https:\/\/domath.surju.ee\/wp-content\/uploads\/2024\/07\/nurgad.jpg 300w, https:\/\/domath.surju.ee\/wp-content\/uploads\/2024\/07\/nurgad-24x24.jpg 24w, https:\/\/domath.surju.ee\/wp-content\/uploads\/2024\/07\/nurgad-36x36.jpg 36w, https:\/\/domath.surju.ee\/wp-content\/uploads\/2024\/07\/nurgad-48x46.jpg 48w\" sizes=\"auto, (max-width: 221px) 100vw, 221px\" \/><\/p>\r\n<p>&nbsp;<\/p>\r\n<span style=\"color: #0000ff;\"><b>Nurga<\/b><\/span> moodustavad kaks \u00fchest ja samast punktist v\u00e4ljuvat <strong>kiirt<\/strong> koos&nbsp;<strong>tasandi osaga<\/strong>, mis j\u00e4\u00e4b nende <strong>kiirte&nbsp;vahele<\/strong>.<br \/>\r\n<br \/>\r\n<img loading=\"lazy\" decoding=\"async\" class=\"wp-image-4679 alignleft\" src=\"https:\/\/domath.surju.ee\/wp-content\/uploads\/2024\/11\/NURK1-300x179.png\" alt=\"\" width=\"225\" height=\"134\" srcset=\"https:\/\/domath.surju.ee\/wp-content\/uploads\/2024\/11\/NURK1-300x179.png 300w, https:\/\/domath.surju.ee\/wp-content\/uploads\/2024\/11\/NURK1-24x14.png 24w, https:\/\/domath.surju.ee\/wp-content\/uploads\/2024\/11\/NURK1-36x21.png 36w, https:\/\/domath.surju.ee\/wp-content\/uploads\/2024\/11\/NURK1-48x29.png 48w, https:\/\/domath.surju.ee\/wp-content\/uploads\/2024\/11\/NURK1.png 409w\" sizes=\"auto, (max-width: 225px) 100vw, 225px\" \/>Joonisel on kujutatud <span style=\"color: #333399;\"><strong>nurk AOB<\/strong>.<\/span> Kiirte <strong><span style=\"color: #333399;\">alguspunkt O<\/span><\/strong> on nurga tipp. Kiiri <strong>OA ja OB<\/strong> nimetatakse <span style=\"color: #333399;\"><strong>haaradeks<\/strong>.<\/span><br \/>\r\n<br \/>\r\n<br \/>\r\n<br \/>\r\n<span style=\"color: #333399;\"><strong>Punkt O on nurga tipp<\/strong><\/span>, tipust v\u00e4ljuvad <strong>haarad OA ja OB.<\/strong><br \/>\r\nNurka t\u00e4histatakse&nbsp; l\u00fchidalt&nbsp;<span style=\"color: #333399;\"><strong> \u2220AOB<\/strong> <\/span>v\u00f5i lihtsalt <span style=\"color: #333399;\"><strong>\u2220O.<\/strong><\/span> <br \/>\r\nT\u00e4ht, mis t\u00e4histab nurga tippu, kirjutatakse&nbsp; keskele.<br \/>\r\n<br \/>\r\n<span style=\"color: #333399;\"><strong>Nurga t\u00e4histamiseks<\/strong><\/span> kasutatakse&nbsp; ka kreeka t\u00e4hestiku v\u00e4iket\u00e4hti <span style=\"color: #333399;\"><strong>\u03b1<\/strong><\/span> &#8211; alfa,<span style=\"color: #333399;\"><strong> \u03b2<\/strong><\/span> &#8211; beeta ja <span style=\"color: #333399;\"><strong>\u03b3<\/strong> <\/span>&#8211; gamma.<br \/>\r\n<br \/>\r\n<span style=\"color: #008000;\"><strong>Nurkade liigitamine.&nbsp;<br \/>\r\n<\/strong><\/span><br \/>\r\n<strong>Sirgnurk<\/strong> on nurk, mille haarad moodustavad sirgjoone.<br \/>\r\nSirgnurga suurus on <strong>180\u00b0<br \/>\r\n<br \/>\r\nT\u00e4isnurk<\/strong> on pool sirgnurgast.<br \/>\r\nT\u00e4isnurga suurus on 90\u00b0.<br \/>\r\n<br \/>\r\n<strong>Teravnurk<\/strong> on nurk, mis on t\u00e4isnurgast v\u00e4iksem.<br \/>\r\nTeravnurk on v\u00e4iksem kui 90\u00b0.<br \/>\r\n<br \/>\r\n<strong>N\u00fcrinurk<\/strong> on nurk, mis on t\u00e4isnurgast suurem, ja sirgnurgast v\u00e4iksem.<br \/>\r\nN\u00fcrinurk on suurem kui 90\u00b0 ja v\u00e4iksem kui 180\u00b0.<br \/>\r\n<br \/>\r\n<table style=\"border-collapse: collapse; width: 100%; height: 20px;\">\r\n<tbody>\r\n<tr style=\"height: 20px;\">\r\n<td style=\"width: 50%; height: 20px; text-align: center;\">&nbsp;<\/td>\r\n<td style=\"width: 50%; height: 20px;\">&nbsp;<\/td>\r\n<\/tr>\r\n<\/tbody>\r\n<\/table>\r\n<p>&nbsp;<\/p>\r\n<!-- \/wp:post-content -->\r\n<table style=\"height: 24px; width: 97.619%; border-collapse: collapse; background-color: #f7e0be;\">\r\n<tbody>\r\n<tr style=\"height: 24px;\">\r\n<td style=\"width: 50%; height: 24px; text-align: center;\"><span style=\"color: #000080;\"><strong> &nbsp; &nbsp;Teravnurk<\/strong><\/span><\/td>\r\n<td style=\"width: 50%; height: 24px; text-align: center;\"><span style=\"color: #000080;\"><strong>T\u00e4isnurk&nbsp;<\/strong><\/span><\/td>\r\n<\/tr>\r\n<\/tbody>\r\n<\/table>\r\n<table style=\"border-collapse: collapse; width: 97.6191%; height: 23px;\">\r\n<tbody>\r\n<tr style=\"height: 23px;\">\r\n<td style=\"width: 50%; height: 23px;\"><img loading=\"lazy\" decoding=\"async\" class=\"size-medium wp-image-2502 aligncenter\" src=\"https:\/\/domath.surju.ee\/wp-content\/uploads\/2024\/07\/teravnurk-300x139.png\" alt=\"\" width=\"300\" height=\"139\" srcset=\"https:\/\/domath.surju.ee\/wp-content\/uploads\/2024\/07\/teravnurk-300x139.png 300w, https:\/\/domath.surju.ee\/wp-content\/uploads\/2024\/07\/teravnurk-1024x475.png 1024w, https:\/\/domath.surju.ee\/wp-content\/uploads\/2024\/07\/teravnurk-768x357.png 768w, https:\/\/domath.surju.ee\/wp-content\/uploads\/2024\/07\/teravnurk-1536x713.png 1536w, https:\/\/domath.surju.ee\/wp-content\/uploads\/2024\/07\/teravnurk-2048x951.png 2048w, https:\/\/domath.surju.ee\/wp-content\/uploads\/2024\/07\/teravnurk-24x11.png 24w, https:\/\/domath.surju.ee\/wp-content\/uploads\/2024\/07\/teravnurk-36x17.png 36w, https:\/\/domath.surju.ee\/wp-content\/uploads\/2024\/07\/teravnurk-48x22.png 48w\" sizes=\"auto, (max-width: 300px) 100vw, 300px\" \/><\/td>\r\n<td style=\"width: 50%; height: 23px;\"><img loading=\"lazy\" decoding=\"async\" class=\"size-medium wp-image-2501 aligncenter\" src=\"https:\/\/domath.surju.ee\/wp-content\/uploads\/2024\/07\/taisnurk-300x162.png\" alt=\"\" width=\"300\" height=\"162\" srcset=\"https:\/\/domath.surju.ee\/wp-content\/uploads\/2024\/07\/taisnurk-300x162.png 300w, https:\/\/domath.surju.ee\/wp-content\/uploads\/2024\/07\/taisnurk-1024x554.png 1024w, https:\/\/domath.surju.ee\/wp-content\/uploads\/2024\/07\/taisnurk-768x415.png 768w, https:\/\/domath.surju.ee\/wp-content\/uploads\/2024\/07\/taisnurk-1536x831.png 1536w, https:\/\/domath.surju.ee\/wp-content\/uploads\/2024\/07\/taisnurk-2048x1108.png 2048w, https:\/\/domath.surju.ee\/wp-content\/uploads\/2024\/07\/taisnurk-24x13.png 24w, https:\/\/domath.surju.ee\/wp-content\/uploads\/2024\/07\/taisnurk-36x19.png 36w, https:\/\/domath.surju.ee\/wp-content\/uploads\/2024\/07\/taisnurk-48x26.png 48w\" sizes=\"auto, (max-width: 300px) 100vw, 300px\" \/><\/td>\r\n<\/tr>\r\n<\/tbody>\r\n<\/table>\r\n<table style=\"height: 14px; width: 97.5%; border-collapse: collapse; background-color: #f0dfc7;\">\r\n<tbody>\r\n<tr>\r\n<td style=\"width: 50%; text-align: center;\"><span style=\"color: #000080;\"><strong>&nbsp;N\u00fcrinurk<\/strong><\/span><\/td>\r\n<td style=\"width: 50%; text-align: center;\"><span style=\"color: #000080;\"><strong>Sirgnurk<\/strong><\/span><\/td>\r\n<\/tr>\r\n<\/tbody>\r\n<\/table>\r\n<table style=\"border-collapse: collapse; width: 97.1429%; height: 146px;\">\r\n<tbody>\r\n<tr>\r\n<td style=\"width: 50%;\"><img loading=\"lazy\" decoding=\"async\" class=\"size-medium wp-image-2503 aligncenter\" src=\"https:\/\/domath.surju.ee\/wp-content\/uploads\/2024\/07\/Nurinurk-300x151.png\" alt=\"\" width=\"300\" height=\"151\" srcset=\"https:\/\/domath.surju.ee\/wp-content\/uploads\/2024\/07\/Nurinurk-300x151.png 300w, https:\/\/domath.surju.ee\/wp-content\/uploads\/2024\/07\/Nurinurk-1024x515.png 1024w, https:\/\/domath.surju.ee\/wp-content\/uploads\/2024\/07\/Nurinurk-768x386.png 768w, https:\/\/domath.surju.ee\/wp-content\/uploads\/2024\/07\/Nurinurk-1536x772.png 1536w, https:\/\/domath.surju.ee\/wp-content\/uploads\/2024\/07\/Nurinurk-2048x1029.png 2048w, https:\/\/domath.surju.ee\/wp-content\/uploads\/2024\/07\/Nurinurk-24x12.png 24w, https:\/\/domath.surju.ee\/wp-content\/uploads\/2024\/07\/Nurinurk-36x18.png 36w, https:\/\/domath.surju.ee\/wp-content\/uploads\/2024\/07\/Nurinurk-48x24.png 48w\" sizes=\"auto, (max-width: 300px) 100vw, 300px\" \/><\/td>\r\n<td style=\"width: 50%;\"><img loading=\"lazy\" decoding=\"async\" class=\"size-medium wp-image-2504 aligncenter\" src=\"https:\/\/domath.surju.ee\/wp-content\/uploads\/2024\/07\/sirgnurk-300x145.png\" alt=\"\" width=\"300\" height=\"145\" srcset=\"https:\/\/domath.surju.ee\/wp-content\/uploads\/2024\/07\/sirgnurk-300x145.png 300w, https:\/\/domath.surju.ee\/wp-content\/uploads\/2024\/07\/sirgnurk-1024x496.png 1024w, https:\/\/domath.surju.ee\/wp-content\/uploads\/2024\/07\/sirgnurk-768x372.png 768w, https:\/\/domath.surju.ee\/wp-content\/uploads\/2024\/07\/sirgnurk-1536x744.png 1536w, https:\/\/domath.surju.ee\/wp-content\/uploads\/2024\/07\/sirgnurk-2048x993.png 2048w, https:\/\/domath.surju.ee\/wp-content\/uploads\/2024\/07\/sirgnurk-24x12.png 24w, https:\/\/domath.surju.ee\/wp-content\/uploads\/2024\/07\/sirgnurk-36x17.png 36w, https:\/\/domath.surju.ee\/wp-content\/uploads\/2024\/07\/sirgnurk-48x23.png 48w\" sizes=\"auto, (max-width: 300px) 100vw, 300px\" \/><\/td>\r\n<\/tr>\r\n<\/tbody>\r\n<\/table>\r\n<!-- wp:separator --><br \/>\r\n<strong>\u00dclesanne:<\/strong> Sisesta nurga suurus\r\n<hr class=\"wp-block-separator has-alpha-channel-opacity\" \/><!-- \/wp:separator -->\r\n<!-- wp:html --> <iframe loading=\"lazy\" style=\"border: 0px;\" title=\"Nurkade suurused2\" src=\"https:\/\/www.geogebra.org\/material\/iframe\/id\/puhjpgsz\/width\/1200\/height\/632\/border\/888888\/sfsb\/true\/smb\/false\/stb\/false\/stbh\/false\/ai\/false\/asb\/false\/sri\/false\/rc\/false\/ld\/false\/sdz\/false\/ctl\/false\" width=\"560px\" height=\"285px\" scrolling=\"no\"> <\/iframe><br \/>\r\n<strong>\u00dclesanne<\/strong>:&nbsp;<br \/>\r\nMalli kasutamine<br \/>\r\n<br \/>\r\n<br \/>\r\n<iframe loading=\"lazy\" style=\"border: 0px;\" title=\"nurga suurus 2\" src=\"https:\/\/www.geogebra.org\/material\/iframe\/id\/pyjaf8em\/width\/900\/height\/485\/border\/888888\/sfsb\/true\/smb\/false\/stb\/false\/stbh\/false\/ai\/false\/asb\/false\/sri\/false\/rc\/false\/ld\/false\/sdz\/false\/ctl\/false\" width=\"600px\" height=\"285px\" scrolling=\"no\"> <\/iframe><br \/>\r\n<br \/>\r\n<strong>\u00dclesanne:<\/strong> Malli ja nurga haarade abil koosta nurk, mille suurus on antud.&nbsp;<br \/>\r\n<!-- \/wp:html -->\r\n<!-- wp:html --> <iframe loading=\"lazy\" style=\"border: 0px;\" title=\"Nurkade joonestamine\" src=\"https:\/\/www.geogebra.org\/material\/iframe\/id\/ffkutkju\/width\/1000\/height\/685\/border\/888888\/sfsb\/true\/smb\/false\/stb\/false\/stbh\/false\/ai\/false\/asb\/false\/sri\/false\/rc\/false\/ld\/false\/sdz\/false\/ctl\/false\" width=\"560px\" height=\"385px\" scrolling=\"no\"> <\/iframe> <!-- \/wp:html -->\r\n<!-- wp:image {\"id\":3937,\"width\":\"366px\",\"height\":\"auto\",\"sizeSlug\":\"large\",\"linkDestination\":\"none\"} -->\r\n<figure class=\"wp-block-image size-large is-resized\"><img loading=\"lazy\" decoding=\"async\" width=\"1024\" height=\"809\" class=\"wp-image-3937\" style=\"width: 366px; height: auto;\" src=\"https:\/\/domath.surju.ee\/wp-content\/uploads\/2024\/08\/ExternalAngles.svg_-1-1024x809.png\" alt=\"\" srcset=\"https:\/\/domath.surju.ee\/wp-content\/uploads\/2024\/08\/ExternalAngles.svg_-1-1024x809.png 1024w, https:\/\/domath.surju.ee\/wp-content\/uploads\/2024\/08\/ExternalAngles.svg_-1-300x237.png 300w, https:\/\/domath.surju.ee\/wp-content\/uploads\/2024\/08\/ExternalAngles.svg_-1-768x607.png 768w, https:\/\/domath.surju.ee\/wp-content\/uploads\/2024\/08\/ExternalAngles.svg_-1-24x19.png 24w, https:\/\/domath.surju.ee\/wp-content\/uploads\/2024\/08\/ExternalAngles.svg_-1-36x28.png 36w, https:\/\/domath.surju.ee\/wp-content\/uploads\/2024\/08\/ExternalAngles.svg_-1-48x38.png 48w, https:\/\/domath.surju.ee\/wp-content\/uploads\/2024\/08\/ExternalAngles.svg_-1.png 1116w\" sizes=\"auto, (max-width: 1024px) 100vw, 1024px\" \/><\/figure>\r\n<!-- \/wp:image -->\r\n<!-- wp:html --> <iframe loading=\"lazy\" title=\"YouTube video player\" src=\"https:\/\/www.youtube.com\/embed\/D9g9zMQu5C4?si=Gl4--0sZqvc-tiZh\" width=\"560\" height=\"315\" frameborder=\"0\" allowfullscreen=\"allowfullscreen\"><\/iframe>","protected":false},"excerpt":{"rendered":"<p>Nurk &nbsp; Nurga moodustavad kaks \u00fchest ja samast punktist v\u00e4ljuvat kiirt koos&nbsp;tasandi osaga, mis j\u00e4\u00e4b nende kiirte&nbsp;vahele. Joonisel on kujutatud nurk AOB. Kiirte alguspunkt O on nurga tipp. Kiiri OA ja OB nimetatakse haaradeks. Punkt O on nurga tipp, tipust v\u00e4ljuvad haarad OA ja OB. Nurka t\u00e4histatakse&nbsp; l\u00fchidalt&nbsp; \u2220AOB v\u00f5i lihtsalt \u2220O. T\u00e4ht, mis t\u00e4histab [&#8230;]<\/p>\n<p><a class=\"btn btn-secondary understrap-read-more-link\" href=\"https:\/\/domath.surju.ee\/et\/nurk\/\">Read More&#8230;<span class=\"screen-reader-text\"> from Nurk<\/span><\/a><\/p>\n","protected":false},"author":12,"featured_media":0,"parent":0,"menu_order":0,"comment_status":"closed","ping_status":"closed","template":"","meta":{"_eb_attr":"","_uag_custom_page_level_css":"","footnotes":""},"categories":[],"tags":[37,79,140,72],"class_list":["post-531","page","type-page","status-publish","hentry","tag-english-a","tag-estonian-n","tag-greek-gamma","tag-spanish-a"],"uagb_featured_image_src":{"full":false,"thumbnail":false,"medium":false,"medium_large":false,"large":false,"1536x1536":false,"2048x2048":false,"menu-24x24":false,"menu-36x36":false,"menu-48x48":false},"uagb_author_info":{"display_name":"Ave Kartau","author_link":"https:\/\/domath.surju.ee\/et\/author\/ave\/"},"uagb_comment_info":0,"uagb_excerpt":"Nurk &nbsp; Nurga moodustavad kaks \u00fchest ja samast punktist v\u00e4ljuvat kiirt koos&nbsp;tasandi osaga, mis j\u00e4\u00e4b nende kiirte&nbsp;vahele. Joonisel on kujutatud nurk AOB. Kiirte alguspunkt O on nurga tipp. Kiiri OA ja OB nimetatakse haaradeks. Punkt O on nurga tipp, tipust v\u00e4ljuvad haarad OA ja OB. Nurka t\u00e4histatakse&nbsp; l\u00fchidalt&nbsp; \u2220AOB v\u00f5i lihtsalt \u2220O. T\u00e4ht, mis t\u00e4histab&hellip;","_links":{"self":[{"href":"https:\/\/domath.surju.ee\/et\/wp-json\/wp\/v2\/pages\/531","targetHints":{"allow":["GET"]}}],"collection":[{"href":"https:\/\/domath.surju.ee\/et\/wp-json\/wp\/v2\/pages"}],"about":[{"href":"https:\/\/domath.surju.ee\/et\/wp-json\/wp\/v2\/types\/page"}],"author":[{"embeddable":true,"href":"https:\/\/domath.surju.ee\/et\/wp-json\/wp\/v2\/users\/12"}],"replies":[{"embeddable":true,"href":"https:\/\/domath.surju.ee\/et\/wp-json\/wp\/v2\/comments?post=531"}],"version-history":[{"count":31,"href":"https:\/\/domath.surju.ee\/et\/wp-json\/wp\/v2\/pages\/531\/revisions"}],"predecessor-version":[{"id":3961,"href":"https:\/\/domath.surju.ee\/et\/wp-json\/wp\/v2\/pages\/531\/revisions\/3961"}],"wp:attachment":[{"href":"https:\/\/domath.surju.ee\/et\/wp-json\/wp\/v2\/media?parent=531"}],"wp:term":[{"taxonomy":"category","embeddable":true,"href":"https:\/\/domath.surju.ee\/et\/wp-json\/wp\/v2\/categories?post=531"},{"taxonomy":"post_tag","embeddable":true,"href":"https:\/\/domath.surju.ee\/et\/wp-json\/wp\/v2\/tags?post=531"}],"curies":[{"name":"wp","href":"https:\/\/api.w.org\/{rel}","templated":true}]}}