{"id":530,"date":"2023-10-26T09:49:12","date_gmt":"2023-10-26T09:49:12","guid":{"rendered":"https:\/\/domath.surju.ee\/?page_id=530"},"modified":"2024-12-27T23:14:11","modified_gmt":"2024-12-27T23:14:11","slug":"half-halves","status":"publish","type":"page","link":"https:\/\/domath.surju.ee\/et\/pool\/","title":{"rendered":"Pool, poolitamine"},"content":{"rendered":"<h1 style=\"text-align: center;\"><span style=\"color: #008000;\"><strong>Pool. Poolitamine<\/strong><\/span><\/h1>\n<p><span style=\"color: #ff0000;\"><strong>Pool<\/strong> <\/span>on \u00fcks kahest v\u00f5rdsest osast. Kumbki pool on teisega v\u00f5rdne.<\/p>\n<p>Kaks v\u00f5rdset poolt moodustavad kokku \u00fche terviku.<\/p>\n<p>Pool hariliku murruna on&nbsp; <strong>1\/2<\/strong>.<\/p>\n<p>one- half &#8211;&nbsp; \u00fcks pool<br \/>\none-half + one-half&nbsp; make a whole.<\/p>\n<p>pool + pool = tervik<br \/>\n<strong>1\/2 + 1\/2 = 1<\/strong><\/p>\n<p><img loading=\"lazy\" decoding=\"async\" class=\"alignnone size-medium wp-image-1889\" src=\"https:\/\/domath.surju.ee\/wp-content\/uploads\/2024\/04\/one-half-259x300.png\" alt=\"\" width=\"259\" height=\"300\" srcset=\"https:\/\/domath.surju.ee\/wp-content\/uploads\/2024\/04\/one-half-259x300.png 259w, https:\/\/domath.surju.ee\/wp-content\/uploads\/2024\/04\/one-half-886x1024.png 886w, https:\/\/domath.surju.ee\/wp-content\/uploads\/2024\/04\/one-half-768x888.png 768w, https:\/\/domath.surju.ee\/wp-content\/uploads\/2024\/04\/one-half-21x24.png 21w, https:\/\/domath.surju.ee\/wp-content\/uploads\/2024\/04\/one-half-31x36.png 31w, https:\/\/domath.surju.ee\/wp-content\/uploads\/2024\/04\/one-half-42x48.png 42w, https:\/\/domath.surju.ee\/wp-content\/uploads\/2024\/04\/one-half.png 1197w\" sizes=\"auto, (max-width: 259px) 100vw, 259px\" \/><\/p>\n","protected":false},"excerpt":{"rendered":"<p>Pool. Poolitamine Pool on \u00fcks kahest v\u00f5rdsest osast. Kumbki pool on teisega v\u00f5rdne. Kaks v\u00f5rdset poolt moodustavad kokku \u00fche terviku. Pool hariliku murruna on&nbsp; 1\/2. one- half &#8211;&nbsp; \u00fcks pool one-half + one-half&nbsp; make a whole. pool + pool = tervik 1\/2 + 1\/2 = 1 [&#8230;]<\/p>\n<p><a class=\"btn btn-secondary understrap-read-more-link\" href=\"https:\/\/domath.surju.ee\/et\/pool\/\">Read More&#8230;<span class=\"screen-reader-text\"> from Pool, poolitamine<\/span><\/a><\/p>\n","protected":false},"author":8,"featured_media":0,"parent":0,"menu_order":0,"comment_status":"closed","ping_status":"closed","template":"","meta":{"_eb_attr":"","_uag_custom_page_level_css":"","footnotes":""},"categories":[],"tags":[70,57,145,78],"class_list":["post-530","page","type-page","status-publish","hentry","tag-english-h","tag-estonian-p","tag-greek-mu","tag-spanish-m"],"uagb_featured_image_src":{"full":false,"thumbnail":false,"medium":false,"medium_large":false,"large":false,"1536x1536":false,"2048x2048":false,"menu-24x24":false,"menu-36x36":false,"menu-48x48":false},"uagb_author_info":{"display_name":"Silvia Herrera","author_link":"https:\/\/domath.surju.ee\/et\/author\/silvia\/"},"uagb_comment_info":0,"uagb_excerpt":"Pool. Poolitamine Pool on \u00fcks kahest v\u00f5rdsest osast. Kumbki pool on teisega v\u00f5rdne. Kaks v\u00f5rdset poolt moodustavad kokku \u00fche terviku. Pool hariliku murruna on&nbsp; 1\/2. one- half &#8211;&nbsp; \u00fcks pool one-half + one-half&nbsp; make a whole. pool + pool = tervik 1\/2 + 1\/2 = 1 [...]Read More... from Pool, poolitamine","_links":{"self":[{"href":"https:\/\/domath.surju.ee\/et\/wp-json\/wp\/v2\/pages\/530","targetHints":{"allow":["GET"]}}],"collection":[{"href":"https:\/\/domath.surju.ee\/et\/wp-json\/wp\/v2\/pages"}],"about":[{"href":"https:\/\/domath.surju.ee\/et\/wp-json\/wp\/v2\/types\/page"}],"author":[{"embeddable":true,"href":"https:\/\/domath.surju.ee\/et\/wp-json\/wp\/v2\/users\/8"}],"replies":[{"embeddable":true,"href":"https:\/\/domath.surju.ee\/et\/wp-json\/wp\/v2\/comments?post=530"}],"version-history":[{"count":3,"href":"https:\/\/domath.surju.ee\/et\/wp-json\/wp\/v2\/pages\/530\/revisions"}],"predecessor-version":[{"id":4114,"href":"https:\/\/domath.surju.ee\/et\/wp-json\/wp\/v2\/pages\/530\/revisions\/4114"}],"wp:attachment":[{"href":"https:\/\/domath.surju.ee\/et\/wp-json\/wp\/v2\/media?parent=530"}],"wp:term":[{"taxonomy":"category","embeddable":true,"href":"https:\/\/domath.surju.ee\/et\/wp-json\/wp\/v2\/categories?post=530"},{"taxonomy":"post_tag","embeddable":true,"href":"https:\/\/domath.surju.ee\/et\/wp-json\/wp\/v2\/tags?post=530"}],"curies":[{"name":"wp","href":"https:\/\/api.w.org\/{rel}","templated":true}]}}