{"id":5277,"date":"2024-12-30T22:04:58","date_gmt":"2024-12-30T22:04:58","guid":{"rendered":"https:\/\/domath.surju.ee\/?page_id=5277"},"modified":"2025-02-15T15:11:40","modified_gmt":"2025-02-15T15:11:40","slug":"rhombus","status":"publish","type":"page","link":"https:\/\/domath.surju.ee\/et\/romb\/","title":{"rendered":"Romb"},"content":{"rendered":"<h1 class=\"wordHeadings2\" style=\"text-align: center;\"><span style=\"color: #008000;\"><strong>Romb<\/strong><\/span><\/h1>\r\n<p class=\"PageText11\"><span style=\"color: #ff0000;\"><b>Romb <\/b><span style=\"color: #000000;\">on nelinurk, mille k\u00f5ik k\u00fcljed on v\u00f5rdse pikkusega. <\/span><\/span><span style=\"color: #000000;\">&nbsp;<\/span><br \/>\r\nRombi vastask\u00fcljed on paralleelsed, vastasnurgad on v\u00f5rdsed ja diagonaalid on risti ja&nbsp; poolitavad teineteist.<br \/>\r\n<br \/>\r\n<\/p>\r\n\r\n<figure class=\"wp-block-image size-large is-resized\"><img loading=\"lazy\" decoding=\"async\" width=\"1024\" height=\"542\" class=\"wp-image-5278\" style=\"width: 343px; height: auto;\" src=\"https:\/\/domath.surju.ee\/wp-content\/uploads\/2024\/12\/Rhombus.svg-1024x542.png\" alt=\"\" srcset=\"https:\/\/domath.surju.ee\/wp-content\/uploads\/2024\/12\/Rhombus.svg-1024x542.png 1024w, https:\/\/domath.surju.ee\/wp-content\/uploads\/2024\/12\/Rhombus.svg-300x159.png 300w, https:\/\/domath.surju.ee\/wp-content\/uploads\/2024\/12\/Rhombus.svg-768x406.png 768w, https:\/\/domath.surju.ee\/wp-content\/uploads\/2024\/12\/Rhombus.svg-1536x813.png 1536w, https:\/\/domath.surju.ee\/wp-content\/uploads\/2024\/12\/Rhombus.svg-24x13.png 24w, https:\/\/domath.surju.ee\/wp-content\/uploads\/2024\/12\/Rhombus.svg-36x19.png 36w, https:\/\/domath.surju.ee\/wp-content\/uploads\/2024\/12\/Rhombus.svg-48x25.png 48w, https:\/\/domath.surju.ee\/wp-content\/uploads\/2024\/12\/Rhombus.svg.png 1920w\" sizes=\"auto, (max-width: 1024px) 100vw, 1024px\" \/><\/figure>\r\n\r\n<p>Diagonaalid on&nbsp; DB = d<sub>1&nbsp;&nbsp;<\/sub> and&nbsp; AC = d<sub>2<\/sub>&nbsp; &nbsp;<\/p>\r\n<p>DB \u22a5 AC<\/p>\r\n<hr \/>\r\n<table style=\"height: 19px; width: 95.8403%; border-collapse: collapse; background-color: #5ebaf7;\">\r\n<tbody>\r\n<tr style=\"height: 21px;\">\r\n<th style=\"width: 69.3263%; height: 21px; text-align: center;\" scope=\"col\">Rombi omadused<\/th>\r\n<th style=\"width: 30.5073%; height: 21px; text-align: center;\" scope=\"col\">S\u00fcmbolite abil<\/th>\r\n<\/tr>\r\n<\/tbody>\r\n<\/table>\r\n<table style=\"width: 95.6739%; height: 480px;\" border=\"1\">\r\n<thead>\r\n<tr style=\"height: 21px;\">\r\n<th style=\"width: 70.0499%; height: 21px;\" scope=\"col\">&nbsp;<\/th>\r\n<th style=\"width: 29.7837%; height: 21px;\" scope=\"col\">&nbsp;<\/th>\r\n<\/tr>\r\n<\/thead>\r\n<tbody>\r\n<tr style=\"height: 57px;\">\r\n<td style=\"width: 70.0499%; height: 57px;\">\r\n<p><span style=\"color: #008080;\"><b>K\u00f5ik k\u00fcljed on v\u00f5rdsed<\/b><\/span><\/p>\r\n<\/td>\r\n<td style=\"width: 29.7837%; height: 57px;\">\r\n<p style=\"text-align: center;\"><span style=\"color: #008080;\"><strong>AB = CD = DA = BC<\/strong><\/span><\/p>\r\n<\/td>\r\n<\/tr>\r\n<tr style=\"height: 115px;\">\r\n<td style=\"width: 70.0499%; height: 115px;\">\r\n<p><span style=\"color: #800000;\"><b>Diagonaalid on risti ja poolitavad teineteist<\/b><\/span><\/p>\r\n<p>&nbsp;<\/p>\r\n<\/td>\r\n<td style=\"width: 29.7837%; height: 115px;\">\r\n<p style=\"text-align: center;\"><strong><span style=\"color: #800000;\">Diagonaalide DB ja AC vaheline nurk on 90\u00b0<br \/>\r\nDI = IB<br \/>\r\nAI = IC<\/span><\/strong><\/p>\r\n<\/td>\r\n<\/tr>\r\n<tr style=\"height: 172px;\">\r\n<td style=\"width: 70.0499%; height: 172px;\">\r\n<p><strong><span style=\"color: #008000;\">Vastask\u00fcljed on paralleelsed<\/span><\/strong><\/p>\r\n<p>&nbsp;<\/p>\r\n<p>&nbsp;<\/p>\r\n<p><strong><span style=\"color: #800000;\">Vastasnurgad on v\u00f5rdsed<\/span><\/strong><\/p>\r\n<\/td>\r\n<td style=\"width: 29.7837%; height: 172px;\">\r\n<p>&nbsp;<\/p>\r\n<p style=\"text-align: center;\"><span style=\"color: #008000;\"><strong>CD || AB ja BC || AD.<\/strong><\/span><\/p>\r\n<p>&nbsp;<\/p>\r\n<p>&nbsp;<\/p>\r\n<p style=\"text-align: center;\"><strong><span style=\"color: #800000;\">\u2220A = \u2220C ja \u2220D = \u2220B<\/span><\/strong><\/p>\r\n<p>&nbsp;<\/p>\r\n<\/td>\r\n<\/tr>\r\n<tr style=\"height: 115px;\">\r\n<td style=\"width: 70.0499%; height: 115px;\"><strong><span style=\"color: #008000;\">L\u00e4hisnurkade summa on 180\u00b0<\/span><\/strong><\/td>\r\n<td style=\"width: 29.7837%; height: 115px;\">\r\n<p style=\"text-align: center;\"><span style=\"color: #008000;\"><strong>\u2220A + \u2220B = 180\u00b0<\/strong><\/span><\/p>\r\n<p style=\"text-align: center;\"><span style=\"color: #008000;\"><strong>\u2220B + \u2220C = 180\u00b0<\/strong><\/span><\/p>\r\n<p style=\"text-align: center;\"><span style=\"color: #008000;\"><strong>\u2220C + \u2220D = 180\u00b0<\/strong><\/span><\/p>\r\n<p style=\"text-align: center;\"><span style=\"color: #008000;\"><strong>\u2220A + \u2220D = 180\u00b0<\/strong><\/span><\/p>\r\n<\/td>\r\n<\/tr>\r\n<\/tbody>\r\n<\/table>\r\n<h4 style=\"text-align: center;\">&nbsp;<\/h4>\r\n<table style=\"height: 41px; width: 90.0173%; border-collapse: collapse; background-color: #21e7eb;\">\r\n<tbody>\r\n<tr style=\"height: 51px;\">\r\n<td style=\"width: 66.7828%; height: 51px;\">\r\n<h5 style=\"text-align: center;\"><span style=\"color: #000080;\"><strong>Pindala<\/strong><\/span><\/h5>\r\n<\/td>\r\n<td style=\"width: 38.2657%; height: 51px;\">\r\n<h5 style=\"text-align: center;\"><span style=\"color: #000080;\"><strong>\u00dcmberm\u00f5\u00f5t<\/strong><\/span><\/h5>\r\n<\/td>\r\n<\/tr>\r\n<\/tbody>\r\n<\/table>\r\n<table style=\"border-collapse: collapse; width: 90.0189%; height: 314px;\">\r\n<tbody>\r\n<tr style=\"height: 221px;\">\r\n<td style=\"width: 32.4159%; height: 221px;\">\r\n<figure class=\"wp-block-image size-large is-resized\"><img loading=\"lazy\" decoding=\"async\" class=\"wp-image-5279\" src=\"https:\/\/domath.surju.ee\/wp-content\/uploads\/2024\/12\/geogebra-export-14-1024x896.png\" alt=\"\" width=\"144\" height=\"127\" srcset=\"https:\/\/domath.surju.ee\/wp-content\/uploads\/2024\/12\/geogebra-export-14-1024x896.png 1024w, https:\/\/domath.surju.ee\/wp-content\/uploads\/2024\/12\/geogebra-export-14-300x263.png 300w, https:\/\/domath.surju.ee\/wp-content\/uploads\/2024\/12\/geogebra-export-14-768x672.png 768w, https:\/\/domath.surju.ee\/wp-content\/uploads\/2024\/12\/geogebra-export-14-1536x1344.png 1536w, https:\/\/domath.surju.ee\/wp-content\/uploads\/2024\/12\/geogebra-export-14-2048x1793.png 2048w, https:\/\/domath.surju.ee\/wp-content\/uploads\/2024\/12\/geogebra-export-14-24x21.png 24w, https:\/\/domath.surju.ee\/wp-content\/uploads\/2024\/12\/geogebra-export-14-36x32.png 36w, https:\/\/domath.surju.ee\/wp-content\/uploads\/2024\/12\/geogebra-export-14-48x42.png 48w\" sizes=\"auto, (max-width: 144px) 100vw, 144px\" \/><\/figure>\r\n<\/td>\r\n<td style=\"width: 34.6359%; height: 221px;\"><img loading=\"lazy\" decoding=\"async\" class=\"alignnone  wp-image-5280\" src=\"https:\/\/domath.surju.ee\/wp-content\/uploads\/2024\/12\/geogebra-export-13-300x207.png\" alt=\"\" width=\"177\" height=\"123\" srcset=\"https:\/\/domath.surju.ee\/wp-content\/uploads\/2024\/12\/geogebra-export-13-300x207.png 300w, https:\/\/domath.surju.ee\/wp-content\/uploads\/2024\/12\/geogebra-export-13-1024x706.png 1024w, https:\/\/domath.surju.ee\/wp-content\/uploads\/2024\/12\/geogebra-export-13-768x530.png 768w, https:\/\/domath.surju.ee\/wp-content\/uploads\/2024\/12\/geogebra-export-13-1536x1060.png 1536w, https:\/\/domath.surju.ee\/wp-content\/uploads\/2024\/12\/geogebra-export-13-2048x1413.png 2048w, https:\/\/domath.surju.ee\/wp-content\/uploads\/2024\/12\/geogebra-export-13-24x17.png 24w, https:\/\/domath.surju.ee\/wp-content\/uploads\/2024\/12\/geogebra-export-13-36x25.png 36w, https:\/\/domath.surju.ee\/wp-content\/uploads\/2024\/12\/geogebra-export-13-48x33.png 48w\" sizes=\"auto, (max-width: 177px) 100vw, 177px\" \/><\/td>\r\n<td style=\"width: 130.161%; height: 221px;\"><img loading=\"lazy\" decoding=\"async\" class=\"alignnone size-medium wp-image-5280\" src=\"https:\/\/domath.surju.ee\/wp-content\/uploads\/2024\/12\/geogebra-export-13-300x207.png\" alt=\"\" width=\"300\" height=\"207\" srcset=\"https:\/\/domath.surju.ee\/wp-content\/uploads\/2024\/12\/geogebra-export-13-300x207.png 300w, https:\/\/domath.surju.ee\/wp-content\/uploads\/2024\/12\/geogebra-export-13-1024x706.png 1024w, https:\/\/domath.surju.ee\/wp-content\/uploads\/2024\/12\/geogebra-export-13-768x530.png 768w, https:\/\/domath.surju.ee\/wp-content\/uploads\/2024\/12\/geogebra-export-13-1536x1060.png 1536w, https:\/\/domath.surju.ee\/wp-content\/uploads\/2024\/12\/geogebra-export-13-2048x1413.png 2048w, https:\/\/domath.surju.ee\/wp-content\/uploads\/2024\/12\/geogebra-export-13-24x17.png 24w, https:\/\/domath.surju.ee\/wp-content\/uploads\/2024\/12\/geogebra-export-13-36x25.png 36w, https:\/\/domath.surju.ee\/wp-content\/uploads\/2024\/12\/geogebra-export-13-48x33.png 48w\" sizes=\"auto, (max-width: 300px) 100vw, 300px\" \/><\/td>\r\n<\/tr>\r\n<tr style=\"height: 93px;\">\r\n<td style=\"width: 32.4159%; text-align: center; height: 93px;\">\r\n<h4><span style=\"color: #3366ff;\"><strong>S = ah<\/strong><\/span><\/h4>\r\n<\/td>\r\n<td style=\"width: 34.6359%; height: 93px;\">\r\n<h4><img loading=\"lazy\" decoding=\"async\" class=\"wp-image-5293 aligncenter\" src=\"https:\/\/domath.surju.ee\/wp-content\/uploads\/2024\/12\/rombi-pindala2.png\" alt=\"\" width=\"79\" height=\"37\" srcset=\"https:\/\/domath.surju.ee\/wp-content\/uploads\/2024\/12\/rombi-pindala2.png 238w, https:\/\/domath.surju.ee\/wp-content\/uploads\/2024\/12\/rombi-pindala2-24x11.png 24w, https:\/\/domath.surju.ee\/wp-content\/uploads\/2024\/12\/rombi-pindala2-36x17.png 36w, https:\/\/domath.surju.ee\/wp-content\/uploads\/2024\/12\/rombi-pindala2-48x23.png 48w\" sizes=\"auto, (max-width: 79px) 100vw, 79px\" \/><\/h4>\r\n<\/td>\r\n<td style=\"width: 130.161%; height: 93px;\">\r\n<h4 style=\"text-align: center;\"><span style=\"color: #0000ff;\"><strong>P = 4\u22c5a<\/strong><\/span><\/h4>\r\n<\/td>\r\n<\/tr>\r\n<\/tbody>\r\n<\/table>\r\n<p>&nbsp;<\/p>\r\n<p>&nbsp;<\/p>\r\n\r\n<p>&nbsp;<\/p>","protected":false},"excerpt":{"rendered":"<p>Romb Romb on nelinurk, mille k\u00f5ik k\u00fcljed on v\u00f5rdse pikkusega. &nbsp; Rombi vastask\u00fcljed on paralleelsed, vastasnurgad on v\u00f5rdsed ja diagonaalid on risti ja&nbsp; poolitavad teineteist. Diagonaalid on&nbsp; DB = d1&nbsp;&nbsp; and&nbsp; AC = d2&nbsp; &nbsp; DB \u22a5 AC Rombi omadused S\u00fcmbolite abil &nbsp; &nbsp; K\u00f5ik k\u00fcljed on v\u00f5rdsed AB = CD = DA = BC [&#8230;]<\/p>\n<p><a class=\"btn btn-secondary understrap-read-more-link\" href=\"https:\/\/domath.surju.ee\/et\/romb\/\">Read More&#8230;<span class=\"screen-reader-text\"> from Romb<\/span><\/a><\/p>\n","protected":false},"author":2,"featured_media":0,"parent":0,"menu_order":0,"comment_status":"closed","ping_status":"closed","template":"","meta":{"_eb_attr":"","_uag_custom_page_level_css":"","footnotes":""},"categories":[],"tags":[99,116,149],"class_list":["post-5277","page","type-page","status-publish","hentry","tag-english-r","tag-estonian-r","tag-greek-rho"],"uagb_featured_image_src":{"full":false,"thumbnail":false,"medium":false,"medium_large":false,"large":false,"1536x1536":false,"2048x2048":false,"menu-24x24":false,"menu-36x36":false,"menu-48x48":false},"uagb_author_info":{"display_name":"Signe Reidla","author_link":"https:\/\/domath.surju.ee\/et\/author\/signe\/"},"uagb_comment_info":0,"uagb_excerpt":"Romb Romb on nelinurk, mille k\u00f5ik k\u00fcljed on v\u00f5rdse pikkusega. &nbsp; Rombi vastask\u00fcljed on paralleelsed, vastasnurgad on v\u00f5rdsed ja diagonaalid on risti ja&nbsp; poolitavad teineteist. Diagonaalid on&nbsp; DB = d1&nbsp;&nbsp; and&nbsp; AC = d2&nbsp; &nbsp; DB \u22a5 AC Rombi omadused S\u00fcmbolite abil &nbsp; &nbsp; K\u00f5ik k\u00fcljed on v\u00f5rdsed AB = CD = DA = BC&hellip;","_links":{"self":[{"href":"https:\/\/domath.surju.ee\/et\/wp-json\/wp\/v2\/pages\/5277","targetHints":{"allow":["GET"]}}],"collection":[{"href":"https:\/\/domath.surju.ee\/et\/wp-json\/wp\/v2\/pages"}],"about":[{"href":"https:\/\/domath.surju.ee\/et\/wp-json\/wp\/v2\/types\/page"}],"author":[{"embeddable":true,"href":"https:\/\/domath.surju.ee\/et\/wp-json\/wp\/v2\/users\/2"}],"replies":[{"embeddable":true,"href":"https:\/\/domath.surju.ee\/et\/wp-json\/wp\/v2\/comments?post=5277"}],"version-history":[{"count":8,"href":"https:\/\/domath.surju.ee\/et\/wp-json\/wp\/v2\/pages\/5277\/revisions"}],"predecessor-version":[{"id":5341,"href":"https:\/\/domath.surju.ee\/et\/wp-json\/wp\/v2\/pages\/5277\/revisions\/5341"}],"wp:attachment":[{"href":"https:\/\/domath.surju.ee\/et\/wp-json\/wp\/v2\/media?parent=5277"}],"wp:term":[{"taxonomy":"category","embeddable":true,"href":"https:\/\/domath.surju.ee\/et\/wp-json\/wp\/v2\/categories?post=5277"},{"taxonomy":"post_tag","embeddable":true,"href":"https:\/\/domath.surju.ee\/et\/wp-json\/wp\/v2\/tags?post=5277"}],"curies":[{"name":"wp","href":"https:\/\/api.w.org\/{rel}","templated":true}]}}