{"id":5264,"date":"2024-12-30T20:34:36","date_gmt":"2024-12-30T20:34:36","guid":{"rendered":"https:\/\/domath.surju.ee\/?page_id=5264"},"modified":"2025-01-16T18:02:20","modified_gmt":"2025-01-16T18:02:20","slug":"rectangle","status":"publish","type":"page","link":"https:\/\/domath.surju.ee\/et\/ristkylik\/","title":{"rendered":"Ristk\u00fclik"},"content":{"rendered":"<h1 style=\"text-align: center;\"><span style=\"color: #008000;\"><strong>Ristk\u00fclik<\/strong><\/span><\/h1>\r\n<p><span style=\"color: #ff0000;\"><strong>Ristk\u00fclik<\/strong> <\/span>on nelinurk, mille k\u00f5ik nurgad on t\u00e4isnurgad.<br \/>\r\nRistk\u00fcliku vastask\u00fcljed on v\u00f5rdsed ja paralleelsed.&nbsp;<br \/>\r\n<br \/>\r\nRistk\u00fclikul on kaks diagonaali.&nbsp;<br \/>\r\n<img loading=\"lazy\" decoding=\"async\" class=\"alignnone  wp-image-5276\" src=\"https:\/\/domath.surju.ee\/wp-content\/uploads\/2024\/12\/geogebra-export-9-1-300x215.png\" alt=\"\" width=\"232\" height=\"166\" srcset=\"https:\/\/domath.surju.ee\/wp-content\/uploads\/2024\/12\/geogebra-export-9-1-300x215.png 300w, https:\/\/domath.surju.ee\/wp-content\/uploads\/2024\/12\/geogebra-export-9-1-1024x734.png 1024w, https:\/\/domath.surju.ee\/wp-content\/uploads\/2024\/12\/geogebra-export-9-1-768x551.png 768w, https:\/\/domath.surju.ee\/wp-content\/uploads\/2024\/12\/geogebra-export-9-1-1536x1101.png 1536w, https:\/\/domath.surju.ee\/wp-content\/uploads\/2024\/12\/geogebra-export-9-1-2048x1468.png 2048w, https:\/\/domath.surju.ee\/wp-content\/uploads\/2024\/12\/geogebra-export-9-1-24x17.png 24w, https:\/\/domath.surju.ee\/wp-content\/uploads\/2024\/12\/geogebra-export-9-1-36x26.png 36w, https:\/\/domath.surju.ee\/wp-content\/uploads\/2024\/12\/geogebra-export-9-1-48x34.png 48w\" sizes=\"auto, (max-width: 232px) 100vw, 232px\" \/><\/p>\r\n\r\n<p><strong>Diagonaal AC = diagonaal BD<\/strong><\/p>\r\n<p>Diagonaal AC = d<\/p>\r\n<p>Rakendades kolmnurgale ABD <strong>Pythagorase teoreemi,<\/strong> saame&nbsp; &nbsp;d<sup>2<\/sup> = a<sup>2<\/sup> + b<sup>2<\/sup><\/p>\r\n<hr \/>\r\n<p><strong>a &#8211; pikkus, b &#8211; laius<\/strong><\/p>\r\n<p>Ristk\u00fcliku pindala v\u00f5rdub pikkuse ja laiuse korrutisega.&nbsp;<\/p>\r\n<p><span style=\"color: #ff0000;\"><strong>S = a \u00d7 b<\/strong><\/span><\/p>\r\n<hr \/>\r\n<p>Ristk\u00fcliku \u00fcmberm\u00f5\u00f5t v\u00f5rdub ristk\u00fcliku k\u00fclgede pikkuste summaga<\/p>\r\n<p><span style=\"color: #ff0000;\"><strong>P = a + b + a + b = 2(a + b)<\/strong><\/span><\/p>\r\n<hr \/>\r\n<pre class=\"tw-data-text tw-text-large tw-ta\" dir=\"ltr\" data-placeholder=\"Translation\" data-ved=\"2ahUKEwj54IWcm8iKAxVyIxAIHTQbL78Q3ewLegQIDxAU\" aria-label=\"Translated text: A square is a rectangle with equal sides\"><span class=\"Y2IQFc\" lang=\"en\" style=\"font-family: arial, helvetica, sans-serif;\"><span style=\"color: #0000ff;\"><strong>N\u00e4ide:<\/strong><\/span>\r\n<\/span><\/pre>\r\n<table style=\"border-collapse: collapse; width: 80.3661%; height: 146px;\">\r\n<tbody>\r\n<tr style=\"height: 21px;\">\r\n<td style=\"width: 50%; height: 21px;\"><img loading=\"lazy\" decoding=\"async\" class=\"alignnone size-medium wp-image-5271\" src=\"https:\/\/domath.surju.ee\/wp-content\/uploads\/2024\/12\/ristkylik-300x229.png\" alt=\"\" width=\"300\" height=\"229\" srcset=\"https:\/\/domath.surju.ee\/wp-content\/uploads\/2024\/12\/ristkylik-300x229.png 300w, https:\/\/domath.surju.ee\/wp-content\/uploads\/2024\/12\/ristkylik-24x18.png 24w, https:\/\/domath.surju.ee\/wp-content\/uploads\/2024\/12\/ristkylik-36x28.png 36w, https:\/\/domath.surju.ee\/wp-content\/uploads\/2024\/12\/ristkylik-48x37.png 48w, https:\/\/domath.surju.ee\/wp-content\/uploads\/2024\/12\/ristkylik.png 593w\" sizes=\"auto, (max-width: 300px) 100vw, 300px\" \/><\/td>\r\n<td style=\"width: 50%; height: 21px;\">\r\n<p>Pindala S = 4 \u22c5 3 = 12 cm<sup>2<\/sup><\/p>\r\n<p>\u00dcmberm\u00f5\u00f5t P = 2 (3 + 4) = 14 cm<\/p>\r\n<\/td>\r\n<\/tr>\r\n<\/tbody>\r\n<\/table>\r\n<pre dir=\"ltr\" data-placeholder=\"Translation\" data-ved=\"2ahUKEwj54IWcm8iKAxVyIxAIHTQbL78Q3ewLegQIDxAU\" aria-label=\"Translated text: A square is a rectangle with equal sides\">&nbsp;<\/pre>\r\n<hr \/>\r\n<pre id=\"tw-target-text\" class=\"tw-data-text tw-text-large tw-ta\" dir=\"ltr\" data-placeholder=\"Translation\" data-ved=\"2ahUKEwj54IWcm8iKAxVyIxAIHTQbL78Q3ewLegQIDxAU\" aria-label=\"Translated text: A square is a rectangle with equal sides\"><span class=\"Y2IQFc\" lang=\"en\" style=\"font-family: arial, helvetica, sans-serif;\">\r\n<strong>Ruut <\/strong>  on v\u00f5rdsete k\u00fclgedega ristk\u00fclik.  <\/span><\/pre>\r\n\r\n<figure class=\"wp-block-image size-large is-resized\"><img loading=\"lazy\" decoding=\"async\" width=\"1024\" height=\"1008\" class=\"wp-image-5269\" style=\"width: 138px; height: auto;\" src=\"https:\/\/domath.surju.ee\/wp-content\/uploads\/2024\/12\/geogebra-export-11-1024x1008.png\" alt=\"\" srcset=\"https:\/\/domath.surju.ee\/wp-content\/uploads\/2024\/12\/geogebra-export-11-1024x1008.png 1024w, https:\/\/domath.surju.ee\/wp-content\/uploads\/2024\/12\/geogebra-export-11-300x295.png 300w, https:\/\/domath.surju.ee\/wp-content\/uploads\/2024\/12\/geogebra-export-11-768x756.png 768w, https:\/\/domath.surju.ee\/wp-content\/uploads\/2024\/12\/geogebra-export-11-1536x1512.png 1536w, https:\/\/domath.surju.ee\/wp-content\/uploads\/2024\/12\/geogebra-export-11-24x24.png 24w, https:\/\/domath.surju.ee\/wp-content\/uploads\/2024\/12\/geogebra-export-11-36x36.png 36w, https:\/\/domath.surju.ee\/wp-content\/uploads\/2024\/12\/geogebra-export-11-48x48.png 48w, https:\/\/domath.surju.ee\/wp-content\/uploads\/2024\/12\/geogebra-export-11.png 2011w\" sizes=\"auto, (max-width: 1024px) 100vw, 1024px\" \/><br \/>\r\n<br \/>\r\n<strong><span style=\"color: #333399;\">Ristk\u00fcliku ja ruudu pindalad<\/span><\/strong><\/figure>\r\n\r\n <iframe loading=\"lazy\" style=\"border: 0px;\" title=\"Ristk\u00fcliku pindala\" src=\"https:\/\/www.geogebra.org\/material\/iframe\/id\/tppnyhwd\/width\/1000\/height\/485\/border\/888888\/sfsb\/true\/smb\/false\/stb\/false\/stbh\/false\/ai\/false\/asb\/false\/sri\/false\/rc\/false\/ld\/false\/sdz\/false\/ctl\/false\" width=\"600px\" height=\"285px\" scrolling=\"no\"> <\/iframe> \r\n <iframe loading=\"lazy\" style=\"border: 0px;\" title=\"Ruudu pindala\" src=\"https:\/\/www.geogebra.org\/material\/iframe\/id\/jsptp29t\/width\/1280\/height\/585\/border\/888888\/sfsb\/true\/smb\/false\/stb\/false\/stbh\/false\/ai\/false\/asb\/false\/sri\/false\/rc\/false\/ld\/false\/sdz\/false\/ctl\/false\" width=\"600px\" height=\"265px\" scrolling=\"no\"> <\/iframe>","protected":false},"excerpt":{"rendered":"<p>Ristk\u00fclik Ristk\u00fclik on nelinurk, mille k\u00f5ik nurgad on t\u00e4isnurgad. Ristk\u00fcliku vastask\u00fcljed on v\u00f5rdsed ja paralleelsed.&nbsp; Ristk\u00fclikul on kaks diagonaali.&nbsp; Diagonaal AC = diagonaal BD Diagonaal AC = d Rakendades kolmnurgale ABD Pythagorase teoreemi, saame&nbsp; &nbsp;d2 = a2 + b2 a &#8211; pikkus, b &#8211; laius Ristk\u00fcliku pindala v\u00f5rdub pikkuse ja laiuse korrutisega.&nbsp; S = a [&#8230;]<\/p>\n<p><a class=\"btn btn-secondary understrap-read-more-link\" href=\"https:\/\/domath.surju.ee\/et\/ristkylik\/\">Read More&#8230;<span class=\"screen-reader-text\"> from Ristk\u00fclik<\/span><\/a><\/p>\n","protected":false},"author":2,"featured_media":0,"parent":0,"menu_order":0,"comment_status":"closed","ping_status":"closed","template":"","meta":{"_eb_attr":"","_uag_custom_page_level_css":"","footnotes":""},"categories":[],"tags":[99,116,148],"class_list":["post-5264","page","type-page","status-publish","hentry","tag-english-r","tag-estonian-r","tag-greek-omicron"],"uagb_featured_image_src":{"full":false,"thumbnail":false,"medium":false,"medium_large":false,"large":false,"1536x1536":false,"2048x2048":false,"menu-24x24":false,"menu-36x36":false,"menu-48x48":false},"uagb_author_info":{"display_name":"Signe Reidla","author_link":"https:\/\/domath.surju.ee\/et\/author\/signe\/"},"uagb_comment_info":0,"uagb_excerpt":"Ristk\u00fclik Ristk\u00fclik on nelinurk, mille k\u00f5ik nurgad on t\u00e4isnurgad. Ristk\u00fcliku vastask\u00fcljed on v\u00f5rdsed ja paralleelsed.&nbsp; Ristk\u00fclikul on kaks diagonaali.&nbsp; Diagonaal AC = diagonaal BD Diagonaal AC = d Rakendades kolmnurgale ABD Pythagorase teoreemi, saame&nbsp; &nbsp;d2 = a2 + b2 a &#8211; pikkus, b &#8211; laius Ristk\u00fcliku pindala v\u00f5rdub pikkuse ja laiuse korrutisega.&nbsp; S = a&hellip;","_links":{"self":[{"href":"https:\/\/domath.surju.ee\/et\/wp-json\/wp\/v2\/pages\/5264","targetHints":{"allow":["GET"]}}],"collection":[{"href":"https:\/\/domath.surju.ee\/et\/wp-json\/wp\/v2\/pages"}],"about":[{"href":"https:\/\/domath.surju.ee\/et\/wp-json\/wp\/v2\/types\/page"}],"author":[{"embeddable":true,"href":"https:\/\/domath.surju.ee\/et\/wp-json\/wp\/v2\/users\/2"}],"replies":[{"embeddable":true,"href":"https:\/\/domath.surju.ee\/et\/wp-json\/wp\/v2\/comments?post=5264"}],"version-history":[{"count":4,"href":"https:\/\/domath.surju.ee\/et\/wp-json\/wp\/v2\/pages\/5264\/revisions"}],"predecessor-version":[{"id":5274,"href":"https:\/\/domath.surju.ee\/et\/wp-json\/wp\/v2\/pages\/5264\/revisions\/5274"}],"wp:attachment":[{"href":"https:\/\/domath.surju.ee\/et\/wp-json\/wp\/v2\/media?parent=5264"}],"wp:term":[{"taxonomy":"category","embeddable":true,"href":"https:\/\/domath.surju.ee\/et\/wp-json\/wp\/v2\/categories?post=5264"},{"taxonomy":"post_tag","embeddable":true,"href":"https:\/\/domath.surju.ee\/et\/wp-json\/wp\/v2\/tags?post=5264"}],"curies":[{"name":"wp","href":"https:\/\/api.w.org\/{rel}","templated":true}]}}