{"id":526,"date":"2023-10-26T11:04:38","date_gmt":"2023-10-26T11:04:38","guid":{"rendered":"https:\/\/domath.surju.ee\/?page_id=526"},"modified":"2024-12-27T22:48:50","modified_gmt":"2024-12-27T22:48:50","slug":"frequency","status":"publish","type":"page","link":"https:\/\/domath.surju.ee\/et\/sagedus\/","title":{"rendered":"Sagedus"},"content":{"rendered":"<h1 style=\"text-align: center;\"><span style=\"color: #008000;\"><strong>Sagedus (Sagedustabel)<\/strong><\/span><\/h1>\r\n\r\n<p><br \/>\r\n<strong><span style=\"color: #ff0000;\">Sagedus<\/span><\/strong> n\u00e4itab, kui sageli midagi juhtub (tavaliselt teatud aja jooksul). <br \/>\r\nSee on andmev\u00e4\u00e4rtuse esinemiskordade arv.&nbsp;<br \/>\r\nAndmete sagedust tavaliselt t\u00e4histatakse t\u00e4hega&nbsp; f.<\/p>\r\n\r\n\r\n<p><mark class=\"has-inline-color has-indigo-color\" style=\"background-color: rgba(0, 0, 0, 0);\"><strong>N\u00e4ide:<\/strong><\/mark> kui viis \u00f5pilast said matemaatikas hindeks A, siis \u00f6eldakse, et <strong>hinde A sagedus on 5.<\/strong><\/p>\r\n\r\n\r\n<div class=\"wp-block-columns is-layout-flex wp-container-core-columns-is-layout-9d6595d7 wp-block-columns-is-layout-flex\">\r\n<div class=\"wp-block-column is-layout-flow wp-block-column-is-layout-flow\" style=\"flex-basis: 100%;\">\r\n<div class=\"wp-block-uagb-container uagb-block-f33c943e default uagb-is-root-container\">\r\n<div class=\"wp-block-uagb-container uagb-block-49685520\">\r\n<figure class=\"wp-block-table is-style-stripes\">\r\n<table>\r\n<tbody>\r\n<tr>\r\n<td><strong><mark class=\"has-inline-color has-red-color\" style=\"background-color: rgba(0, 0, 0, 0);\">Hinne<\/mark><\/strong><\/td>\r\n<td><mark class=\"has-inline-color has-red-color\" style=\"background-color: rgba(0, 0, 0, 0);\"><strong>Loendus<\/strong><\/mark><\/td>\r\n<td><mark class=\"has-inline-color has-red-color\" style=\"background-color: rgba(0, 0, 0, 0);\"><strong>Sagedus (f)<\/strong><\/mark><\/td>\r\n<\/tr>\r\n<tr>\r\n<td>A<\/td>\r\n<td>IIIII<\/td>\r\n<td>5<\/td>\r\n<\/tr>\r\n<tr>\r\n<td>B<\/td>\r\n<td>III<\/td>\r\n<td>3<\/td>\r\n<\/tr>\r\n<tr>\r\n<td>C<\/td>\r\n<td>IIII<\/td>\r\n<td>4<\/td>\r\n<\/tr>\r\n<tr>\r\n<td>D<\/td>\r\n<td>II<\/td>\r\n<td>2<\/td>\r\n<\/tr>\r\n<\/tbody>\r\n<\/table>\r\n<figcaption class=\"wp-element-caption\">&#8212;&#8212;&#8212;&#8212;&#8212;&#8212;&#8212;&#8212;&#8212;&#8212;&#8212;&#8212;&#8212;&#8212;&#8212;&#8212;&#8212;&#8212;&#8212;&#8212;&#8212;&#8212;&#8212;&#8212;&#8212;&#8212;&#8212;&#8212;&#8212;&#8212;&#8212;<strong>Kokku 14 \u00f5pilast<\/strong><\/figcaption>\r\n<\/figure>\r\n<\/div>\r\n<\/div>\r\n<\/div>\r\n<\/div>\r\n\r\n\r\n<p><strong>Sagedustabeli <mark class=\"has-inline-color has-red-color\" style=\"background-color: rgba(0, 0, 0, 0);\">m\u00e4ng<\/mark> <\/strong>: <a href=\"https:\/\/www.sciencekids.co.nz\/gamesactivities\/math\/frequencytables.html\">https:\/\/www.sciencekids.co.nz\/gamesactivities\/math\/frequencytables.html<\/a><\/p>\r\n","protected":false},"excerpt":{"rendered":"<p>Sagedus (Sagedustabel) Sagedus n\u00e4itab, kui sageli midagi juhtub (tavaliselt teatud aja jooksul). See on andmev\u00e4\u00e4rtuse esinemiskordade arv.&nbsp; Andmete sagedust tavaliselt t\u00e4histatakse t\u00e4hega&nbsp; f. N\u00e4ide: kui viis \u00f5pilast said matemaatikas hindeks A, siis \u00f6eldakse, et hinde A sagedus on 5. Hinne Loendus Sagedus (f) A IIIII 5 B III 3 C IIII 4 D II 2 [&#8230;]<\/p>\n<p><a class=\"btn btn-secondary understrap-read-more-link\" href=\"https:\/\/domath.surju.ee\/et\/sagedus\/\">Read More&#8230;<span class=\"screen-reader-text\"> from Sagedus<\/span><\/a><\/p>\n","protected":false},"author":9,"featured_media":0,"parent":0,"menu_order":0,"comment_status":"closed","ping_status":"closed","template":"","meta":{"_eb_attr":"","_uag_custom_page_level_css":"","footnotes":""},"categories":[],"tags":[68,117,150],"class_list":["post-526","page","type-page","status-publish","hentry","tag-english-f","tag-estonian-s","tag-greek-sigma"],"uagb_featured_image_src":{"full":false,"thumbnail":false,"medium":false,"medium_large":false,"large":false,"1536x1536":false,"2048x2048":false,"menu-24x24":false,"menu-36x36":false,"menu-48x48":false},"uagb_author_info":{"display_name":"Styliani Bempi","author_link":"https:\/\/domath.surju.ee\/et\/author\/styliani\/"},"uagb_comment_info":0,"uagb_excerpt":"Sagedus (Sagedustabel) Sagedus n\u00e4itab, kui sageli midagi juhtub (tavaliselt teatud aja jooksul). See on andmev\u00e4\u00e4rtuse esinemiskordade arv.&nbsp; Andmete sagedust tavaliselt t\u00e4histatakse t\u00e4hega&nbsp; f. N\u00e4ide: kui viis \u00f5pilast said matemaatikas hindeks A, siis \u00f6eldakse, et hinde A sagedus on 5. Hinne Loendus Sagedus (f) A IIIII 5 B III 3 C IIII 4 D II 2&hellip;","_links":{"self":[{"href":"https:\/\/domath.surju.ee\/et\/wp-json\/wp\/v2\/pages\/526","targetHints":{"allow":["GET"]}}],"collection":[{"href":"https:\/\/domath.surju.ee\/et\/wp-json\/wp\/v2\/pages"}],"about":[{"href":"https:\/\/domath.surju.ee\/et\/wp-json\/wp\/v2\/types\/page"}],"author":[{"embeddable":true,"href":"https:\/\/domath.surju.ee\/et\/wp-json\/wp\/v2\/users\/9"}],"replies":[{"embeddable":true,"href":"https:\/\/domath.surju.ee\/et\/wp-json\/wp\/v2\/comments?post=526"}],"version-history":[{"count":21,"href":"https:\/\/domath.surju.ee\/et\/wp-json\/wp\/v2\/pages\/526\/revisions"}],"predecessor-version":[{"id":4082,"href":"https:\/\/domath.surju.ee\/et\/wp-json\/wp\/v2\/pages\/526\/revisions\/4082"}],"wp:attachment":[{"href":"https:\/\/domath.surju.ee\/et\/wp-json\/wp\/v2\/media?parent=526"}],"wp:term":[{"taxonomy":"category","embeddable":true,"href":"https:\/\/domath.surju.ee\/et\/wp-json\/wp\/v2\/categories?post=526"},{"taxonomy":"post_tag","embeddable":true,"href":"https:\/\/domath.surju.ee\/et\/wp-json\/wp\/v2\/tags?post=526"}],"curies":[{"name":"wp","href":"https:\/\/api.w.org\/{rel}","templated":true}]}}