{"id":5206,"date":"2024-12-30T00:32:08","date_gmt":"2024-12-30T00:32:08","guid":{"rendered":"https:\/\/domath.surju.ee\/?page_id=5206"},"modified":"2025-01-16T16:35:50","modified_gmt":"2025-01-16T16:35:50","slug":"operations-on-positive-and-negative-numbers","status":"publish","type":"page","link":"https:\/\/domath.surju.ee\/et\/tehted-taisarvudega\/","title":{"rendered":"Tehted t\u00e4isarvudega"},"content":{"rendered":"<h2 style=\"text-align: center;\"><span style=\"color: #008000;\"><strong>Tehted t\u00e4isarvudega<\/strong><\/span><\/h2>\r\n<p class=\"PageText11\">Tehted positiivsete ja negatiivsete t\u00e4isarvudega<\/p>\r\n<table style=\"border-collapse: collapse; width: 88.5191%; height: 12px;\">\r\n<tbody>\r\n<tr style=\"background-color: #eff2b6;\">\r\n<td style=\"width: 100%; text-align: center;\"><span style=\"color: #0000ff;\"><strong><span class=\"noteHeaderLge\">Liitmine (+)<\/span><\/strong><\/span><\/td>\r\n<\/tr>\r\n<\/tbody>\r\n<\/table>\r\n<table style=\"border-collapse: collapse; width: 89.1847%; height: 87px;\">\r\n<tbody>\r\n<tr style=\"height: 58px;\">\r\n<td style=\"width: 50%; height: 58px;\"><strong><span style=\"color: #008080;\">Positiivne + Positiivne = Positiivne&nbsp; &nbsp; &nbsp;<\/span><\/strong><strong><span style=\"color: #008080;\"> &nbsp;<\/span><\/strong><\/td>\r\n<td style=\"width: 50%; height: 58px;\"><strong><span style=\"color: #008080;\">&nbsp;7 + 3&nbsp; = 10<\/span><\/strong><\/td>\r\n<\/tr>\r\n<tr style=\"height: 29px;\">\r\n<td style=\"width: 50%; height: 29px;\"><strong><span style=\"color: #008080;\">&nbsp;<\/span><\/strong><\/td>\r\n<td style=\"width: 50%; height: 29px;\"><strong><span style=\"color: #008080;\">&nbsp;<\/span><\/strong><\/td>\r\n<\/tr>\r\n<\/tbody>\r\n<\/table>\r\n<table style=\"border-collapse: collapse; width: 89.1847%; height: 21px;\">\r\n<tbody>\r\n<tr style=\"height: 21px;\">\r\n<td style=\"width: 50%; height: 21px;\"><strong><span style=\"color: #800000;\">Negatiivne + Negatiivne = Negatiivne<\/span><\/strong><\/td>\r\n<td style=\"width: 50%; height: 21px;\"><strong><span style=\"color: #800000;\">&#8211; 7 + (-3) = &#8211; 10<\/span><\/strong><\/td>\r\n<\/tr>\r\n<tr>\r\n<td style=\"width: 50%;\"><strong><span style=\"color: #800000;\">&nbsp;<\/span><\/strong><\/td>\r\n<td style=\"width: 50%;\"><strong><span style=\"color: #800000;\">&nbsp;<\/span><\/strong><\/td>\r\n<\/tr>\r\n<tr>\r\n<td style=\"width: 50%;\"><span style=\"color: #008080;\"><strong>Positiivne + Negatiivne<br \/>\r\n<\/strong><\/span>(kasuta suurema abosluutv\u00e4\u00e4rtusega arvu ja lahuta) lahuta suurema absoluutv\u00e4\u00e4rtusega arvust v\u00e4iksema absoluutv\u00e4\u00e4rtusega arv, kasuta suurema arvu ees olevat m\u00e4rki.<\/td>\r\n<td style=\"width: 50%;\"><span style=\"color: #008080;\"><strong>&#8211; 3 + 7 = + (7 &#8211; 3) = 4&nbsp;<\/strong><\/span><span style=\"color: #008080;\"><strong>&nbsp;7 + (- 3) = 4<\/strong><\/span><\/td>\r\n<\/tr>\r\n<tr>\r\n<td style=\"width: 50%;\"><span style=\"color: #008080;\"><strong>&nbsp;<\/strong><\/span><\/td>\r\n<td style=\"width: 50%;\"><span style=\"color: #008080;\"><strong>&nbsp;<\/strong><\/span><\/td>\r\n<\/tr>\r\n<tr>\r\n<td style=\"width: 50%;\">\r\n<p><strong><span style=\"color: #800000;\">Negatiivne + Positiivne<\/span><\/strong> <br \/>\r\n(kasuta suurema abosluutv\u00e4\u00e4rtusega arvu ja lahuta) lahuta suurema absoluutv\u00e4\u00e4rtusega arvust v\u00e4iksema absoluutv\u00e4\u00e4rtusega arv, kasuta suurema arvu ees olevat m\u00e4rki.<\/p>\r\n<\/td>\r\n<td style=\"width: 50%;\">\r\n<p><span style=\"color: #800000;\"><strong>&#8211; 7 + 3 = &#8211; (7- 3) = &#8211; 4<\/strong><\/span><\/p>\r\n<p><span style=\"color: #800000;\"><strong>&nbsp;3 + (-7) = &#8211; (7- 3) = &#8211; 4<\/strong><\/span><\/p>\r\n<\/td>\r\n<\/tr>\r\n<\/tbody>\r\n<\/table>\r\n<hr \/>\r\n<table style=\"border-collapse: collapse; width: 88.5191%; height: 12px;\">\r\n<tbody>\r\n<tr style=\"background-color: #f7f5ad;\">\r\n<td style=\"width: 100%; text-align: center;\"><span style=\"color: #0000ff;\"><strong><span class=\"noteHeaderLge\">Liitmine (-)<\/span><\/strong><\/span><\/td>\r\n<\/tr>\r\n<\/tbody>\r\n<\/table>\r\n<table style=\"border-collapse: collapse; width: 89.1847%; height: 21px;\">\r\n<tbody>\r\n<tr style=\"height: 21px;\">\r\n<td style=\"width: 50%; height: 21px;\"><strong><span class=\"noteHeaderLge\" style=\"color: #008080;\">Negatiivne &#8211; Positiivne = Negatiivne<\/span><\/strong><\/td>\r\n<td style=\"width: 50%; height: 21px;\"><strong><span style=\"color: #008080;\">&nbsp;-7 &#8211; (+ 3)&nbsp; = &#8211; (7 + 3) = &#8211; 10<\/span><\/strong><\/td>\r\n<\/tr>\r\n<tr>\r\n<td style=\"width: 50%;\"><strong><span class=\"noteHeaderLge\" style=\"color: #008080;\">&nbsp;<\/span><\/strong><\/td>\r\n<td style=\"width: 50%;\"><strong><span style=\"color: #008080;\">&nbsp;<\/span><\/strong><\/td>\r\n<\/tr>\r\n<\/tbody>\r\n<\/table>\r\n<table style=\"border-collapse: collapse; width: 89.1847%; height: 281px;\">\r\n<tbody>\r\n<tr style=\"height: 21px;\">\r\n<td style=\"width: 50%; height: 21px;\"><strong><span style=\"color: #800000;\">Positiivne &#8211; Negatiivne= Positiivne<\/span><\/strong><\/td>\r\n<td style=\"width: 50%; height: 21px;\"><strong><span style=\"color: #800000;\">&nbsp;7 &#8211; (-3) = 7 + 3 = 10<\/span><\/strong><\/td>\r\n<\/tr>\r\n<tr style=\"height: 29px;\">\r\n<td style=\"width: 50%; height: 29px;\"><strong><span style=\"color: #800000;\">&nbsp;<\/span><\/strong><\/td>\r\n<td style=\"width: 50%; height: 29px;\"><strong><span style=\"color: #800000;\">&nbsp;<\/span><\/strong><\/td>\r\n<\/tr>\r\n<tr style=\"height: 231px;\">\r\n<td style=\"width: 50%; height: 231px;\">\r\n<p><strong><span style=\"color: #008080;\">Negatiivne &#8211; Negatiivne = Negatiivne + Positiivne<br \/>\r\n<\/span><\/strong>(kasuta suurema abosluutv\u00e4\u00e4rtusega arvu ja lahuta) lahuta suurema absoluutv\u00e4\u00e4rtusega arvust v\u00e4iksema absoluutv\u00e4\u00e4rtusega arv, kasuta suurema arvu ees olevat m\u00e4rki.<\/p>\r\n<\/td>\r\n<td style=\"width: 50%; height: 231px;\">\r\n<p><strong><span style=\"color: #008080;\">&#8211; 3 &#8211;&nbsp; (- 7) = &#8211; 3 + 7 = + (7 &#8211; 3) = 4 <\/span><\/strong><\/p>\r\n<p><strong><span style=\"color: #008080;\">&nbsp;&#8211; 7 &#8211; (- 3) = -7 + 3 = &#8211; (7 &#8211; 3) = &#8211; 4<\/span><\/strong><\/p>\r\n<\/td>\r\n<\/tr>\r\n<\/tbody>\r\n<\/table>\r\n<p>&nbsp;<\/p>\r\n<hr \/>\r\n<table style=\"border-collapse: collapse; width: 88.5191%; height: 12px;\">\r\n<tbody>\r\n<tr style=\"background-color: #eff2b6;\">\r\n<td style=\"width: 100%; text-align: center;\"><span style=\"color: #0000ff;\"><strong><span class=\"noteHeaderLge\">Korrutamine (x)<\/span><\/strong><\/span><\/td>\r\n<\/tr>\r\n<\/tbody>\r\n<\/table>\r\n<table style=\"border-collapse: collapse; width: 89.1847%; height: 87px;\">\r\n<tbody>\r\n<tr style=\"height: 58px;\">\r\n<td style=\"width: 48.6649%; height: 58px;\">\r\n<p><strong><span style=\"color: #008080;\">&nbsp; &nbsp;<\/span><\/strong><strong><span style=\"color: #008080;\"> Positiivne x Positiivne = Positiivne&nbsp; &nbsp;&nbsp;<\/span><\/strong><\/p>\r\n<p>&nbsp; &nbsp; &nbsp; <strong><span style=\"color: #008080;\">(+) \u22c5 (+)&nbsp; -&gt; (+)<\/span><\/strong><\/p>\r\n<\/td>\r\n<td style=\"width: 51.3351%; height: 58px;\"><strong><span style=\"color: #008080;\">&nbsp; 7 x 3&nbsp; = 21&nbsp;&nbsp;<\/span><\/strong><\/td>\r\n<\/tr>\r\n<tr style=\"height: 29px;\">\r\n<td style=\"width: 48.6649%; height: 29px;\"><strong><span style=\"color: #008080;\">&nbsp;<\/span><\/strong><\/td>\r\n<td style=\"width: 51.3351%; height: 29px;\"><strong><span style=\"color: #008080;\">&nbsp;<\/span><\/strong><\/td>\r\n<\/tr>\r\n<\/tbody>\r\n<\/table>\r\n<table style=\"border-collapse: collapse; width: 89.1847%; height: 21px;\">\r\n<tbody>\r\n<tr style=\"height: 21px;\">\r\n<td style=\"width: 48.5314%; height: 21px;\">\r\n<p><strong><span style=\"color: #800000;\">&nbsp;Negatiivne x Negatiivne = Positiivne<\/span><\/strong><\/p>\r\n<p>&nbsp; <span style=\"color: #800000;\"><strong>(-) \u22c5 (-)&nbsp; -&gt; (+)<\/strong><\/span><\/p>\r\n<\/td>\r\n<td style=\"width: 51.4686%; height: 21px;\"><span style=\"color: #800000;\"><b> <strong>&nbsp;&#8211; 7 x (-3) = 21<\/strong><\/b><\/span><\/td>\r\n<\/tr>\r\n<tr>\r\n<td style=\"width: 48.5314%;\"><strong><span style=\"color: #800000;\">&nbsp;<\/span><\/strong><\/td>\r\n<td style=\"width: 51.4686%;\"><strong><span style=\"color: #800000;\">&nbsp;<\/span><\/strong><\/td>\r\n<\/tr>\r\n<tr>\r\n<td style=\"width: 48.5314%;\">\r\n<p><span style=\"color: #008080;\"><strong>&nbsp;Negatiivne x Positiivne = Negatiivne<\/strong><\/span><\/p>\r\n<p>&nbsp; <strong><span style=\"color: #008080;\">(-) \u22c5 (+)&nbsp; -&gt; (-)<\/span><\/strong><\/p>\r\n<\/td>\r\n<td style=\"width: 51.4686%;\"><span style=\"color: #008080;\"><strong>&nbsp;<\/strong><\/span>\r\n<p><strong><span style=\"color: #008080;\">&nbsp; <\/span><\/strong><strong><span style=\"color: #008080;\">&nbsp;&#8211; 3 x 7 = &#8211; 21<\/span><\/strong><\/p>\r\n<p><strong><span style=\"color: #008080;\">&nbsp;&#8211; 7 x 3 = &#8211; 21<\/span><\/strong><strong><span style=\"color: #008080;\">&nbsp;<\/span><\/strong><\/p>\r\n<\/td>\r\n<\/tr>\r\n<tr>\r\n<td style=\"width: 48.5314%;\"><span style=\"color: #008080;\"><strong>&nbsp;<\/strong><\/span><\/td>\r\n<td style=\"width: 51.4686%;\"><span style=\"color: #008080;\"><strong>&nbsp;<\/strong><\/span><\/td>\r\n<\/tr>\r\n<tr>\r\n<td style=\"width: 48.5314%;\">\r\n<p><strong><span style=\"color: #800000;\"><span style=\"color: #008080;\">Positiivne x Negatiivne = Negatiivne<\/span><\/span><\/strong><\/p>\r\n<p><strong><span style=\"color: #008080;\"> (+) \u22c5 (-)&nbsp; -&gt; (-)<\/span><\/strong><strong><span style=\"color: #008080;\">&nbsp;<\/span><\/strong><\/p>\r\n<\/td>\r\n<td style=\"width: 51.4686%;\"><span style=\"color: #800000;\"><strong>&nbsp;<\/strong><\/span>\r\n<p><strong><span style=\"color: #008080;\">&nbsp;7 x (- 3) = &#8211; 21<\/span><\/strong><\/p>\r\n<p><strong><span style=\"color: #008080;\">&nbsp; 3 + (-7) = &#8211; 21<\/span><\/strong><\/p>\r\n<\/td>\r\n<\/tr>\r\n<\/tbody>\r\n<\/table>\r\n<p class=\"PageText11\">&nbsp;<\/p>\r\n<p class=\"PageText11\"><\/p>\r\n<hr class=\"wp-block-separator has-alpha-channel-opacity\" \/>\r\n<p class=\"PageText11\"><\/p>\r\n<table style=\"border-collapse: collapse; width: 88.5191%; height: 12px;\">\r\n<tbody>\r\n<tr style=\"background-color: #eff2b6;\">\r\n<td style=\"width: 100%; text-align: center;\"><span style=\"color: #0000ff;\"><strong><span class=\"noteHeaderLge\">Jagamine (\u00f7)<\/span><\/strong><\/span><\/td>\r\n<\/tr>\r\n<\/tbody>\r\n<\/table>\r\n<table style=\"border-collapse: collapse; width: 89.1847%; height: 87px;\">\r\n<tbody>\r\n<tr>\r\n<td style=\"width: 50%;\">\r\n<p><strong><span style=\"color: #008080;\">Positiivne \u00f7 Positiivne = Positiivne<\/span><\/strong><\/p>\r\n<p>&nbsp; <strong><span style=\"color: #008080;\">&nbsp;(+) : (+)&nbsp; -&gt; (+)<\/span><\/strong><strong><span style=\"color: #008080;\">&nbsp;<\/span><\/strong><\/p>\r\n<\/td>\r\n<td style=\"width: 50%; height: 58px;\"><strong><span style=\"color: #008080;\"> 10 : 2&nbsp; = 5&nbsp;&nbsp;<\/span><\/strong><\/td>\r\n<\/tr>\r\n<tr style=\"height: 29px;\">\r\n<td style=\"width: 50%; height: 29px;\"><strong><span style=\"color: #008080;\">&nbsp;<\/span><\/strong><\/td>\r\n<td style=\"width: 50%; height: 29px;\"><strong><span style=\"color: #008080;\">&nbsp;<\/span><\/strong><\/td>\r\n<\/tr>\r\n<\/tbody>\r\n<\/table>\r\n<table style=\"border-collapse: collapse; width: 89.1847%; height: 21px;\">\r\n<tbody>\r\n<tr style=\"height: 21px;\">\r\n<td style=\"width: 50%; height: 21px;\">\r\n<p><strong><span style=\"color: #800000;\">&nbsp; Negatiivne \u00f7 Negatiivne = Positiivne<\/span><\/strong><\/p>\r\n<p>&nbsp; <span style=\"color: #800000;\"><strong>(-) : (-)&nbsp; -&gt; (+)<\/strong><\/span><\/p>\r\n<\/td>\r\n<td style=\"width: 50%; height: 21px;\"><span style=\"color: #800000;\"><b> <strong> &#8211; 10 : (-2) = 5&nbsp;<\/strong><\/b><\/span><\/td>\r\n<\/tr>\r\n<tr>\r\n<td style=\"width: 50%;\"><strong><span style=\"color: #800000;\">&nbsp;<\/span><\/strong><\/td>\r\n<td style=\"width: 50%;\"><strong><span style=\"color: #800000;\">&nbsp;<\/span><\/strong><\/td>\r\n<\/tr>\r\n<tr>\r\n<td style=\"width: 50%;\">\r\n<p><span style=\"color: #008080;\"><strong> Negatiivne \u00f7 Positiivne = Negatiivne<\/strong><\/span><\/p>\r\n<p>&nbsp; <strong><span style=\"color: #008080;\">(-) : (+)&nbsp; -&gt; (-)<\/span><\/strong><\/p>\r\n<\/td>\r\n<td style=\"width: 50%;\"><span style=\"color: #008080;\"><strong>&nbsp;<\/strong><\/span>\r\n<p><strong><span style=\"color: #008080;\"> &#8211; 10 : 2 = &#8211; 5<\/span><\/strong><\/p>\r\n<\/td>\r\n<\/tr>\r\n<tr>\r\n<td style=\"width: 50%;\"><span style=\"color: #008080;\"><strong>&nbsp;<\/strong><\/span><\/td>\r\n<td style=\"width: 50%;\"><span style=\"color: #008080;\"><strong>&nbsp;<\/strong><\/span><\/td>\r\n<\/tr>\r\n<tr>\r\n<td style=\"width: 50%;\">\r\n<p><strong><span style=\"color: #008080;\">Positiivne \u00f7 Negatiivne = Negatiivne<\/span><\/strong><\/p>\r\n<p><strong><span style=\"color: #008080;\"> (+) : (-)&nbsp; -&gt; (-)<\/span><\/strong><strong><span style=\"color: #008080;\">&nbsp;<\/span><\/strong><\/p>\r\n<\/td>\r\n<td style=\"width: 50%;\"><span style=\"color: #800000;\"><strong>&nbsp;<\/strong><\/span>\r\n<p><strong><span style=\"color: #008080;\"> 10 : (- 2) = &#8211; 5<br \/>\r\n<\/span><\/strong><\/p>\r\n<\/td>\r\n<\/tr>\r\n<\/tbody>\r\n<\/table>\r\n<hr \/>\r\n<p class=\"PageText11\"><\/p>\r\n<p>&nbsp;<\/p>","protected":false},"excerpt":{"rendered":"<p>Tehted t\u00e4isarvudega Tehted positiivsete ja negatiivsete t\u00e4isarvudega Liitmine (+) Positiivne + Positiivne = Positiivne&nbsp; &nbsp; &nbsp; &nbsp; &nbsp;7 + 3&nbsp; = 10 &nbsp; &nbsp; Negatiivne + Negatiivne = Negatiivne &#8211; 7 + (-3) = &#8211; 10 &nbsp; &nbsp; Positiivne + Negatiivne (kasuta suurema abosluutv\u00e4\u00e4rtusega arvu ja lahuta) lahuta suurema absoluutv\u00e4\u00e4rtusega arvust v\u00e4iksema absoluutv\u00e4\u00e4rtusega arv, kasuta [&#8230;]<\/p>\n<p><a class=\"btn btn-secondary understrap-read-more-link\" href=\"https:\/\/domath.surju.ee\/et\/tehted-taisarvudega\/\">Read More&#8230;<span class=\"screen-reader-text\"> from Tehted t\u00e4isarvudega<\/span><\/a><\/p>\n","protected":false},"author":2,"featured_media":0,"parent":0,"menu_order":0,"comment_status":"closed","ping_status":"closed","template":"","meta":{"_eb_attr":"","_uag_custom_page_level_css":"","footnotes":""},"categories":[],"tags":[98,40,63],"class_list":["post-5206","page","type-page","status-publish","hentry","tag-english-o","tag-estonian-t","tag-greek-pi"],"uagb_featured_image_src":{"full":false,"thumbnail":false,"medium":false,"medium_large":false,"large":false,"1536x1536":false,"2048x2048":false,"menu-24x24":false,"menu-36x36":false,"menu-48x48":false},"uagb_author_info":{"display_name":"Signe Reidla","author_link":"https:\/\/domath.surju.ee\/et\/author\/signe\/"},"uagb_comment_info":0,"uagb_excerpt":"Tehted t\u00e4isarvudega Tehted positiivsete ja negatiivsete t\u00e4isarvudega Liitmine (+) Positiivne + Positiivne = Positiivne&nbsp; &nbsp; &nbsp; &nbsp; &nbsp;7 + 3&nbsp; = 10 &nbsp; &nbsp; Negatiivne + Negatiivne = Negatiivne &#8211; 7 + (-3) = &#8211; 10 &nbsp; &nbsp; Positiivne + Negatiivne (kasuta suurema abosluutv\u00e4\u00e4rtusega arvu ja lahuta) lahuta suurema absoluutv\u00e4\u00e4rtusega arvust v\u00e4iksema absoluutv\u00e4\u00e4rtusega arv, kasuta&hellip;","_links":{"self":[{"href":"https:\/\/domath.surju.ee\/et\/wp-json\/wp\/v2\/pages\/5206","targetHints":{"allow":["GET"]}}],"collection":[{"href":"https:\/\/domath.surju.ee\/et\/wp-json\/wp\/v2\/pages"}],"about":[{"href":"https:\/\/domath.surju.ee\/et\/wp-json\/wp\/v2\/types\/page"}],"author":[{"embeddable":true,"href":"https:\/\/domath.surju.ee\/et\/wp-json\/wp\/v2\/users\/2"}],"replies":[{"embeddable":true,"href":"https:\/\/domath.surju.ee\/et\/wp-json\/wp\/v2\/comments?post=5206"}],"version-history":[{"count":12,"href":"https:\/\/domath.surju.ee\/et\/wp-json\/wp\/v2\/pages\/5206\/revisions"}],"predecessor-version":[{"id":5330,"href":"https:\/\/domath.surju.ee\/et\/wp-json\/wp\/v2\/pages\/5206\/revisions\/5330"}],"wp:attachment":[{"href":"https:\/\/domath.surju.ee\/et\/wp-json\/wp\/v2\/media?parent=5206"}],"wp:term":[{"taxonomy":"category","embeddable":true,"href":"https:\/\/domath.surju.ee\/et\/wp-json\/wp\/v2\/categories?post=5206"},{"taxonomy":"post_tag","embeddable":true,"href":"https:\/\/domath.surju.ee\/et\/wp-json\/wp\/v2\/tags?post=5206"}],"curies":[{"name":"wp","href":"https:\/\/api.w.org\/{rel}","templated":true}]}}