{"id":510,"date":"2023-10-26T09:35:51","date_gmt":"2023-10-26T09:35:51","guid":{"rendered":"https:\/\/domath.surju.ee\/?page_id=510"},"modified":"2024-12-27T23:09:49","modified_gmt":"2024-12-27T23:09:49","slug":"grouping","status":"publish","type":"page","link":"https:\/\/domath.surju.ee\/et\/ryhmitamine\/","title":{"rendered":"R\u00fchmitamine"},"content":{"rendered":"<p>&nbsp;<\/p>\r\n<!-- \/wp:post-content -->\r\n<h1 style=\"text-align: center;\"><strong><span style=\"color: #008000;\">R\u00fchmitamine.<br \/>\r\nGruppidesse (r\u00fchmadesse ) jaotamine.<\/span><\/strong><\/h1>\r\n<p><strong>R\u00fchmitamine&nbsp;<\/strong> t\u00e4hendab esemete jaotamist v\u00f5rdsetesse r\u00fchmadesse (gruppidesse).&nbsp;<\/p>\r\n<p><strong><span style=\"color: #0000ff;\">N\u00e4ide<\/span><\/strong>:<br \/>\r\nS\u00fcdamed on jagatud v\u00f5rdselt kolme gruppi (igas grupis on 5 s\u00fcdant).<\/p>\r\n<!-- wp:tadv\/classic-paragraph -->\r\n<p><img loading=\"lazy\" decoding=\"async\" class=\"alignnone  wp-image-2020\" src=\"https:\/\/domath.surju.ee\/wp-content\/uploads\/2024\/04\/3-groups-of-5-hearts-300x169.png\" alt=\"\" width=\"361\" height=\"203\" srcset=\"https:\/\/domath.surju.ee\/wp-content\/uploads\/2024\/04\/3-groups-of-5-hearts-300x169.png 300w, https:\/\/domath.surju.ee\/wp-content\/uploads\/2024\/04\/3-groups-of-5-hearts-1024x576.png 1024w, https:\/\/domath.surju.ee\/wp-content\/uploads\/2024\/04\/3-groups-of-5-hearts-768x432.png 768w, https:\/\/domath.surju.ee\/wp-content\/uploads\/2024\/04\/3-groups-of-5-hearts-1536x864.png 1536w, https:\/\/domath.surju.ee\/wp-content\/uploads\/2024\/04\/3-groups-of-5-hearts-24x14.png 24w, https:\/\/domath.surju.ee\/wp-content\/uploads\/2024\/04\/3-groups-of-5-hearts-36x20.png 36w, https:\/\/domath.surju.ee\/wp-content\/uploads\/2024\/04\/3-groups-of-5-hearts-48x27.png 48w, https:\/\/domath.surju.ee\/wp-content\/uploads\/2024\/04\/3-groups-of-5-hearts.png 1920w\" sizes=\"auto, (max-width: 361px) 100vw, 361px\" \/><\/p>","protected":false},"excerpt":{"rendered":"<p>&nbsp; R\u00fchmitamine. Gruppidesse (r\u00fchmadesse ) jaotamine. R\u00fchmitamine&nbsp; t\u00e4hendab esemete jaotamist v\u00f5rdsetesse r\u00fchmadesse (gruppidesse).&nbsp; N\u00e4ide: S\u00fcdamed on jagatud v\u00f5rdselt kolme gruppi (igas grupis on 5 s\u00fcdant). [&#8230;]<\/p>\n<p><a class=\"btn btn-secondary understrap-read-more-link\" href=\"https:\/\/domath.surju.ee\/et\/ryhmitamine\/\">Read More&#8230;<span class=\"screen-reader-text\"> from R\u00fchmitamine<\/span><\/a><\/p>\n","protected":false},"author":8,"featured_media":0,"parent":0,"menu_order":0,"comment_status":"closed","ping_status":"closed","template":"","meta":{"_eb_attr":"","_uag_custom_page_level_css":"","footnotes":""},"categories":[],"tags":[69,116,148,72],"class_list":["post-510","page","type-page","status-publish","hentry","tag-english-g","tag-estonian-r","tag-greek-omicron","tag-spanish-a"],"uagb_featured_image_src":{"full":false,"thumbnail":false,"medium":false,"medium_large":false,"large":false,"1536x1536":false,"2048x2048":false,"menu-24x24":false,"menu-36x36":false,"menu-48x48":false},"uagb_author_info":{"display_name":"Silvia Herrera","author_link":"https:\/\/domath.surju.ee\/et\/author\/silvia\/"},"uagb_comment_info":0,"uagb_excerpt":"&nbsp; R\u00fchmitamine. Gruppidesse (r\u00fchmadesse ) jaotamine. R\u00fchmitamine&nbsp; t\u00e4hendab esemete jaotamist v\u00f5rdsetesse r\u00fchmadesse (gruppidesse).&nbsp; N\u00e4ide: S\u00fcdamed on jagatud v\u00f5rdselt kolme gruppi (igas grupis on 5 s\u00fcdant). [...]Read More... from R\u00fchmitamine","_links":{"self":[{"href":"https:\/\/domath.surju.ee\/et\/wp-json\/wp\/v2\/pages\/510","targetHints":{"allow":["GET"]}}],"collection":[{"href":"https:\/\/domath.surju.ee\/et\/wp-json\/wp\/v2\/pages"}],"about":[{"href":"https:\/\/domath.surju.ee\/et\/wp-json\/wp\/v2\/types\/page"}],"author":[{"embeddable":true,"href":"https:\/\/domath.surju.ee\/et\/wp-json\/wp\/v2\/users\/8"}],"replies":[{"embeddable":true,"href":"https:\/\/domath.surju.ee\/et\/wp-json\/wp\/v2\/comments?post=510"}],"version-history":[{"count":6,"href":"https:\/\/domath.surju.ee\/et\/wp-json\/wp\/v2\/pages\/510\/revisions"}],"predecessor-version":[{"id":4087,"href":"https:\/\/domath.surju.ee\/et\/wp-json\/wp\/v2\/pages\/510\/revisions\/4087"}],"wp:attachment":[{"href":"https:\/\/domath.surju.ee\/et\/wp-json\/wp\/v2\/media?parent=510"}],"wp:term":[{"taxonomy":"category","embeddable":true,"href":"https:\/\/domath.surju.ee\/et\/wp-json\/wp\/v2\/categories?post=510"},{"taxonomy":"post_tag","embeddable":true,"href":"https:\/\/domath.surju.ee\/et\/wp-json\/wp\/v2\/tags?post=510"}],"curies":[{"name":"wp","href":"https:\/\/api.w.org\/{rel}","templated":true}]}}