{"id":5054,"date":"2024-12-27T20:04:34","date_gmt":"2024-12-27T20:04:34","guid":{"rendered":"https:\/\/domath.surju.ee\/?page_id=5054"},"modified":"2025-01-14T18:03:34","modified_gmt":"2025-01-14T18:03:34","slug":"division-and-remainders","status":"publish","type":"page","link":"https:\/\/domath.surju.ee\/et\/jaagiga-jagamine\/","title":{"rendered":"J\u00e4\u00e4giga jagamine"},"content":{"rendered":"<h2 style=\"text-align: center;\"><span style=\"color: #008000;\">J\u00e4\u00e4giga jagamine<\/span><\/h2>\r\n<p><span style=\"font-family: arial, helvetica, sans-serif;\"><br \/>\r\nKui \u00fche naturaalarvu jagamisel teisega saadakse tulemuseks naturaalarv, siis esimene arv jagub teisega.<br \/>\r\nM\u00f5nikord naturaalarvud ei jagu t\u00e4pselt ja j\u00e4\u00e4b midagi \u00fcle,&nbsp; j\u00e4relej\u00e4\u00e4nud osa on <span style=\"color: #ff0000;\"><strong>j\u00e4\u00e4k.&nbsp;<\/strong><\/span><br \/>\r\n<br \/>\r\n<strong>Naturaalarvude jagamisel<\/strong><br \/>\r\n<strong>1) arvud jaguvad t\u00e4pselt <\/strong>v\u00f5i<br \/>\r\n<strong>2)&nbsp; jagamisel tekib j\u00e4\u00e4k.<\/strong><br \/>\r\n<br \/>\r\n<\/span><\/p>\r\n<p><span class=\"larger\" style=\"font-family: arial, helvetica, sans-serif; color: #0000ff;\"><b>N\u00e4ide 1:<\/b>&nbsp;<\/span><\/p>\r\n<pre id=\"tw-target-text\" class=\"tw-data-text tw-text-large tw-ta\" dir=\"ltr\" data-placeholder=\"Translation\" data-ved=\"2ahUKEwiAkduEx8iKAxXQDRAIHcWQLsYQ3ewLegQIDxAU\" aria-label=\"Translated text: There are 9 candies to share with two students.\"><span class=\"Y2IQFc\" lang=\"en\" style=\"font-family: arial, helvetica, sans-serif;\"><strong>9<\/strong> kommi tuleb jagada  <strong>kahe<\/strong>  lapse vahel.<\/span><\/pre>\r\n<p class=\"center\"><span style=\"font-family: arial, helvetica, sans-serif;\">&nbsp;Arv 9 ei saa t\u00e4pselt kahte gruppi jagada. Iga lapse saab<\/span><span style=\"font-family: arial, helvetica, sans-serif;\"> 4 kommi ja <\/span><span style=\"font-family: arial, helvetica, sans-serif;\"><b>1 komm j\u00e4\u00e4b \u00fcle.&nbsp;&nbsp;<\/b><\/span><\/p>\r\n\r\n<figure class=\"wp-block-image size-large is-resized\"><img loading=\"lazy\" decoding=\"async\" class=\"alignnone size-medium wp-image-5070\" src=\"https:\/\/domath.surju.ee\/wp-content\/uploads\/2024\/12\/jaagiga-jagamine-1-300x231.png\" alt=\"\" width=\"300\" height=\"231\" srcset=\"https:\/\/domath.surju.ee\/wp-content\/uploads\/2024\/12\/jaagiga-jagamine-1-300x231.png 300w, https:\/\/domath.surju.ee\/wp-content\/uploads\/2024\/12\/jaagiga-jagamine-1-1024x787.png 1024w, https:\/\/domath.surju.ee\/wp-content\/uploads\/2024\/12\/jaagiga-jagamine-1-768x590.png 768w, https:\/\/domath.surju.ee\/wp-content\/uploads\/2024\/12\/jaagiga-jagamine-1-24x18.png 24w, https:\/\/domath.surju.ee\/wp-content\/uploads\/2024\/12\/jaagiga-jagamine-1-36x28.png 36w, https:\/\/domath.surju.ee\/wp-content\/uploads\/2024\/12\/jaagiga-jagamine-1-48x37.png 48w, https:\/\/domath.surju.ee\/wp-content\/uploads\/2024\/12\/jaagiga-jagamine-1.png 1127w\" sizes=\"auto, (max-width: 300px) 100vw, 300px\" \/><\/figure>\r\n\r\n<p><i>&#8220;9 jagatud 2 on 4,&nbsp; &nbsp;<b>j\u00e4\u00e4k 1<\/b>&#8220;<\/i><\/p>\r\n<p><span style=\"color: #008000;\"><strong>Hariliku murru korral<\/strong><\/span><\/p>\r\n<p>\u00dclej\u00e4\u00e4nud komm on v\u00f5imalik pooleks l\u00f5igata, seega iga laps saab <b>4 \u00bd<\/b> kommi:<\/p>\r\n<p class=\"center large\">9 : 2 = 4 j 1 = 4 \u00bd<\/p>\r\n<p class=\"center\">&#8220;9<b> jagatud arvuga 2<\/b> on 4<b>&nbsp; j\u00e4\u00e4k on 1<\/b> , selle v\u00e4\u00e4rtus on&nbsp; 4<b> ja pool<\/b>&#8220;<\/p>\r\n<p><span class=\"larger\" style=\"font-family: arial, helvetica, sans-serif; color: #0000ff;\"><b>N\u00e4ide 2:<\/b>&nbsp;<br \/>\r\n<span style=\"color: #000000;\">30 : 6 = 5<\/span><br \/>\r\n<span style=\"color: #000000;\">Arv 30 jagub 6-ga, sest jagamisel<strong> j\u00e4\u00e4ki ei teki.<\/strong><\/span><br \/>\r\n<\/span><\/p>\r\n<p><strong>23 : <span style=\"color: #008000;\">4<\/span> = <span style=\"color: #0000ff;\">5<\/span><span style=\"color: #ff0000;\"> j 3<\/span> = <span style=\"color: #0000ff;\">5<\/span>&nbsp;<span style=\"color: #ff0000;\"><sup>3<\/sup><\/span>\/<span style=\"color: #008000;\"><sub>4<\/sub>&nbsp;<\/span><\/strong>&nbsp; ja&nbsp; &nbsp;<strong>23 = <span style=\"color: #008000;\">4<\/span> \u22c5 <span style=\"color: #0000ff;\">5<\/span> + <span style=\"color: #ff0000;\">3<sup>&nbsp;&nbsp;<\/sup><\/span><\/strong><\/p>\r\n<p><strong>29 : <span style=\"color: #008000;\">3<\/span> = <span style=\"color: #0000ff;\">9<\/span> <span style=\"color: #ff0000;\">R 2<\/span> = <span style=\"color: #0000ff;\">9<\/span> <span style=\"color: #ff0000;\"><sup>2<\/sup><\/span>\/<span style=\"color: #008000;\"><sub>3<\/sub><\/span>&nbsp; &nbsp;<\/strong> &nbsp; ja&nbsp; <strong>29 = <span style=\"color: #008000;\">3<\/span> \u22c5 <span style=\"color: #0000ff;\">9<\/span> + <span style=\"color: #ff0000;\">2<\/span><\/strong><\/p>\r\n <iframe loading=\"lazy\" style=\"border: 0px;\" title=\"J\u00e4\u00e4giga jagamine\" src=\"https:\/\/www.geogebra.org\/material\/iframe\/id\/eu53a3rc\/width\/1000\/height\/489\/border\/888888\/sfsb\/true\/smb\/false\/stb\/false\/stbh\/false\/ai\/false\/asb\/false\/sri\/false\/rc\/false\/ld\/false\/sdz\/false\/ctl\/false\" width=\"600px\" height=\"300px\" scrolling=\"no\"> <\/iframe> \r\n<p><a href=\"https:\/\/www.geogebra.org\/u\/geogebraauthoring\"><span class=\"notranslate\">GeoGebra Content Team<\/span><\/a>&nbsp;\u2014&nbsp;<time datetime=\"2023-03-14T03:20:49\">March 14, 2023, modifed by Signe<\/time><\/p>\r\n\r\n<p>&nbsp;<\/p>","protected":false},"excerpt":{"rendered":"<p>J\u00e4\u00e4giga jagamine Kui \u00fche naturaalarvu jagamisel teisega saadakse tulemuseks naturaalarv, siis esimene arv jagub teisega. M\u00f5nikord naturaalarvud ei jagu t\u00e4pselt ja j\u00e4\u00e4b midagi \u00fcle,&nbsp; j\u00e4relej\u00e4\u00e4nud osa on j\u00e4\u00e4k.&nbsp; Naturaalarvude jagamisel 1) arvud jaguvad t\u00e4pselt v\u00f5i 2)&nbsp; jagamisel tekib j\u00e4\u00e4k. N\u00e4ide 1:&nbsp; 9 kommi tuleb jagada kahe lapse vahel. &nbsp;Arv 9 ei saa t\u00e4pselt kahte gruppi [&#8230;]<\/p>\n<p><a class=\"btn btn-secondary understrap-read-more-link\" href=\"https:\/\/domath.surju.ee\/et\/jaagiga-jagamine\/\">Read More&#8230;<span class=\"screen-reader-text\"> from J\u00e4\u00e4giga jagamine<\/span><\/a><\/p>\n","protected":false},"author":2,"featured_media":0,"parent":0,"menu_order":0,"comment_status":"closed","ping_status":"closed","template":"","meta":{"_eb_attr":"","_uag_custom_page_level_css":"","footnotes":""},"categories":[],"tags":[12,5,74,171],"class_list":["post-5054","page","type-page","status-publish","hentry","tag-english-d","tag-estonian-j","tag-greek-delta","tag-greek-ypsilon"],"uagb_featured_image_src":{"full":false,"thumbnail":false,"medium":false,"medium_large":false,"large":false,"1536x1536":false,"2048x2048":false,"menu-24x24":false,"menu-36x36":false,"menu-48x48":false},"uagb_author_info":{"display_name":"Signe Reidla","author_link":"https:\/\/domath.surju.ee\/et\/author\/signe\/"},"uagb_comment_info":0,"uagb_excerpt":"J\u00e4\u00e4giga jagamine Kui \u00fche naturaalarvu jagamisel teisega saadakse tulemuseks naturaalarv, siis esimene arv jagub teisega. M\u00f5nikord naturaalarvud ei jagu t\u00e4pselt ja j\u00e4\u00e4b midagi \u00fcle,&nbsp; j\u00e4relej\u00e4\u00e4nud osa on j\u00e4\u00e4k.&nbsp; Naturaalarvude jagamisel 1) arvud jaguvad t\u00e4pselt v\u00f5i 2)&nbsp; jagamisel tekib j\u00e4\u00e4k. N\u00e4ide 1:&nbsp; 9 kommi tuleb jagada kahe lapse vahel. &nbsp;Arv 9 ei saa t\u00e4pselt kahte gruppi&hellip;","_links":{"self":[{"href":"https:\/\/domath.surju.ee\/et\/wp-json\/wp\/v2\/pages\/5054","targetHints":{"allow":["GET"]}}],"collection":[{"href":"https:\/\/domath.surju.ee\/et\/wp-json\/wp\/v2\/pages"}],"about":[{"href":"https:\/\/domath.surju.ee\/et\/wp-json\/wp\/v2\/types\/page"}],"author":[{"embeddable":true,"href":"https:\/\/domath.surju.ee\/et\/wp-json\/wp\/v2\/users\/2"}],"replies":[{"embeddable":true,"href":"https:\/\/domath.surju.ee\/et\/wp-json\/wp\/v2\/comments?post=5054"}],"version-history":[{"count":10,"href":"https:\/\/domath.surju.ee\/et\/wp-json\/wp\/v2\/pages\/5054\/revisions"}],"predecessor-version":[{"id":5072,"href":"https:\/\/domath.surju.ee\/et\/wp-json\/wp\/v2\/pages\/5054\/revisions\/5072"}],"wp:attachment":[{"href":"https:\/\/domath.surju.ee\/et\/wp-json\/wp\/v2\/media?parent=5054"}],"wp:term":[{"taxonomy":"category","embeddable":true,"href":"https:\/\/domath.surju.ee\/et\/wp-json\/wp\/v2\/categories?post=5054"},{"taxonomy":"post_tag","embeddable":true,"href":"https:\/\/domath.surju.ee\/et\/wp-json\/wp\/v2\/tags?post=5054"}],"curies":[{"name":"wp","href":"https:\/\/api.w.org\/{rel}","templated":true}]}}