{"id":495,"date":"2023-10-26T09:15:05","date_gmt":"2023-10-26T09:15:05","guid":{"rendered":"https:\/\/domath.surju.ee\/?page_id=495"},"modified":"2024-12-27T23:28:06","modified_gmt":"2024-12-27T23:28:06","slug":"ha","status":"publish","type":"page","link":"https:\/\/domath.surju.ee\/et\/hektar\/","title":{"rendered":"Hektar (Ha)"},"content":{"rendered":"<h1 style=\"text-align: center;\"><span style=\"color: #008000;\"><strong>Hektar&nbsp; (Ha)<\/strong><\/span><\/h1>\n<p>A<strong> hectare&nbsp;<\/strong>is a measurement of area whose symbol is&nbsp;<strong>ha<\/strong>. This unit is equivalent to 100 areas: one area is equivalent to 100 square meters. This means that an area of one hectare has 10,000 square meters.<\/p>\n<p><span style=\"color: #ff0000;\"><strong>Hektar<\/strong><\/span> on pindala m\u00f5\u00f5t\u00fchik, mille s\u00fcmbol on <strong>ha<\/strong>.<\/p>\n<p>1 hektar on 100 aara<br \/>\n1 aar on 100 ruutmeetrit<br \/>\n1 hektar on 10 000 ruutmeetrit.<\/p>\n<p><span style=\"color: #0000ff;\"><strong>N\u00e4ide:<\/strong><\/span><\/p>\n<p><img loading=\"lazy\" decoding=\"async\" class=\"alignnone  wp-image-2105\" src=\"https:\/\/domath.surju.ee\/wp-content\/uploads\/2024\/04\/0-4-300x169.png\" alt=\"\" width=\"752\" height=\"423\" srcset=\"https:\/\/domath.surju.ee\/wp-content\/uploads\/2024\/04\/0-4-300x169.png 300w, https:\/\/domath.surju.ee\/wp-content\/uploads\/2024\/04\/0-4-1024x576.png 1024w, https:\/\/domath.surju.ee\/wp-content\/uploads\/2024\/04\/0-4-768x432.png 768w, https:\/\/domath.surju.ee\/wp-content\/uploads\/2024\/04\/0-4-1536x864.png 1536w, https:\/\/domath.surju.ee\/wp-content\/uploads\/2024\/04\/0-4-24x14.png 24w, https:\/\/domath.surju.ee\/wp-content\/uploads\/2024\/04\/0-4-36x20.png 36w, https:\/\/domath.surju.ee\/wp-content\/uploads\/2024\/04\/0-4-48x27.png 48w, https:\/\/domath.surju.ee\/wp-content\/uploads\/2024\/04\/0-4.png 1920w\" sizes=\"auto, (max-width: 752px) 100vw, 752px\" \/><\/p>\n","protected":false},"excerpt":{"rendered":"<p>Hektar&nbsp; (Ha) A hectare&nbsp;is a measurement of area whose symbol is&nbsp;ha. This unit is equivalent to 100 areas: one area is equivalent to 100 square meters. This means that an area of one hectare has 10,000 square meters. Hektar on pindala m\u00f5\u00f5t\u00fchik, mille s\u00fcmbol on ha. 1 hektar on 100 aara 1 aar on 100 [&#8230;]<\/p>\n<p><a class=\"btn btn-secondary understrap-read-more-link\" href=\"https:\/\/domath.surju.ee\/et\/hektar\/\">Read More&#8230;<span class=\"screen-reader-text\"> from Hektar (Ha)<\/span><\/a><\/p>\n","protected":false},"author":7,"featured_media":0,"parent":0,"menu_order":0,"comment_status":"closed","ping_status":"closed","template":"","meta":{"_eb_attr":"","_uag_custom_page_level_css":"","footnotes":""},"categories":[],"tags":[70,112,85,81],"class_list":["post-495","page","type-page","status-publish","hentry","tag-english-h","tag-estonian-h","tag-greek-epsilon","tag-spanish-h"],"uagb_featured_image_src":{"full":false,"thumbnail":false,"medium":false,"medium_large":false,"large":false,"1536x1536":false,"2048x2048":false,"menu-24x24":false,"menu-36x36":false,"menu-48x48":false},"uagb_author_info":{"display_name":"Yessica Caceres","author_link":"https:\/\/domath.surju.ee\/et\/author\/yessica\/"},"uagb_comment_info":0,"uagb_excerpt":"Hektar&nbsp; (Ha) A hectare&nbsp;is a measurement of area whose symbol is&nbsp;ha. This unit is equivalent to 100 areas: one area is equivalent to 100 square meters. This means that an area of one hectare has 10,000 square meters. Hektar on pindala m\u00f5\u00f5t\u00fchik, mille s\u00fcmbol on ha. 1 hektar on 100 aara 1 aar on 100&hellip;","_links":{"self":[{"href":"https:\/\/domath.surju.ee\/et\/wp-json\/wp\/v2\/pages\/495","targetHints":{"allow":["GET"]}}],"collection":[{"href":"https:\/\/domath.surju.ee\/et\/wp-json\/wp\/v2\/pages"}],"about":[{"href":"https:\/\/domath.surju.ee\/et\/wp-json\/wp\/v2\/types\/page"}],"author":[{"embeddable":true,"href":"https:\/\/domath.surju.ee\/et\/wp-json\/wp\/v2\/users\/7"}],"replies":[{"embeddable":true,"href":"https:\/\/domath.surju.ee\/et\/wp-json\/wp\/v2\/comments?post=495"}],"version-history":[{"count":13,"href":"https:\/\/domath.surju.ee\/et\/wp-json\/wp\/v2\/pages\/495\/revisions"}],"predecessor-version":[{"id":5100,"href":"https:\/\/domath.surju.ee\/et\/wp-json\/wp\/v2\/pages\/495\/revisions\/5100"}],"wp:attachment":[{"href":"https:\/\/domath.surju.ee\/et\/wp-json\/wp\/v2\/media?parent=495"}],"wp:term":[{"taxonomy":"category","embeddable":true,"href":"https:\/\/domath.surju.ee\/et\/wp-json\/wp\/v2\/categories?post=495"},{"taxonomy":"post_tag","embeddable":true,"href":"https:\/\/domath.surju.ee\/et\/wp-json\/wp\/v2\/tags?post=495"}],"curies":[{"name":"wp","href":"https:\/\/api.w.org\/{rel}","templated":true}]}}