{"id":486,"date":"2023-10-26T09:09:08","date_gmt":"2023-10-26T09:09:08","guid":{"rendered":"https:\/\/domath.surju.ee\/?page_id=486"},"modified":"2024-12-27T23:07:26","modified_gmt":"2024-12-27T23:07:26","slug":"greater-than","status":"publish","type":"page","link":"https:\/\/domath.surju.ee\/et\/suurem-kui\/","title":{"rendered":"Suurem kui"},"content":{"rendered":"<h1 style=\"text-align: center;\"><span style=\"color: #008000;\"><strong>Suurem kui<\/strong><\/span><\/h1>\r\n<p><strong>Suurem kui <\/strong>t\u00e4hendab, et \u00fcks arv on suurem kui teine arv..<\/p>\r\n<p>Suurem kui&nbsp; t\u00e4histatakse s\u00fcmboliga \u201c<strong>&gt;<\/strong>&#8220;.<\/p>\r\n<p><span style=\"color: #0000ff;\"><strong>N\u00e4ide:&nbsp;<\/strong><\/span><br \/>\r\n8 &gt; 2, see kirjutis t\u00e4hendab, et 8 on suurem kui&nbsp; 2.<br \/>\r\n<br \/>\r\n<strong>M\u00e4ng v\u00f5rdlemise harjutamiseks:<\/strong><\/p>\r\n<p><a href=\"https:\/\/www.abcya.com\/games\/comparing_number_values_jr\">https:\/\/www.abcya.com\/games\/comparing_number_values_jr<\/a>&nbsp;<br \/>\r\n<br \/>\r\n<br \/>\r\n<\/p>\r\n<p> <iframe loading=\"lazy\" title=\"YouTube video player\" src=\"https:\/\/www.youtube.com\/embed\/M6Efzu2slaI?si=jvc7-G_FuvW3XRam\" width=\"560\" height=\"315\" frameborder=\"0\" allowfullscreen=\"allowfullscreen\" data-mce-fragment=\"1\"><\/iframe><\/p>\r\n","protected":false},"excerpt":{"rendered":"<p>Suurem kui Suurem kui t\u00e4hendab, et \u00fcks arv on suurem kui teine arv.. Suurem kui&nbsp; t\u00e4histatakse s\u00fcmboliga \u201c&gt;&#8220;. N\u00e4ide:&nbsp; 8 &gt; 2, see kirjutis t\u00e4hendab, et 8 on suurem kui&nbsp; 2. M\u00e4ng v\u00f5rdlemise harjutamiseks: https:\/\/www.abcya.com\/games\/comparing_number_values_jr&nbsp; [&#8230;]<\/p>\n<p><a class=\"btn btn-secondary understrap-read-more-link\" href=\"https:\/\/domath.surju.ee\/et\/suurem-kui\/\">Read More&#8230;<span class=\"screen-reader-text\"> from Suurem kui<\/span><\/a><\/p>\n","protected":false},"author":8,"featured_media":0,"parent":0,"menu_order":0,"comment_status":"closed","ping_status":"closed","template":"","meta":{"_eb_attr":"","_uag_custom_page_level_css":"","footnotes":""},"categories":[],"tags":[69,117,145,78],"class_list":["post-486","page","type-page","status-publish","hentry","tag-english-g","tag-estonian-s","tag-greek-mu","tag-spanish-m"],"uagb_featured_image_src":{"full":false,"thumbnail":false,"medium":false,"medium_large":false,"large":false,"1536x1536":false,"2048x2048":false,"menu-24x24":false,"menu-36x36":false,"menu-48x48":false},"uagb_author_info":{"display_name":"Silvia Herrera","author_link":"https:\/\/domath.surju.ee\/et\/author\/silvia\/"},"uagb_comment_info":0,"uagb_excerpt":"Suurem kui Suurem kui t\u00e4hendab, et \u00fcks arv on suurem kui teine arv.. Suurem kui&nbsp; t\u00e4histatakse s\u00fcmboliga \u201c&gt;&#8220;. N\u00e4ide:&nbsp; 8 &gt; 2, see kirjutis t\u00e4hendab, et 8 on suurem kui&nbsp; 2. M\u00e4ng v\u00f5rdlemise harjutamiseks: https:\/\/www.abcya.com\/games\/comparing_number_values_jr&nbsp; [...]Read More... from Suurem kui","_links":{"self":[{"href":"https:\/\/domath.surju.ee\/et\/wp-json\/wp\/v2\/pages\/486","targetHints":{"allow":["GET"]}}],"collection":[{"href":"https:\/\/domath.surju.ee\/et\/wp-json\/wp\/v2\/pages"}],"about":[{"href":"https:\/\/domath.surju.ee\/et\/wp-json\/wp\/v2\/types\/page"}],"author":[{"embeddable":true,"href":"https:\/\/domath.surju.ee\/et\/wp-json\/wp\/v2\/users\/8"}],"replies":[{"embeddable":true,"href":"https:\/\/domath.surju.ee\/et\/wp-json\/wp\/v2\/comments?post=486"}],"version-history":[{"count":5,"href":"https:\/\/domath.surju.ee\/et\/wp-json\/wp\/v2\/pages\/486\/revisions"}],"predecessor-version":[{"id":5099,"href":"https:\/\/domath.surju.ee\/et\/wp-json\/wp\/v2\/pages\/486\/revisions\/5099"}],"wp:attachment":[{"href":"https:\/\/domath.surju.ee\/et\/wp-json\/wp\/v2\/media?parent=486"}],"wp:term":[{"taxonomy":"category","embeddable":true,"href":"https:\/\/domath.surju.ee\/et\/wp-json\/wp\/v2\/categories?post=486"},{"taxonomy":"post_tag","embeddable":true,"href":"https:\/\/domath.surju.ee\/et\/wp-json\/wp\/v2\/tags?post=486"}],"curies":[{"name":"wp","href":"https:\/\/api.w.org\/{rel}","templated":true}]}}