{"id":467,"date":"2023-10-26T08:51:20","date_gmt":"2023-10-26T08:51:20","guid":{"rendered":"https:\/\/domath.surju.ee\/?page_id=467"},"modified":"2024-12-27T22:59:19","modified_gmt":"2024-12-27T22:59:19","slug":"graph","status":"publish","type":"page","link":"https:\/\/domath.surju.ee\/et\/diagramm\/","title":{"rendered":"Diagramm"},"content":{"rendered":"\r\n<p>&nbsp;<\/p>\r\n\r\n<h1 style=\"text-align: center;\"><span style=\"color: #008000;\"><strong>Diagramm<\/strong><\/span><\/h1>\r\n\r\n<p><b><span style=\"color: #ff0000;\">Diagramm<\/span> on arvjoonis, millel kujutatakse arve kujundite abil. <br \/>\r\n<\/b>Diagrammid v\u00f5ivad olla v\u00e4ga mitmesugused.<b><br \/>\r\n<span style=\"color: #0000ff;\">N\u00e4iteks<\/span><\/b> diagrammi kujunditeks v\u00f5ivad olla l\u00f5igud , tulbad (tulpdiagrammid), ringi sektorid&nbsp; (sektordiagrammid) jne.&nbsp;<br \/>\r\n<br \/>\r\n<strong>Sirgl\u00f5ikdiagramm<\/strong><br \/>\r\nArvandmete kujutamiseks kasutatakse l\u00f5ike.<br \/>\r\n<img loading=\"lazy\" decoding=\"async\" class=\"alignnone size-medium wp-image-4697\" src=\"https:\/\/domath.surju.ee\/wp-content\/uploads\/2024\/11\/joonis1a-300x174.jpg\" alt=\"\" width=\"300\" height=\"174\" srcset=\"https:\/\/domath.surju.ee\/wp-content\/uploads\/2024\/11\/joonis1a-300x174.jpg 300w, https:\/\/domath.surju.ee\/wp-content\/uploads\/2024\/11\/joonis1a-24x14.jpg 24w, https:\/\/domath.surju.ee\/wp-content\/uploads\/2024\/11\/joonis1a-36x21.jpg 36w, https:\/\/domath.surju.ee\/wp-content\/uploads\/2024\/11\/joonis1a-48x28.jpg 48w, https:\/\/domath.surju.ee\/wp-content\/uploads\/2024\/11\/joonis1a.jpg 370w\" sizes=\"auto, (max-width: 300px) 100vw, 300px\" \/><br \/>\r\n<a href=\"https:\/\/www.real.edu.ee\/matemaatika\/\">https:\/\/www.real.edu.ee\/matemaatika\/<\/a><br \/>\r\n<br \/>\r\n<strong>Tulpdiagrammid<\/strong><br \/>\r\nArve kujutatakse tulpadena.&nbsp;<br \/>\r\n<img loading=\"lazy\" decoding=\"async\" class=\"alignnone size-medium wp-image-4698\" src=\"https:\/\/domath.surju.ee\/wp-content\/uploads\/2024\/11\/Number-of-students-vs-Marks--300x186.png\" alt=\"\" width=\"300\" height=\"186\" srcset=\"https:\/\/domath.surju.ee\/wp-content\/uploads\/2024\/11\/Number-of-students-vs-Marks--300x186.png 300w, https:\/\/domath.surju.ee\/wp-content\/uploads\/2024\/11\/Number-of-students-vs-Marks--24x15.png 24w, https:\/\/domath.surju.ee\/wp-content\/uploads\/2024\/11\/Number-of-students-vs-Marks--36x22.png 36w, https:\/\/domath.surju.ee\/wp-content\/uploads\/2024\/11\/Number-of-students-vs-Marks--48x30.png 48w, https:\/\/domath.surju.ee\/wp-content\/uploads\/2024\/11\/Number-of-students-vs-Marks-.png 386w\" sizes=\"auto, (max-width: 300px) 100vw, 300px\" \/><br \/>\r\n<strong>Sektordiagramm.<\/strong><br \/>\r\nArve kujutavad ringi sektorid.&nbsp;<br \/>\r\n<img loading=\"lazy\" decoding=\"async\" class=\"alignnone size-full wp-image-4702\" src=\"https:\/\/domath.surju.ee\/wp-content\/uploads\/2024\/11\/Marks-1.png\" alt=\"\" width=\"282\" height=\"175\" srcset=\"https:\/\/domath.surju.ee\/wp-content\/uploads\/2024\/11\/Marks-1.png 282w, https:\/\/domath.surju.ee\/wp-content\/uploads\/2024\/11\/Marks-1-24x15.png 24w, https:\/\/domath.surju.ee\/wp-content\/uploads\/2024\/11\/Marks-1-36x22.png 36w, https:\/\/domath.surju.ee\/wp-content\/uploads\/2024\/11\/Marks-1-48x30.png 48w\" sizes=\"auto, (max-width: 282px) 100vw, 282px\" \/><br \/>\r\n<img loading=\"lazy\" decoding=\"async\" class=\"alignnone size-medium wp-image-4701\" src=\"https:\/\/domath.surju.ee\/wp-content\/uploads\/2024\/11\/Pilt1-300x180.png\" alt=\"\" width=\"300\" height=\"180\" srcset=\"https:\/\/domath.surju.ee\/wp-content\/uploads\/2024\/11\/Pilt1-300x180.png 300w, https:\/\/domath.surju.ee\/wp-content\/uploads\/2024\/11\/Pilt1-1024x615.png 1024w, https:\/\/domath.surju.ee\/wp-content\/uploads\/2024\/11\/Pilt1-768x461.png 768w, https:\/\/domath.surju.ee\/wp-content\/uploads\/2024\/11\/Pilt1-1536x923.png 1536w, https:\/\/domath.surju.ee\/wp-content\/uploads\/2024\/11\/Pilt1-24x14.png 24w, https:\/\/domath.surju.ee\/wp-content\/uploads\/2024\/11\/Pilt1-36x22.png 36w, https:\/\/domath.surju.ee\/wp-content\/uploads\/2024\/11\/Pilt1-48x29.png 48w, https:\/\/domath.surju.ee\/wp-content\/uploads\/2024\/11\/Pilt1.png 1653w\" sizes=\"auto, (max-width: 300px) 100vw, 300px\" \/><\/p>\r\n<p>Siin on m\u00f5ned m\u00e4ngud diagrammide kohta.<\/p>\r\n<p><a href=\"https:\/\/www.mathgames.com\/graphing\">&nbsp; &nbsp;https:\/\/www.mathgames.com\/graphing<\/a>&nbsp;<\/p>\r\n\r\n\r\n<p><img loading=\"lazy\" decoding=\"async\" class=\"alignnone size-medium wp-image-1908\" src=\"https:\/\/domath.surju.ee\/wp-content\/uploads\/2024\/04\/Infographics_004-300x300.jpg\" alt=\"\" width=\"300\" height=\"300\" srcset=\"https:\/\/domath.surju.ee\/wp-content\/uploads\/2024\/04\/Infographics_004-300x300.jpg 300w, https:\/\/domath.surju.ee\/wp-content\/uploads\/2024\/04\/Infographics_004-1024x1024.jpg 1024w, https:\/\/domath.surju.ee\/wp-content\/uploads\/2024\/04\/Infographics_004-150x150.jpg 150w, https:\/\/domath.surju.ee\/wp-content\/uploads\/2024\/04\/Infographics_004-768x768.jpg 768w, https:\/\/domath.surju.ee\/wp-content\/uploads\/2024\/04\/Infographics_004-1536x1536.jpg 1536w, https:\/\/domath.surju.ee\/wp-content\/uploads\/2024\/04\/Infographics_004-2048x2048.jpg 2048w, https:\/\/domath.surju.ee\/wp-content\/uploads\/2024\/04\/Infographics_004-24x24.jpg 24w, https:\/\/domath.surju.ee\/wp-content\/uploads\/2024\/04\/Infographics_004-36x36.jpg 36w, https:\/\/domath.surju.ee\/wp-content\/uploads\/2024\/04\/Infographics_004-48x48.jpg 48w\" sizes=\"auto, (max-width: 300px) 100vw, 300px\" \/><\/p>\r\n","protected":false},"excerpt":{"rendered":"<p>&nbsp; Diagramm Diagramm on arvjoonis, millel kujutatakse arve kujundite abil. Diagrammid v\u00f5ivad olla v\u00e4ga mitmesugused. N\u00e4iteks diagrammi kujunditeks v\u00f5ivad olla l\u00f5igud , tulbad (tulpdiagrammid), ringi sektorid&nbsp; (sektordiagrammid) jne.&nbsp; Sirgl\u00f5ikdiagramm Arvandmete kujutamiseks kasutatakse l\u00f5ike. https:\/\/www.real.edu.ee\/matemaatika\/ Tulpdiagrammid Arve kujutatakse tulpadena.&nbsp; Sektordiagramm. Arve kujutavad ringi sektorid.&nbsp; Siin on m\u00f5ned m\u00e4ngud diagrammide kohta. &nbsp; &nbsp;https:\/\/www.mathgames.com\/graphing&nbsp; [&#8230;]<\/p>\n<p><a class=\"btn btn-secondary understrap-read-more-link\" href=\"https:\/\/domath.surju.ee\/et\/diagramm\/\">Read More&#8230;<span class=\"screen-reader-text\"> from Diagramm<\/span><\/a><\/p>\n","protected":false},"author":8,"featured_media":0,"parent":0,"menu_order":0,"comment_status":"closed","ping_status":"closed","template":"","meta":{"_eb_attr":"","_uag_custom_page_level_css":"","footnotes":""},"categories":[],"tags":[69,108,140,75],"class_list":["post-467","page","type-page","status-publish","hentry","tag-english-g","tag-estonian-d","tag-greek-gamma","tag-spanish-g"],"uagb_featured_image_src":{"full":false,"thumbnail":false,"medium":false,"medium_large":false,"large":false,"1536x1536":false,"2048x2048":false,"menu-24x24":false,"menu-36x36":false,"menu-48x48":false},"uagb_author_info":{"display_name":"Silvia Herrera","author_link":"https:\/\/domath.surju.ee\/et\/author\/silvia\/"},"uagb_comment_info":0,"uagb_excerpt":"&nbsp; Diagramm Diagramm on arvjoonis, millel kujutatakse arve kujundite abil. Diagrammid v\u00f5ivad olla v\u00e4ga mitmesugused. N\u00e4iteks diagrammi kujunditeks v\u00f5ivad olla l\u00f5igud , tulbad (tulpdiagrammid), ringi sektorid&nbsp; (sektordiagrammid) jne.&nbsp; Sirgl\u00f5ikdiagramm Arvandmete kujutamiseks kasutatakse l\u00f5ike. https:\/\/www.real.edu.ee\/matemaatika\/ Tulpdiagrammid Arve kujutatakse tulpadena.&nbsp; Sektordiagramm. Arve kujutavad ringi sektorid.&nbsp; Siin on m\u00f5ned m\u00e4ngud diagrammide kohta. &nbsp; &nbsp;https:\/\/www.mathgames.com\/graphing&nbsp; [...]Read More... from Diagramm","_links":{"self":[{"href":"https:\/\/domath.surju.ee\/et\/wp-json\/wp\/v2\/pages\/467","targetHints":{"allow":["GET"]}}],"collection":[{"href":"https:\/\/domath.surju.ee\/et\/wp-json\/wp\/v2\/pages"}],"about":[{"href":"https:\/\/domath.surju.ee\/et\/wp-json\/wp\/v2\/types\/page"}],"author":[{"embeddable":true,"href":"https:\/\/domath.surju.ee\/et\/wp-json\/wp\/v2\/users\/8"}],"replies":[{"embeddable":true,"href":"https:\/\/domath.surju.ee\/et\/wp-json\/wp\/v2\/comments?post=467"}],"version-history":[{"count":4,"href":"https:\/\/domath.surju.ee\/et\/wp-json\/wp\/v2\/pages\/467\/revisions"}],"predecessor-version":[{"id":4085,"href":"https:\/\/domath.surju.ee\/et\/wp-json\/wp\/v2\/pages\/467\/revisions\/4085"}],"wp:attachment":[{"href":"https:\/\/domath.surju.ee\/et\/wp-json\/wp\/v2\/media?parent=467"}],"wp:term":[{"taxonomy":"category","embeddable":true,"href":"https:\/\/domath.surju.ee\/et\/wp-json\/wp\/v2\/categories?post=467"},{"taxonomy":"post_tag","embeddable":true,"href":"https:\/\/domath.surju.ee\/et\/wp-json\/wp\/v2\/tags?post=467"}],"curies":[{"name":"wp","href":"https:\/\/api.w.org\/{rel}","templated":true}]}}