{"id":4618,"date":"2024-11-19T18:18:25","date_gmt":"2024-11-19T18:18:25","guid":{"rendered":"https:\/\/domath.surju.ee\/?page_id=4618"},"modified":"2024-12-30T20:13:27","modified_gmt":"2024-12-30T20:13:27","slug":"quarter","status":"publish","type":"page","link":"https:\/\/domath.surju.ee\/et\/veerand\/","title":{"rendered":"Veerand "},"content":{"rendered":"<h1 style=\"text-align: center;\"><strong><span style=\"color: #008000;\">Veerand<\/span><\/strong><\/h1>\r\n<br \/>\r\n\r\n<p>Kui jaotada tervik neljaks v\u00f5rdseks osaks, siis \u00fchte osa nimetatakse <strong>veerandiks.<br \/>\r\n<span style=\"color: #ff0000;\">Veerand<\/span><\/strong> on \u00fcks neljandik. \u00dcks terve koosneb neljast <strong>veerandist.<\/strong> &nbsp;<\/p>\r\n\r\n\r\n<div class=\"wp-block-gutenverse-image guten-element guten-image guten-sHNwt4\">\r\n<div class=\"guten-image-wrapper\"><img loading=\"lazy\" decoding=\"async\" class=\"gutenverse-image-box-filled\" src=\"https:\/\/domath.surju.ee\/wp-content\/uploads\/2024\/01\/image.png\" width=\"100\" height=\"100\" \/><\/div>\r\n<\/div>\r\n\r\n\r\n<p>Veerandi leidmiseks arvust tuleb arv jagada neljaga. Veerand kirjutatakse numbritega <strong>1\/4<\/strong>.<\/p>\r\n\r\n\r\n<div class=\"wp-block-gutenverse-image guten-element guten-image guten-Mm0vWj\">\r\n<div class=\"guten-image-wrapper\"><img loading=\"lazy\" decoding=\"async\" class=\"gutenverse-image-box-filled\" src=\"https:\/\/domath.surju.ee\/wp-content\/uploads\/2024\/09\/quarter-image-3-e1731786374641.gif\" width=\"100\" height=\"131\" \/><\/div>\r\n<\/div>\r\n\r\n\r\n<p class=\"has-indigo-color has-text-color has-link-color wp-elements-e8984cb2352a0bae1e5044b3e972aac8\"><br \/>\r\n<span style=\"color: #0000ff;\"><strong>N\u00e4ited:&nbsp;<\/strong><\/span><\/p>\r\n\r\n\r\n<p>Aastas on 4 aastaaega. Iga aastaaeg on&nbsp; 1\/4 aastast.&nbsp;<\/p>\r\n\r\n\r\n<div class=\"wp-block-gutenverse-image guten-element guten-image guten-2jQJC3\">\r\n<div class=\"guten-image-wrapper\"><img loading=\"lazy\" decoding=\"async\" class=\"gutenverse-image-box-filled\" src=\"https:\/\/domath.surju.ee\/wp-content\/uploads\/2024\/09\/c34d3ffa72177a0691e2e857af65ddfa-e1731786814281.jpg\" width=\"300\" height=\"300\" \/><\/div>\r\n<\/div>\r\n\r\n\r\n<p>Tund on jaotatud neljaks veerandiks. <br \/>\r\nTerve tund on 60 minutit. <br \/>\r\nVeerand tundi on 15 minutit. <br \/>\r\nKolmveerand tundi on 45 minutit.&nbsp;<\/p>\r\n\r\n\r\n<div class=\"wp-block-gutenverse-image guten-element guten-image guten-yzZuBn\">\r\n<div class=\"guten-image-wrapper\"><img loading=\"lazy\" decoding=\"async\" class=\"gutenverse-image-box-filled\" src=\"https:\/\/domath.surju.ee\/wp-content\/uploads\/2024\/09\/quater-6-e1731787039258.webp\" width=\"200\" height=\"145\" \/><\/div>\r\n<\/div>\r\n\r\n\r\n<p>&nbsp;<\/p>\r\n","protected":false},"excerpt":{"rendered":"<p>Veerand Kui jaotada tervik neljaks v\u00f5rdseks osaks, siis \u00fchte osa nimetatakse veerandiks. Veerand on \u00fcks neljandik. \u00dcks terve koosneb neljast veerandist. &nbsp; Veerandi leidmiseks arvust tuleb arv jagada neljaga. Veerand kirjutatakse numbritega 1\/4. N\u00e4ited:&nbsp; Aastas on 4 aastaaega. Iga aastaaeg on&nbsp; 1\/4 aastast.&nbsp; Tund on jaotatud neljaks veerandiks. Terve tund on 60 minutit. Veerand tundi [&#8230;]<\/p>\n<p><a class=\"btn btn-secondary understrap-read-more-link\" href=\"https:\/\/domath.surju.ee\/et\/veerand\/\">Read More&#8230;<span class=\"screen-reader-text\"> from Veerand <\/span><\/a><\/p>\n","protected":false},"author":14,"featured_media":0,"parent":0,"menu_order":0,"comment_status":"closed","ping_status":"closed","template":"","meta":{"_eb_attr":"","_uag_custom_page_level_css":"","footnotes":""},"categories":[],"tags":[101,119,151],"class_list":["post-4618","page","type-page","status-publish","hentry","tag-english-q","tag-estonian-v","tag-greek-tau"],"uagb_featured_image_src":{"full":false,"thumbnail":false,"medium":false,"medium_large":false,"large":false,"1536x1536":false,"2048x2048":false,"menu-24x24":false,"menu-36x36":false,"menu-48x48":false},"uagb_author_info":{"display_name":"Maria Tsiligkiri","author_link":"https:\/\/domath.surju.ee\/et\/author\/mariaki\/"},"uagb_comment_info":0,"uagb_excerpt":"Veerand Kui jaotada tervik neljaks v\u00f5rdseks osaks, siis \u00fchte osa nimetatakse veerandiks. Veerand on \u00fcks neljandik. \u00dcks terve koosneb neljast veerandist. &nbsp; Veerandi leidmiseks arvust tuleb arv jagada neljaga. Veerand kirjutatakse numbritega 1\/4. N\u00e4ited:&nbsp; Aastas on 4 aastaaega. Iga aastaaeg on&nbsp; 1\/4 aastast.&nbsp; Tund on jaotatud neljaks veerandiks. Terve tund on 60 minutit. Veerand tundi&hellip;","_links":{"self":[{"href":"https:\/\/domath.surju.ee\/et\/wp-json\/wp\/v2\/pages\/4618","targetHints":{"allow":["GET"]}}],"collection":[{"href":"https:\/\/domath.surju.ee\/et\/wp-json\/wp\/v2\/pages"}],"about":[{"href":"https:\/\/domath.surju.ee\/et\/wp-json\/wp\/v2\/types\/page"}],"author":[{"embeddable":true,"href":"https:\/\/domath.surju.ee\/et\/wp-json\/wp\/v2\/users\/14"}],"replies":[{"embeddable":true,"href":"https:\/\/domath.surju.ee\/et\/wp-json\/wp\/v2\/comments?post=4618"}],"version-history":[{"count":4,"href":"https:\/\/domath.surju.ee\/et\/wp-json\/wp\/v2\/pages\/4618\/revisions"}],"predecessor-version":[{"id":4779,"href":"https:\/\/domath.surju.ee\/et\/wp-json\/wp\/v2\/pages\/4618\/revisions\/4779"}],"wp:attachment":[{"href":"https:\/\/domath.surju.ee\/et\/wp-json\/wp\/v2\/media?parent=4618"}],"wp:term":[{"taxonomy":"category","embeddable":true,"href":"https:\/\/domath.surju.ee\/et\/wp-json\/wp\/v2\/categories?post=4618"},{"taxonomy":"post_tag","embeddable":true,"href":"https:\/\/domath.surju.ee\/et\/wp-json\/wp\/v2\/tags?post=4618"}],"curies":[{"name":"wp","href":"https:\/\/api.w.org\/{rel}","templated":true}]}}