{"id":4584,"date":"2024-11-16T21:00:10","date_gmt":"2024-11-16T21:00:10","guid":{"rendered":"https:\/\/domath.surju.ee\/?page_id=4584"},"modified":"2024-12-30T20:14:48","modified_gmt":"2024-12-30T20:14:48","slug":"quotient","status":"publish","type":"page","link":"https:\/\/domath.surju.ee\/et\/jagatis\/","title":{"rendered":"Jagatis"},"content":{"rendered":"<h1 style=\"text-align: center;\"><strong><span style=\"color: #008000;\">Jagatis<\/span><\/strong><\/h1>\r\n<span style=\"color: #ff0000;\"><strong><br \/>\r\nJagatis<\/strong><\/span> on jagamistehte tulemus.&nbsp;<br \/>\r\nN\u00e4iteks jagamistehte 10 : 5 puhul on <strong>jagatis<\/strong> 2.&nbsp;<br \/>\r\n(10 on jagatav ja 5 on jagaja.)<br \/>\r\n<img loading=\"lazy\" decoding=\"async\" class=\"alignnone size-medium wp-image-5259\" src=\"https:\/\/domath.surju.ee\/wp-content\/uploads\/2024\/12\/jagatis-300x161.png\" alt=\"\" width=\"300\" height=\"161\" srcset=\"https:\/\/domath.surju.ee\/wp-content\/uploads\/2024\/12\/jagatis-300x161.png 300w, https:\/\/domath.surju.ee\/wp-content\/uploads\/2024\/12\/jagatis-24x13.png 24w, https:\/\/domath.surju.ee\/wp-content\/uploads\/2024\/12\/jagatis-36x19.png 36w, https:\/\/domath.surju.ee\/wp-content\/uploads\/2024\/12\/jagatis-48x26.png 48w, https:\/\/domath.surju.ee\/wp-content\/uploads\/2024\/12\/jagatis.png 393w\" sizes=\"auto, (max-width: 300px) 100vw, 300px\" \/><!-- \/wp:post-content -->\r\n<!-- wp:paragraph {\"style\":{\"elements\":{\"link\":{\"color\":{\"text\":\"var:preset|color|indigo\"}}}},\"textColor\":\"indigo\"} -->\r\n<p class=\"has-indigo-color has-text-color has-link-color\">&nbsp;<\/p>\r\n<!-- \/wp:paragraph -->\r\n<!-- wp:list -->\r\n<ul class=\"wp-block-list\"><!-- wp:list-item -->\r\n\t<li>Kui arv jagub teise arvuga t\u00e4pselt, on jagatiseks t\u00e4isarv.&nbsp;<\/li>\r\n<!-- \/wp:list-item --><\/ul>\r\n<!-- \/wp:list -->\r\n<!-- wp:paragraph -->\r\n<p><strong><span style=\"color: #0000ff;\">N\u00e4iteks<\/span><\/strong> 20 \u00f7 5 = 4&nbsp;<\/p>\r\n<!-- \/wp:paragraph -->\r\n<!-- wp:list -->\r\n<ul class=\"wp-block-list\"><!-- wp:list-item -->\r\n\t<li>Kui arv ei jagu t\u00e4pselt teise arvuga, siis jagatis ei ole t\u00e4isarv.&nbsp;<\/li>\r\n<!-- \/wp:list-item --><\/ul>\r\n<!-- \/wp:list -->\r\n<!-- wp:paragraph -->\r\n<p><strong><span style=\"color: #0000ff;\">N\u00e4iteks<\/span><\/strong> 19 \u00f7 2 = 8,5 (vastuseks on k\u00fcmnendmurd)<\/p>\r\n<!-- \/wp:paragraph -->\r\n<!-- wp:gutenverse\/image {\"elementId\":\"guten-vjE3nZ\",\"imgSrc\":{\"media\":{\"imageId\":4585,\"sizes\":{\"thumbnail\":{\"height\":150,\"width\":150,\"url\":\"https:\/\/domath.surju.ee\/wp-content\/uploads\/2024\/11\/quotient-150x150.jpg\",\"orientation\":\"landscape\"},\"medium\":{\"height\":169,\"width\":300,\"url\":\"https:\/\/domath.surju.ee\/wp-content\/uploads\/2024\/11\/quotient-300x169.jpg\",\"orientation\":\"landscape\"},\"large\":{\"height\":360,\"width\":640,\"url\":\"https:\/\/domath.surju.ee\/wp-content\/uploads\/2024\/11\/quotient-1024x576.jpg\",\"orientation\":\"landscape\"},\"full\":{\"url\":\"https:\/\/domath.surju.ee\/wp-content\/uploads\/2024\/11\/quotient-e1731790767282.jpg\",\"height\":250,\"width\":444,\"orientation\":\"landscape\"}}},\"size\":\"full\"},\"altOriginal\":\"\",\"captionOriginal\":\"\"} -->\r\n<div class=\"wp-block-gutenverse-image guten-element guten-image guten-vjE3nZ\">\r\n<div class=\"guten-image-wrapper\"><img loading=\"lazy\" decoding=\"async\" class=\"gutenverse-image-box-filled\" src=\"https:\/\/domath.surju.ee\/wp-content\/uploads\/2024\/11\/quotient-e1731790767282.jpg\" width=\"444\" height=\"250\" \/><\/div>\r\n<\/div>\r\n<!-- \/wp:gutenverse\/image -->\r\n<!-- wp:paragraph -->\r\n<p>&nbsp;<\/p>\r\n<!-- \/wp:paragraph -->","protected":false},"excerpt":{"rendered":"<p>Jagatis Jagatis on jagamistehte tulemus.&nbsp; N\u00e4iteks jagamistehte 10 : 5 puhul on jagatis 2.&nbsp; (10 on jagatav ja 5 on jagaja.) &nbsp; Kui arv jagub teise arvuga t\u00e4pselt, on jagatiseks t\u00e4isarv.&nbsp; N\u00e4iteks 20 \u00f7 5 = 4&nbsp; Kui arv ei jagu t\u00e4pselt teise arvuga, siis jagatis ei ole t\u00e4isarv.&nbsp; N\u00e4iteks 19 \u00f7 2 = 8,5 [&#8230;]<\/p>\n<p><a class=\"btn btn-secondary understrap-read-more-link\" href=\"https:\/\/domath.surju.ee\/et\/jagatis\/\">Read More&#8230;<span class=\"screen-reader-text\"> from Jagatis<\/span><\/a><\/p>\n","protected":false},"author":14,"featured_media":0,"parent":0,"menu_order":0,"comment_status":"closed","ping_status":"closed","template":"","meta":{"_eb_attr":"","_uag_custom_page_level_css":"","footnotes":""},"categories":[],"tags":[101,5,63],"class_list":["post-4584","page","type-page","status-publish","hentry","tag-english-q","tag-estonian-j","tag-greek-pi"],"uagb_featured_image_src":{"full":false,"thumbnail":false,"medium":false,"medium_large":false,"large":false,"1536x1536":false,"2048x2048":false,"menu-24x24":false,"menu-36x36":false,"menu-48x48":false},"uagb_author_info":{"display_name":"Maria Tsiligkiri","author_link":"https:\/\/domath.surju.ee\/et\/author\/mariaki\/"},"uagb_comment_info":0,"uagb_excerpt":"Jagatis Jagatis on jagamistehte tulemus.&nbsp; N\u00e4iteks jagamistehte 10 : 5 puhul on jagatis 2.&nbsp; (10 on jagatav ja 5 on jagaja.) &nbsp; Kui arv jagub teise arvuga t\u00e4pselt, on jagatiseks t\u00e4isarv.&nbsp; N\u00e4iteks 20 \u00f7 5 = 4&nbsp; Kui arv ei jagu t\u00e4pselt teise arvuga, siis jagatis ei ole t\u00e4isarv.&nbsp; N\u00e4iteks 19 \u00f7 2 = 8,5&hellip;","_links":{"self":[{"href":"https:\/\/domath.surju.ee\/et\/wp-json\/wp\/v2\/pages\/4584","targetHints":{"allow":["GET"]}}],"collection":[{"href":"https:\/\/domath.surju.ee\/et\/wp-json\/wp\/v2\/pages"}],"about":[{"href":"https:\/\/domath.surju.ee\/et\/wp-json\/wp\/v2\/types\/page"}],"author":[{"embeddable":true,"href":"https:\/\/domath.surju.ee\/et\/wp-json\/wp\/v2\/users\/14"}],"replies":[{"embeddable":true,"href":"https:\/\/domath.surju.ee\/et\/wp-json\/wp\/v2\/comments?post=4584"}],"version-history":[{"count":3,"href":"https:\/\/domath.surju.ee\/et\/wp-json\/wp\/v2\/pages\/4584\/revisions"}],"predecessor-version":[{"id":4780,"href":"https:\/\/domath.surju.ee\/et\/wp-json\/wp\/v2\/pages\/4584\/revisions\/4780"}],"wp:attachment":[{"href":"https:\/\/domath.surju.ee\/et\/wp-json\/wp\/v2\/media?parent=4584"}],"wp:term":[{"taxonomy":"category","embeddable":true,"href":"https:\/\/domath.surju.ee\/et\/wp-json\/wp\/v2\/categories?post=4584"},{"taxonomy":"post_tag","embeddable":true,"href":"https:\/\/domath.surju.ee\/et\/wp-json\/wp\/v2\/tags?post=4584"}],"curies":[{"name":"wp","href":"https:\/\/api.w.org\/{rel}","templated":true}]}}