{"id":453,"date":"2023-10-26T08:48:25","date_gmt":"2023-10-26T08:48:25","guid":{"rendered":"https:\/\/domath.surju.ee\/?page_id=453"},"modified":"2024-12-27T22:50:37","modified_gmt":"2024-12-27T22:50:37","slug":"geometry","status":"publish","type":"page","link":"https:\/\/domath.surju.ee\/et\/geomeetria\/","title":{"rendered":"Geomeetria"},"content":{"rendered":"\r\n<h1 style=\"text-align: center;\"><span style=\"color: #008000;\"><strong>Geomeetria<\/strong><\/span><\/h1>\r\n<p><b>Geomeetria <\/b>on matemaatika haru, mis uurib geomeetrilisi kujundeid ja nende omadusi.<\/p>\r\n<p><br \/>\r\n<span style=\"color: #ff0000;\"><strong><span style=\"color: #0000ff;\">N\u00e4iteks <\/span>tasapinnalised geomeetrilised kujundid<\/strong><\/span> (2D) on sirge, punkt, nurk, ristk\u00fclik, ruut, ring, kolmnurk, hulknurk, romb, r\u00f6\u00f6pk\u00fclik, trapets jne.<br \/>\r\n<img loading=\"lazy\" decoding=\"async\" class=\"alignnone  wp-image-4695\" src=\"https:\/\/domath.surju.ee\/wp-content\/uploads\/2024\/11\/tasapinnalised-300x210.jpg\" alt=\"\" width=\"269\" height=\"188\" srcset=\"https:\/\/domath.surju.ee\/wp-content\/uploads\/2024\/11\/tasapinnalised-300x210.jpg 300w, https:\/\/domath.surju.ee\/wp-content\/uploads\/2024\/11\/tasapinnalised-24x17.jpg 24w, https:\/\/domath.surju.ee\/wp-content\/uploads\/2024\/11\/tasapinnalised-36x25.jpg 36w, https:\/\/domath.surju.ee\/wp-content\/uploads\/2024\/11\/tasapinnalised-48x34.jpg 48w, https:\/\/domath.surju.ee\/wp-content\/uploads\/2024\/11\/tasapinnalised.jpg 490w\" sizes=\"auto, (max-width: 269px) 100vw, 269px\" \/><br \/>\r\n<a href=\"https:\/\/www.real.edu.ee\/matemaatika\/sisu\/0030\/index.html\">https:\/\/www.real.edu.ee\/matemaatika\/sisu\/0030\/index.html<\/a><br \/>\r\n<br \/>\r\n<strong><span style=\"color: #ff0000;\"><span style=\"color: #0000ff;\">N\u00e4iteks<\/span> ruumilised geomeetrilised kujundid<\/span><\/strong>(3D) on koonus,silinder risttahukas, kuup, kera, prisma, p\u00fcramiid.<br \/>\r\n<img loading=\"lazy\" decoding=\"async\" class=\"alignnone  wp-image-4696\" src=\"https:\/\/domath.surju.ee\/wp-content\/uploads\/2024\/11\/ruumilised-300x300.jpg\" alt=\"\" width=\"213\" height=\"213\" srcset=\"https:\/\/domath.surju.ee\/wp-content\/uploads\/2024\/11\/ruumilised-300x300.jpg 300w, https:\/\/domath.surju.ee\/wp-content\/uploads\/2024\/11\/ruumilised-150x150.jpg 150w, https:\/\/domath.surju.ee\/wp-content\/uploads\/2024\/11\/ruumilised-24x24.jpg 24w, https:\/\/domath.surju.ee\/wp-content\/uploads\/2024\/11\/ruumilised-36x36.jpg 36w, https:\/\/domath.surju.ee\/wp-content\/uploads\/2024\/11\/ruumilised-48x48.jpg 48w, https:\/\/domath.surju.ee\/wp-content\/uploads\/2024\/11\/ruumilised.jpg 333w\" sizes=\"auto, (max-width: 213px) 100vw, 213px\" \/><\/p>\r\n<p><a href=\"https:\/\/www.real.edu.ee\/matemaatika\/sisu\/0030\/index.html\">https:\/\/www.real.edu.ee\/matemaatika\/sisu\/0030\/index.html<\/a><\/p>\r\n<p><img loading=\"lazy\" decoding=\"async\" class=\"alignnone  wp-image-2151\" src=\"https:\/\/domath.surju.ee\/wp-content\/uploads\/2024\/04\/Geometry-1-300x169.png\" alt=\"\" width=\"537\" height=\"303\" srcset=\"https:\/\/domath.surju.ee\/wp-content\/uploads\/2024\/04\/Geometry-1-300x169.png 300w, https:\/\/domath.surju.ee\/wp-content\/uploads\/2024\/04\/Geometry-1-1024x576.png 1024w, https:\/\/domath.surju.ee\/wp-content\/uploads\/2024\/04\/Geometry-1-768x432.png 768w, https:\/\/domath.surju.ee\/wp-content\/uploads\/2024\/04\/Geometry-1-1536x864.png 1536w, https:\/\/domath.surju.ee\/wp-content\/uploads\/2024\/04\/Geometry-1-24x14.png 24w, https:\/\/domath.surju.ee\/wp-content\/uploads\/2024\/04\/Geometry-1-36x20.png 36w, https:\/\/domath.surju.ee\/wp-content\/uploads\/2024\/04\/Geometry-1-48x27.png 48w, https:\/\/domath.surju.ee\/wp-content\/uploads\/2024\/04\/Geometry-1.png 1920w\" sizes=\"auto, (max-width: 537px) 100vw, 537px\" \/><\/p>\r\n<p>Siin on m\u00f5ned m\u00e4ngud geomeetria kohta:<\/p>\r\n<p>Link: &nbsp;<a href=\"https:\/\/www.mathplayground.com\/index_geometry.html\">https:\/\/www.mathplayground.com\/index_geometry.html<\/a><\/p>\r\n","protected":false},"excerpt":{"rendered":"<p>Geomeetria Geomeetria on matemaatika haru, mis uurib geomeetrilisi kujundeid ja nende omadusi. N\u00e4iteks tasapinnalised geomeetrilised kujundid (2D) on sirge, punkt, nurk, ristk\u00fclik, ruut, ring, kolmnurk, hulknurk, romb, r\u00f6\u00f6pk\u00fclik, trapets jne. https:\/\/www.real.edu.ee\/matemaatika\/sisu\/0030\/index.html N\u00e4iteks ruumilised geomeetrilised kujundid(3D) on koonus,silinder risttahukas, kuup, kera, prisma, p\u00fcramiid. https:\/\/www.real.edu.ee\/matemaatika\/sisu\/0030\/index.html Siin on m\u00f5ned m\u00e4ngud geomeetria kohta: Link: &nbsp;https:\/\/www.mathplayground.com\/index_geometry.html [&#8230;]<\/p>\n<p><a class=\"btn btn-secondary understrap-read-more-link\" href=\"https:\/\/domath.surju.ee\/et\/geomeetria\/\">Read More&#8230;<span class=\"screen-reader-text\"> from Geomeetria<\/span><\/a><\/p>\n","protected":false},"author":7,"featured_media":0,"parent":0,"menu_order":0,"comment_status":"closed","ping_status":"closed","template":"","meta":{"_eb_attr":"","_uag_custom_page_level_css":"","footnotes":""},"categories":[],"tags":[69,111,140,75],"class_list":["post-453","page","type-page","status-publish","hentry","tag-english-g","tag-estonian-g","tag-greek-gamma","tag-spanish-g"],"uagb_featured_image_src":{"full":false,"thumbnail":false,"medium":false,"medium_large":false,"large":false,"1536x1536":false,"2048x2048":false,"menu-24x24":false,"menu-36x36":false,"menu-48x48":false},"uagb_author_info":{"display_name":"Yessica Caceres","author_link":"https:\/\/domath.surju.ee\/et\/author\/yessica\/"},"uagb_comment_info":0,"uagb_excerpt":"Geomeetria Geomeetria on matemaatika haru, mis uurib geomeetrilisi kujundeid ja nende omadusi. N\u00e4iteks tasapinnalised geomeetrilised kujundid (2D) on sirge, punkt, nurk, ristk\u00fclik, ruut, ring, kolmnurk, hulknurk, romb, r\u00f6\u00f6pk\u00fclik, trapets jne. https:\/\/www.real.edu.ee\/matemaatika\/sisu\/0030\/index.html N\u00e4iteks ruumilised geomeetrilised kujundid(3D) on koonus,silinder risttahukas, kuup, kera, prisma, p\u00fcramiid. https:\/\/www.real.edu.ee\/matemaatika\/sisu\/0030\/index.html Siin on m\u00f5ned m\u00e4ngud geomeetria kohta: Link: &nbsp;https:\/\/www.mathplayground.com\/index_geometry.html [...]Read More... from Geomeetria","_links":{"self":[{"href":"https:\/\/domath.surju.ee\/et\/wp-json\/wp\/v2\/pages\/453","targetHints":{"allow":["GET"]}}],"collection":[{"href":"https:\/\/domath.surju.ee\/et\/wp-json\/wp\/v2\/pages"}],"about":[{"href":"https:\/\/domath.surju.ee\/et\/wp-json\/wp\/v2\/types\/page"}],"author":[{"embeddable":true,"href":"https:\/\/domath.surju.ee\/et\/wp-json\/wp\/v2\/users\/7"}],"replies":[{"embeddable":true,"href":"https:\/\/domath.surju.ee\/et\/wp-json\/wp\/v2\/comments?post=453"}],"version-history":[{"count":6,"href":"https:\/\/domath.surju.ee\/et\/wp-json\/wp\/v2\/pages\/453\/revisions"}],"predecessor-version":[{"id":4083,"href":"https:\/\/domath.surju.ee\/et\/wp-json\/wp\/v2\/pages\/453\/revisions\/4083"}],"wp:attachment":[{"href":"https:\/\/domath.surju.ee\/et\/wp-json\/wp\/v2\/media?parent=453"}],"wp:term":[{"taxonomy":"category","embeddable":true,"href":"https:\/\/domath.surju.ee\/et\/wp-json\/wp\/v2\/categories?post=453"},{"taxonomy":"post_tag","embeddable":true,"href":"https:\/\/domath.surju.ee\/et\/wp-json\/wp\/v2\/tags?post=453"}],"curies":[{"name":"wp","href":"https:\/\/api.w.org\/{rel}","templated":true}]}}