{"id":452,"date":"2023-10-26T08:36:08","date_gmt":"2023-10-26T08:36:08","guid":{"rendered":"https:\/\/domath.surju.ee\/?page_id=452"},"modified":"2024-12-16T11:50:43","modified_gmt":"2024-12-16T11:50:43","slug":"acute-angle","status":"publish","type":"page","link":"https:\/\/domath.surju.ee\/et\/teravnurk\/","title":{"rendered":"Teravnurk"},"content":{"rendered":"<h1 style=\"text-align: center;\"><strong><span style=\"color: #008000;\">Teravnurk<\/span><\/strong><\/h1>\r\n<p><br \/>\r\n<strong><span style=\"color: #ff0000;\">Teravnurk<\/span> <\/strong>on nurk, mis on t\u00e4isnurgast v\u00e4iksem.<br \/>\r\nTeravnurk on v\u00e4iksem kui <strong><span style=\"color: #000080;\">90\u00b0.<\/span><\/strong><\/p>\r\n<div class=\"section-wrapper\" data-id=\"ySoVeF\">\r\n<section class=\"wp-block-gutenverse-section guten-element guten-section guten-ySoVeF layout-boxed align-stretch\">\r\n<div class=\"guten-container guten-column-gap-default\">\r\n<div class=\"wp-block-gutenverse-column guten-element guten-column guten-AYgMaS\">\r\n<div class=\"sticky-wrapper\" data-id=\"AYgMaS\">\r\n<div class=\"guten-column-wrapper\">\r\n<p><img loading=\"lazy\" decoding=\"async\" class=\"alignnone size-full wp-image-472\" src=\"https:\/\/domath.surju.ee\/wp-content\/uploads\/2023\/10\/acute-angle.png\" alt=\"\" width=\"288\" height=\"202\" srcset=\"https:\/\/domath.surju.ee\/wp-content\/uploads\/2023\/10\/acute-angle.png 288w, https:\/\/domath.surju.ee\/wp-content\/uploads\/2023\/10\/acute-angle-24x17.png 24w, https:\/\/domath.surju.ee\/wp-content\/uploads\/2023\/10\/acute-angle-36x25.png 36w, https:\/\/domath.surju.ee\/wp-content\/uploads\/2023\/10\/acute-angle-48x34.png 48w\" sizes=\"auto, (max-width: 288px) 100vw, 288px\" \/><\/p>\r\n<table style=\"border-collapse: collapse; width: 100%; height: 100px;\">\r\n<tbody>\r\n<tr style=\"height: 74px;\">\r\n<td style=\"width: 100%; height: 74px;\">&nbsp;<\/td>\r\n<\/tr>\r\n<tr style=\"height: 74px;\">\r\n<td style=\"width: 100%; height: 74px;\"><span style=\"color: #000080;\"><strong>\u00dclesanne.<\/strong><\/span><br \/>\r\nKasutades liugurit muuda nurga <strong>\u03b1<\/strong> suurust.<br \/>\r\nMuuda nurga asendit punktist C.<\/td>\r\n<\/tr>\r\n<\/tbody>\r\n<\/table>\r\n<!-- \/wp:post-content --><\/div>\r\n<\/div>\r\n<\/div>\r\n<!-- \/wp:gutenverse\/column -->\r\n<!-- wp:gutenverse\/column {\"width\":{\"Desktop\":64},\"elementId\":\"guten-DUEgy5\"} -->\r\n<div class=\"wp-block-gutenverse-column guten-element guten-column guten-DUEgy5\">\r\n<div class=\"guten-background-overlay\"><br \/>\r\n<br \/>\r\n<\/div>\r\n<\/div>\r\n<\/div>\r\n<\/section>\r\n<\/div>\r\n<iframe loading=\"lazy\" style=\"border: 0px;\" title=\"Teravnurk\" src=\"https:\/\/www.geogebra.org\/material\/iframe\/id\/cvssbah2\/width\/600\/height\/400\/border\/888888\/sfsb\/true\/smb\/false\/stb\/false\/stbh\/false\/ai\/false\/asb\/false\/sri\/false\/rc\/false\/ld\/false\/sdz\/false\/ctl\/false\" width=\"700px\" height=\"300px\" scrolling=\"no\"> <\/iframe>","protected":false},"excerpt":{"rendered":"<p>Teravnurk Teravnurk on nurk, mis on t\u00e4isnurgast v\u00e4iksem. Teravnurk on v\u00e4iksem kui 90\u00b0. &nbsp; \u00dclesanne. Kasutades liugurit muuda nurga \u03b1 suurust. Muuda nurga asendit punktist C. [&#8230;]<\/p>\n<p><a class=\"btn btn-secondary understrap-read-more-link\" href=\"https:\/\/domath.surju.ee\/et\/teravnurk\/\">Read More&#8230;<span class=\"screen-reader-text\"> from Teravnurk<\/span><\/a><\/p>\n","protected":false},"author":12,"featured_media":0,"parent":0,"menu_order":0,"comment_status":"closed","ping_status":"closed","template":"","meta":{"_eb_attr":"","_uag_custom_page_level_css":"","footnotes":""},"categories":[],"tags":[37,40,148,72],"class_list":["post-452","page","type-page","status-publish","hentry","tag-english-a","tag-estonian-t","tag-greek-omicron","tag-spanish-a"],"uagb_featured_image_src":{"full":false,"thumbnail":false,"medium":false,"medium_large":false,"large":false,"1536x1536":false,"2048x2048":false,"menu-24x24":false,"menu-36x36":false,"menu-48x48":false},"uagb_author_info":{"display_name":"Ave Kartau","author_link":"https:\/\/domath.surju.ee\/et\/author\/ave\/"},"uagb_comment_info":0,"uagb_excerpt":"Teravnurk Teravnurk on nurk, mis on t\u00e4isnurgast v\u00e4iksem. Teravnurk on v\u00e4iksem kui 90\u00b0. &nbsp; \u00dclesanne. Kasutades liugurit muuda nurga \u03b1 suurust. Muuda nurga asendit punktist C. [...]Read More... from Teravnurk","_links":{"self":[{"href":"https:\/\/domath.surju.ee\/et\/wp-json\/wp\/v2\/pages\/452","targetHints":{"allow":["GET"]}}],"collection":[{"href":"https:\/\/domath.surju.ee\/et\/wp-json\/wp\/v2\/pages"}],"about":[{"href":"https:\/\/domath.surju.ee\/et\/wp-json\/wp\/v2\/types\/page"}],"author":[{"embeddable":true,"href":"https:\/\/domath.surju.ee\/et\/wp-json\/wp\/v2\/users\/12"}],"replies":[{"embeddable":true,"href":"https:\/\/domath.surju.ee\/et\/wp-json\/wp\/v2\/comments?post=452"}],"version-history":[{"count":13,"href":"https:\/\/domath.surju.ee\/et\/wp-json\/wp\/v2\/pages\/452\/revisions"}],"predecessor-version":[{"id":5314,"href":"https:\/\/domath.surju.ee\/et\/wp-json\/wp\/v2\/pages\/452\/revisions\/5314"}],"wp:attachment":[{"href":"https:\/\/domath.surju.ee\/et\/wp-json\/wp\/v2\/media?parent=452"}],"wp:term":[{"taxonomy":"category","embeddable":true,"href":"https:\/\/domath.surju.ee\/et\/wp-json\/wp\/v2\/categories?post=452"},{"taxonomy":"post_tag","embeddable":true,"href":"https:\/\/domath.surju.ee\/et\/wp-json\/wp\/v2\/tags?post=452"}],"curies":[{"name":"wp","href":"https:\/\/api.w.org\/{rel}","templated":true}]}}