{"id":451,"date":"2023-10-26T08:57:59","date_gmt":"2023-10-26T08:57:59","guid":{"rendered":"https:\/\/domath.surju.ee\/?page_id=451"},"modified":"2024-12-27T22:47:50","modified_gmt":"2024-12-27T22:47:50","slug":"fraction","status":"publish","type":"page","link":"https:\/\/domath.surju.ee\/et\/harilik-murd\/","title":{"rendered":"Harilik murd"},"content":{"rendered":"\r\n<h1 style=\"text-align: center;\"><span style=\"color: #008000;\"><strong>Harilik murd<\/strong><\/span><\/h1>\r\n<p><span style=\"color: #ff0000;\"><strong>Harilik murd<\/strong>&nbsp;<\/span>on osa tervikust.<br \/>\r\n<img loading=\"lazy\" decoding=\"async\" class=\"alignnone  wp-image-5090\" src=\"https:\/\/domath.surju.ee\/wp-content\/uploads\/2024\/12\/murd-300x188.png\" alt=\"\" width=\"232\" height=\"145\" srcset=\"https:\/\/domath.surju.ee\/wp-content\/uploads\/2024\/12\/murd-300x188.png 300w, https:\/\/domath.surju.ee\/wp-content\/uploads\/2024\/12\/murd-24x15.png 24w, https:\/\/domath.surju.ee\/wp-content\/uploads\/2024\/12\/murd-36x23.png 36w, https:\/\/domath.surju.ee\/wp-content\/uploads\/2024\/12\/murd-48x30.png 48w, https:\/\/domath.surju.ee\/wp-content\/uploads\/2024\/12\/murd.png 533w\" sizes=\"auto, (max-width: 232px) 100vw, 232px\" \/><br \/>\r\n<br \/>\r\n<\/p>\r\n<p><strong><span style=\"color: #0000ff;\"><span style=\"color: #ff0000;\">Hariliku murru <span style=\"color: #008000;\">nimetaja n\u00e4itab<\/span><\/span>, <span style=\"color: #000000;\">mitmeks v\u00f5rdseks osaks on tervik jaotatud ja<\/span> <span style=\"color: #ff0000;\">lugeja n\u00e4itab<\/span> <span style=\"color: #000000;\">mitu sellist osa on v\u00f5etud.<br \/>\r\n<\/span><span style=\"color: #008000;\">Murrujoonel on jagamism\u00e4rgi t\u00e4hendus.&nbsp;<\/span><br \/>\r\n<\/span><\/strong><br \/>\r\n<strong><span style=\"color: #0000ff;\">N\u00e4ide 1:&nbsp;<br \/>\r\n<\/span><\/strong><strong>Harilik murd&nbsp; 4\/<span style=\"color: #339966;\">7<\/span>&nbsp;<\/strong> n\u00e4itab, et tervik on jagatud seitsmeks v\u00f5rdseks osaks ja&nbsp; v\u00f5etud on 4 v\u00f5rdset osa.<br \/>\r\n<br \/>\r\n<\/p>\r\n<p>\r\n<\/p>\r\n<figure class=\"wp-block-image size-full\"><img loading=\"lazy\" decoding=\"async\" width=\"849\" height=\"300\" class=\"wp-image-2814\" src=\"https:\/\/domath.surju.ee\/wp-content\/uploads\/2024\/07\/gggggggggggggggggg.png\" alt=\"\" srcset=\"https:\/\/domath.surju.ee\/wp-content\/uploads\/2024\/07\/gggggggggggggggggg.png 849w, https:\/\/domath.surju.ee\/wp-content\/uploads\/2024\/07\/gggggggggggggggggg-300x106.png 300w, https:\/\/domath.surju.ee\/wp-content\/uploads\/2024\/07\/gggggggggggggggggg-768x271.png 768w, https:\/\/domath.surju.ee\/wp-content\/uploads\/2024\/07\/gggggggggggggggggg-24x8.png 24w, https:\/\/domath.surju.ee\/wp-content\/uploads\/2024\/07\/gggggggggggggggggg-36x13.png 36w, https:\/\/domath.surju.ee\/wp-content\/uploads\/2024\/07\/gggggggggggggggggg-48x17.png 48w\" sizes=\"auto, (max-width: 849px) 100vw, 849px\" \/><\/figure>\r\n<p>\r\n<\/p>\r\n<figure class=\"wp-block-image size-full is-resized\"><img loading=\"lazy\" decoding=\"async\" width=\"609\" height=\"183\" class=\"wp-image-3559\" style=\"width: 562px; height: auto;\" src=\"https:\/\/domath.surju.ee\/wp-content\/uploads\/2024\/08\/klasmata.png\" alt=\"\" srcset=\"https:\/\/domath.surju.ee\/wp-content\/uploads\/2024\/08\/klasmata.png 609w, https:\/\/domath.surju.ee\/wp-content\/uploads\/2024\/08\/klasmata-300x90.png 300w, https:\/\/domath.surju.ee\/wp-content\/uploads\/2024\/08\/klasmata-24x7.png 24w, https:\/\/domath.surju.ee\/wp-content\/uploads\/2024\/08\/klasmata-36x11.png 36w, https:\/\/domath.surju.ee\/wp-content\/uploads\/2024\/08\/klasmata-48x14.png 48w\" sizes=\"auto, (max-width: 609px) 100vw, 609px\" \/><\/figure>\r\n<p><strong><span style=\"color: #0000ff;\">N\u00e4ide 2.&nbsp;<br \/>\r\n<img loading=\"lazy\" decoding=\"async\" class=\"alignnone  wp-image-5093\" src=\"https:\/\/domath.surju.ee\/wp-content\/uploads\/2024\/12\/2.png\" alt=\"\" width=\"129\" height=\"127\" srcset=\"https:\/\/domath.surju.ee\/wp-content\/uploads\/2024\/12\/2.png 283w, https:\/\/domath.surju.ee\/wp-content\/uploads\/2024\/12\/2-24x24.png 24w, https:\/\/domath.surju.ee\/wp-content\/uploads\/2024\/12\/2-36x36.png 36w, https:\/\/domath.surju.ee\/wp-content\/uploads\/2024\/12\/2-48x48.png 48w\" sizes=\"auto, (max-width: 129px) 100vw, 129px\" \/><br \/>\r\n<\/span><\/strong><span style=\"color: #000000;\">Kujund on jaotatud 8 v\u00f5rdseks osaks ja roheliseks on v\u00e4rvitud 5 v\u00f5rdset osa, seega <sup>5<\/sup>\/<sub>8&nbsp; &nbsp;<\/sub>on tervikust&nbsp; v\u00e4rvitud roheliseks.&nbsp;<\/span><strong><span style=\"color: #0000ff;\"><br \/>\r\n<\/span><\/strong><br \/>\r\n<strong>Lihtmurrus<\/strong> on lugeja nimetajast v\u00e4iksem.<br \/>\r\n<span style=\"color: #0000ff;\"><strong>N\u00e4ide 4. <\/strong><\/span>&nbsp;<br \/>\r\n<img loading=\"lazy\" decoding=\"async\" class=\"alignnone  wp-image-5091\" src=\"https:\/\/domath.surju.ee\/wp-content\/uploads\/2024\/12\/murrud1-300x86.png\" alt=\"\" width=\"165\" height=\"47\" srcset=\"https:\/\/domath.surju.ee\/wp-content\/uploads\/2024\/12\/murrud1-300x86.png 300w, https:\/\/domath.surju.ee\/wp-content\/uploads\/2024\/12\/murrud1-24x7.png 24w, https:\/\/domath.surju.ee\/wp-content\/uploads\/2024\/12\/murrud1-36x10.png 36w, https:\/\/domath.surju.ee\/wp-content\/uploads\/2024\/12\/murrud1-48x14.png 48w, https:\/\/domath.surju.ee\/wp-content\/uploads\/2024\/12\/murrud1.png 513w\" sizes=\"auto, (max-width: 165px) 100vw, 165px\" \/><br \/>\r\n<br \/>\r\n<strong>Liigmurrus<\/strong> on lugeja v\u00f5rdne nimetajaga v\u00f5i nimetajast suurem.&nbsp;<br \/>\r\n<strong><span style=\"color: #0000ff;\">N\u00e4ide 5.&nbsp;<br \/>\r\n<img loading=\"lazy\" decoding=\"async\" class=\"alignnone  wp-image-5092\" src=\"https:\/\/domath.surju.ee\/wp-content\/uploads\/2024\/12\/murrud2-300x107.png\" alt=\"\" width=\"191\" height=\"68\" srcset=\"https:\/\/domath.surju.ee\/wp-content\/uploads\/2024\/12\/murrud2-300x107.png 300w, https:\/\/domath.surju.ee\/wp-content\/uploads\/2024\/12\/murrud2-24x9.png 24w, https:\/\/domath.surju.ee\/wp-content\/uploads\/2024\/12\/murrud2-36x13.png 36w, https:\/\/domath.surju.ee\/wp-content\/uploads\/2024\/12\/murrud2-48x17.png 48w, https:\/\/domath.surju.ee\/wp-content\/uploads\/2024\/12\/murrud2.png 543w\" sizes=\"auto, (max-width: 191px) 100vw, 191px\" \/><br \/>\r\n<br \/>\r\n<span style=\"color: #000000;\">Segaarvud<\/span> <\/span><\/strong><span style=\"color: #000000;\">koosnevad t\u00e4isosast ja murdosast.&nbsp;<br \/>\r\n<strong><span style=\"color: #0000ff;\">N\u00e4ide 6.<\/span><\/strong><br \/>\r\n<img loading=\"lazy\" decoding=\"async\" class=\"alignnone size-full wp-image-5095\" src=\"https:\/\/domath.surju.ee\/wp-content\/uploads\/2024\/12\/joonis1.gif\" alt=\"\" width=\"86\" height=\"33\" srcset=\"https:\/\/domath.surju.ee\/wp-content\/uploads\/2024\/12\/joonis1.gif 86w, https:\/\/domath.surju.ee\/wp-content\/uploads\/2024\/12\/joonis1-24x9.gif 24w, https:\/\/domath.surju.ee\/wp-content\/uploads\/2024\/12\/joonis1-36x14.gif 36w, https:\/\/domath.surju.ee\/wp-content\/uploads\/2024\/12\/joonis1-48x18.gif 48w\" sizes=\"auto, (max-width: 86px) 100vw, 86px\" \/><br \/>\r\n<\/span><\/p>\r\n<p><strong><br \/>\r\nSegaarvu saab teisendada liigmurruks.<\/strong> Selleks tuleb t\u00e4isosa korrutada murru nimetajaga ja liita murru lugejale.<\/p>\r\n<p><span style=\"color: #0000ff;\"><b>N\u00e4ide 7.<\/b><\/span><br \/>\r\n<img loading=\"lazy\" decoding=\"async\" class=\"alignnone size-full wp-image-5094\" src=\"https:\/\/domath.surju.ee\/wp-content\/uploads\/2024\/12\/joonis2.gif\" alt=\"\" width=\"131\" height=\"28\" srcset=\"https:\/\/domath.surju.ee\/wp-content\/uploads\/2024\/12\/joonis2.gif 131w, https:\/\/domath.surju.ee\/wp-content\/uploads\/2024\/12\/joonis2-24x5.gif 24w, https:\/\/domath.surju.ee\/wp-content\/uploads\/2024\/12\/joonis2-36x8.gif 36w, https:\/\/domath.surju.ee\/wp-content\/uploads\/2024\/12\/joonis2-48x10.gif 48w\" sizes=\"auto, (max-width: 131px) 100vw, 131px\" \/><br \/>\r\n<br \/>\r\n<br \/>\r\n<\/p>\r\n\r\n\r\n<p><strong>M\u00e4ng:&nbsp;<\/strong> <a href=\"https:\/\/www.mathplayground.com\/Triplets\/index.html\">https:\/\/www.mathplayground.com\/Triplets\/index.html<\/a><\/p>\r\n\r\n\r\n<p>&nbsp;<\/p>\r\n","protected":false},"excerpt":{"rendered":"<p>Harilik murd Harilik murd&nbsp;on osa tervikust. Hariliku murru nimetaja n\u00e4itab, mitmeks v\u00f5rdseks osaks on tervik jaotatud ja lugeja n\u00e4itab mitu sellist osa on v\u00f5etud. Murrujoonel on jagamism\u00e4rgi t\u00e4hendus.&nbsp; N\u00e4ide 1:&nbsp; Harilik murd&nbsp; 4\/7&nbsp; n\u00e4itab, et tervik on jagatud seitsmeks v\u00f5rdseks osaks ja&nbsp; v\u00f5etud on 4 v\u00f5rdset osa. N\u00e4ide 2.&nbsp; Kujund on jaotatud 8 v\u00f5rdseks osaks [&#8230;]<\/p>\n<p><a class=\"btn btn-secondary understrap-read-more-link\" href=\"https:\/\/domath.surju.ee\/et\/harilik-murd\/\">Read More&#8230;<span class=\"screen-reader-text\"> from Harilik murd<\/span><\/a><\/p>\n","protected":false},"author":9,"featured_media":0,"parent":0,"menu_order":0,"comment_status":"closed","ping_status":"closed","template":"","meta":{"_eb_attr":"","_uag_custom_page_level_css":"","footnotes":""},"categories":[],"tags":[68,112,73],"class_list":["post-451","page","type-page","status-publish","hentry","tag-english-f","tag-estonian-h","tag-greek-kappa"],"uagb_featured_image_src":{"full":false,"thumbnail":false,"medium":false,"medium_large":false,"large":false,"1536x1536":false,"2048x2048":false,"menu-24x24":false,"menu-36x36":false,"menu-48x48":false},"uagb_author_info":{"display_name":"Styliani Bempi","author_link":"https:\/\/domath.surju.ee\/et\/author\/styliani\/"},"uagb_comment_info":0,"uagb_excerpt":"Harilik murd Harilik murd&nbsp;on osa tervikust. Hariliku murru nimetaja n\u00e4itab, mitmeks v\u00f5rdseks osaks on tervik jaotatud ja lugeja n\u00e4itab mitu sellist osa on v\u00f5etud. Murrujoonel on jagamism\u00e4rgi t\u00e4hendus.&nbsp; N\u00e4ide 1:&nbsp; Harilik murd&nbsp; 4\/7&nbsp; n\u00e4itab, et tervik on jagatud seitsmeks v\u00f5rdseks osaks ja&nbsp; v\u00f5etud on 4 v\u00f5rdset osa. N\u00e4ide 2.&nbsp; Kujund on jaotatud 8 v\u00f5rdseks osaks&hellip;","_links":{"self":[{"href":"https:\/\/domath.surju.ee\/et\/wp-json\/wp\/v2\/pages\/451","targetHints":{"allow":["GET"]}}],"collection":[{"href":"https:\/\/domath.surju.ee\/et\/wp-json\/wp\/v2\/pages"}],"about":[{"href":"https:\/\/domath.surju.ee\/et\/wp-json\/wp\/v2\/types\/page"}],"author":[{"embeddable":true,"href":"https:\/\/domath.surju.ee\/et\/wp-json\/wp\/v2\/users\/9"}],"replies":[{"embeddable":true,"href":"https:\/\/domath.surju.ee\/et\/wp-json\/wp\/v2\/comments?post=451"}],"version-history":[{"count":6,"href":"https:\/\/domath.surju.ee\/et\/wp-json\/wp\/v2\/pages\/451\/revisions"}],"predecessor-version":[{"id":4080,"href":"https:\/\/domath.surju.ee\/et\/wp-json\/wp\/v2\/pages\/451\/revisions\/4080"}],"wp:attachment":[{"href":"https:\/\/domath.surju.ee\/et\/wp-json\/wp\/v2\/media?parent=451"}],"wp:term":[{"taxonomy":"category","embeddable":true,"href":"https:\/\/domath.surju.ee\/et\/wp-json\/wp\/v2\/categories?post=451"},{"taxonomy":"post_tag","embeddable":true,"href":"https:\/\/domath.surju.ee\/et\/wp-json\/wp\/v2\/tags?post=451"}],"curies":[{"name":"wp","href":"https:\/\/api.w.org\/{rel}","templated":true}]}}