{"id":449,"date":"2023-10-26T08:28:45","date_gmt":"2023-10-26T08:28:45","guid":{"rendered":"https:\/\/domath.surju.ee\/?page_id=449"},"modified":"2024-12-27T16:05:22","modified_gmt":"2024-12-27T16:05:22","slug":"diameter","status":"publish","type":"page","link":"https:\/\/domath.surju.ee\/et\/diameeter\/","title":{"rendered":"Diameeter"},"content":{"rendered":"<h1 style=\"text-align: center;\"><span style=\"color: #008000;\"><strong>Diameeter<\/strong><\/span><\/h1>\r\n\r\n<p>&nbsp;<\/p>\r\n\r\n\r\n<p><span style=\"color: #ff0000;\"><strong>Diameetriks ehk l\u00e4bim\u00f5\u00f5duks<\/strong><\/span> nimetatakse sirgl\u00f5iku, mis \u00fchendab <strong>kaht<\/strong> <strong>ringjoone (v\u00f5i kera pinn<\/strong>a) punkti ja l\u00e4bib ringi (v\u00f5i kera) <strong>keskpunkti<\/strong>, samuti sellise sirgl\u00f5igu pikkust.<br \/>\r\n<br \/>\r\n<img loading=\"lazy\" decoding=\"async\" class=\"alignnone  wp-image-5031\" src=\"https:\/\/domath.surju.ee\/wp-content\/uploads\/2024\/12\/diameeter-300x300.png\" alt=\"\" width=\"196\" height=\"196\" srcset=\"https:\/\/domath.surju.ee\/wp-content\/uploads\/2024\/12\/diameeter-300x300.png 300w, https:\/\/domath.surju.ee\/wp-content\/uploads\/2024\/12\/diameeter-150x150.png 150w, https:\/\/domath.surju.ee\/wp-content\/uploads\/2024\/12\/diameeter-768x768.png 768w, https:\/\/domath.surju.ee\/wp-content\/uploads\/2024\/12\/diameeter-24x24.png 24w, https:\/\/domath.surju.ee\/wp-content\/uploads\/2024\/12\/diameeter-36x36.png 36w, https:\/\/domath.surju.ee\/wp-content\/uploads\/2024\/12\/diameeter-48x48.png 48w, https:\/\/domath.surju.ee\/wp-content\/uploads\/2024\/12\/diameeter.png 800w\" sizes=\"auto, (max-width: 196px) 100vw, 196px\" \/> <img loading=\"lazy\" decoding=\"async\" class=\"alignnone  wp-image-5032\" src=\"https:\/\/domath.surju.ee\/wp-content\/uploads\/2024\/12\/Espera_radial_2.svg-300x300.png\" alt=\"\" width=\"208\" height=\"208\" srcset=\"https:\/\/domath.surju.ee\/wp-content\/uploads\/2024\/12\/Espera_radial_2.svg-300x300.png 300w, https:\/\/domath.surju.ee\/wp-content\/uploads\/2024\/12\/Espera_radial_2.svg-150x150.png 150w, https:\/\/domath.surju.ee\/wp-content\/uploads\/2024\/12\/Espera_radial_2.svg-768x769.png 768w, https:\/\/domath.surju.ee\/wp-content\/uploads\/2024\/12\/Espera_radial_2.svg-24x24.png 24w, https:\/\/domath.surju.ee\/wp-content\/uploads\/2024\/12\/Espera_radial_2.svg-36x36.png 36w, https:\/\/domath.surju.ee\/wp-content\/uploads\/2024\/12\/Espera_radial_2.svg-48x48.png 48w, https:\/\/domath.surju.ee\/wp-content\/uploads\/2024\/12\/Espera_radial_2.svg.png 800w\" sizes=\"auto, (max-width: 208px) 100vw, 208px\" \/><br \/>\r\n<br \/>\r\n<strong>Diameeter<\/strong> on raadiusest 2 korda pikem.<br \/>\r\n<strong>Diameetri t\u00e4his on d.<\/strong><br \/>\r\n<strong>Raadiuse t\u00e4his on r.<\/strong><br \/>\r\n<br \/>\r\n<span style=\"color: #ff0000; font-size: 18pt;\"><strong>d=2r<\/strong><\/span><br \/>\r\n<br \/>\r\n<br \/>\r\n<br \/>\r\n<strong><span style=\"color: #0000ff;\">N\u00e4ide:<\/span><\/strong><br \/>\r\nKui ringi raadius on 7 cm, siis ringi diameeter on 2 x 7= 14 (cm).<\/p>\r\n<p>&nbsp;<\/p>\r\n<p>&nbsp;<\/p>\r\n<p><iframe loading=\"lazy\" title=\"YouTube video player\" src=\"https:\/\/www.youtube.com\/embed\/EnASrAF80fE?si=fPSeD2Qusa5nwHXi\" width=\"560\" height=\"315\" frameborder=\"0\" allowfullscreen=\"allowfullscreen\"><\/iframe><\/p>\r\n","protected":false},"excerpt":{"rendered":"<p>Diameeter &nbsp; Diameetriks ehk l\u00e4bim\u00f5\u00f5duks nimetatakse sirgl\u00f5iku, mis \u00fchendab kaht ringjoone (v\u00f5i kera pinna) punkti ja l\u00e4bib ringi (v\u00f5i kera) keskpunkti, samuti sellise sirgl\u00f5igu pikkust. Diameeter on raadiusest 2 korda pikem. Diameetri t\u00e4his on d. Raadiuse t\u00e4his on r. d=2r N\u00e4ide: Kui ringi raadius on 7 cm, siis ringi diameeter on 2 x 7= 14 [&#8230;]<\/p>\n<p><a class=\"btn btn-secondary understrap-read-more-link\" href=\"https:\/\/domath.surju.ee\/et\/diameeter\/\">Read More&#8230;<span class=\"screen-reader-text\"> from Diameeter<\/span><\/a><\/p>\n","protected":false},"author":10,"featured_media":0,"parent":0,"menu_order":0,"comment_status":"closed","ping_status":"closed","template":"","meta":{"_eb_attr":"","_uag_custom_page_level_css":"","footnotes":""},"categories":[],"tags":[12,108,74],"class_list":["post-449","page","type-page","status-publish","hentry","tag-english-d","tag-estonian-d","tag-greek-delta"],"uagb_featured_image_src":{"full":false,"thumbnail":false,"medium":false,"medium_large":false,"large":false,"1536x1536":false,"2048x2048":false,"menu-24x24":false,"menu-36x36":false,"menu-48x48":false},"uagb_author_info":{"display_name":"Maria Kosmidou","author_link":"https:\/\/domath.surju.ee\/et\/author\/maria\/"},"uagb_comment_info":0,"uagb_excerpt":"Diameeter &nbsp; Diameetriks ehk l\u00e4bim\u00f5\u00f5duks nimetatakse sirgl\u00f5iku, mis \u00fchendab kaht ringjoone (v\u00f5i kera pinna) punkti ja l\u00e4bib ringi (v\u00f5i kera) keskpunkti, samuti sellise sirgl\u00f5igu pikkust. Diameeter on raadiusest 2 korda pikem. Diameetri t\u00e4his on d. Raadiuse t\u00e4his on r. d=2r N\u00e4ide: Kui ringi raadius on 7 cm, siis ringi diameeter on 2 x 7= 14&hellip;","_links":{"self":[{"href":"https:\/\/domath.surju.ee\/et\/wp-json\/wp\/v2\/pages\/449","targetHints":{"allow":["GET"]}}],"collection":[{"href":"https:\/\/domath.surju.ee\/et\/wp-json\/wp\/v2\/pages"}],"about":[{"href":"https:\/\/domath.surju.ee\/et\/wp-json\/wp\/v2\/types\/page"}],"author":[{"embeddable":true,"href":"https:\/\/domath.surju.ee\/et\/wp-json\/wp\/v2\/users\/10"}],"replies":[{"embeddable":true,"href":"https:\/\/domath.surju.ee\/et\/wp-json\/wp\/v2\/comments?post=449"}],"version-history":[{"count":14,"href":"https:\/\/domath.surju.ee\/et\/wp-json\/wp\/v2\/pages\/449\/revisions"}],"predecessor-version":[{"id":5036,"href":"https:\/\/domath.surju.ee\/et\/wp-json\/wp\/v2\/pages\/449\/revisions\/5036"}],"wp:attachment":[{"href":"https:\/\/domath.surju.ee\/et\/wp-json\/wp\/v2\/media?parent=449"}],"wp:term":[{"taxonomy":"category","embeddable":true,"href":"https:\/\/domath.surju.ee\/et\/wp-json\/wp\/v2\/categories?post=449"},{"taxonomy":"post_tag","embeddable":true,"href":"https:\/\/domath.surju.ee\/et\/wp-json\/wp\/v2\/tags?post=449"}],"curies":[{"name":"wp","href":"https:\/\/api.w.org\/{rel}","templated":true}]}}