{"id":448,"date":"2023-10-26T08:37:01","date_gmt":"2023-10-26T08:37:01","guid":{"rendered":"https:\/\/domath.surju.ee\/?page_id=448"},"modified":"2024-12-22T14:17:17","modified_gmt":"2024-12-22T14:17:17","slug":"altitude-of-a-triangle","status":"publish","type":"page","link":"https:\/\/domath.surju.ee\/et\/kolmnurga-korgus\/","title":{"rendered":"Kolmnurga k\u00f5rgus"},"content":{"rendered":"<h1 style=\"text-align: center;\"><span style=\"color: #008000;\"><strong>Kolmnurga k\u00f5rgus<\/strong><\/span><\/h1>\r\n<p><strong><span style=\"color: #0000ff;\">Kolmnurga k\u00f5rgus<\/span> <\/strong>on ristl\u00f5ik ning ka selle ristl\u00f5igu pikkus, mis joonestatakse kolmnurga tipust vastask\u00fcljele v\u00f5i selle pikendusele (n\u00fcrinurkse kolmnurga puhul).&nbsp;<br \/>\r\n<strong>Kolmnurga k\u00f5rgust<\/strong> tavaliselt t\u00e4histatakse t\u00e4hega <span style=\"color: #ff0000;\"><strong>h.<br \/>\r\n<\/strong><\/span><br \/>\r\nKolmnurga k\u00fclge, mille vastastipust&nbsp; kolmnurga k\u00f5rgus t\u00f5mmatakse nimetatakse <strong>kolmnurga aluseks.&nbsp;<br \/>\r\nKolmnurga alust<\/strong> t\u00e4histatakse tavaliselt t\u00e4hega<span style=\"color: #ff0000;\"><strong> a.&nbsp;<\/strong><\/span><\/p>\r\n<p><img loading=\"lazy\" decoding=\"async\" class=\"wp-image-2498 alignleft\" src=\"https:\/\/domath.surju.ee\/wp-content\/uploads\/2024\/07\/Kolmnurk-300x270.png\" alt=\"\" width=\"268\" height=\"241\" srcset=\"https:\/\/domath.surju.ee\/wp-content\/uploads\/2024\/07\/Kolmnurk-300x270.png 300w, https:\/\/domath.surju.ee\/wp-content\/uploads\/2024\/07\/Kolmnurk-1024x922.png 1024w, https:\/\/domath.surju.ee\/wp-content\/uploads\/2024\/07\/Kolmnurk-768x691.png 768w, https:\/\/domath.surju.ee\/wp-content\/uploads\/2024\/07\/Kolmnurk-1536x1382.png 1536w, https:\/\/domath.surju.ee\/wp-content\/uploads\/2024\/07\/Kolmnurk-2048x1843.png 2048w, https:\/\/domath.surju.ee\/wp-content\/uploads\/2024\/07\/Kolmnurk-24x22.png 24w, https:\/\/domath.surju.ee\/wp-content\/uploads\/2024\/07\/Kolmnurk-36x32.png 36w, https:\/\/domath.surju.ee\/wp-content\/uploads\/2024\/07\/Kolmnurk-48x43.png 48w\" sizes=\"auto, (max-width: 268px) 100vw, 268px\" \/><\/p>\r\n\r\n<p>&nbsp;<\/p>\r\n\r\n\r\n<p>Kolmnurga k\u00f5rgus moodustab vastask\u00fcljega <strong>90\u00b0<\/strong> ehk <strong><span style=\"color: #0000ff;\">t\u00e4isnurga<\/span><\/strong>.<\/p>\r\n\r\n\r\n<p>&nbsp;<\/p>\r\n\r\n<p><strong><span style=\"color: #000080;\">Kolmnurgal saab olla kolm k\u00f5rgust:<\/span><\/strong><\/p>\r\n<ul>\r\n\t<li>k\u00f5rgus v\u00f5ib olla kolmnurga sees (teravnurksete, n\u00fcrinurkseta ja t\u00e4isnurksete kolmnurkade korral);<\/li>\r\n\t<li>k\u00f5rgus v\u00f5ib olla kolmnurgast v\u00e4ljas (n\u00fcrinurksete kolmnurkade korral);<\/li>\r\n\t<li>k\u00f5rgus v\u00f5ib \u00fchtida kolmnurga k\u00fcljega (t\u00e4isnurksete kolmnurkade korral).<\/li>\r\n<\/ul>\r\n <iframe loading=\"lazy\" style=\"border: 0px;\" title=\"Kolmnurga k\u00f5rgus1\" src=\"https:\/\/www.geogebra.org\/material\/iframe\/id\/ukstdfrq\/width\/800\/height\/532\/border\/888888\/sfsb\/true\/smb\/false\/stb\/false\/stbh\/false\/ai\/false\/asb\/false\/sri\/false\/rc\/false\/ld\/false\/sdz\/false\/ctl\/false\" width=\"500px\" height=\"332px\" scrolling=\"no\"> <\/iframe> \r\n <iframe loading=\"lazy\" style=\"border: 0px;\" title=\"Kolmnurk k\u00f5rgustega\" src=\"https:\/\/www.geogebra.org\/material\/iframe\/id\/ds4wjrkg\/width\/800\/height\/532\/border\/888888\/sfsb\/true\/smb\/false\/stb\/false\/stbh\/false\/ai\/false\/asb\/false\/sri\/false\/rc\/false\/ld\/false\/sdz\/false\/ctl\/false\" width=\"500px\" height=\"332px\" scrolling=\"no\"> <\/iframe><br \/>\r\n<br \/>\r\n<br \/>\r\n<iframe loading=\"lazy\" style=\"border: 0px;\" title=\"Kolmnurk_k\u00f5rgustega\" src=\"https:\/\/www.geogebra.org\/material\/iframe\/id\/kakvytwn\/width\/1000\/height\/800\/border\/888888\/sfsb\/true\/smb\/false\/stb\/false\/stbh\/false\/ai\/false\/asb\/false\/sri\/false\/rc\/false\/ld\/false\/sdz\/false\/ctl\/false\" width=\"500px\" height=\"400px\" scrolling=\"no\"> <\/iframe> ","protected":false},"excerpt":{"rendered":"<p>Kolmnurga k\u00f5rgus Kolmnurga k\u00f5rgus on ristl\u00f5ik ning ka selle ristl\u00f5igu pikkus, mis joonestatakse kolmnurga tipust vastask\u00fcljele v\u00f5i selle pikendusele (n\u00fcrinurkse kolmnurga puhul).&nbsp; Kolmnurga k\u00f5rgust tavaliselt t\u00e4histatakse t\u00e4hega h. Kolmnurga k\u00fclge, mille vastastipust&nbsp; kolmnurga k\u00f5rgus t\u00f5mmatakse nimetatakse kolmnurga aluseks.&nbsp; Kolmnurga alust t\u00e4histatakse tavaliselt t\u00e4hega a.&nbsp; &nbsp; Kolmnurga k\u00f5rgus moodustab vastask\u00fcljega 90\u00b0 ehk t\u00e4isnurga. &nbsp; Kolmnurgal saab [&#8230;]<\/p>\n<p><a class=\"btn btn-secondary understrap-read-more-link\" href=\"https:\/\/domath.surju.ee\/et\/kolmnurga-korgus\/\">Read More&#8230;<span class=\"screen-reader-text\"> from Kolmnurga k\u00f5rgus<\/span><\/a><\/p>\n","protected":false},"author":2,"featured_media":0,"parent":0,"menu_order":0,"comment_status":"closed","ping_status":"closed","template":"","meta":{"_eb_attr":"","_uag_custom_page_level_css":"","footnotes":""},"categories":[],"tags":[37,76,171,72],"class_list":["post-448","page","type-page","status-publish","hentry","tag-english-a","tag-estonian-k","tag-greek-ypsilon","tag-spanish-a"],"uagb_featured_image_src":{"full":false,"thumbnail":false,"medium":false,"medium_large":false,"large":false,"1536x1536":false,"2048x2048":false,"menu-24x24":false,"menu-36x36":false,"menu-48x48":false},"uagb_author_info":{"display_name":"Signe Reidla","author_link":"https:\/\/domath.surju.ee\/et\/author\/signe\/"},"uagb_comment_info":0,"uagb_excerpt":"Kolmnurga k\u00f5rgus Kolmnurga k\u00f5rgus on ristl\u00f5ik ning ka selle ristl\u00f5igu pikkus, mis joonestatakse kolmnurga tipust vastask\u00fcljele v\u00f5i selle pikendusele (n\u00fcrinurkse kolmnurga puhul).&nbsp; Kolmnurga k\u00f5rgust tavaliselt t\u00e4histatakse t\u00e4hega h. Kolmnurga k\u00fclge, mille vastastipust&nbsp; kolmnurga k\u00f5rgus t\u00f5mmatakse nimetatakse kolmnurga aluseks.&nbsp; Kolmnurga alust t\u00e4histatakse tavaliselt t\u00e4hega a.&nbsp; &nbsp; Kolmnurga k\u00f5rgus moodustab vastask\u00fcljega 90\u00b0 ehk t\u00e4isnurga. &nbsp; Kolmnurgal saab&hellip;","_links":{"self":[{"href":"https:\/\/domath.surju.ee\/et\/wp-json\/wp\/v2\/pages\/448","targetHints":{"allow":["GET"]}}],"collection":[{"href":"https:\/\/domath.surju.ee\/et\/wp-json\/wp\/v2\/pages"}],"about":[{"href":"https:\/\/domath.surju.ee\/et\/wp-json\/wp\/v2\/types\/page"}],"author":[{"embeddable":true,"href":"https:\/\/domath.surju.ee\/et\/wp-json\/wp\/v2\/users\/2"}],"replies":[{"embeddable":true,"href":"https:\/\/domath.surju.ee\/et\/wp-json\/wp\/v2\/comments?post=448"}],"version-history":[{"count":27,"href":"https:\/\/domath.surju.ee\/et\/wp-json\/wp\/v2\/pages\/448\/revisions"}],"predecessor-version":[{"id":4943,"href":"https:\/\/domath.surju.ee\/et\/wp-json\/wp\/v2\/pages\/448\/revisions\/4943"}],"wp:attachment":[{"href":"https:\/\/domath.surju.ee\/et\/wp-json\/wp\/v2\/media?parent=448"}],"wp:term":[{"taxonomy":"category","embeddable":true,"href":"https:\/\/domath.surju.ee\/et\/wp-json\/wp\/v2\/categories?post=448"},{"taxonomy":"post_tag","embeddable":true,"href":"https:\/\/domath.surju.ee\/et\/wp-json\/wp\/v2\/tags?post=448"}],"curies":[{"name":"wp","href":"https:\/\/api.w.org\/{rel}","templated":true}]}}