{"id":4392,"date":"2024-08-12T14:25:49","date_gmt":"2024-08-12T14:25:49","guid":{"rendered":"https:\/\/domath.surju.ee\/?page_id=4392"},"modified":"2024-12-26T22:19:17","modified_gmt":"2024-12-26T22:19:17","slug":"concave-polygon","status":"publish","type":"page","link":"https:\/\/domath.surju.ee\/et\/mittekumer-hulknurk\/","title":{"rendered":"Mittekumer hulknurk"},"content":{"rendered":"<h1 style=\"text-align: center;\"><span style=\"color: #008000;\"><strong>Mittekumer hulknurk<\/strong><\/span><\/h1>\r\n<p><span data-sheets-root=\"1\"><strong>Hulknurk<\/strong> on tasandi osa, mida piirab kinnine murdjoon.<br \/>\r\n<span style=\"color: #ff0000;\"><strong>N\u00f5gus hulknurk<\/strong><\/span> on&nbsp; hulknurk, millel&nbsp; v\u00e4hemalt \u00fcks nurk on suurem kui 180\u00ba. \u00dche k\u00fclje pikendus l\u00f5ikab hulknurka piiravat murdjoont.&nbsp;<\/span><\/p>\r\n<table style=\"border-collapse: collapse; width: 98.8095%;\">\r\n<tbody>\r\n<tr>\r\n<td style=\"width: 50%;\"><img loading=\"lazy\" decoding=\"async\" class=\"size-medium wp-image-4393 aligncenter\" src=\"https:\/\/domath.surju.ee\/wp-content\/uploads\/2024\/08\/Kuvatommis-2024-08-12-171832-300x145.png\" alt=\"\" width=\"300\" height=\"145\" srcset=\"https:\/\/domath.surju.ee\/wp-content\/uploads\/2024\/08\/Kuvatommis-2024-08-12-171832-300x145.png 300w, https:\/\/domath.surju.ee\/wp-content\/uploads\/2024\/08\/Kuvatommis-2024-08-12-171832-768x371.png 768w, https:\/\/domath.surju.ee\/wp-content\/uploads\/2024\/08\/Kuvatommis-2024-08-12-171832-24x12.png 24w, https:\/\/domath.surju.ee\/wp-content\/uploads\/2024\/08\/Kuvatommis-2024-08-12-171832-36x17.png 36w, https:\/\/domath.surju.ee\/wp-content\/uploads\/2024\/08\/Kuvatommis-2024-08-12-171832-48x23.png 48w, https:\/\/domath.surju.ee\/wp-content\/uploads\/2024\/08\/Kuvatommis-2024-08-12-171832.png 876w\" sizes=\"auto, (max-width: 300px) 100vw, 300px\" \/><\/td>\r\n<td style=\"width: 48.8095%;\"><img loading=\"lazy\" decoding=\"async\" class=\" wp-image-4394 aligncenter\" src=\"https:\/\/domath.surju.ee\/wp-content\/uploads\/2024\/08\/kumer-ja-mittekumer-hulknurk-300x249.png\" alt=\"\" width=\"233\" height=\"193\" srcset=\"https:\/\/domath.surju.ee\/wp-content\/uploads\/2024\/08\/kumer-ja-mittekumer-hulknurk-300x249.png 300w, https:\/\/domath.surju.ee\/wp-content\/uploads\/2024\/08\/kumer-ja-mittekumer-hulknurk-1024x849.png 1024w, https:\/\/domath.surju.ee\/wp-content\/uploads\/2024\/08\/kumer-ja-mittekumer-hulknurk-768x637.png 768w, https:\/\/domath.surju.ee\/wp-content\/uploads\/2024\/08\/kumer-ja-mittekumer-hulknurk-1536x1273.png 1536w, https:\/\/domath.surju.ee\/wp-content\/uploads\/2024\/08\/kumer-ja-mittekumer-hulknurk-2048x1698.png 2048w, https:\/\/domath.surju.ee\/wp-content\/uploads\/2024\/08\/kumer-ja-mittekumer-hulknurk-24x20.png 24w, https:\/\/domath.surju.ee\/wp-content\/uploads\/2024\/08\/kumer-ja-mittekumer-hulknurk-36x30.png 36w, https:\/\/domath.surju.ee\/wp-content\/uploads\/2024\/08\/kumer-ja-mittekumer-hulknurk-48x40.png 48w\" sizes=\"auto, (max-width: 233px) 100vw, 233px\" \/><\/td>\r\n<\/tr>\r\n<\/tbody>\r\n<\/table>\r\n <br \/>\r\n<br \/>\r\n<strong>Kumer v\u00f5i mittekumer<\/strong><iframe loading=\"lazy\" style=\"border: 0px;\" title=\"Kumer ja mittekumer hulknurk\" src=\"https:\/\/www.geogebra.org\/material\/iframe\/id\/hkmefsrn\/width\/900\/height\/485\/border\/888888\/sfsb\/true\/smb\/false\/stb\/false\/stbh\/false\/ai\/false\/asb\/false\/sri\/false\/rc\/false\/ld\/false\/sdz\/false\/ctl\/false\" width=\"700px\" height=\"385px\" scrolling=\"no\"> <\/iframe> \r\n<p>License<a href=\"https:\/\/creativecommons.org\/licenses\/by-sa\/3.0\">CC-BY-SA<\/a>,&nbsp;<a href=\"https:\/\/www.geogebra.org\/tos\">GeoGebra Terms of Use<\/a><\/p>\r\n\r\n<hr class=\"wp-block-separator has-alpha-channel-opacity\" \/>","protected":false},"excerpt":{"rendered":"<p>Mittekumer hulknurk Hulknurk on tasandi osa, mida piirab kinnine murdjoon. N\u00f5gus hulknurk on&nbsp; hulknurk, millel&nbsp; v\u00e4hemalt \u00fcks nurk on suurem kui 180\u00ba. \u00dche k\u00fclje pikendus l\u00f5ikab hulknurka piiravat murdjoont.&nbsp; Kumer v\u00f5i mittekumer LicenseCC-BY-SA,&nbsp;GeoGebra Terms of Use [&#8230;]<\/p>\n<p><a class=\"btn btn-secondary understrap-read-more-link\" href=\"https:\/\/domath.surju.ee\/et\/mittekumer-hulknurk\/\">Read More&#8230;<span class=\"screen-reader-text\"> from Mittekumer hulknurk<\/span><\/a><\/p>\n","protected":false},"author":2,"featured_media":0,"parent":0,"menu_order":0,"comment_status":"closed","ping_status":"closed","template":"","meta":{"_eb_attr":"","_uag_custom_page_level_css":"","footnotes":""},"categories":[],"tags":[66,113,73,59],"class_list":["post-4392","page","type-page","status-publish","hentry","tag-english-c","tag-estonian-m","tag-greek-kappa","tag-spanish-p"],"uagb_featured_image_src":{"full":false,"thumbnail":false,"medium":false,"medium_large":false,"large":false,"1536x1536":false,"2048x2048":false,"menu-24x24":false,"menu-36x36":false,"menu-48x48":false},"uagb_author_info":{"display_name":"Signe Reidla","author_link":"https:\/\/domath.surju.ee\/et\/author\/signe\/"},"uagb_comment_info":0,"uagb_excerpt":"Mittekumer hulknurk Hulknurk on tasandi osa, mida piirab kinnine murdjoon. N\u00f5gus hulknurk on&nbsp; hulknurk, millel&nbsp; v\u00e4hemalt \u00fcks nurk on suurem kui 180\u00ba. \u00dche k\u00fclje pikendus l\u00f5ikab hulknurka piiravat murdjoont.&nbsp; Kumer v\u00f5i mittekumer LicenseCC-BY-SA,&nbsp;GeoGebra Terms of Use [...]Read More... from Mittekumer hulknurk","_links":{"self":[{"href":"https:\/\/domath.surju.ee\/et\/wp-json\/wp\/v2\/pages\/4392","targetHints":{"allow":["GET"]}}],"collection":[{"href":"https:\/\/domath.surju.ee\/et\/wp-json\/wp\/v2\/pages"}],"about":[{"href":"https:\/\/domath.surju.ee\/et\/wp-json\/wp\/v2\/types\/page"}],"author":[{"embeddable":true,"href":"https:\/\/domath.surju.ee\/et\/wp-json\/wp\/v2\/users\/2"}],"replies":[{"embeddable":true,"href":"https:\/\/domath.surju.ee\/et\/wp-json\/wp\/v2\/comments?post=4392"}],"version-history":[{"count":1,"href":"https:\/\/domath.surju.ee\/et\/wp-json\/wp\/v2\/pages\/4392\/revisions"}],"predecessor-version":[{"id":4395,"href":"https:\/\/domath.surju.ee\/et\/wp-json\/wp\/v2\/pages\/4392\/revisions\/4395"}],"wp:attachment":[{"href":"https:\/\/domath.surju.ee\/et\/wp-json\/wp\/v2\/media?parent=4392"}],"wp:term":[{"taxonomy":"category","embeddable":true,"href":"https:\/\/domath.surju.ee\/et\/wp-json\/wp\/v2\/categories?post=4392"},{"taxonomy":"post_tag","embeddable":true,"href":"https:\/\/domath.surju.ee\/et\/wp-json\/wp\/v2\/tags?post=4392"}],"curies":[{"name":"wp","href":"https:\/\/api.w.org\/{rel}","templated":true}]}}