{"id":4377,"date":"2024-08-12T14:04:46","date_gmt":"2024-08-12T14:04:46","guid":{"rendered":"https:\/\/domath.surju.ee\/?page_id=4377"},"modified":"2024-12-26T23:10:31","modified_gmt":"2024-12-26T23:10:31","slug":"convex-polygon","status":"publish","type":"page","link":"https:\/\/domath.surju.ee\/et\/kumer-hulknurk\/","title":{"rendered":"Kumer hulknurk"},"content":{"rendered":"<h1 style=\"text-align: center;\"><span style=\"color: #008000;\"><strong>Kumer hulknurk<\/strong><\/span><\/h1>\r\n<p><span style=\"color: #ff0000;\"><strong>Kumer hulknurk<\/strong><\/span> on&nbsp; hulknurk, mille \u00fckski sisenurk ei ole suurem kui 180\u00b0, tema \u00fchegi k\u00fclje pikendus ei l\u00f5ika hulknurka piiravat murdjoont.<\/p>\r\n<h5><strong><span style=\"color: #0000ff;\">N\u00e4ited:<\/span><\/strong><\/h5>\r\n<table style=\"border-collapse: collapse; width: 97.5%; height: 41px;\">\r\n<tbody>\r\n<tr>\r\n<td style=\"width: 34.2342%; text-align: center;\"><strong>Kumer korrap\u00e4rane viisnurk<br \/>\r\n<\/strong>(k\u00f5ik k\u00fcljed ja k\u00fclgedevahelised nurgad on v\u00f5rdsed)<\/td>\r\n<td style=\"width: 32.4324%; text-align: center;\"><strong>Kumer viisnurk<\/strong><\/td>\r\n<td style=\"width: 33.3333%; text-align: center;\"><strong>Kumer kuusnurk<\/strong><\/td>\r\n<\/tr>\r\n<\/tbody>\r\n<\/table>\r\n<table style=\"border-collapse: collapse; width: 98.0952%;\">\r\n<tbody>\r\n<tr>\r\n<td style=\"width: 33.3333%;\"><img loading=\"lazy\" decoding=\"async\" class=\"wp-image-4378 aligncenter\" src=\"https:\/\/domath.surju.ee\/wp-content\/uploads\/2024\/08\/Pentagon.svg_-300x286.png\" alt=\"\" width=\"150\" height=\"143\" srcset=\"https:\/\/domath.surju.ee\/wp-content\/uploads\/2024\/08\/Pentagon.svg_-300x286.png 300w, https:\/\/domath.surju.ee\/wp-content\/uploads\/2024\/08\/Pentagon.svg_-768x731.png 768w, https:\/\/domath.surju.ee\/wp-content\/uploads\/2024\/08\/Pentagon.svg_-24x24.png 24w, https:\/\/domath.surju.ee\/wp-content\/uploads\/2024\/08\/Pentagon.svg_-36x34.png 36w, https:\/\/domath.surju.ee\/wp-content\/uploads\/2024\/08\/Pentagon.svg_-48x46.png 48w, https:\/\/domath.surju.ee\/wp-content\/uploads\/2024\/08\/Pentagon.svg_.png 882w\" sizes=\"auto, (max-width: 150px) 100vw, 150px\" \/><\/td>\r\n<td style=\"width: 33.3333%;\"><img loading=\"lazy\" decoding=\"async\" class=\"wp-image-4379 aligncenter\" src=\"https:\/\/domath.surju.ee\/wp-content\/uploads\/2024\/08\/geogebra-export-19-300x186.png\" alt=\"\" width=\"201\" height=\"125\" srcset=\"https:\/\/domath.surju.ee\/wp-content\/uploads\/2024\/08\/geogebra-export-19-300x186.png 300w, https:\/\/domath.surju.ee\/wp-content\/uploads\/2024\/08\/geogebra-export-19-1024x634.png 1024w, https:\/\/domath.surju.ee\/wp-content\/uploads\/2024\/08\/geogebra-export-19-768x475.png 768w, https:\/\/domath.surju.ee\/wp-content\/uploads\/2024\/08\/geogebra-export-19-1536x951.png 1536w, https:\/\/domath.surju.ee\/wp-content\/uploads\/2024\/08\/geogebra-export-19-2048x1268.png 2048w, https:\/\/domath.surju.ee\/wp-content\/uploads\/2024\/08\/geogebra-export-19-24x15.png 24w, https:\/\/domath.surju.ee\/wp-content\/uploads\/2024\/08\/geogebra-export-19-36x22.png 36w, https:\/\/domath.surju.ee\/wp-content\/uploads\/2024\/08\/geogebra-export-19-48x30.png 48w\" sizes=\"auto, (max-width: 201px) 100vw, 201px\" \/><\/td>\r\n<td style=\"width: 31.4285%;\"><img loading=\"lazy\" decoding=\"async\" class=\"wp-image-4382 aligncenter\" src=\"https:\/\/domath.surju.ee\/wp-content\/uploads\/2024\/08\/Stem-and-leaf-Diagram-Construction-Tool-2-1-300x214.png\" alt=\"\" width=\"210\" height=\"150\" srcset=\"https:\/\/domath.surju.ee\/wp-content\/uploads\/2024\/08\/Stem-and-leaf-Diagram-Construction-Tool-2-1-300x214.png 300w, https:\/\/domath.surju.ee\/wp-content\/uploads\/2024\/08\/Stem-and-leaf-Diagram-Construction-Tool-2-1-1024x730.png 1024w, https:\/\/domath.surju.ee\/wp-content\/uploads\/2024\/08\/Stem-and-leaf-Diagram-Construction-Tool-2-1-768x547.png 768w, https:\/\/domath.surju.ee\/wp-content\/uploads\/2024\/08\/Stem-and-leaf-Diagram-Construction-Tool-2-1-1536x1095.png 1536w, https:\/\/domath.surju.ee\/wp-content\/uploads\/2024\/08\/Stem-and-leaf-Diagram-Construction-Tool-2-1-2048x1460.png 2048w, https:\/\/domath.surju.ee\/wp-content\/uploads\/2024\/08\/Stem-and-leaf-Diagram-Construction-Tool-2-1-24x17.png 24w, https:\/\/domath.surju.ee\/wp-content\/uploads\/2024\/08\/Stem-and-leaf-Diagram-Construction-Tool-2-1-36x26.png 36w, https:\/\/domath.surju.ee\/wp-content\/uploads\/2024\/08\/Stem-and-leaf-Diagram-Construction-Tool-2-1-48x34.png 48w\" sizes=\"auto, (max-width: 210px) 100vw, 210px\" \/><\/td>\r\n<\/tr>\r\n<\/tbody>\r\n<\/table>\r\n\r\n<hr class=\"wp-block-separator has-alpha-channel-opacity\" \/>\r\n <iframe loading=\"lazy\" style=\"border: 0px;\" title=\"Kumer hulknurk\" src=\"https:\/\/www.geogebra.org\/material\/iframe\/id\/jp7gkzbk\/width\/1100\/height\/585\/border\/888888\/sfsb\/true\/smb\/false\/stb\/false\/stbh\/false\/ai\/false\/asb\/false\/sri\/false\/rc\/false\/ld\/false\/sdz\/false\/ctl\/false\" width=\"700px\" height=\"385px\" scrolling=\"no\"> <\/iframe> \r\n <iframe loading=\"lazy\" style=\"border: 0px;\" title=\"Kumer ja mittekumer hulknurk\" src=\"https:\/\/www.geogebra.org\/material\/iframe\/id\/hkmefsrn\/width\/900\/height\/485\/border\/888888\/sfsb\/true\/smb\/false\/stb\/false\/stbh\/false\/ai\/false\/asb\/false\/sri\/false\/rc\/false\/ld\/false\/sdz\/false\/ctl\/false\" width=\"700px\" height=\"385px\" scrolling=\"no\"> <\/iframe> \r\n<p>License<a href=\"https:\/\/creativecommons.org\/licenses\/by-sa\/3.0\">CC-BY-SA<\/a>,&nbsp;<a href=\"https:\/\/www.geogebra.org\/tos\">GeoGebra Terms of Use<\/a><\/p>","protected":false},"excerpt":{"rendered":"<p>Kumer hulknurk Kumer hulknurk on&nbsp; hulknurk, mille \u00fckski sisenurk ei ole suurem kui 180\u00b0, tema \u00fchegi k\u00fclje pikendus ei l\u00f5ika hulknurka piiravat murdjoont. N\u00e4ited: Kumer korrap\u00e4rane viisnurk (k\u00f5ik k\u00fcljed ja k\u00fclgedevahelised nurgad on v\u00f5rdsed) Kumer viisnurk Kumer kuusnurk LicenseCC-BY-SA,&nbsp;GeoGebra Terms of Use [&#8230;]<\/p>\n<p><a class=\"btn btn-secondary understrap-read-more-link\" href=\"https:\/\/domath.surju.ee\/et\/kumer-hulknurk\/\">Read More&#8230;<span class=\"screen-reader-text\"> from Kumer hulknurk<\/span><\/a><\/p>\n","protected":false},"author":2,"featured_media":0,"parent":0,"menu_order":0,"comment_status":"closed","ping_status":"closed","template":"","meta":{"_eb_attr":"","_uag_custom_page_level_css":"","footnotes":""},"categories":[],"tags":[66,76,73,59],"class_list":["post-4377","page","type-page","status-publish","hentry","tag-english-c","tag-estonian-k","tag-greek-kappa","tag-spanish-p"],"uagb_featured_image_src":{"full":false,"thumbnail":false,"medium":false,"medium_large":false,"large":false,"1536x1536":false,"2048x2048":false,"menu-24x24":false,"menu-36x36":false,"menu-48x48":false},"uagb_author_info":{"display_name":"Signe Reidla","author_link":"https:\/\/domath.surju.ee\/et\/author\/signe\/"},"uagb_comment_info":0,"uagb_excerpt":"Kumer hulknurk Kumer hulknurk on&nbsp; hulknurk, mille \u00fckski sisenurk ei ole suurem kui 180\u00b0, tema \u00fchegi k\u00fclje pikendus ei l\u00f5ika hulknurka piiravat murdjoont. N\u00e4ited: Kumer korrap\u00e4rane viisnurk (k\u00f5ik k\u00fcljed ja k\u00fclgedevahelised nurgad on v\u00f5rdsed) Kumer viisnurk Kumer kuusnurk LicenseCC-BY-SA,&nbsp;GeoGebra Terms of Use [...]Read More... from Kumer hulknurk","_links":{"self":[{"href":"https:\/\/domath.surju.ee\/et\/wp-json\/wp\/v2\/pages\/4377","targetHints":{"allow":["GET"]}}],"collection":[{"href":"https:\/\/domath.surju.ee\/et\/wp-json\/wp\/v2\/pages"}],"about":[{"href":"https:\/\/domath.surju.ee\/et\/wp-json\/wp\/v2\/types\/page"}],"author":[{"embeddable":true,"href":"https:\/\/domath.surju.ee\/et\/wp-json\/wp\/v2\/users\/2"}],"replies":[{"embeddable":true,"href":"https:\/\/domath.surju.ee\/et\/wp-json\/wp\/v2\/comments?post=4377"}],"version-history":[{"count":6,"href":"https:\/\/domath.surju.ee\/et\/wp-json\/wp\/v2\/pages\/4377\/revisions"}],"predecessor-version":[{"id":4391,"href":"https:\/\/domath.surju.ee\/et\/wp-json\/wp\/v2\/pages\/4377\/revisions\/4391"}],"wp:attachment":[{"href":"https:\/\/domath.surju.ee\/et\/wp-json\/wp\/v2\/media?parent=4377"}],"wp:term":[{"taxonomy":"category","embeddable":true,"href":"https:\/\/domath.surju.ee\/et\/wp-json\/wp\/v2\/categories?post=4377"},{"taxonomy":"post_tag","embeddable":true,"href":"https:\/\/domath.surju.ee\/et\/wp-json\/wp\/v2\/tags?post=4377"}],"curies":[{"name":"wp","href":"https:\/\/api.w.org\/{rel}","templated":true}]}}