{"id":4342,"date":"2024-08-12T12:34:16","date_gmt":"2024-08-12T12:34:16","guid":{"rendered":"https:\/\/domath.surju.ee\/?page_id=4342"},"modified":"2024-12-27T21:02:13","modified_gmt":"2024-12-27T21:02:13","slug":"equation","status":"publish","type":"page","link":"https:\/\/domath.surju.ee\/et\/vorrand\/","title":{"rendered":"V\u00f5rrand"},"content":{"rendered":"<h1 style=\"text-align: center;\"><span style=\"color: #008000;\">V\u00f5rrand<\/span><\/h1>\n<p><span style=\"color: #ff0000;\"><strong>V\u00f5rrand&nbsp;<\/strong><\/span> on v\u00f5rdus, mis sisaldab \u00fchte v\u00f5i mitut tundmatut.&nbsp;&nbsp;<\/p>\n<p><span style=\"color: #0000ff;\"><strong>N\u00e4ited:&nbsp;<\/strong><\/span><\/p>\n<ul>\n<li><em>x<\/em> + 6 = 9<\/li>\n<li>4<em>x<\/em> = 12<\/li>\n<li>x<sup>2<\/sup> + 2x \u2013 3 = 0<\/li>\n<li><img loading=\"lazy\" decoding=\"async\" class=\"alignnone wp-image-4352\" src=\"https:\/\/domath.surju.ee\/wp-content\/uploads\/2024\/08\/common-denominators-9.png\" alt=\"\" width=\"122\" height=\"66\" srcset=\"https:\/\/domath.surju.ee\/wp-content\/uploads\/2024\/08\/common-denominators-9.png 259w, https:\/\/domath.surju.ee\/wp-content\/uploads\/2024\/08\/common-denominators-9-24x13.png 24w, https:\/\/domath.surju.ee\/wp-content\/uploads\/2024\/08\/common-denominators-9-36x19.png 36w, https:\/\/domath.surju.ee\/wp-content\/uploads\/2024\/08\/common-denominators-9-48x26.png 48w\" sizes=\"auto, (max-width: 122px) 100vw, 122px\" \/><\/li>\n<\/ul>\n<h5 style=\"text-align: center;\"><strong><span style=\"color: #99ccff; background-color: #000080;\">V\u00f5rrandite lahendamine<\/span><\/strong><\/h5>\n<table style=\"border-collapse: collapse; width: 97.8571%; height: 82px;\">\n<tbody>\n<tr>\n<td style=\"width: 33.3333%; text-align: center;\">\n<p><strong><span style=\"color: #ff0000;\">x <\/span>+ a = b<\/strong><\/p>\n<p><strong><span style=\"color: #ff0000;\">x<\/span> = b &#8211; a<\/strong><\/p>\n<\/td>\n<td style=\"width: 33.3333%; text-align: center;\">\n<p><strong><span style=\"color: #ff0000;\">x<\/span> &#8211; a = b<\/strong><\/p>\n<p><strong><span style=\"color: #ff0000;\">x<\/span>= b + a<\/strong><\/p>\n<\/td>\n<td style=\"width: 33.3333%; text-align: center;\">\n<p><strong>a &#8211; <span style=\"color: #ff0000;\">x<\/span> = b<\/strong><\/p>\n<p><strong><span style=\"color: #ff0000;\">x<\/span> = a &#8211; b<\/strong><\/p>\n<\/td>\n<\/tr>\n<\/tbody>\n<\/table>\n<hr \/>\n<table style=\"border-collapse: collapse; width: 97.381%; height: 10px;\">\n<tbody>\n<tr>\n<td style=\"width: 100%; text-align: center;\">\n<h5><span style=\"color: #0000ff;\"><strong>N\u00e4ited:&nbsp;<\/strong><\/span><\/h5>\n<\/td>\n<\/tr>\n<\/tbody>\n<\/table>\n<table style=\"border-collapse: collapse; width: 97.8571%; height: 82px;\">\n<tbody>\n<tr>\n<td style=\"width: 33.3333%; text-align: center;\">\n<p><span style=\"color: #ff0000;\">x<\/span> + 2 = 8<\/p>\n<p><span style=\"color: #ff0000;\">x<\/span> = 8 &#8211; 2<\/p>\n<p><span style=\"color: #ff0000;\">x<\/span> = 6<\/p>\n<\/td>\n<td style=\"width: 33.3333%; text-align: center;\">\n<p><span style=\"color: #ff0000;\">x<\/span> &#8211; 2 = 6<\/p>\n<p><span style=\"color: #ff0000;\">x<\/span>= 6 + 2<\/p>\n<p><span style=\"color: #ff0000;\">x<\/span> = 8<\/p>\n<\/td>\n<td style=\"width: 33.3333%; text-align: center;\">\n<p>8 &#8211; <span style=\"color: #ff0000;\">x<\/span> = 6<\/p>\n<p><span style=\"color: #ff0000;\">x<\/span> = 8 &#8211; 6<\/p>\n<p><span style=\"color: #ff0000;\">x<\/span> = 2<\/p>\n<\/td>\n<\/tr>\n<\/tbody>\n<\/table>\n<hr \/>\n<table style=\"border-collapse: collapse; width: 97.8571%; height: 82px;\">\n<tbody>\n<tr>\n<td style=\"width: 33.3333%; text-align: center;\">\n<p><strong><span style=\"color: #ff0000;\">x <span style=\"color: #000000;\">* <\/span><\/span>&nbsp;a = b<\/strong><\/p>\n<p><strong><span style=\"color: #ff0000;\">x<\/span> = b : a<\/strong><\/p>\n<\/td>\n<td style=\"width: 33.3333%; text-align: center;\">\n<p><strong><span style=\"color: #ff0000;\">x<\/span> : a = b<\/strong><\/p>\n<p><strong><span style=\"color: #ff0000;\">x<\/span>= b * a<\/strong><\/p>\n<\/td>\n<td style=\"width: 33.3333%; text-align: center;\">\n<p><strong>a : <span style=\"color: #ff0000;\">x<\/span> = b<\/strong><\/p>\n<p><strong><span style=\"color: #ff0000;\">x<\/span> = a : b<\/strong><\/p>\n<\/td>\n<\/tr>\n<\/tbody>\n<\/table>\n<table style=\"border-collapse: collapse; width: 97.381%; height: 10px;\">\n<tbody>\n<tr>\n<td style=\"width: 100%; text-align: center;\">\n<h5><span style=\"color: #0000ff;\"><strong>N\u00e4ited:&nbsp;<\/strong><\/span><\/h5>\n<\/td>\n<\/tr>\n<\/tbody>\n<\/table>\n<table style=\"border-collapse: collapse; width: 97.8571%; height: 82px;\">\n<tbody>\n<tr>\n<td style=\"width: 33.3333%; text-align: center;\">\n<p><span style=\"color: #ff0000;\">x<\/span> * 2 = 8<\/p>\n<p><span style=\"color: #ff0000;\">x<\/span> = 8 : 2<\/p>\n<p><span style=\"color: #ff0000;\">x<\/span> = 4<\/p>\n<\/td>\n<td style=\"width: 33.3333%; text-align: center;\">\n<p><span style=\"color: #ff0000;\">x<\/span> : 2 = 6<\/p>\n<p><span style=\"color: #ff0000;\">x<\/span>= 6 * 2<\/p>\n<p><span style=\"color: #ff0000;\">x<\/span> = 12<\/p>\n<\/td>\n<td style=\"width: 33.3333%; text-align: center;\">\n<p>48 : <span style=\"color: #ff0000;\">x<\/span> = 6<\/p>\n<p><span style=\"color: #ff0000;\">x<\/span> = 48 : 6<\/p>\n<p><span style=\"color: #ff0000;\">x<\/span> = 8<\/p>\n<\/td>\n<\/tr>\n<\/tbody>\n<\/table>\n","protected":false},"excerpt":{"rendered":"<p>V\u00f5rrand V\u00f5rrand&nbsp; on v\u00f5rdus, mis sisaldab \u00fchte v\u00f5i mitut tundmatut.&nbsp;&nbsp; N\u00e4ited:&nbsp; x + 6 = 9 4x = 12 x2 + 2x \u2013 3 = 0 V\u00f5rrandite lahendamine x + a = b x = b &#8211; a x &#8211; a = b x= b + a a &#8211; x = b x = a [&#8230;]<\/p>\n<p><a class=\"btn btn-secondary understrap-read-more-link\" href=\"https:\/\/domath.surju.ee\/et\/vorrand\/\">Read More&#8230;<span class=\"screen-reader-text\"> from V\u00f5rrand<\/span><\/a><\/p>\n","protected":false},"author":2,"featured_media":0,"parent":0,"menu_order":0,"comment_status":"closed","ping_status":"closed","template":"","meta":{"_eb_attr":"","_uag_custom_page_level_css":"","footnotes":""},"categories":[],"tags":[67,119,85],"class_list":["post-4342","page","type-page","status-publish","hentry","tag-english-e","tag-estonian-v","tag-greek-epsilon"],"uagb_featured_image_src":{"full":false,"thumbnail":false,"medium":false,"medium_large":false,"large":false,"1536x1536":false,"2048x2048":false,"menu-24x24":false,"menu-36x36":false,"menu-48x48":false},"uagb_author_info":{"display_name":"Signe Reidla","author_link":"https:\/\/domath.surju.ee\/et\/author\/signe\/"},"uagb_comment_info":0,"uagb_excerpt":"V\u00f5rrand V\u00f5rrand&nbsp; on v\u00f5rdus, mis sisaldab \u00fchte v\u00f5i mitut tundmatut.&nbsp;&nbsp; N\u00e4ited:&nbsp; x + 6 = 9 4x = 12 x2 + 2x \u2013 3 = 0 V\u00f5rrandite lahendamine x + a = b x = b &#8211; a x &#8211; a = b x= b + a a &#8211; x = b x = a&hellip;","_links":{"self":[{"href":"https:\/\/domath.surju.ee\/et\/wp-json\/wp\/v2\/pages\/4342","targetHints":{"allow":["GET"]}}],"collection":[{"href":"https:\/\/domath.surju.ee\/et\/wp-json\/wp\/v2\/pages"}],"about":[{"href":"https:\/\/domath.surju.ee\/et\/wp-json\/wp\/v2\/types\/page"}],"author":[{"embeddable":true,"href":"https:\/\/domath.surju.ee\/et\/wp-json\/wp\/v2\/users\/2"}],"replies":[{"embeddable":true,"href":"https:\/\/domath.surju.ee\/et\/wp-json\/wp\/v2\/comments?post=4342"}],"version-history":[{"count":22,"href":"https:\/\/domath.surju.ee\/et\/wp-json\/wp\/v2\/pages\/4342\/revisions"}],"predecessor-version":[{"id":5074,"href":"https:\/\/domath.surju.ee\/et\/wp-json\/wp\/v2\/pages\/4342\/revisions\/5074"}],"wp:attachment":[{"href":"https:\/\/domath.surju.ee\/et\/wp-json\/wp\/v2\/media?parent=4342"}],"wp:term":[{"taxonomy":"category","embeddable":true,"href":"https:\/\/domath.surju.ee\/et\/wp-json\/wp\/v2\/categories?post=4342"},{"taxonomy":"post_tag","embeddable":true,"href":"https:\/\/domath.surju.ee\/et\/wp-json\/wp\/v2\/tags?post=4342"}],"curies":[{"name":"wp","href":"https:\/\/api.w.org\/{rel}","templated":true}]}}