{"id":4326,"date":"2024-08-12T01:06:25","date_gmt":"2024-08-12T01:06:25","guid":{"rendered":"https:\/\/domath.surju.ee\/?page_id=4326"},"modified":"2024-12-30T23:01:27","modified_gmt":"2024-12-30T23:01:27","slug":"supplementary-angles","status":"publish","type":"page","link":"https:\/\/domath.surju.ee\/et\/korvunurgad\/","title":{"rendered":"K\u00f5rvunurgad"},"content":{"rendered":"<h1 style=\"text-align: center;\"><span style=\"color: #008000;\"><strong>K\u00f5rvunurgad<\/strong><\/span><\/h1>\r\n<p><span style=\"color: #ff0000;\"><strong>K\u00f5rvunurkadeks<\/strong> <\/span>nimetatakse kaht nurka, millel on \u00fcks \u00fchine haar ja mille teised haarad koos moodustavad sirge. K\u00f5rvunurkade summa on 180 kraadi.&nbsp;<\/p>\r\n<div class=\"wp-block-image\">\r\n<figure class=\"aligncenter size-large is-resized\"><img loading=\"lazy\" decoding=\"async\" width=\"1024\" height=\"571\" class=\"wp-image-4327\" style=\"width: 396px; height: auto;\" src=\"https:\/\/domath.surju.ee\/wp-content\/uploads\/2024\/08\/Angle_obtuse_acute_straight.svg_-1024x571.png\" alt=\"\" srcset=\"https:\/\/domath.surju.ee\/wp-content\/uploads\/2024\/08\/Angle_obtuse_acute_straight.svg_-1024x571.png 1024w, https:\/\/domath.surju.ee\/wp-content\/uploads\/2024\/08\/Angle_obtuse_acute_straight.svg_-300x167.png 300w, https:\/\/domath.surju.ee\/wp-content\/uploads\/2024\/08\/Angle_obtuse_acute_straight.svg_-768x428.png 768w, https:\/\/domath.surju.ee\/wp-content\/uploads\/2024\/08\/Angle_obtuse_acute_straight.svg_-24x13.png 24w, https:\/\/domath.surju.ee\/wp-content\/uploads\/2024\/08\/Angle_obtuse_acute_straight.svg_-36x20.png 36w, https:\/\/domath.surju.ee\/wp-content\/uploads\/2024\/08\/Angle_obtuse_acute_straight.svg_-48x27.png 48w, https:\/\/domath.surju.ee\/wp-content\/uploads\/2024\/08\/Angle_obtuse_acute_straight.svg_.png 1200w\" sizes=\"auto, (max-width: 1024px) 100vw, 1024px\" \/><\/figure><\/div>\r\n<p style=\"text-align: center;\">Nurgad <var>\u03b1<\/var> ja \u03b2&nbsp;on <strong>k\u00f5rvunurgad.<\/strong><\/p>\r\n <iframe loading=\"lazy\" style=\"border: 0px;\" title=\"K\u00f5rvunurgad\" src=\"https:\/\/www.geogebra.org\/material\/iframe\/id\/u24hbpyu\/width\/1000\/height\/385\/border\/888888\/sfsb\/true\/smb\/false\/stb\/false\/stbh\/false\/ai\/false\/asb\/false\/sri\/false\/rc\/false\/ld\/false\/sdz\/false\/ctl\/false\" width=\"700px\" height=\"285px\" scrolling=\"no\"> <\/iframe> \r\n<p><a href=\"https:\/\/www.geogebra.org\/u\/dhabecker\"><span class=\"notranslate\">Duane Habecker<\/span><\/a> , License<a href=\"https:\/\/creativecommons.org\/licenses\/by-sa\/3.0\">CC-BY-SA<\/a>,&nbsp;<a href=\"https:\/\/www.geogebra.org\/tos\">GeoGebra Terms of Use<\/a><\/p>\r\n <iframe loading=\"lazy\" style=\"border: 0px;\" title=\"K\u00f5rvunurkade esitlus\" src=\"https:\/\/www.geogebra.org\/material\/iframe\/id\/zx7x3has\/width\/1200\/height\/585\/border\/888888\/sfsb\/true\/smb\/false\/stb\/false\/stbh\/false\/ai\/false\/asb\/false\/sri\/false\/rc\/false\/ld\/false\/sdz\/false\/ctl\/false\" width=\"700px\" height=\"355px\" scrolling=\"no\"> <\/iframe> \r\n<p><a class=\"ggb-purple-text\" href=\"https:\/\/www.geogebra.org\/u\/shankarmasabinal\">SHANKARAPPA G MASABINAL<\/a>, License<a href=\"https:\/\/creativecommons.org\/licenses\/by-sa\/3.0\">CC-BY-SA<\/a>,&nbsp;<a href=\"https:\/\/www.geogebra.org\/tos\">GeoGebra Terms of Use<\/a><\/p>","protected":false},"excerpt":{"rendered":"<p>K\u00f5rvunurgad K\u00f5rvunurkadeks nimetatakse kaht nurka, millel on \u00fcks \u00fchine haar ja mille teised haarad koos moodustavad sirge. K\u00f5rvunurkade summa on 180 kraadi.&nbsp; Nurgad \u03b1 ja \u03b2&nbsp;on k\u00f5rvunurgad. Duane Habecker , LicenseCC-BY-SA,&nbsp;GeoGebra Terms of Use SHANKARAPPA G MASABINAL, LicenseCC-BY-SA,&nbsp;GeoGebra Terms of Use [&#8230;]<\/p>\n<p><a class=\"btn btn-secondary understrap-read-more-link\" href=\"https:\/\/domath.surju.ee\/et\/korvunurgad\/\">Read More&#8230;<span class=\"screen-reader-text\"> from K\u00f5rvunurgad<\/span><\/a><\/p>\n","protected":false},"author":2,"featured_media":0,"parent":0,"menu_order":0,"comment_status":"closed","ping_status":"closed","template":"","meta":{"_eb_attr":"","_uag_custom_page_level_css":"","footnotes":""},"categories":[],"tags":[41,76,63],"class_list":["post-4326","page","type-page","status-publish","hentry","tag-english-s","tag-estonian-k","tag-greek-pi"],"uagb_featured_image_src":{"full":false,"thumbnail":false,"medium":false,"medium_large":false,"large":false,"1536x1536":false,"2048x2048":false,"menu-24x24":false,"menu-36x36":false,"menu-48x48":false},"uagb_author_info":{"display_name":"Signe Reidla","author_link":"https:\/\/domath.surju.ee\/et\/author\/signe\/"},"uagb_comment_info":0,"uagb_excerpt":"K\u00f5rvunurgad K\u00f5rvunurkadeks nimetatakse kaht nurka, millel on \u00fcks \u00fchine haar ja mille teised haarad koos moodustavad sirge. K\u00f5rvunurkade summa on 180 kraadi.&nbsp; Nurgad \u03b1 ja \u03b2&nbsp;on k\u00f5rvunurgad. Duane Habecker , LicenseCC-BY-SA,&nbsp;GeoGebra Terms of Use SHANKARAPPA G MASABINAL, LicenseCC-BY-SA,&nbsp;GeoGebra Terms of Use [...]Read More... from K\u00f5rvunurgad","_links":{"self":[{"href":"https:\/\/domath.surju.ee\/et\/wp-json\/wp\/v2\/pages\/4326","targetHints":{"allow":["GET"]}}],"collection":[{"href":"https:\/\/domath.surju.ee\/et\/wp-json\/wp\/v2\/pages"}],"about":[{"href":"https:\/\/domath.surju.ee\/et\/wp-json\/wp\/v2\/types\/page"}],"author":[{"embeddable":true,"href":"https:\/\/domath.surju.ee\/et\/wp-json\/wp\/v2\/users\/2"}],"replies":[{"embeddable":true,"href":"https:\/\/domath.surju.ee\/et\/wp-json\/wp\/v2\/comments?post=4326"}],"version-history":[{"count":10,"href":"https:\/\/domath.surju.ee\/et\/wp-json\/wp\/v2\/pages\/4326\/revisions"}],"predecessor-version":[{"id":4339,"href":"https:\/\/domath.surju.ee\/et\/wp-json\/wp\/v2\/pages\/4326\/revisions\/4339"}],"wp:attachment":[{"href":"https:\/\/domath.surju.ee\/et\/wp-json\/wp\/v2\/media?parent=4326"}],"wp:term":[{"taxonomy":"category","embeddable":true,"href":"https:\/\/domath.surju.ee\/et\/wp-json\/wp\/v2\/categories?post=4326"},{"taxonomy":"post_tag","embeddable":true,"href":"https:\/\/domath.surju.ee\/et\/wp-json\/wp\/v2\/tags?post=4326"}],"curies":[{"name":"wp","href":"https:\/\/api.w.org\/{rel}","templated":true}]}}