{"id":4310,"date":"2024-08-12T00:36:13","date_gmt":"2024-08-12T00:36:13","guid":{"rendered":"https:\/\/domath.surju.ee\/?page_id=4310"},"modified":"2024-12-30T20:20:50","modified_gmt":"2024-12-30T20:20:50","slug":"regular-polygon","status":"publish","type":"page","link":"https:\/\/domath.surju.ee\/et\/korraparane-hulknurk\/","title":{"rendered":"Korrap\u00e4rane hulknurk"},"content":{"rendered":"<h1 style=\"text-align: center;\"><strong><span style=\"color: #008000;\">Korrap\u00e4rane hulknurk<\/span><\/strong><\/h1>\r\n<p><span style=\"color: #ff0000;\"><span style=\"color: #000000;\">Kolmnurki, nelinurki, viisnurki jne nimetatakse hulknurkadeks.<br \/>\r\n<strong>Hulknurk<\/strong>&nbsp;on kinnine murdjoon.&nbsp; <br \/>\r\nL\u00f5ike, millest see murdjoon koosneb, nimetatakse <strong>hulknurga k\u00fclgedeks<\/strong>, nende otspunkte <strong>hulknurga tippudek<\/strong>s.&nbsp;<br \/>\r\n<br \/>\r\n<span style=\"color: #ff0000;\"><strong>Korrap\u00e4raseks hulknurgaks<\/strong><\/span> nimetatakse hulknurka, millel on v\u00f5rdsed k\u00fcljed ja v\u00f5rdsed nurgad.<\/span><br \/>\r\n<\/span><\/p>\r\n<p>&nbsp;<\/p>\r\n<figure class=\"wp-block-table\"><img loading=\"lazy\" decoding=\"async\" width=\"1024\" height=\"818\" class=\"wp-image-794\" style=\"width: 544px; height: auto;\" src=\"https:\/\/domath.surju.ee\/wp-content\/uploads\/2023\/12\/\u039a\u0391\u039d\u039f\u039d\u0399\u039a\u0391-\u03a0\u039f\u039b\u03a5\u0393\u03a9\u039d\u0391-1024x818.png\" alt=\"\" srcset=\"https:\/\/domath.surju.ee\/wp-content\/uploads\/2023\/12\/\u039a\u0391\u039d\u039f\u039d\u0399\u039a\u0391-\u03a0\u039f\u039b\u03a5\u0393\u03a9\u039d\u0391-1024x818.png 1024w, https:\/\/domath.surju.ee\/wp-content\/uploads\/2023\/12\/\u039a\u0391\u039d\u039f\u039d\u0399\u039a\u0391-\u03a0\u039f\u039b\u03a5\u0393\u03a9\u039d\u0391-300x240.png 300w, https:\/\/domath.surju.ee\/wp-content\/uploads\/2023\/12\/\u039a\u0391\u039d\u039f\u039d\u0399\u039a\u0391-\u03a0\u039f\u039b\u03a5\u0393\u03a9\u039d\u0391-768x614.png 768w, https:\/\/domath.surju.ee\/wp-content\/uploads\/2023\/12\/\u039a\u0391\u039d\u039f\u039d\u0399\u039a\u0391-\u03a0\u039f\u039b\u03a5\u0393\u03a9\u039d\u0391-24x19.png 24w, https:\/\/domath.surju.ee\/wp-content\/uploads\/2023\/12\/\u039a\u0391\u039d\u039f\u039d\u0399\u039a\u0391-\u03a0\u039f\u039b\u03a5\u0393\u03a9\u039d\u0391-36x29.png 36w, https:\/\/domath.surju.ee\/wp-content\/uploads\/2023\/12\/\u039a\u0391\u039d\u039f\u039d\u0399\u039a\u0391-\u03a0\u039f\u039b\u03a5\u0393\u03a9\u039d\u0391-48x38.png 48w, https:\/\/domath.surju.ee\/wp-content\/uploads\/2023\/12\/\u039a\u0391\u039d\u039f\u039d\u0399\u039a\u0391-\u03a0\u039f\u039b\u03a5\u0393\u03a9\u039d\u0391.png 1095w\" sizes=\"auto, (max-width: 1024px) 100vw, 1024px\" \/><\/figure>\r\n<p><span style=\"color: #ff0000;\">&nbsp;<\/span><\/p>\r\n<h5 style=\"text-align: center;\"><strong><span style=\"color: #99ccff; background-color: #000080;\">Korrap\u00e4rase hulknurga valemid:&nbsp;<\/span><\/strong><\/h5>\r\n<p style=\"text-align: center;\"><strong>Hulknurga sisenurkade summa:&nbsp;<\/strong> <br \/>\r\n<strong><span style=\"color: #ff0000; font-size: 14pt;\">s =180\u00ba (n &#8211; 2)&nbsp; &nbsp;<\/span><\/strong><br \/>\r\n<br \/>\r\nHulknurga \u00fche nurga suuruse arvutamine:&nbsp;<br \/>\r\n<br \/>\r\n<img loading=\"lazy\" decoding=\"async\" class=\"wp-image-3945 aligncenter\" src=\"https:\/\/domath.surju.ee\/wp-content\/uploads\/2024\/08\/korraparane-hulknurk-1-300x71.png\" alt=\"\" width=\"232\" height=\"55\" srcset=\"https:\/\/domath.surju.ee\/wp-content\/uploads\/2024\/08\/korraparane-hulknurk-1-300x71.png 300w, https:\/\/domath.surju.ee\/wp-content\/uploads\/2024\/08\/korraparane-hulknurk-1-1024x243.png 1024w, https:\/\/domath.surju.ee\/wp-content\/uploads\/2024\/08\/korraparane-hulknurk-1-768x183.png 768w, https:\/\/domath.surju.ee\/wp-content\/uploads\/2024\/08\/korraparane-hulknurk-1-1536x365.png 1536w, https:\/\/domath.surju.ee\/wp-content\/uploads\/2024\/08\/korraparane-hulknurk-1-2048x487.png 2048w, https:\/\/domath.surju.ee\/wp-content\/uploads\/2024\/08\/korraparane-hulknurk-1-24x6.png 24w, https:\/\/domath.surju.ee\/wp-content\/uploads\/2024\/08\/korraparane-hulknurk-1-36x9.png 36w, https:\/\/domath.surju.ee\/wp-content\/uploads\/2024\/08\/korraparane-hulknurk-1-48x11.png 48w\" sizes=\"auto, (max-width: 232px) 100vw, 232px\" \/><br \/>\r\n<br \/>\r\n<\/p>\r\n<h5 style=\"text-align: center;\"><span style=\"color: #99ccff; background-color: #000080;\"><strong>Korrap\u00e4rase hulknurga pindala ja \u00fcmberm\u00f5\u00f5du valemid:&nbsp;<\/strong><\/span><\/h5>\r\n<table style=\"border-collapse: collapse; width: 100%;\">\r\n<tbody>\r\n<tr>\r\n<td style=\"width: 33.3333%;\"><img loading=\"lazy\" decoding=\"async\" class=\"wp-image-4446 aligncenter\" src=\"https:\/\/domath.surju.ee\/wp-content\/uploads\/2024\/08\/korraparane-hulknurk-2-300x248.png\" alt=\"\" width=\"227\" height=\"188\" srcset=\"https:\/\/domath.surju.ee\/wp-content\/uploads\/2024\/08\/korraparane-hulknurk-2-300x248.png 300w, https:\/\/domath.surju.ee\/wp-content\/uploads\/2024\/08\/korraparane-hulknurk-2-1024x847.png 1024w, https:\/\/domath.surju.ee\/wp-content\/uploads\/2024\/08\/korraparane-hulknurk-2-768x635.png 768w, https:\/\/domath.surju.ee\/wp-content\/uploads\/2024\/08\/korraparane-hulknurk-2-1536x1270.png 1536w, https:\/\/domath.surju.ee\/wp-content\/uploads\/2024\/08\/korraparane-hulknurk-2-2048x1693.png 2048w, https:\/\/domath.surju.ee\/wp-content\/uploads\/2024\/08\/korraparane-hulknurk-2-24x20.png 24w, https:\/\/domath.surju.ee\/wp-content\/uploads\/2024\/08\/korraparane-hulknurk-2-36x30.png 36w, https:\/\/domath.surju.ee\/wp-content\/uploads\/2024\/08\/korraparane-hulknurk-2-48x40.png 48w\" sizes=\"auto, (max-width: 227px) 100vw, 227px\" \/><\/td>\r\n<td style=\"width: 40.0584%;\">\r\n<p style=\"text-align: center;\"><b><strong>Pindala = (n \u00d7 a \u00d7 apoteem) \/ 2<\/strong><\/b><\/p>\r\n<p style=\"text-align: center;\"><strong>r<\/strong> &#8211; apoteem<br \/>\r\n<b><strong>n<\/strong><\/b>&nbsp; &#8211;&nbsp; k\u00fclgede arv<br \/>\r\n<b><strong>a<\/strong><\/b> &#8211;&nbsp; k\u00fclje pikkus<br \/>\r\n<br \/>\r\n<br \/>\r\n<\/p>\r\n<\/td>\r\n<td style=\"width: 26.6082%; text-align: center;\">\r\n<p><strong>&nbsp;\u00dcmberm\u00f5\u00f5t<\/strong>=<b><strong>n \u00d7 a<\/strong><\/b><\/p>\r\n<p><img loading=\"lazy\" decoding=\"async\" class=\" wp-image-4448 aligncenter\" src=\"https:\/\/domath.surju.ee\/wp-content\/uploads\/2024\/08\/korraparane-hulknurk-5-300x86.png\" alt=\"\" width=\"115\" height=\"33\" srcset=\"https:\/\/domath.surju.ee\/wp-content\/uploads\/2024\/08\/korraparane-hulknurk-5-300x86.png 300w, https:\/\/domath.surju.ee\/wp-content\/uploads\/2024\/08\/korraparane-hulknurk-5-1024x293.png 1024w, https:\/\/domath.surju.ee\/wp-content\/uploads\/2024\/08\/korraparane-hulknurk-5-768x219.png 768w, https:\/\/domath.surju.ee\/wp-content\/uploads\/2024\/08\/korraparane-hulknurk-5-1536x439.png 1536w, https:\/\/domath.surju.ee\/wp-content\/uploads\/2024\/08\/korraparane-hulknurk-5-2048x585.png 2048w, https:\/\/domath.surju.ee\/wp-content\/uploads\/2024\/08\/korraparane-hulknurk-5-24x7.png 24w, https:\/\/domath.surju.ee\/wp-content\/uploads\/2024\/08\/korraparane-hulknurk-5-36x10.png 36w, https:\/\/domath.surju.ee\/wp-content\/uploads\/2024\/08\/korraparane-hulknurk-5-48x14.png 48w\" sizes=\"auto, (max-width: 115px) 100vw, 115px\" \/><\/p>\r\n<\/td>\r\n<\/tr>\r\n<\/tbody>\r\n<\/table>\r\n<table style=\"border-collapse: collapse; width: 100%; height: 45px;\">\r\n<tbody>\r\n<tr style=\"height: 45px;\">\r\n<td style=\"width: 33.3333%; height: 45px;\">&nbsp;<\/td>\r\n<td style=\"width: 33.3333%; height: 45px;\">\r\n<p style=\"text-align: center;\">&nbsp;<\/p>\r\n<\/td>\r\n<\/tr>\r\n<\/tbody>\r\n<\/table>\r\n<p style=\"text-align: center;\"><\/p>\r\n<figure class=\"wp-block-image aligncenter size-large is-resized\"><img loading=\"lazy\" decoding=\"async\" class=\"wp-image-5263 aligncenter\" src=\"https:\/\/domath.surju.ee\/wp-content\/uploads\/2024\/12\/hulknurkS-300x62.png\" alt=\"\" width=\"271\" height=\"56\" srcset=\"https:\/\/domath.surju.ee\/wp-content\/uploads\/2024\/12\/hulknurkS-300x62.png 300w, https:\/\/domath.surju.ee\/wp-content\/uploads\/2024\/12\/hulknurkS-24x5.png 24w, https:\/\/domath.surju.ee\/wp-content\/uploads\/2024\/12\/hulknurkS-36x7.png 36w, https:\/\/domath.surju.ee\/wp-content\/uploads\/2024\/12\/hulknurkS-48x10.png 48w, https:\/\/domath.surju.ee\/wp-content\/uploads\/2024\/12\/hulknurkS.png 420w\" sizes=\"auto, (max-width: 271px) 100vw, 271px\" \/><\/figure>\r\n<div style=\"text-align: center;\">\r\n<div style=\"text-align: center;\">&nbsp;<\/div>\r\n<strong>n &#8211; k\u00fclgede arv<\/strong><\/div>\r\n<h5 style=\"text-align: center;\"> <iframe loading=\"lazy\" style=\"border: 0px;\" title=\"korrap\u00e4rane hulknurk\" src=\"https:\/\/www.geogebra.org\/material\/iframe\/id\/eacbm6rs\/width\/1000\/height\/560\/border\/888888\/sfsb\/true\/smb\/false\/stb\/false\/stbh\/false\/ai\/false\/asb\/false\/sri\/false\/rc\/false\/ld\/false\/sdz\/false\/ctl\/false\" width=\"600px\" height=\"350px\" scrolling=\"no\" data-mce-fragment=\"1\"> <\/iframe> <\/h5>\r\n","protected":false},"excerpt":{"rendered":"<p>Korrap\u00e4rane hulknurk Kolmnurki, nelinurki, viisnurki jne nimetatakse hulknurkadeks. Hulknurk&nbsp;on kinnine murdjoon.&nbsp; L\u00f5ike, millest see murdjoon koosneb, nimetatakse hulknurga k\u00fclgedeks, nende otspunkte hulknurga tippudeks.&nbsp; Korrap\u00e4raseks hulknurgaks nimetatakse hulknurka, millel on v\u00f5rdsed k\u00fcljed ja v\u00f5rdsed nurgad. &nbsp; &nbsp; Korrap\u00e4rase hulknurga valemid:&nbsp; Hulknurga sisenurkade summa:&nbsp; s =180\u00ba (n &#8211; 2)&nbsp; &nbsp; Hulknurga \u00fche nurga suuruse arvutamine:&nbsp; Korrap\u00e4rase hulknurga [&#8230;]<\/p>\n<p><a class=\"btn btn-secondary understrap-read-more-link\" href=\"https:\/\/domath.surju.ee\/et\/korraparane-hulknurk\/\">Read More&#8230;<span class=\"screen-reader-text\"> from Korrap\u00e4rane hulknurk<\/span><\/a><\/p>\n","protected":false},"author":2,"featured_media":0,"parent":0,"menu_order":0,"comment_status":"closed","ping_status":"closed","template":"","meta":{"_eb_attr":"","_uag_custom_page_level_css":"","footnotes":""},"categories":[],"tags":[99,76,73],"class_list":["post-4310","page","type-page","status-publish","hentry","tag-english-r","tag-estonian-k","tag-greek-kappa"],"uagb_featured_image_src":{"full":false,"thumbnail":false,"medium":false,"medium_large":false,"large":false,"1536x1536":false,"2048x2048":false,"menu-24x24":false,"menu-36x36":false,"menu-48x48":false},"uagb_author_info":{"display_name":"Signe Reidla","author_link":"https:\/\/domath.surju.ee\/et\/author\/signe\/"},"uagb_comment_info":0,"uagb_excerpt":"Korrap\u00e4rane hulknurk Kolmnurki, nelinurki, viisnurki jne nimetatakse hulknurkadeks. Hulknurk&nbsp;on kinnine murdjoon.&nbsp; L\u00f5ike, millest see murdjoon koosneb, nimetatakse hulknurga k\u00fclgedeks, nende otspunkte hulknurga tippudeks.&nbsp; Korrap\u00e4raseks hulknurgaks nimetatakse hulknurka, millel on v\u00f5rdsed k\u00fcljed ja v\u00f5rdsed nurgad. &nbsp; &nbsp; Korrap\u00e4rase hulknurga valemid:&nbsp; Hulknurga sisenurkade summa:&nbsp; s =180\u00ba (n &#8211; 2)&nbsp; &nbsp; Hulknurga \u00fche nurga suuruse arvutamine:&nbsp; Korrap\u00e4rase hulknurga&hellip;","_links":{"self":[{"href":"https:\/\/domath.surju.ee\/et\/wp-json\/wp\/v2\/pages\/4310","targetHints":{"allow":["GET"]}}],"collection":[{"href":"https:\/\/domath.surju.ee\/et\/wp-json\/wp\/v2\/pages"}],"about":[{"href":"https:\/\/domath.surju.ee\/et\/wp-json\/wp\/v2\/types\/page"}],"author":[{"embeddable":true,"href":"https:\/\/domath.surju.ee\/et\/wp-json\/wp\/v2\/users\/2"}],"replies":[{"embeddable":true,"href":"https:\/\/domath.surju.ee\/et\/wp-json\/wp\/v2\/comments?post=4310"}],"version-history":[{"count":22,"href":"https:\/\/domath.surju.ee\/et\/wp-json\/wp\/v2\/pages\/4310\/revisions"}],"predecessor-version":[{"id":5261,"href":"https:\/\/domath.surju.ee\/et\/wp-json\/wp\/v2\/pages\/4310\/revisions\/5261"}],"wp:attachment":[{"href":"https:\/\/domath.surju.ee\/et\/wp-json\/wp\/v2\/media?parent=4310"}],"wp:term":[{"taxonomy":"category","embeddable":true,"href":"https:\/\/domath.surju.ee\/et\/wp-json\/wp\/v2\/categories?post=4310"},{"taxonomy":"post_tag","embeddable":true,"href":"https:\/\/domath.surju.ee\/et\/wp-json\/wp\/v2\/tags?post=4310"}],"curies":[{"name":"wp","href":"https:\/\/api.w.org\/{rel}","templated":true}]}}