{"id":4283,"date":"2024-08-11T23:38:47","date_gmt":"2024-08-11T23:38:47","guid":{"rendered":"https:\/\/domath.surju.ee\/?page_id=4283"},"modified":"2024-12-08T07:25:44","modified_gmt":"2024-12-08T07:25:44","slug":"base-angles","status":"publish","type":"page","link":"https:\/\/domath.surju.ee\/et\/alusnurgad\/","title":{"rendered":"Alusnurgad"},"content":{"rendered":"<h1 style=\"text-align: center;\"><span style=\"color: #008000;\"><strong>Alusnurgad<\/strong><\/span><\/h1>\r\n<p><br \/>\r\n<strong>V\u00f5rdhaarne kolmnurk<\/strong> on kolmnurk, mille kaks k\u00fclge on v\u00f5rdse pikkusega.<br \/>\r\nNeid&nbsp; v\u00f5rdse pikkusega k\u00fclgi nimetatakse <strong>kolmnurga<\/strong> <strong>haaradeks<\/strong> ja kolmandat k\u00fclge <b>kolmnurga aluseks.&nbsp;<\/b><\/p>\r\n<p>Kolmnurga haara ja aluste vahelisi nurkasid nimetatakse&nbsp; <span style=\"color: #ff0000;\"><strong>alusnurkadeks.<br \/>\r\nAlusnurgad on v\u00f5rdsed.<br \/>\r\n<\/strong><\/span><strong>Tipunurgaks<\/strong> nimetatakse nurka,&nbsp; mis asub p\u00f5hja vastas ja on v\u00f5rdsete k\u00fclgede vaheline nurk.<br \/>\r\n<br \/>\r\nleg of an isosceles triangle &#8211;&nbsp; <strong>v\u00f5rdhaarse kolmnurga haar.<\/strong><br \/>\r\nbase angles &#8211;&nbsp; <span style=\"color: #ff0000;\"><strong>alusnurk<\/strong><\/span><br \/>\r\nbase of hte triangle &#8211;&nbsp; <strong>v\u00f5rdhaarse kolmnurga alus<\/strong><br \/>\r\nvertex angle &#8211;&nbsp; <strong>tipunurk<br \/>\r\n<br \/>\r\n<\/strong><\/p>\r\n<div class=\"wp-block-image\">\r\n<figure class=\"aligncenter size-large is-resized\"><img loading=\"lazy\" decoding=\"async\" width=\"1024\" height=\"807\" class=\"wp-image-4284\" style=\"width: 352px; height: auto;\" src=\"https:\/\/domath.surju.ee\/wp-content\/uploads\/2024\/08\/geogebra-export-1_3_kvordh_kolmnurk-1-1024x807.png\" alt=\"\" srcset=\"https:\/\/domath.surju.ee\/wp-content\/uploads\/2024\/08\/geogebra-export-1_3_kvordh_kolmnurk-1-1024x807.png 1024w, https:\/\/domath.surju.ee\/wp-content\/uploads\/2024\/08\/geogebra-export-1_3_kvordh_kolmnurk-1-300x236.png 300w, https:\/\/domath.surju.ee\/wp-content\/uploads\/2024\/08\/geogebra-export-1_3_kvordh_kolmnurk-1-768x605.png 768w, https:\/\/domath.surju.ee\/wp-content\/uploads\/2024\/08\/geogebra-export-1_3_kvordh_kolmnurk-1-1536x1210.png 1536w, https:\/\/domath.surju.ee\/wp-content\/uploads\/2024\/08\/geogebra-export-1_3_kvordh_kolmnurk-1-2048x1613.png 2048w, https:\/\/domath.surju.ee\/wp-content\/uploads\/2024\/08\/geogebra-export-1_3_kvordh_kolmnurk-1-24x19.png 24w, https:\/\/domath.surju.ee\/wp-content\/uploads\/2024\/08\/geogebra-export-1_3_kvordh_kolmnurk-1-36x28.png 36w, https:\/\/domath.surju.ee\/wp-content\/uploads\/2024\/08\/geogebra-export-1_3_kvordh_kolmnurk-1-48x38.png 48w\" sizes=\"auto, (max-width: 1024px) 100vw, 1024px\" \/><\/figure><\/div>\r\n<h5 style=\"text-align: center;\"><span style=\"color: #800000;\">AC = BC<\/span><\/h5>\r\n<h5 style=\"text-align: center;\"><span style=\"color: #800000;\">\u2220A = \u2220B = (180\u00ba \u2013 \u2220C) : 2<\/span><\/h5>\r\n<h5 style=\"text-align: center;\"><span style=\"color: #800000;\">\u2220C = 180\u00ba -\u2220A \u2013 \u2220B&nbsp; =180 \u00ba \u2013 (\u2220A + \u2220B)<\/span><\/h5>\r\n <iframe loading=\"lazy\" style=\"border: 0px;\" title=\"v\u00f5rdhaarse kolmnurga alusnurgad\" src=\"https:\/\/www.geogebra.org\/material\/iframe\/id\/kfwy28kv\/width\/1200\/height\/585\/border\/888888\/sfsb\/true\/smb\/false\/stb\/false\/stbh\/false\/ai\/false\/asb\/false\/sri\/false\/rc\/false\/ld\/false\/sdz\/false\/ctl\/false\" width=\"700px\" height=\"385px\" scrolling=\"no\"> <\/iframe> ","protected":false},"excerpt":{"rendered":"<p>Alusnurgad V\u00f5rdhaarne kolmnurk on kolmnurk, mille kaks k\u00fclge on v\u00f5rdse pikkusega. Neid&nbsp; v\u00f5rdse pikkusega k\u00fclgi nimetatakse kolmnurga haaradeks ja kolmandat k\u00fclge kolmnurga aluseks.&nbsp; Kolmnurga haara ja aluste vahelisi nurkasid nimetatakse&nbsp; alusnurkadeks. Alusnurgad on v\u00f5rdsed. Tipunurgaks nimetatakse nurka,&nbsp; mis asub p\u00f5hja vastas ja on v\u00f5rdsete k\u00fclgede vaheline nurk. leg of an isosceles triangle &#8211;&nbsp; v\u00f5rdhaarse kolmnurga [&#8230;]<\/p>\n<p><a class=\"btn btn-secondary understrap-read-more-link\" href=\"https:\/\/domath.surju.ee\/et\/alusnurgad\/\">Read More&#8230;<span class=\"screen-reader-text\"> from Alusnurgad<\/span><\/a><\/p>\n","protected":false},"author":2,"featured_media":0,"parent":0,"menu_order":0,"comment_status":"closed","ping_status":"closed","template":"","meta":{"_eb_attr":"","_uag_custom_page_level_css":"","footnotes":""},"categories":[],"tags":[65,22,140,72],"class_list":["post-4283","page","type-page","status-publish","hentry","tag-english-b","tag-estonian-a","tag-greek-gamma","tag-spanish-a"],"uagb_featured_image_src":{"full":false,"thumbnail":false,"medium":false,"medium_large":false,"large":false,"1536x1536":false,"2048x2048":false,"menu-24x24":false,"menu-36x36":false,"menu-48x48":false},"uagb_author_info":{"display_name":"Signe Reidla","author_link":"https:\/\/domath.surju.ee\/et\/author\/signe\/"},"uagb_comment_info":0,"uagb_excerpt":"Alusnurgad V\u00f5rdhaarne kolmnurk on kolmnurk, mille kaks k\u00fclge on v\u00f5rdse pikkusega. Neid&nbsp; v\u00f5rdse pikkusega k\u00fclgi nimetatakse kolmnurga haaradeks ja kolmandat k\u00fclge kolmnurga aluseks.&nbsp; Kolmnurga haara ja aluste vahelisi nurkasid nimetatakse&nbsp; alusnurkadeks. Alusnurgad on v\u00f5rdsed. Tipunurgaks nimetatakse nurka,&nbsp; mis asub p\u00f5hja vastas ja on v\u00f5rdsete k\u00fclgede vaheline nurk. leg of an isosceles triangle &#8211;&nbsp; v\u00f5rdhaarse kolmnurga&hellip;","_links":{"self":[{"href":"https:\/\/domath.surju.ee\/et\/wp-json\/wp\/v2\/pages\/4283","targetHints":{"allow":["GET"]}}],"collection":[{"href":"https:\/\/domath.surju.ee\/et\/wp-json\/wp\/v2\/pages"}],"about":[{"href":"https:\/\/domath.surju.ee\/et\/wp-json\/wp\/v2\/types\/page"}],"author":[{"embeddable":true,"href":"https:\/\/domath.surju.ee\/et\/wp-json\/wp\/v2\/users\/2"}],"replies":[{"embeddable":true,"href":"https:\/\/domath.surju.ee\/et\/wp-json\/wp\/v2\/comments?post=4283"}],"version-history":[{"count":8,"href":"https:\/\/domath.surju.ee\/et\/wp-json\/wp\/v2\/pages\/4283\/revisions"}],"predecessor-version":[{"id":4294,"href":"https:\/\/domath.surju.ee\/et\/wp-json\/wp\/v2\/pages\/4283\/revisions\/4294"}],"wp:attachment":[{"href":"https:\/\/domath.surju.ee\/et\/wp-json\/wp\/v2\/media?parent=4283"}],"wp:term":[{"taxonomy":"category","embeddable":true,"href":"https:\/\/domath.surju.ee\/et\/wp-json\/wp\/v2\/categories?post=4283"},{"taxonomy":"post_tag","embeddable":true,"href":"https:\/\/domath.surju.ee\/et\/wp-json\/wp\/v2\/tags?post=4283"}],"curies":[{"name":"wp","href":"https:\/\/api.w.org\/{rel}","templated":true}]}}