{"id":4211,"date":"2024-08-11T19:51:00","date_gmt":"2024-08-11T19:51:00","guid":{"rendered":"https:\/\/domath.surju.ee\/?page_id=4211"},"modified":"2024-12-22T13:25:46","modified_gmt":"2024-12-22T13:25:46","slug":"4211-2","status":"publish","type":"page","link":"https:\/\/domath.surju.ee\/et\/abstsiss\/","title":{"rendered":"Abstsiss"},"content":{"rendered":"<h1 style=\"text-align: center;\"><span style=\"color: #008000;\"><strong>Abstsiss<\/strong><\/span><\/h1>\r\n<p><span style=\"color: #ff0000;\"><strong>Abstiss<\/strong><\/span> on kahem\u00f5\u00f5tmelise ruumi punkti horisontaalne koordinaat Descartes&#8217;i koordinaats\u00fcsteemis.&nbsp;<br \/>\r\n<br \/>\r\nKahem\u00f5\u00f5tmelises ruumis nimetatakse <strong>&nbsp;x-koordinaati punkti <span style=\"color: #ff0000;\">abstsissiks <\/span><\/strong>ja<strong> y-koordinaati&nbsp; <\/strong>&nbsp; <strong>punkti<\/strong> <b><span style=\"color: #ff0000;\">ordinaadiks.<\/span> <\/b>&nbsp;<br \/>\r\n<br \/>\r\n<strong>Punkti abstsiss<\/strong> n\u00e4itab &nbsp;kui kaugel asub punkt <strong>y-teljest.<br \/>\r\nPunkti orinaat <\/strong>n\u00e4itab &nbsp;kui kaugel asub punkt <strong>x-teljest.<\/strong><\/p>\r\n<div class=\"wp-block-uagb-icon-list uagb-block-b2ee7549\">\r\n<div class=\"uagb-icon-list__wrap\">\r\n<div class=\"wp-block-uagb-icon-list-child uagb-block-1b7ae343\"><span style=\"color: #0000ff;\"><strong>Koordinaattasand<\/strong><\/span><\/div>\r\n<\/div>\r\n<\/div>\r\n<div class=\"wp-block-image\">\r\n<figure class=\"aligncenter size-full is-resized\"><img loading=\"lazy\" decoding=\"async\" class=\"alignnone size-medium wp-image-4927\" src=\"https:\/\/domath.surju.ee\/wp-content\/uploads\/2024\/12\/teljed3-2-300x297.png\" alt=\"\" width=\"300\" height=\"297\" srcset=\"https:\/\/domath.surju.ee\/wp-content\/uploads\/2024\/12\/teljed3-2-300x297.png 300w, https:\/\/domath.surju.ee\/wp-content\/uploads\/2024\/12\/teljed3-2-150x150.png 150w, https:\/\/domath.surju.ee\/wp-content\/uploads\/2024\/12\/teljed3-2-24x24.png 24w, https:\/\/domath.surju.ee\/wp-content\/uploads\/2024\/12\/teljed3-2-36x36.png 36w, https:\/\/domath.surju.ee\/wp-content\/uploads\/2024\/12\/teljed3-2-48x48.png 48w, https:\/\/domath.surju.ee\/wp-content\/uploads\/2024\/12\/teljed3-2.png 459w\" sizes=\"auto, (max-width: 300px) 100vw, 300px\" \/><\/figure><\/div>\r\n<div style=\"text-align: center;\">&nbsp;<\/div>\r\n<div style=\"text-align: center;\">Koordinaattasandil olevad j\u00e4rjestatud paarid t\u00e4histavad viljade asukohta:&nbsp;<br \/>\r\n<ul style=\"list-style-type: circle;\">\r\n\t<li>Punkti esimest numbrit nimetatakse <strong>&#8220;abstsissiks&#8221; (x-koordinaat), <\/strong>mis t\u00e4histab horisontaalset asendit.<\/li>\r\n\t<li><span class=\"uagb-icon-list__label\"><span style=\"font-family: var(--bs-body-font-family); font-size: var(--bs-body-font-size); font-weight: var(--bs-body-font-weight); text-align: var(--bs-body-text-align);\">Punkti teist numbrit nimetatakse <strong>&#8220;ordinaadiks&#8221; (y-koordinaadiks)<\/strong>, mis&nbsp; t\u00e4histab vertikaalset asendit.<\/span><\/span><\/li>\r\n\t<li><span class=\"uagb-icon-list__label\"><span style=\"font-family: var(--bs-body-font-family); font-size: var(--bs-body-font-size); font-weight: var(--bs-body-font-weight); text-align: var(--bs-body-text-align);\">M\u00f5lemaid numbreid nimetatakse <strong>punkti koordinaatideks<\/strong> ja neid saab j\u00e4rjestada numbripaaridena&nbsp;<\/span><\/span>\r\n<div class=\"wp-block-uagb-icon-list-child uagb-block-e00ea423\" style=\"text-align: center;\"><br \/>\r\n<br \/>\r\nTasandiosa punktide asukohta m\u00e4\u00e4rab arvupaar <strong>(x; y)<\/strong>.<\/div>\r\n<\/li>\r\n<\/ul>\r\n<p style=\"text-align: center;\">Koordinaattelgede l\u00f5ikepunkti ehk nullpunkti t\u00e4histatakse tavaliselt t\u00e4hega <strong>O<\/strong> <br \/>\r\nja selle koordinaadid on <strong>(0; 0).<\/strong><img loading=\"lazy\" decoding=\"async\" class=\"wp-image-4245 aligncenter\" src=\"https:\/\/domath.surju.ee\/wp-content\/uploads\/2024\/08\/Cartesian-coordinate-system.svg_-300x297.png\" alt=\"\" width=\"338\" height=\"335\" srcset=\"https:\/\/domath.surju.ee\/wp-content\/uploads\/2024\/08\/Cartesian-coordinate-system.svg_-300x297.png 300w, https:\/\/domath.surju.ee\/wp-content\/uploads\/2024\/08\/Cartesian-coordinate-system.svg_-150x150.png 150w, https:\/\/domath.surju.ee\/wp-content\/uploads\/2024\/08\/Cartesian-coordinate-system.svg_-768x760.png 768w, https:\/\/domath.surju.ee\/wp-content\/uploads\/2024\/08\/Cartesian-coordinate-system.svg_-24x24.png 24w, https:\/\/domath.surju.ee\/wp-content\/uploads\/2024\/08\/Cartesian-coordinate-system.svg_-36x36.png 36w, https:\/\/domath.surju.ee\/wp-content\/uploads\/2024\/08\/Cartesian-coordinate-system.svg_-48x48.png 48w, https:\/\/domath.surju.ee\/wp-content\/uploads\/2024\/08\/Cartesian-coordinate-system.svg_.png 909w\" sizes=\"auto, (max-width: 338px) 100vw, 338px\" \/><\/p>\r\n<\/div>\r\n<div class=\"wp-block-uagb-icon-list-child uagb-block-e00ea423\"><a href=\"https:\/\/et.wikipedia.org\/wiki\/Descartesi_koordinaadid#\/media\/Fail:Cartesian-coordinate-system.svg\"><span style=\"font-size: 8pt;\">https:\/\/et.wikipedia.org\/wiki\/Descartesi_koordinaadid#\/media\/Fail:Cartesian-coordinate-system.svg<\/span><\/a><\/div>","protected":false},"excerpt":{"rendered":"<p>Abstsiss Abstiss on kahem\u00f5\u00f5tmelise ruumi punkti horisontaalne koordinaat Descartes&#8217;i koordinaats\u00fcsteemis.&nbsp; Kahem\u00f5\u00f5tmelises ruumis nimetatakse &nbsp;x-koordinaati punkti abstsissiks ja y-koordinaati&nbsp; &nbsp; punkti ordinaadiks. &nbsp; Punkti abstsiss n\u00e4itab &nbsp;kui kaugel asub punkt y-teljest. Punkti orinaat n\u00e4itab &nbsp;kui kaugel asub punkt x-teljest. Koordinaattasand &nbsp; Koordinaattasandil olevad j\u00e4rjestatud paarid t\u00e4histavad viljade asukohta:&nbsp; Punkti esimest numbrit nimetatakse &#8220;abstsissiks&#8221; (x-koordinaat), mis t\u00e4histab [&#8230;]<\/p>\n<p><a class=\"btn btn-secondary understrap-read-more-link\" href=\"https:\/\/domath.surju.ee\/et\/abstsiss\/\">Read More&#8230;<span class=\"screen-reader-text\"> from Abstsiss<\/span><\/a><\/p>\n","protected":false},"author":2,"featured_media":0,"parent":0,"menu_order":0,"comment_status":"closed","ping_status":"closed","template":"","meta":{"_eb_attr":"","_uag_custom_page_level_css":"","footnotes":""},"categories":[],"tags":[37,22,151,72],"class_list":["post-4211","page","type-page","status-publish","hentry","tag-english-a","tag-estonian-a","tag-greek-tau","tag-spanish-a"],"uagb_featured_image_src":{"full":false,"thumbnail":false,"medium":false,"medium_large":false,"large":false,"1536x1536":false,"2048x2048":false,"menu-24x24":false,"menu-36x36":false,"menu-48x48":false},"uagb_author_info":{"display_name":"Signe Reidla","author_link":"https:\/\/domath.surju.ee\/et\/author\/signe\/"},"uagb_comment_info":0,"uagb_excerpt":"Abstsiss Abstiss on kahem\u00f5\u00f5tmelise ruumi punkti horisontaalne koordinaat Descartes&#8217;i koordinaats\u00fcsteemis.&nbsp; Kahem\u00f5\u00f5tmelises ruumis nimetatakse &nbsp;x-koordinaati punkti abstsissiks ja y-koordinaati&nbsp; &nbsp; punkti ordinaadiks. &nbsp; Punkti abstsiss n\u00e4itab &nbsp;kui kaugel asub punkt y-teljest. Punkti orinaat n\u00e4itab &nbsp;kui kaugel asub punkt x-teljest. Koordinaattasand &nbsp; Koordinaattasandil olevad j\u00e4rjestatud paarid t\u00e4histavad viljade asukohta:&nbsp; Punkti esimest numbrit nimetatakse &#8220;abstsissiks&#8221; (x-koordinaat), mis t\u00e4histab&hellip;","_links":{"self":[{"href":"https:\/\/domath.surju.ee\/et\/wp-json\/wp\/v2\/pages\/4211","targetHints":{"allow":["GET"]}}],"collection":[{"href":"https:\/\/domath.surju.ee\/et\/wp-json\/wp\/v2\/pages"}],"about":[{"href":"https:\/\/domath.surju.ee\/et\/wp-json\/wp\/v2\/types\/page"}],"author":[{"embeddable":true,"href":"https:\/\/domath.surju.ee\/et\/wp-json\/wp\/v2\/users\/2"}],"replies":[{"embeddable":true,"href":"https:\/\/domath.surju.ee\/et\/wp-json\/wp\/v2\/comments?post=4211"}],"version-history":[{"count":11,"href":"https:\/\/domath.surju.ee\/et\/wp-json\/wp\/v2\/pages\/4211\/revisions"}],"predecessor-version":[{"id":4729,"href":"https:\/\/domath.surju.ee\/et\/wp-json\/wp\/v2\/pages\/4211\/revisions\/4729"}],"wp:attachment":[{"href":"https:\/\/domath.surju.ee\/et\/wp-json\/wp\/v2\/media?parent=4211"}],"wp:term":[{"taxonomy":"category","embeddable":true,"href":"https:\/\/domath.surju.ee\/et\/wp-json\/wp\/v2\/categories?post=4211"},{"taxonomy":"post_tag","embeddable":true,"href":"https:\/\/domath.surju.ee\/et\/wp-json\/wp\/v2\/tags?post=4211"}],"curies":[{"name":"wp","href":"https:\/\/api.w.org\/{rel}","templated":true}]}}