{"id":4088,"date":"2024-08-11T11:04:45","date_gmt":"2024-08-11T11:04:45","guid":{"rendered":"https:\/\/domath.surju.ee\/?page_id=4088"},"modified":"2024-12-30T23:28:14","modified_gmt":"2024-12-30T23:28:14","slug":"temperature","status":"publish","type":"page","link":"https:\/\/domath.surju.ee\/et\/temperatuur\/","title":{"rendered":"Temperatuur"},"content":{"rendered":"<h1 style=\"text-align: center;\"><span style=\"color: #008000;\"><strong>Temperatuur<\/strong><\/span><\/h1>\r\n<p><span style=\"color: #ff0000;\"><strong>Temperatuuriks<\/strong><\/span> nimetatakse f\u00fc\u00fcsikalist suurust, mis n\u00e4itab, kui soe v\u00f5i k\u00fclm keha on. <br \/>\r\n<strong>Temperatuuri<\/strong> m\u00f5\u00f5detakse termomeetriga. <strong>Temperatuuri<\/strong> m\u00f5\u00f5detakse kraadides. Kraadi m\u00e4rk on \u00ba.&nbsp;<\/p>\r\n<h5><span style=\"color: #333399;\"><strong>Kaks tavalisemat temperatuuri m\u00f5\u00f5tmise skaalat:<\/strong><\/span><\/h5>\r\n<p>Celsiuse skaala (\u00baC)&nbsp;<br \/>\r\nFahrenheiti skaala (\u00baF)<\/p>\r\n<div class=\"wp-block-image\">\r\n<figure class=\"aligncenter size-full is-resized\"><img loading=\"lazy\" decoding=\"async\" width=\"525\" height=\"900\" class=\"wp-image-4092\" style=\"width: 224px; height: auto;\" src=\"https:\/\/domath.surju.ee\/wp-content\/uploads\/2024\/08\/Thermometer_CF.svg_.png\" alt=\"\" srcset=\"https:\/\/domath.surju.ee\/wp-content\/uploads\/2024\/08\/Thermometer_CF.svg_.png 525w, https:\/\/domath.surju.ee\/wp-content\/uploads\/2024\/08\/Thermometer_CF.svg_-175x300.png 175w, https:\/\/domath.surju.ee\/wp-content\/uploads\/2024\/08\/Thermometer_CF.svg_-14x24.png 14w, https:\/\/domath.surju.ee\/wp-content\/uploads\/2024\/08\/Thermometer_CF.svg_-21x36.png 21w, https:\/\/domath.surju.ee\/wp-content\/uploads\/2024\/08\/Thermometer_CF.svg_-28x48.png 28w\" sizes=\"auto, (max-width: 525px) 100vw, 525px\" \/><\/figure><\/div>\r\n<table style=\"border-collapse: collapse; width: 98.2143%; height: 23px;\">\r\n<tbody>\r\n<tr style=\"height: 23px;\">\r\n<td style=\"width: 50%; height: 23px;\">\r\n<h5 style=\"text-align: center;\"><span style=\"color: #99ccff; background-color: #000080;\"><strong>Celsiuse skaala (\u00baC)&nbsp;<\/strong><\/span><\/h5>\r\n<\/td>\r\n<td style=\"width: 52.7397%; height: 23px; text-align: center;\">\r\n<h5 style=\"text-align: center;\"><span style=\"color: #99ccff; background-color: #000080;\"><strong>Fahrenheiti skaala (\u00baF)<\/strong><\/span><\/h5>\r\n<\/td>\r\n<\/tr>\r\n<\/tbody>\r\n<\/table>\r\n<table style=\"border-collapse: collapse; width: 98.4524%; height: 129px;\">\r\n<tbody>\r\n<tr>\r\n<td style=\"width: 50%;\">\r\n<p style=\"text-align: center;\"><strong>&nbsp;0\u00baC &#8211; vee k\u00fclmumispunkt<\/strong><\/p>\r\n<p style=\"text-align: center;\"><strong>100\u00baC &#8211; vee keemispunkt<\/strong><\/p>\r\n<p style=\"text-align: center;\"><strong>37\u00baC &#8211; inimese keha temperatuur<\/strong><\/p>\r\n<p><img loading=\"lazy\" decoding=\"async\" class=\" wp-image-4108 aligncenter\" src=\"https:\/\/domath.surju.ee\/wp-content\/uploads\/2024\/08\/791px-Headshot_of_Anders_Celsius-264x300.jpg\" alt=\"\" width=\"174\" height=\"198\" srcset=\"https:\/\/domath.surju.ee\/wp-content\/uploads\/2024\/08\/791px-Headshot_of_Anders_Celsius-264x300.jpg 264w, https:\/\/domath.surju.ee\/wp-content\/uploads\/2024\/08\/791px-Headshot_of_Anders_Celsius-768x874.jpg 768w, https:\/\/domath.surju.ee\/wp-content\/uploads\/2024\/08\/791px-Headshot_of_Anders_Celsius-21x24.jpg 21w, https:\/\/domath.surju.ee\/wp-content\/uploads\/2024\/08\/791px-Headshot_of_Anders_Celsius-32x36.jpg 32w, https:\/\/domath.surju.ee\/wp-content\/uploads\/2024\/08\/791px-Headshot_of_Anders_Celsius-42x48.jpg 42w, https:\/\/domath.surju.ee\/wp-content\/uploads\/2024\/08\/791px-Headshot_of_Anders_Celsius.jpg 791w\" sizes=\"auto, (max-width: 174px) 100vw, 174px\" \/><\/p>\r\n<p style=\"text-align: center;\">Anders Celsius (1701 &#8211; 1744)<\/p>\r\n<\/td>\r\n<td style=\"width: 50%;\">\r\n<p style=\"text-align: center;\"><strong>32\u00baF &#8211; vee k\u00fclmumispunkt<\/strong><\/p>\r\n<p style=\"text-align: center;\"><strong>212\u00baF &#8211; vee keemispunkt<\/strong><\/p>\r\n<p style=\"text-align: center;\"><strong>98.6\u00baF &#8211;&nbsp; inimese keha temperatuur<\/strong><\/p>\r\n<p><img loading=\"lazy\" decoding=\"async\" class=\" wp-image-4110 aligncenter\" src=\"https:\/\/domath.surju.ee\/wp-content\/uploads\/2024\/08\/august10F-min_2-244x300.jpg\" alt=\"\" width=\"159\" height=\"195\" srcset=\"https:\/\/domath.surju.ee\/wp-content\/uploads\/2024\/08\/august10F-min_2-244x300.jpg 244w, https:\/\/domath.surju.ee\/wp-content\/uploads\/2024\/08\/august10F-min_2-832x1024.jpg 832w, https:\/\/domath.surju.ee\/wp-content\/uploads\/2024\/08\/august10F-min_2-768x945.jpg 768w, https:\/\/domath.surju.ee\/wp-content\/uploads\/2024\/08\/august10F-min_2-1248x1536.jpg 1248w, https:\/\/domath.surju.ee\/wp-content\/uploads\/2024\/08\/august10F-min_2-1665x2048.jpg 1665w, https:\/\/domath.surju.ee\/wp-content\/uploads\/2024\/08\/august10F-min_2-20x24.jpg 20w, https:\/\/domath.surju.ee\/wp-content\/uploads\/2024\/08\/august10F-min_2-29x36.jpg 29w, https:\/\/domath.surju.ee\/wp-content\/uploads\/2024\/08\/august10F-min_2-39x48.jpg 39w, https:\/\/domath.surju.ee\/wp-content\/uploads\/2024\/08\/august10F-min_2.jpg 1854w\" sizes=\"auto, (max-width: 159px) 100vw, 159px\" \/><\/p>\r\n<p style=\"text-align: center;\">Daniel Gabriel Fahrenheit (1686 &#8211; 1736)<\/p>\r\n<\/td>\r\n<\/tr>\r\n<\/tbody>\r\n<\/table>\r\n<table style=\"border-collapse: collapse; width: 98.3333%; height: 23px;\">\r\n<tbody>\r\n<tr>\r\n<td style=\"width: 50%;\">\r\n<p style=\"text-align: center;\">&nbsp;<\/p>\r\n<\/td>\r\n<\/tr>\r\n<\/tbody>\r\n<\/table>\r\n<p style=\"text-align: center;\">&nbsp;<\/p>\r\n <iframe loading=\"lazy\" style=\"border: 0px;\" title=\"Temperatuurid\" src=\"https:\/\/www.geogebra.org\/material\/iframe\/id\/qxrk8nfa\/width\/1000\/height\/570\/border\/888888\/sfsb\/true\/smb\/false\/stb\/false\/stbh\/false\/ai\/false\/asb\/false\/sri\/false\/rc\/false\/ld\/false\/sdz\/false\/ctl\/false\" width=\"700px\" height=\"385px\" scrolling=\"no\"> <\/iframe> \r\n<p><a href=\"https:\/\/www.geogebra.org\/u\/josipovi.vesna50\"><span class=\"notranslate\">Vesna Josipovi\u0107<\/span><\/a>, License<a href=\"https:\/\/creativecommons.org\/licenses\/by-sa\/3.0\">CC-BY-SA<\/a>,&nbsp;<a href=\"https:\/\/www.geogebra.org\/tos\">GeoGebra Terms of Use<\/a><\/p>","protected":false},"excerpt":{"rendered":"<p>Temperatuur Temperatuuriks nimetatakse f\u00fc\u00fcsikalist suurust, mis n\u00e4itab, kui soe v\u00f5i k\u00fclm keha on. Temperatuuri m\u00f5\u00f5detakse termomeetriga. Temperatuuri m\u00f5\u00f5detakse kraadides. Kraadi m\u00e4rk on \u00ba.&nbsp; Kaks tavalisemat temperatuuri m\u00f5\u00f5tmise skaalat: Celsiuse skaala (\u00baC)&nbsp; Fahrenheiti skaala (\u00baF) Celsiuse skaala (\u00baC)&nbsp; Fahrenheiti skaala (\u00baF) &nbsp;0\u00baC &#8211; vee k\u00fclmumispunkt 100\u00baC &#8211; vee keemispunkt 37\u00baC &#8211; inimese keha temperatuur Anders Celsius [&#8230;]<\/p>\n<p><a class=\"btn btn-secondary understrap-read-more-link\" href=\"https:\/\/domath.surju.ee\/et\/temperatuur\/\">Read More&#8230;<span class=\"screen-reader-text\"> from Temperatuur<\/span><\/a><\/p>\n","protected":false},"author":2,"featured_media":0,"parent":0,"menu_order":0,"comment_status":"closed","ping_status":"closed","template":"","meta":{"_eb_attr":"","_uag_custom_page_level_css":"","footnotes":""},"categories":[],"tags":[23,40,142],"class_list":["post-4088","page","type-page","status-publish","hentry","tag-english-t","tag-estonian-t","tag-greek-theta"],"uagb_featured_image_src":{"full":false,"thumbnail":false,"medium":false,"medium_large":false,"large":false,"1536x1536":false,"2048x2048":false,"menu-24x24":false,"menu-36x36":false,"menu-48x48":false},"uagb_author_info":{"display_name":"Signe Reidla","author_link":"https:\/\/domath.surju.ee\/et\/author\/signe\/"},"uagb_comment_info":0,"uagb_excerpt":"Temperatuur Temperatuuriks nimetatakse f\u00fc\u00fcsikalist suurust, mis n\u00e4itab, kui soe v\u00f5i k\u00fclm keha on. Temperatuuri m\u00f5\u00f5detakse termomeetriga. Temperatuuri m\u00f5\u00f5detakse kraadides. Kraadi m\u00e4rk on \u00ba.&nbsp; Kaks tavalisemat temperatuuri m\u00f5\u00f5tmise skaalat: Celsiuse skaala (\u00baC)&nbsp; Fahrenheiti skaala (\u00baF) Celsiuse skaala (\u00baC)&nbsp; Fahrenheiti skaala (\u00baF) &nbsp;0\u00baC &#8211; vee k\u00fclmumispunkt 100\u00baC &#8211; vee keemispunkt 37\u00baC &#8211; inimese keha temperatuur Anders Celsius&hellip;","_links":{"self":[{"href":"https:\/\/domath.surju.ee\/et\/wp-json\/wp\/v2\/pages\/4088","targetHints":{"allow":["GET"]}}],"collection":[{"href":"https:\/\/domath.surju.ee\/et\/wp-json\/wp\/v2\/pages"}],"about":[{"href":"https:\/\/domath.surju.ee\/et\/wp-json\/wp\/v2\/types\/page"}],"author":[{"embeddable":true,"href":"https:\/\/domath.surju.ee\/et\/wp-json\/wp\/v2\/users\/2"}],"replies":[{"embeddable":true,"href":"https:\/\/domath.surju.ee\/et\/wp-json\/wp\/v2\/comments?post=4088"}],"version-history":[{"count":12,"href":"https:\/\/domath.surju.ee\/et\/wp-json\/wp\/v2\/pages\/4088\/revisions"}],"predecessor-version":[{"id":4111,"href":"https:\/\/domath.surju.ee\/et\/wp-json\/wp\/v2\/pages\/4088\/revisions\/4111"}],"wp:attachment":[{"href":"https:\/\/domath.surju.ee\/et\/wp-json\/wp\/v2\/media?parent=4088"}],"wp:term":[{"taxonomy":"category","embeddable":true,"href":"https:\/\/domath.surju.ee\/et\/wp-json\/wp\/v2\/categories?post=4088"},{"taxonomy":"post_tag","embeddable":true,"href":"https:\/\/domath.surju.ee\/et\/wp-json\/wp\/v2\/tags?post=4088"}],"curies":[{"name":"wp","href":"https:\/\/api.w.org\/{rel}","templated":true}]}}