{"id":4047,"date":"2024-08-10T19:46:28","date_gmt":"2024-08-10T19:46:28","guid":{"rendered":"https:\/\/domath.surju.ee\/?page_id=4047"},"modified":"2025-01-02T21:34:42","modified_gmt":"2025-01-02T21:34:42","slug":"y-axis-y-coordinate","status":"publish","type":"page","link":"https:\/\/domath.surju.ee\/et\/y-telg-koordinaat\/","title":{"rendered":"Y-telg, y-koordinaat"},"content":{"rendered":"<h1 style=\"text-align: center;\"><span style=\"color: #008000;\"><strong>Y-telg, y-koordinaat<\/strong><\/span><\/h1>\r\n<p class=\"wordHeadings2\"><span class=\"wordHeadings\">Koordinaatteljestik koosneb kahest ristuvast arvteljest.<br \/>\r\nOrdinaattelg ehk <strong><span style=\"color: #ff0000;\">y\u2013telg<\/span><\/strong> on joonisel positiivse suunaga alt \u00fcles, tema koordinaate nimetatakse ordinaatideks. Punkti ordinaat n\u00e4itab, kui kaugel asub punkt x\u2013teljest.<br \/>\r\nAbstsisstelg ehk x\u2013telg on joonisel positiivse suunaga vasakult paremale, tema koordinaate nimetatakse abstsissideks. Punkti abstsiss n\u00e4itab, kui kaugel asub punkt <strong>y\u2013teljest<\/strong>.&nbsp;<\/span><\/p>\r\n<p>Koordinaatteljed jaotavad tasandi neljaks koordinaatveerandiks:<br \/>\r\nI veerand, II veerand, III veerand, IV veerand.<\/p>\r\n<p>X-telg on horistontaalne ja <strong>y-telg<\/strong> on vertikaalne.&nbsp;<\/p>\r\n<p>Punkti koordinaatide m\u00e4rkimiseks kirjutatakse esimesele kohale&nbsp; x-koordinaat ja teisele kohale <strong>y-koordinaat<\/strong>. <br \/>\r\n<strong>A(x; y)&nbsp;<\/strong><br \/>\r\n<br \/>\r\nPunkti m\u00e4rkimisel liigud k\u00f5igepealt m\u00f6\u00f6da x-telge ja siis m\u00f6\u00f6da <strong>y-telge<\/strong>. <br \/>\r\nTelgede l\u00f5ikepunkti ehk nullpunkti t\u00e4histatakse tavaliselt t\u00e4hega O ja selle koordinaadid on (0;0).<br \/>\r\n<br \/>\r\n<span style=\"color: #0000ff;\"><strong>N\u00e4ide:&nbsp;<\/strong><\/span><br \/>\r\nPunkti E(3; 4) esimene, x-koordinaat ehk abstsiss, n\u00e4itab, et punkt E asub y-teljest 3 \u00fchiku kaugusel, tema teine, y-koordinaat ehk ordinaat n\u00e4itab, et punkt E&nbsp; asub x-teljest 4 \u00fchiku kaugusel.<\/p>\r\n<p>&nbsp;<strong>(x; y)<\/strong><\/p>\r\n<p><\/p>\r\n<figure class=\"wp-block-image aligncenter size-large is-resized\"><img loading=\"lazy\" decoding=\"async\" width=\"1024\" height=\"691\" class=\"wp-image-3162\" style=\"width: 495px; height: auto;\" src=\"https:\/\/domath.surju.ee\/wp-content\/uploads\/2024\/07\/geogebra-export-9_2-1024x691.png\" alt=\"\" srcset=\"https:\/\/domath.surju.ee\/wp-content\/uploads\/2024\/07\/geogebra-export-9_2-1024x691.png 1024w, https:\/\/domath.surju.ee\/wp-content\/uploads\/2024\/07\/geogebra-export-9_2-300x202.png 300w, https:\/\/domath.surju.ee\/wp-content\/uploads\/2024\/07\/geogebra-export-9_2-768x518.png 768w, https:\/\/domath.surju.ee\/wp-content\/uploads\/2024\/07\/geogebra-export-9_2-1536x1037.png 1536w, https:\/\/domath.surju.ee\/wp-content\/uploads\/2024\/07\/geogebra-export-9_2-2048x1382.png 2048w, https:\/\/domath.surju.ee\/wp-content\/uploads\/2024\/07\/geogebra-export-9_2-24x16.png 24w, https:\/\/domath.surju.ee\/wp-content\/uploads\/2024\/07\/geogebra-export-9_2-36x24.png 36w, https:\/\/domath.surju.ee\/wp-content\/uploads\/2024\/07\/geogebra-export-9_2-48x32.png 48w\" sizes=\"auto, (max-width: 1024px) 100vw, 1024px\" \/><\/figure>\r\n<p><br \/>\r\n<\/p>\r\n<figure class=\"wp-block-image aligncenter size-large is-resized\"><img loading=\"lazy\" decoding=\"async\" width=\"1024\" height=\"730\" class=\"wp-image-3182\" style=\"width: 502px; height: auto;\" src=\"https:\/\/domath.surju.ee\/wp-content\/uploads\/2024\/07\/geogebra-export-10-1-1024x730.png\" alt=\"\" srcset=\"https:\/\/domath.surju.ee\/wp-content\/uploads\/2024\/07\/geogebra-export-10-1-1024x730.png 1024w, https:\/\/domath.surju.ee\/wp-content\/uploads\/2024\/07\/geogebra-export-10-1-300x214.png 300w, https:\/\/domath.surju.ee\/wp-content\/uploads\/2024\/07\/geogebra-export-10-1-768x548.png 768w, https:\/\/domath.surju.ee\/wp-content\/uploads\/2024\/07\/geogebra-export-10-1-1536x1095.png 1536w, https:\/\/domath.surju.ee\/wp-content\/uploads\/2024\/07\/geogebra-export-10-1-2048x1460.png 2048w, https:\/\/domath.surju.ee\/wp-content\/uploads\/2024\/07\/geogebra-export-10-1-24x17.png 24w, https:\/\/domath.surju.ee\/wp-content\/uploads\/2024\/07\/geogebra-export-10-1-36x26.png 36w, https:\/\/domath.surju.ee\/wp-content\/uploads\/2024\/07\/geogebra-export-10-1-48x34.png 48w\" sizes=\"auto, (max-width: 1024px) 100vw, 1024px\" \/><\/figure>\r\n<p><\/p>","protected":false},"excerpt":{"rendered":"<p>Y-telg, y-koordinaat Koordinaatteljestik koosneb kahest ristuvast arvteljest. Ordinaattelg ehk y\u2013telg on joonisel positiivse suunaga alt \u00fcles, tema koordinaate nimetatakse ordinaatideks. Punkti ordinaat n\u00e4itab, kui kaugel asub punkt x\u2013teljest. Abstsisstelg ehk x\u2013telg on joonisel positiivse suunaga vasakult paremale, tema koordinaate nimetatakse abstsissideks. Punkti abstsiss n\u00e4itab, kui kaugel asub punkt y\u2013teljest.&nbsp; Koordinaatteljed jaotavad tasandi neljaks koordinaatveerandiks: I [&#8230;]<\/p>\n<p><a class=\"btn btn-secondary understrap-read-more-link\" href=\"https:\/\/domath.surju.ee\/et\/y-telg-koordinaat\/\">Read More&#8230;<span class=\"screen-reader-text\"> from Y-telg, y-koordinaat<\/span><\/a><\/p>\n","protected":false},"author":2,"featured_media":0,"parent":0,"menu_order":0,"comment_status":"closed","ping_status":"closed","template":"","meta":{"_eb_attr":"","_uag_custom_page_level_css":"","footnotes":""},"categories":[],"tags":[105,122,77],"class_list":["post-4047","page","type-page","status-publish","hentry","tag-english-y","tag-estonian-y","tag-greek-psi"],"uagb_featured_image_src":{"full":false,"thumbnail":false,"medium":false,"medium_large":false,"large":false,"1536x1536":false,"2048x2048":false,"menu-24x24":false,"menu-36x36":false,"menu-48x48":false},"uagb_author_info":{"display_name":"Signe Reidla","author_link":"https:\/\/domath.surju.ee\/et\/author\/signe\/"},"uagb_comment_info":0,"uagb_excerpt":"Y-telg, y-koordinaat Koordinaatteljestik koosneb kahest ristuvast arvteljest. Ordinaattelg ehk y\u2013telg on joonisel positiivse suunaga alt \u00fcles, tema koordinaate nimetatakse ordinaatideks. Punkti ordinaat n\u00e4itab, kui kaugel asub punkt x\u2013teljest. Abstsisstelg ehk x\u2013telg on joonisel positiivse suunaga vasakult paremale, tema koordinaate nimetatakse abstsissideks. Punkti abstsiss n\u00e4itab, kui kaugel asub punkt y\u2013teljest.&nbsp; Koordinaatteljed jaotavad tasandi neljaks koordinaatveerandiks: I&hellip;","_links":{"self":[{"href":"https:\/\/domath.surju.ee\/et\/wp-json\/wp\/v2\/pages\/4047","targetHints":{"allow":["GET"]}}],"collection":[{"href":"https:\/\/domath.surju.ee\/et\/wp-json\/wp\/v2\/pages"}],"about":[{"href":"https:\/\/domath.surju.ee\/et\/wp-json\/wp\/v2\/types\/page"}],"author":[{"embeddable":true,"href":"https:\/\/domath.surju.ee\/et\/wp-json\/wp\/v2\/users\/2"}],"replies":[{"embeddable":true,"href":"https:\/\/domath.surju.ee\/et\/wp-json\/wp\/v2\/comments?post=4047"}],"version-history":[{"count":4,"href":"https:\/\/domath.surju.ee\/et\/wp-json\/wp\/v2\/pages\/4047\/revisions"}],"predecessor-version":[{"id":4052,"href":"https:\/\/domath.surju.ee\/et\/wp-json\/wp\/v2\/pages\/4047\/revisions\/4052"}],"wp:attachment":[{"href":"https:\/\/domath.surju.ee\/et\/wp-json\/wp\/v2\/media?parent=4047"}],"wp:term":[{"taxonomy":"category","embeddable":true,"href":"https:\/\/domath.surju.ee\/et\/wp-json\/wp\/v2\/categories?post=4047"},{"taxonomy":"post_tag","embeddable":true,"href":"https:\/\/domath.surju.ee\/et\/wp-json\/wp\/v2\/tags?post=4047"}],"curies":[{"name":"wp","href":"https:\/\/api.w.org\/{rel}","templated":true}]}}