{"id":4017,"date":"2024-08-10T18:49:22","date_gmt":"2024-08-10T18:49:22","guid":{"rendered":"https:\/\/domath.surju.ee\/?page_id=4017"},"modified":"2025-01-02T20:57:38","modified_gmt":"2025-01-02T20:57:38","slug":"week-2","status":"publish","type":"page","link":"https:\/\/domath.surju.ee\/et\/nadal\/","title":{"rendered":"N\u00e4dal"},"content":{"rendered":"<h1 style=\"text-align: center;\"><span style=\"color: #008000;\"><strong>N\u00e4dal<\/strong><\/span><\/h1>\r\n<p><span style=\"color: #ff0000;\"><strong>N\u00e4dal <\/strong><\/span>on aja\u00fchik. <br \/>\r\n<strong>N\u00e4dal<\/strong> kestab 7 \u00f6\u00f6p\u00e4eva.&nbsp;<\/p>\r\n<p>N\u00e4dalap\u00e4evad on: <strong><span style=\"color: #0000ff;\">esmasp\u00e4ev, teisip\u00e4ev, kolmap\u00e4ev, neljap\u00e4ev, reede<\/span><\/strong>, <strong><span style=\"color: #339966;\">laup\u00e4ev, p\u00fchap\u00e4ev.&nbsp;<\/span><\/strong><\/p>\r\n<p><strong><span style=\"color: #000080;\"><span style=\"color: #0000ff;\">esmasp\u00e4ev, teisip\u00e4ev, kolmap\u00e4ev, neljap\u00e4ev, reede<\/span><\/span><span style=\"color: #000000;\"> &#8211; <\/span><\/strong><span style=\"color: #000000;\">t\u00f6\u00f6p\u00e4evad, koolip\u00e4evad<\/span><\/p>\r\n<p><strong><span style=\"color: #008000;\">laup\u00e4ev, p\u00fchap\u00e4ev&nbsp;<span style=\"color: #000000;\">&#8211; <\/span><\/span><\/strong><span style=\"color: #008000;\"><span style=\"color: #000000;\">puhkep\u00e4evad<\/span><\/span><\/p>\r\n<p style=\"text-align: center;\"><span style=\"color: #333399;\"><strong>1 n\u00e4dal = 7 \u00f6\u00f6p\u00e4eva<\/strong><\/span><\/p>\r\n<p style=\"text-align: center;\"><span style=\"color: #333399;\"><strong>1 aasta = 52 n\u00e4dalat<br \/>\r\n<br \/>\r\n<\/strong><\/span><\/p>\r\n<p><strong>1 n\u00e4dal = 7 p\u00e4eva = 168 tundi = 10,080 minutit = 604,800 sekundit.<\/strong><\/p>\r\n<p><strong>Kaks n\u00e4dalat<\/strong> on aja\u00fchik, mis v\u00f5rdub&nbsp; <strong>14 p\u00e4evaga<\/strong>.<\/p>\r\n<p style=\"text-align: center;\"><span style=\"color: #333399;\"><strong><\/strong><\/span><\/p>\r\n<figure class=\"wp-block-image\"><\/figure>\r\n<p style=\"text-align: center;\"><span style=\"color: #333399;\"><strong>&nbsp;<\/strong><\/span><\/p>\r\n<div class=\"wp-block-image\">\r\n<figure class=\"aligncenter size-large is-resized\"><img loading=\"lazy\" decoding=\"async\" width=\"1024\" height=\"724\" class=\"wp-image-4020\" style=\"width: 499px; height: auto;\" src=\"https:\/\/domath.surju.ee\/wp-content\/uploads\/2024\/08\/Yellow-Organic-Summer-Camp-Schedule-1024x724.png\" alt=\"\" srcset=\"https:\/\/domath.surju.ee\/wp-content\/uploads\/2024\/08\/Yellow-Organic-Summer-Camp-Schedule-1024x724.png 1024w, https:\/\/domath.surju.ee\/wp-content\/uploads\/2024\/08\/Yellow-Organic-Summer-Camp-Schedule-300x212.png 300w, https:\/\/domath.surju.ee\/wp-content\/uploads\/2024\/08\/Yellow-Organic-Summer-Camp-Schedule-768x543.png 768w, https:\/\/domath.surju.ee\/wp-content\/uploads\/2024\/08\/Yellow-Organic-Summer-Camp-Schedule-1536x1086.png 1536w, https:\/\/domath.surju.ee\/wp-content\/uploads\/2024\/08\/Yellow-Organic-Summer-Camp-Schedule-24x17.png 24w, https:\/\/domath.surju.ee\/wp-content\/uploads\/2024\/08\/Yellow-Organic-Summer-Camp-Schedule-36x25.png 36w, https:\/\/domath.surju.ee\/wp-content\/uploads\/2024\/08\/Yellow-Organic-Summer-Camp-Schedule-48x34.png 48w, https:\/\/domath.surju.ee\/wp-content\/uploads\/2024\/08\/Yellow-Organic-Summer-Camp-Schedule.png 2000w\" sizes=\"auto, (max-width: 1024px) 100vw, 1024px\" \/><\/figure><\/div>","protected":false},"excerpt":{"rendered":"<p>N\u00e4dal N\u00e4dal on aja\u00fchik. N\u00e4dal kestab 7 \u00f6\u00f6p\u00e4eva.&nbsp; N\u00e4dalap\u00e4evad on: esmasp\u00e4ev, teisip\u00e4ev, kolmap\u00e4ev, neljap\u00e4ev, reede, laup\u00e4ev, p\u00fchap\u00e4ev.&nbsp; esmasp\u00e4ev, teisip\u00e4ev, kolmap\u00e4ev, neljap\u00e4ev, reede &#8211; t\u00f6\u00f6p\u00e4evad, koolip\u00e4evad laup\u00e4ev, p\u00fchap\u00e4ev&nbsp;&#8211; puhkep\u00e4evad 1 n\u00e4dal = 7 \u00f6\u00f6p\u00e4eva 1 aasta = 52 n\u00e4dalat 1 n\u00e4dal = 7 p\u00e4eva = 168 tundi = 10,080 minutit = 604,800 sekundit. Kaks n\u00e4dalat on [&#8230;]<\/p>\n<p><a class=\"btn btn-secondary understrap-read-more-link\" href=\"https:\/\/domath.surju.ee\/et\/nadal\/\">Read More&#8230;<span class=\"screen-reader-text\"> from N\u00e4dal<\/span><\/a><\/p>\n","protected":false},"author":2,"featured_media":0,"parent":0,"menu_order":0,"comment_status":"closed","ping_status":"closed","template":"","meta":{"_eb_attr":"","_uag_custom_page_level_css":"","footnotes":""},"categories":[],"tags":[103,79,85],"class_list":["post-4017","page","type-page","status-publish","hentry","tag-english-w","tag-estonian-n","tag-greek-epsilon"],"uagb_featured_image_src":{"full":false,"thumbnail":false,"medium":false,"medium_large":false,"large":false,"1536x1536":false,"2048x2048":false,"menu-24x24":false,"menu-36x36":false,"menu-48x48":false},"uagb_author_info":{"display_name":"Signe Reidla","author_link":"https:\/\/domath.surju.ee\/et\/author\/signe\/"},"uagb_comment_info":0,"uagb_excerpt":"N\u00e4dal N\u00e4dal on aja\u00fchik. N\u00e4dal kestab 7 \u00f6\u00f6p\u00e4eva.&nbsp; N\u00e4dalap\u00e4evad on: esmasp\u00e4ev, teisip\u00e4ev, kolmap\u00e4ev, neljap\u00e4ev, reede, laup\u00e4ev, p\u00fchap\u00e4ev.&nbsp; esmasp\u00e4ev, teisip\u00e4ev, kolmap\u00e4ev, neljap\u00e4ev, reede &#8211; t\u00f6\u00f6p\u00e4evad, koolip\u00e4evad laup\u00e4ev, p\u00fchap\u00e4ev&nbsp;&#8211; puhkep\u00e4evad 1 n\u00e4dal = 7 \u00f6\u00f6p\u00e4eva 1 aasta = 52 n\u00e4dalat 1 n\u00e4dal = 7 p\u00e4eva = 168 tundi = 10,080 minutit = 604,800 sekundit. Kaks n\u00e4dalat on&hellip;","_links":{"self":[{"href":"https:\/\/domath.surju.ee\/et\/wp-json\/wp\/v2\/pages\/4017","targetHints":{"allow":["GET"]}}],"collection":[{"href":"https:\/\/domath.surju.ee\/et\/wp-json\/wp\/v2\/pages"}],"about":[{"href":"https:\/\/domath.surju.ee\/et\/wp-json\/wp\/v2\/types\/page"}],"author":[{"embeddable":true,"href":"https:\/\/domath.surju.ee\/et\/wp-json\/wp\/v2\/users\/2"}],"replies":[{"embeddable":true,"href":"https:\/\/domath.surju.ee\/et\/wp-json\/wp\/v2\/comments?post=4017"}],"version-history":[{"count":5,"href":"https:\/\/domath.surju.ee\/et\/wp-json\/wp\/v2\/pages\/4017\/revisions"}],"predecessor-version":[{"id":5320,"href":"https:\/\/domath.surju.ee\/et\/wp-json\/wp\/v2\/pages\/4017\/revisions\/5320"}],"wp:attachment":[{"href":"https:\/\/domath.surju.ee\/et\/wp-json\/wp\/v2\/media?parent=4017"}],"wp:term":[{"taxonomy":"category","embeddable":true,"href":"https:\/\/domath.surju.ee\/et\/wp-json\/wp\/v2\/categories?post=4017"},{"taxonomy":"post_tag","embeddable":true,"href":"https:\/\/domath.surju.ee\/et\/wp-json\/wp\/v2\/tags?post=4017"}],"curies":[{"name":"wp","href":"https:\/\/api.w.org\/{rel}","templated":true}]}}