{"id":3556,"date":"2024-08-06T18:02:26","date_gmt":"2024-08-06T18:02:26","guid":{"rendered":"https:\/\/domath.surju.ee\/?page_id=3556"},"modified":"2025-01-02T19:49:33","modified_gmt":"2025-01-02T19:49:33","slug":"pi-greek-letter-%cf%80","status":"publish","type":"page","link":"https:\/\/domath.surju.ee\/et\/pii-%cf%80\/","title":{"rendered":"Pii (\u03c0)"},"content":{"rendered":"<h1 style=\"text-align: center;\"><span style=\"color: #008000;\"><strong>Pii (\u03c0)<\/strong><\/span><\/h1>\r\n\r\n<p><span style=\"color: #ff0000;\"><strong>Pii <\/strong>(<strong>\u03c0<\/strong>)<\/span> on tasandil paikneva ringjoone pikkuse ja diameetri suhe. <strong>Pii<\/strong> v\u00e4\u00e4rtus on <strong>3.141592653&#8230;.&nbsp;<br \/>\r\n<br \/>\r\n<\/strong>\u00dclesannet lahendamisel kasutame <strong>\u03c0<\/strong> ligikaudset v\u00e4\u00e4rtust <strong>3,14<\/strong>.&nbsp;<\/p>\r\n\r\n\r\n<p>&nbsp;<\/p>\r\n","protected":false},"excerpt":{"rendered":"<p>Pii (\u03c0) Pii (\u03c0) on tasandil paikneva ringjoone pikkuse ja diameetri suhe. Pii v\u00e4\u00e4rtus on 3.141592653&#8230;.&nbsp; \u00dclesannet lahendamisel kasutame \u03c0 ligikaudset v\u00e4\u00e4rtust 3,14.&nbsp; &nbsp; [&#8230;]<\/p>\n<p><a class=\"btn btn-secondary understrap-read-more-link\" href=\"https:\/\/domath.surju.ee\/et\/pii-%cf%80\/\">Read More&#8230;<span class=\"screen-reader-text\"> from Pii (\u03c0)<\/span><\/a><\/p>\n","protected":false},"author":12,"featured_media":0,"parent":0,"menu_order":0,"comment_status":"closed","ping_status":"closed","template":"","meta":{"_eb_attr":"","_uag_custom_page_level_css":"","footnotes":""},"categories":[],"tags":[58,57,63],"class_list":["post-3556","page","type-page","status-publish","hentry","tag-english-p","tag-estonian-p","tag-greek-pi"],"uagb_featured_image_src":{"full":false,"thumbnail":false,"medium":false,"medium_large":false,"large":false,"1536x1536":false,"2048x2048":false,"menu-24x24":false,"menu-36x36":false,"menu-48x48":false},"uagb_author_info":{"display_name":"Ave Kartau","author_link":"https:\/\/domath.surju.ee\/et\/author\/ave\/"},"uagb_comment_info":0,"uagb_excerpt":"Pii (\u03c0) Pii (\u03c0) on tasandil paikneva ringjoone pikkuse ja diameetri suhe. Pii v\u00e4\u00e4rtus on 3.141592653&#8230;.&nbsp; \u00dclesannet lahendamisel kasutame \u03c0 ligikaudset v\u00e4\u00e4rtust 3,14.&nbsp; &nbsp; [...]Read More... from Pii (\u03c0)","_links":{"self":[{"href":"https:\/\/domath.surju.ee\/et\/wp-json\/wp\/v2\/pages\/3556","targetHints":{"allow":["GET"]}}],"collection":[{"href":"https:\/\/domath.surju.ee\/et\/wp-json\/wp\/v2\/pages"}],"about":[{"href":"https:\/\/domath.surju.ee\/et\/wp-json\/wp\/v2\/types\/page"}],"author":[{"embeddable":true,"href":"https:\/\/domath.surju.ee\/et\/wp-json\/wp\/v2\/users\/12"}],"replies":[{"embeddable":true,"href":"https:\/\/domath.surju.ee\/et\/wp-json\/wp\/v2\/comments?post=3556"}],"version-history":[{"count":3,"href":"https:\/\/domath.surju.ee\/et\/wp-json\/wp\/v2\/pages\/3556\/revisions"}],"predecessor-version":[{"id":5232,"href":"https:\/\/domath.surju.ee\/et\/wp-json\/wp\/v2\/pages\/3556\/revisions\/5232"}],"wp:attachment":[{"href":"https:\/\/domath.surju.ee\/et\/wp-json\/wp\/v2\/media?parent=3556"}],"wp:term":[{"taxonomy":"category","embeddable":true,"href":"https:\/\/domath.surju.ee\/et\/wp-json\/wp\/v2\/categories?post=3556"},{"taxonomy":"post_tag","embeddable":true,"href":"https:\/\/domath.surju.ee\/et\/wp-json\/wp\/v2\/tags?post=3556"}],"curies":[{"name":"wp","href":"https:\/\/api.w.org\/{rel}","templated":true}]}}