{"id":3554,"date":"2024-08-06T17:58:08","date_gmt":"2024-08-06T17:58:08","guid":{"rendered":"https:\/\/domath.surju.ee\/?page_id=3554"},"modified":"2025-01-02T21:40:46","modified_gmt":"2025-01-02T21:40:46","slug":"zero","status":"publish","type":"page","link":"https:\/\/domath.surju.ee\/et\/null\/","title":{"rendered":"Null"},"content":{"rendered":"<h1 style=\"text-align: center;\"><span style=\"color: #008000;\"><strong>Null<\/strong><\/span><\/h1>\r\n<p><span style=\"color: #ff0000;\"><strong>Null<\/strong> ehk <strong>0<\/strong><span style=\"color: #000000;\"> on t\u00e4isarv, mis eelneb arvule 1.&nbsp;<\/span><\/span><strong><span style=\"color: #ff0000;\"><br \/>\r\n<br \/>\r\n<\/span><\/strong><strong>Null<\/strong> ei ole ei positiivne ega negatiivne arv. Seet\u00f5ttu eristub null k\u00f5ikidest teistest arvudest.&nbsp;<br \/>\r\n<br \/>\r\n<\/p>\r\n<p><strong><span style=\"color: #0000ff;\">N\u00e4ited:&nbsp;<\/span><\/strong><\/p>\r\n<ul class=\"wp-block-list\">\r\n\t<li>5 + 0 = 5<\/li>\r\n\t<li>0 \u2013 7 = -7<\/li>\r\n\t<li>6 * 0 = 0<\/li>\r\n\t<li>0\/5 = 0,<\/li>\r\n\t<li>nulliga ei saa jagada (5\/0 ei saa jagada)<\/li>\r\n<\/ul>\r\n<table style=\"border-collapse: collapse; width: 97.9762%; height: 196px;\">\r\n<tbody>\r\n<tr>\r\n<td style=\"width: 50%;\"><img loading=\"lazy\" decoding=\"async\" class=\"wp-image-4055 aligncenter\" src=\"https:\/\/domath.surju.ee\/wp-content\/uploads\/2024\/08\/pildid-mida-saab-kasutada-23-300x205.png\" alt=\"\" width=\"296\" height=\"202\" srcset=\"https:\/\/domath.surju.ee\/wp-content\/uploads\/2024\/08\/pildid-mida-saab-kasutada-23-300x205.png 300w, https:\/\/domath.surju.ee\/wp-content\/uploads\/2024\/08\/pildid-mida-saab-kasutada-23-1024x700.png 1024w, https:\/\/domath.surju.ee\/wp-content\/uploads\/2024\/08\/pildid-mida-saab-kasutada-23-768x525.png 768w, https:\/\/domath.surju.ee\/wp-content\/uploads\/2024\/08\/pildid-mida-saab-kasutada-23-1536x1050.png 1536w, https:\/\/domath.surju.ee\/wp-content\/uploads\/2024\/08\/pildid-mida-saab-kasutada-23-2048x1399.png 2048w, https:\/\/domath.surju.ee\/wp-content\/uploads\/2024\/08\/pildid-mida-saab-kasutada-23-24x16.png 24w, https:\/\/domath.surju.ee\/wp-content\/uploads\/2024\/08\/pildid-mida-saab-kasutada-23-36x25.png 36w, https:\/\/domath.surju.ee\/wp-content\/uploads\/2024\/08\/pildid-mida-saab-kasutada-23-48x33.png 48w\" sizes=\"auto, (max-width: 296px) 100vw, 296px\" \/><\/td>\r\n<td style=\"width: 50%;\"><img loading=\"lazy\" decoding=\"async\" class=\"wp-image-4056 aligncenter\" src=\"https:\/\/domath.surju.ee\/wp-content\/uploads\/2024\/08\/pildid-mida-saab-kasutada-22-300x192.png\" alt=\"\" width=\"282\" height=\"181\" srcset=\"https:\/\/domath.surju.ee\/wp-content\/uploads\/2024\/08\/pildid-mida-saab-kasutada-22-300x192.png 300w, https:\/\/domath.surju.ee\/wp-content\/uploads\/2024\/08\/pildid-mida-saab-kasutada-22-1024x657.png 1024w, https:\/\/domath.surju.ee\/wp-content\/uploads\/2024\/08\/pildid-mida-saab-kasutada-22-768x493.png 768w, https:\/\/domath.surju.ee\/wp-content\/uploads\/2024\/08\/pildid-mida-saab-kasutada-22-1536x985.png 1536w, https:\/\/domath.surju.ee\/wp-content\/uploads\/2024\/08\/pildid-mida-saab-kasutada-22-2048x1313.png 2048w, https:\/\/domath.surju.ee\/wp-content\/uploads\/2024\/08\/pildid-mida-saab-kasutada-22-24x15.png 24w, https:\/\/domath.surju.ee\/wp-content\/uploads\/2024\/08\/pildid-mida-saab-kasutada-22-36x23.png 36w, https:\/\/domath.surju.ee\/wp-content\/uploads\/2024\/08\/pildid-mida-saab-kasutada-22-48x31.png 48w\" sizes=\"auto, (max-width: 282px) 100vw, 282px\" \/><\/td>\r\n<\/tr>\r\n<\/tbody>\r\n<\/table>\r\n<div class=\"wp-block-image\">\r\n<figure class=\"aligncenter size-full is-resized\"><img loading=\"lazy\" decoding=\"async\" width=\"686\" height=\"81\" class=\"wp-image-4058\" style=\"width: 553px; height: auto;\" src=\"https:\/\/domath.surju.ee\/wp-content\/uploads\/2024\/08\/Number_line_with_numbers_-3_to_3.svg_.png\" alt=\"\" srcset=\"https:\/\/domath.surju.ee\/wp-content\/uploads\/2024\/08\/Number_line_with_numbers_-3_to_3.svg_.png 686w, https:\/\/domath.surju.ee\/wp-content\/uploads\/2024\/08\/Number_line_with_numbers_-3_to_3.svg_-300x35.png 300w, https:\/\/domath.surju.ee\/wp-content\/uploads\/2024\/08\/Number_line_with_numbers_-3_to_3.svg_-24x3.png 24w, https:\/\/domath.surju.ee\/wp-content\/uploads\/2024\/08\/Number_line_with_numbers_-3_to_3.svg_-36x4.png 36w, https:\/\/domath.surju.ee\/wp-content\/uploads\/2024\/08\/Number_line_with_numbers_-3_to_3.svg_-48x6.png 48w\" sizes=\"auto, (max-width: 686px) 100vw, 686px\" \/><\/figure><\/div>\r\n<p style=\"text-align: center;\">Arvkiir \u22123 kuni 3, kus <strong>0<\/strong> on keskel<\/p>","protected":false},"excerpt":{"rendered":"<p>Null Null ehk 0 on t\u00e4isarv, mis eelneb arvule 1.&nbsp; Null ei ole ei positiivne ega negatiivne arv. Seet\u00f5ttu eristub null k\u00f5ikidest teistest arvudest.&nbsp; N\u00e4ited:&nbsp; 5 + 0 = 5 0 \u2013 7 = -7 6 * 0 = 0 0\/5 = 0, nulliga ei saa jagada (5\/0 ei saa jagada) Arvkiir \u22123 kuni 3, [&#8230;]<\/p>\n<p><a class=\"btn btn-secondary understrap-read-more-link\" href=\"https:\/\/domath.surju.ee\/et\/null\/\">Read More&#8230;<span class=\"screen-reader-text\"> from Null<\/span><\/a><\/p>\n","protected":false},"author":12,"featured_media":0,"parent":0,"menu_order":0,"comment_status":"closed","ping_status":"closed","template":"","meta":{"_eb_attr":"","_uag_custom_page_level_css":"","footnotes":""},"categories":[],"tags":[90,79,145,136],"class_list":["post-3554","page","type-page","status-publish","hentry","tag-english-z","tag-estonian-n","tag-greek-mu","tag-spanish-c"],"uagb_featured_image_src":{"full":false,"thumbnail":false,"medium":false,"medium_large":false,"large":false,"1536x1536":false,"2048x2048":false,"menu-24x24":false,"menu-36x36":false,"menu-48x48":false},"uagb_author_info":{"display_name":"Ave Kartau","author_link":"https:\/\/domath.surju.ee\/et\/author\/ave\/"},"uagb_comment_info":0,"uagb_excerpt":"Null Null ehk 0 on t\u00e4isarv, mis eelneb arvule 1.&nbsp; Null ei ole ei positiivne ega negatiivne arv. Seet\u00f5ttu eristub null k\u00f5ikidest teistest arvudest.&nbsp; N\u00e4ited:&nbsp; 5 + 0 = 5 0 \u2013 7 = -7 6 * 0 = 0 0\/5 = 0, nulliga ei saa jagada (5\/0 ei saa jagada) Arvkiir \u22123 kuni 3,&hellip;","_links":{"self":[{"href":"https:\/\/domath.surju.ee\/et\/wp-json\/wp\/v2\/pages\/3554","targetHints":{"allow":["GET"]}}],"collection":[{"href":"https:\/\/domath.surju.ee\/et\/wp-json\/wp\/v2\/pages"}],"about":[{"href":"https:\/\/domath.surju.ee\/et\/wp-json\/wp\/v2\/types\/page"}],"author":[{"embeddable":true,"href":"https:\/\/domath.surju.ee\/et\/wp-json\/wp\/v2\/users\/12"}],"replies":[{"embeddable":true,"href":"https:\/\/domath.surju.ee\/et\/wp-json\/wp\/v2\/comments?post=3554"}],"version-history":[{"count":5,"href":"https:\/\/domath.surju.ee\/et\/wp-json\/wp\/v2\/pages\/3554\/revisions"}],"predecessor-version":[{"id":4061,"href":"https:\/\/domath.surju.ee\/et\/wp-json\/wp\/v2\/pages\/3554\/revisions\/4061"}],"wp:attachment":[{"href":"https:\/\/domath.surju.ee\/et\/wp-json\/wp\/v2\/media?parent=3554"}],"wp:term":[{"taxonomy":"category","embeddable":true,"href":"https:\/\/domath.surju.ee\/et\/wp-json\/wp\/v2\/categories?post=3554"},{"taxonomy":"post_tag","embeddable":true,"href":"https:\/\/domath.surju.ee\/et\/wp-json\/wp\/v2\/tags?post=3554"}],"curies":[{"name":"wp","href":"https:\/\/api.w.org\/{rel}","templated":true}]}}