{"id":3552,"date":"2024-08-06T17:55:01","date_gmt":"2024-08-06T17:55:01","guid":{"rendered":"https:\/\/domath.surju.ee\/?page_id=3552"},"modified":"2025-01-02T21:38:40","modified_gmt":"2025-01-02T21:38:40","slug":"year","status":"publish","type":"page","link":"https:\/\/domath.surju.ee\/et\/aasta\/","title":{"rendered":"Aasta"},"content":{"rendered":"<h1 style=\"text-align: center;\"><span style=\"color: #008000;\"><strong>Aasta<\/strong><\/span><\/h1>\r\n<p><strong><span style=\"color: #ff0000;\">Aasta<\/span><\/strong> on aja\u00fchik.&nbsp;<br \/>\r\n<strong>Aasta (a)<\/strong> on ajavahemik, mille jooksul teeb Maa tiiru \u00fcmber P\u00e4ikese.<br \/>\r\n<strong>Aastas<\/strong> on tavaliselt <strong>365 p\u00e4eva. <\/strong>Iga 4. aasta on aga <strong>liigaasta<\/strong>, siis on aastas <strong>366 p\u00e4eva<\/strong>.&nbsp;<\/p>\r\n<h5 style=\"text-align: center;\"><strong><span style=\"color: #008000;\">1 aasta = 12 kuud<br \/>\r\n<\/span><\/strong><span style=\"font-size: 12pt;\"><strong><br \/>\r\nAastas<\/strong> on 12 kuud: <strong><span style=\"color: #339966;\">jaanuar, veebruar, m\u00e4rts, aprill, m\u00e4rts, aprill, mai, juuni, juuli, august, september, oktoober, november, detsember.&nbsp;<\/span><\/strong><\/span><br \/>\r\n<span style=\"font-size: 12pt;\">Aasta algab 1. jaanuaril ja l\u00f5peb 31. detsembril.&nbsp;<\/span><br \/>\r\n<span style=\"font-size: 12pt;\">Tavalises aastas on 52 n\u00e4dalat ja \u00fcks p\u00e4ev. Liigaastas on 52 n\u00e4dalat ja kaks p\u00e4eva.&nbsp;<\/span><\/h5>\r\n<div class=\"wp-block-image\">\r\n<figure class=\"aligncenter size-large is-resized\"><img loading=\"lazy\" decoding=\"async\" width=\"724\" height=\"1024\" class=\"wp-image-4025\" style=\"width: 366px; height: auto;\" src=\"https:\/\/domath.surju.ee\/wp-content\/uploads\/2024\/08\/1-724x1024.jpg\" alt=\"\" srcset=\"https:\/\/domath.surju.ee\/wp-content\/uploads\/2024\/08\/1-724x1024.jpg 724w, https:\/\/domath.surju.ee\/wp-content\/uploads\/2024\/08\/1-212x300.jpg 212w, https:\/\/domath.surju.ee\/wp-content\/uploads\/2024\/08\/1-768x1086.jpg 768w, https:\/\/domath.surju.ee\/wp-content\/uploads\/2024\/08\/1-1086x1536.jpg 1086w, https:\/\/domath.surju.ee\/wp-content\/uploads\/2024\/08\/1-17x24.jpg 17w, https:\/\/domath.surju.ee\/wp-content\/uploads\/2024\/08\/1-25x36.jpg 25w, https:\/\/domath.surju.ee\/wp-content\/uploads\/2024\/08\/1-34x48.jpg 34w, https:\/\/domath.surju.ee\/wp-content\/uploads\/2024\/08\/1.jpg 1414w\" sizes=\"auto, (max-width: 724px) 100vw, 724px\" \/><\/figure><\/div>","protected":false},"excerpt":{"rendered":"<p>Aasta Aasta on aja\u00fchik.&nbsp; Aasta (a) on ajavahemik, mille jooksul teeb Maa tiiru \u00fcmber P\u00e4ikese. Aastas on tavaliselt 365 p\u00e4eva. Iga 4. aasta on aga liigaasta, siis on aastas 366 p\u00e4eva.&nbsp; 1 aasta = 12 kuud Aastas on 12 kuud: jaanuar, veebruar, m\u00e4rts, aprill, m\u00e4rts, aprill, mai, juuni, juuli, august, september, oktoober, november, detsember.&nbsp; Aasta [&#8230;]<\/p>\n<p><a class=\"btn btn-secondary understrap-read-more-link\" href=\"https:\/\/domath.surju.ee\/et\/aasta\/\">Read More&#8230;<span class=\"screen-reader-text\"> from Aasta<\/span><\/a><\/p>\n","protected":false},"author":12,"featured_media":0,"parent":0,"menu_order":0,"comment_status":"closed","ping_status":"closed","template":"","meta":{"_eb_attr":"","_uag_custom_page_level_css":"","footnotes":""},"categories":[],"tags":[105,22,85],"class_list":["post-3552","page","type-page","status-publish","hentry","tag-english-y","tag-estonian-a","tag-greek-epsilon"],"uagb_featured_image_src":{"full":false,"thumbnail":false,"medium":false,"medium_large":false,"large":false,"1536x1536":false,"2048x2048":false,"menu-24x24":false,"menu-36x36":false,"menu-48x48":false},"uagb_author_info":{"display_name":"Ave Kartau","author_link":"https:\/\/domath.surju.ee\/et\/author\/ave\/"},"uagb_comment_info":0,"uagb_excerpt":"Aasta Aasta on aja\u00fchik.&nbsp; Aasta (a) on ajavahemik, mille jooksul teeb Maa tiiru \u00fcmber P\u00e4ikese. Aastas on tavaliselt 365 p\u00e4eva. Iga 4. aasta on aga liigaasta, siis on aastas 366 p\u00e4eva.&nbsp; 1 aasta = 12 kuud Aastas on 12 kuud: jaanuar, veebruar, m\u00e4rts, aprill, m\u00e4rts, aprill, mai, juuni, juuli, august, september, oktoober, november, detsember.&nbsp; Aasta&hellip;","_links":{"self":[{"href":"https:\/\/domath.surju.ee\/et\/wp-json\/wp\/v2\/pages\/3552","targetHints":{"allow":["GET"]}}],"collection":[{"href":"https:\/\/domath.surju.ee\/et\/wp-json\/wp\/v2\/pages"}],"about":[{"href":"https:\/\/domath.surju.ee\/et\/wp-json\/wp\/v2\/types\/page"}],"author":[{"embeddable":true,"href":"https:\/\/domath.surju.ee\/et\/wp-json\/wp\/v2\/users\/12"}],"replies":[{"embeddable":true,"href":"https:\/\/domath.surju.ee\/et\/wp-json\/wp\/v2\/comments?post=3552"}],"version-history":[{"count":9,"href":"https:\/\/domath.surju.ee\/et\/wp-json\/wp\/v2\/pages\/3552\/revisions"}],"predecessor-version":[{"id":4983,"href":"https:\/\/domath.surju.ee\/et\/wp-json\/wp\/v2\/pages\/3552\/revisions\/4983"}],"wp:attachment":[{"href":"https:\/\/domath.surju.ee\/et\/wp-json\/wp\/v2\/media?parent=3552"}],"wp:term":[{"taxonomy":"category","embeddable":true,"href":"https:\/\/domath.surju.ee\/et\/wp-json\/wp\/v2\/categories?post=3552"},{"taxonomy":"post_tag","embeddable":true,"href":"https:\/\/domath.surju.ee\/et\/wp-json\/wp\/v2\/tags?post=3552"}],"curies":[{"name":"wp","href":"https:\/\/api.w.org\/{rel}","templated":true}]}}