{"id":3550,"date":"2024-08-06T17:49:29","date_gmt":"2024-08-06T17:49:29","guid":{"rendered":"https:\/\/domath.surju.ee\/?page_id=3550"},"modified":"2025-01-02T21:26:21","modified_gmt":"2025-01-02T21:26:21","slug":"width","status":"publish","type":"page","link":"https:\/\/domath.surju.ee\/et\/laius\/","title":{"rendered":"Laius"},"content":{"rendered":"<h1 style=\"text-align: center;\"><span style=\"color: #008000;\"><strong>Laius<\/strong><\/span><\/h1>\r\n<p><span style=\"color: #ff0000;\"><strong>Laius <\/strong><\/span>on ruumi, kujundi, keha v\u00f5i eseme \u00fcks m\u00f5\u00f5tmeid. See on mingi kujundi l\u00fchema k\u00fclje pikkus.&nbsp;<\/p>\r\n<p>N\u00e4iteks tee laiuse saame siis, kui m\u00f5\u00f5dame \u00e4ra vahemaa tee \u00fchest \u00e4\u00e4rest teise \u00e4\u00e4rde.&nbsp;<\/p>\r\n\r\n<p>&nbsp;<\/p>\r\n\r\n\r\n<hr class=\"wp-block-separator has-alpha-channel-opacity\" \/>\r\n\r\n<figure class=\"wp-block-table\">\r\n<table class=\"has-fixed-layout\">\r\n<tbody>\r\n<tr>\r\n<td><img loading=\"lazy\" decoding=\"async\" class=\"size-medium wp-image-4005 aligncenter\" src=\"https:\/\/domath.surju.ee\/wp-content\/uploads\/2024\/08\/length-width-height-02-1646654763_2-300x194.png\" alt=\"\" width=\"300\" height=\"194\" srcset=\"https:\/\/domath.surju.ee\/wp-content\/uploads\/2024\/08\/length-width-height-02-1646654763_2-300x194.png 300w, https:\/\/domath.surju.ee\/wp-content\/uploads\/2024\/08\/length-width-height-02-1646654763_2-24x15.png 24w, https:\/\/domath.surju.ee\/wp-content\/uploads\/2024\/08\/length-width-height-02-1646654763_2-36x23.png 36w, https:\/\/domath.surju.ee\/wp-content\/uploads\/2024\/08\/length-width-height-02-1646654763_2-48x31.png 48w, https:\/\/domath.surju.ee\/wp-content\/uploads\/2024\/08\/length-width-height-02-1646654763_2.png 516w\" sizes=\"auto, (max-width: 300px) 100vw, 300px\" \/><\/td>\r\n<td><img loading=\"lazy\" decoding=\"async\" class=\"size-medium wp-image-4006 aligncenter\" src=\"https:\/\/domath.surju.ee\/wp-content\/uploads\/2024\/08\/length-width-height-02-1646654763_1-300x214.png\" alt=\"\" width=\"300\" height=\"214\" srcset=\"https:\/\/domath.surju.ee\/wp-content\/uploads\/2024\/08\/length-width-height-02-1646654763_1-300x214.png 300w, https:\/\/domath.surju.ee\/wp-content\/uploads\/2024\/08\/length-width-height-02-1646654763_1-24x17.png 24w, https:\/\/domath.surju.ee\/wp-content\/uploads\/2024\/08\/length-width-height-02-1646654763_1-36x26.png 36w, https:\/\/domath.surju.ee\/wp-content\/uploads\/2024\/08\/length-width-height-02-1646654763_1-48x34.png 48w, https:\/\/domath.surju.ee\/wp-content\/uploads\/2024\/08\/length-width-height-02-1646654763_1.png 451w\" sizes=\"auto, (max-width: 300px) 100vw, 300px\" \/><\/td>\r\n<\/tr>\r\n<\/tbody>\r\n<\/table>\r\n<\/figure>\r\n\r\n\r\n<p><span style=\"color: #800000;\"><strong>Laius<\/strong><\/span> (width)- kujundi l\u00fchim k\u00fclg&nbsp;<\/p>\r\n<p><strong><span style=\"color: #3366ff;\">Pikkus <\/span><\/strong>(length)-&nbsp; kujundi pikem k\u00fclg<\/p>\r\n<p><span style=\"color: #008000;\"><strong>K\u00f5rgus<\/strong><\/span> (height)- pikkus p\u00fcstsuunas (alt \u00fcles)&nbsp;<\/p>\r\n\r\n\r\n<p>&nbsp;<\/p>\r\n\r\n\r\n<p>&nbsp;<\/p>\r\n\r\n\r\n<p>&nbsp;<\/p>\r\n\r\n\r\n<p>&nbsp;<\/p>\r\n","protected":false},"excerpt":{"rendered":"<p>Laius Laius on ruumi, kujundi, keha v\u00f5i eseme \u00fcks m\u00f5\u00f5tmeid. See on mingi kujundi l\u00fchema k\u00fclje pikkus.&nbsp; N\u00e4iteks tee laiuse saame siis, kui m\u00f5\u00f5dame \u00e4ra vahemaa tee \u00fchest \u00e4\u00e4rest teise \u00e4\u00e4rde.&nbsp; &nbsp; Laius (width)- kujundi l\u00fchim k\u00fclg&nbsp; Pikkus (length)-&nbsp; kujundi pikem k\u00fclg K\u00f5rgus (height)- pikkus p\u00fcstsuunas (alt \u00fcles)&nbsp; &nbsp; &nbsp; &nbsp; &nbsp; [&#8230;]<\/p>\n<p><a class=\"btn btn-secondary understrap-read-more-link\" href=\"https:\/\/domath.surju.ee\/et\/laius\/\">Read More&#8230;<span class=\"screen-reader-text\"> from Laius<\/span><\/a><\/p>\n","protected":false},"author":12,"featured_media":0,"parent":0,"menu_order":0,"comment_status":"closed","ping_status":"closed","template":"","meta":{"_eb_attr":"","_uag_custom_page_level_css":"","footnotes":""},"categories":[],"tags":[103,4,63],"class_list":["post-3550","page","type-page","status-publish","hentry","tag-english-w","tag-estonian-l","tag-greek-pi"],"uagb_featured_image_src":{"full":false,"thumbnail":false,"medium":false,"medium_large":false,"large":false,"1536x1536":false,"2048x2048":false,"menu-24x24":false,"menu-36x36":false,"menu-48x48":false},"uagb_author_info":{"display_name":"Ave Kartau","author_link":"https:\/\/domath.surju.ee\/et\/author\/ave\/"},"uagb_comment_info":0,"uagb_excerpt":"Laius Laius on ruumi, kujundi, keha v\u00f5i eseme \u00fcks m\u00f5\u00f5tmeid. See on mingi kujundi l\u00fchema k\u00fclje pikkus.&nbsp; N\u00e4iteks tee laiuse saame siis, kui m\u00f5\u00f5dame \u00e4ra vahemaa tee \u00fchest \u00e4\u00e4rest teise \u00e4\u00e4rde.&nbsp; &nbsp; Laius (width)- kujundi l\u00fchim k\u00fclg&nbsp; Pikkus (length)-&nbsp; kujundi pikem k\u00fclg K\u00f5rgus (height)- pikkus p\u00fcstsuunas (alt \u00fcles)&nbsp; &nbsp; &nbsp; &nbsp; &nbsp; [...]Read More... from&hellip;","_links":{"self":[{"href":"https:\/\/domath.surju.ee\/et\/wp-json\/wp\/v2\/pages\/3550","targetHints":{"allow":["GET"]}}],"collection":[{"href":"https:\/\/domath.surju.ee\/et\/wp-json\/wp\/v2\/pages"}],"about":[{"href":"https:\/\/domath.surju.ee\/et\/wp-json\/wp\/v2\/types\/page"}],"author":[{"embeddable":true,"href":"https:\/\/domath.surju.ee\/et\/wp-json\/wp\/v2\/users\/12"}],"replies":[{"embeddable":true,"href":"https:\/\/domath.surju.ee\/et\/wp-json\/wp\/v2\/comments?post=3550"}],"version-history":[{"count":3,"href":"https:\/\/domath.surju.ee\/et\/wp-json\/wp\/v2\/pages\/3550\/revisions"}],"predecessor-version":[{"id":4009,"href":"https:\/\/domath.surju.ee\/et\/wp-json\/wp\/v2\/pages\/3550\/revisions\/4009"}],"wp:attachment":[{"href":"https:\/\/domath.surju.ee\/et\/wp-json\/wp\/v2\/media?parent=3550"}],"wp:term":[{"taxonomy":"category","embeddable":true,"href":"https:\/\/domath.surju.ee\/et\/wp-json\/wp\/v2\/categories?post=3550"},{"taxonomy":"post_tag","embeddable":true,"href":"https:\/\/domath.surju.ee\/et\/wp-json\/wp\/v2\/tags?post=3550"}],"curies":[{"name":"wp","href":"https:\/\/api.w.org\/{rel}","templated":true}]}}