{"id":3544,"date":"2024-08-06T17:33:51","date_gmt":"2024-08-06T17:33:51","guid":{"rendered":"https:\/\/domath.surju.ee\/?page_id=3544"},"modified":"2025-01-02T20:14:40","modified_gmt":"2025-01-02T20:14:40","slug":"volume","status":"publish","type":"page","link":"https:\/\/domath.surju.ee\/et\/ruumalauhikud-mahuuhikud\/","title":{"rendered":"Mahu\u00fchikud, ruumala\u00fchikud"},"content":{"rendered":"<h1 style=\"text-align: center;\"><strong><span style=\"color: #008000;\">Mahu\u00fchikud, ruumala\u00fchikud<\/span><\/strong><\/h1>\r\n<p><span style=\"color: #ff0000;\"><strong>Mahu\u00fchikud ehk ruumala\u00fchikud <\/strong><span style=\"color: #000000;\">on \u00fchikud, millega m\u00f5\u00f5detakse mahtu.&nbsp; M<\/span><span style=\"color: #000000;\">ahu ehk ruumala <\/span><span style=\"color: #000000;\">m\u00f5\u00f5tmise p\u00f5hi\u00fchik on<strong> kuupmeeter (m\u00b3)<\/strong>. Tihti kasutatakse veel <strong>kuupmillimeetrit (mm\u00b3), kuupsentimeetrit (cm\u00b3), kuupdetsimeetrit (dm\u00b3), kuupkilomeetrit (km\u00b3)<\/strong>.&nbsp;<br \/>\r\nAnumate mahtu ja vedelike kogust m\u00f5\u00f5dame <strong>liitrites (l)<\/strong>.&nbsp;<br \/>\r\n1 liiter = 10 detsiliitrit (dl)<br \/>\r\n1 liiter = 100 sentiliitrit (cl)<br \/>\r\n1 liiter = 1000 milliliitrit (ml)<br \/>\r\nTavap\u00e4raselt (kolmem\u00f5\u00f5tmelises ruumis) leitakse ruumala m\u00f5\u00f5detava ruumiosa kolme m\u00f5\u00f5tme \u2013 pikkuse, laiuse ja k\u00f5rguse \u2013 korrutisena.&nbsp;<br \/>\r\n<strong><span style=\"color: #0000ff;\">N\u00e4ited:&nbsp;<br \/>\r\n<\/span><\/strong><span style=\"color: #0000ff;\"><span style=\"color: #000000;\">Kui akvaariumi pikkus on 4 meetrit, laius on 1 meeter ja k\u00f5rgus 2 meetrit, siis akvaariumi maht ehk ruumala on 4m x 1m x 2m= 8 kuupmeetrit (m\u00b3).&nbsp;<\/span><\/span><strong><span style=\"color: #0000ff;\"><br \/>\r\n<\/span><\/strong><\/span><\/span><\/p>\r\n<h3><img loading=\"lazy\" decoding=\"async\" class=\"wp-image-3829 aligncenter\" src=\"https:\/\/domath.surju.ee\/wp-content\/uploads\/2024\/08\/Kuvatommis-2024-08-09-223859-300x274.png\" alt=\"\" width=\"159\" height=\"145\" srcset=\"https:\/\/domath.surju.ee\/wp-content\/uploads\/2024\/08\/Kuvatommis-2024-08-09-223859-300x274.png 300w, https:\/\/domath.surju.ee\/wp-content\/uploads\/2024\/08\/Kuvatommis-2024-08-09-223859-24x22.png 24w, https:\/\/domath.surju.ee\/wp-content\/uploads\/2024\/08\/Kuvatommis-2024-08-09-223859-36x33.png 36w, https:\/\/domath.surju.ee\/wp-content\/uploads\/2024\/08\/Kuvatommis-2024-08-09-223859-48x44.png 48w, https:\/\/domath.surju.ee\/wp-content\/uploads\/2024\/08\/Kuvatommis-2024-08-09-223859.png 343w\" sizes=\"auto, (max-width: 159px) 100vw, 159px\" \/><\/h3>\r\n<h5 class=\"notes2HeadingText\" style=\"text-align: center;\"><span style=\"color: #99ccff; background-color: #333399;\"><strong>Mahu\u00fchikud<\/strong><\/span><\/h5>\r\n<p class=\"notes2BodyText\" style=\"text-align: center;\">1000 kuupmillimeetrit, mm<sup>3<\/sup>= 1 kuupsentimeeter, cm<sup>3<\/sup><br \/>\r\n1000 kuupsentimeetrit, cm<sup>3<\/sup> = 1 kuupdetsimeeter, dm<sup>3<\/sup><br \/>\r\n1 000 kuupdetsimeetrit, cm<sup>3<\/sup> = 1 kuupmeeter, m<sup>3<\/sup><br \/>\r\n1 000 000 kuupsentimeetrit, cm<sup>3<\/sup>= 1 kuupmeeter, m<sup>3<br \/>\r\n<\/sup>1 liiter, l = 1 kuupdetsimeeter, dm<sup>3<br \/>\r\n<\/sup>1 milliliiter, ml = 1 kuupdetsimeeter, cm<sup>3<\/sup>&nbsp;<br \/>\r\n1 detsiliiter, dl = 100 ml<br \/>\r\n1 liiter, l&nbsp; = 1 000 milliliitrit, ml<br \/>\r\n1 m<sup>3<\/sup> = 1 000 liitrit<\/p>\r\n<div class=\"wp-block-image\">\r\n<figure class=\"aligncenter size-large is-resized\"><a href=\"https:\/\/www.transum.org\/Maths\/Activity\/Units\/Default.asp?Level=3\" target=\"_blank\" rel=\"noreferrer noopener\"><img loading=\"lazy\" decoding=\"async\" width=\"1024\" height=\"685\" class=\"wp-image-3889\" style=\"width: 552px; height: auto;\" src=\"https:\/\/domath.surju.ee\/wp-content\/uploads\/2024\/08\/Kuvatommis-2024-08-10-011827-1024x685.png\" alt=\"\" srcset=\"https:\/\/domath.surju.ee\/wp-content\/uploads\/2024\/08\/Kuvatommis-2024-08-10-011827-1024x685.png 1024w, https:\/\/domath.surju.ee\/wp-content\/uploads\/2024\/08\/Kuvatommis-2024-08-10-011827-300x201.png 300w, https:\/\/domath.surju.ee\/wp-content\/uploads\/2024\/08\/Kuvatommis-2024-08-10-011827-768x513.png 768w, https:\/\/domath.surju.ee\/wp-content\/uploads\/2024\/08\/Kuvatommis-2024-08-10-011827-24x16.png 24w, https:\/\/domath.surju.ee\/wp-content\/uploads\/2024\/08\/Kuvatommis-2024-08-10-011827-36x24.png 36w, https:\/\/domath.surju.ee\/wp-content\/uploads\/2024\/08\/Kuvatommis-2024-08-10-011827-48x32.png 48w, https:\/\/domath.surju.ee\/wp-content\/uploads\/2024\/08\/Kuvatommis-2024-08-10-011827.png 1249w\" sizes=\"auto, (max-width: 1024px) 100vw, 1024px\" \/><\/a><\/figure><\/div>\r\n<p style=\"text-align: center;\"><a href=\"https:\/\/www.transum.org\/Maths\/Activity\/Units\/Default.asp?Level=3\">https:\/\/www.transum.org\/Maths\/Activity\/Units\/Default.asp?Level=3<\/a><\/p>","protected":false},"excerpt":{"rendered":"<p>Mahu\u00fchikud, ruumala\u00fchikud Mahu\u00fchikud ehk ruumala\u00fchikud on \u00fchikud, millega m\u00f5\u00f5detakse mahtu.&nbsp; Mahu ehk ruumala m\u00f5\u00f5tmise p\u00f5hi\u00fchik on kuupmeeter (m\u00b3). Tihti kasutatakse veel kuupmillimeetrit (mm\u00b3), kuupsentimeetrit (cm\u00b3), kuupdetsimeetrit (dm\u00b3), kuupkilomeetrit (km\u00b3).&nbsp; Anumate mahtu ja vedelike kogust m\u00f5\u00f5dame liitrites (l).&nbsp; 1 liiter = 10 detsiliitrit (dl) 1 liiter = 100 sentiliitrit (cl) 1 liiter = 1000 milliliitrit (ml) [&#8230;]<\/p>\n<p><a class=\"btn btn-secondary understrap-read-more-link\" href=\"https:\/\/domath.surju.ee\/et\/ruumalauhikud-mahuuhikud\/\">Read More&#8230;<span class=\"screen-reader-text\"> from Mahu\u00fchikud, ruumala\u00fchikud<\/span><\/a><\/p>\n","protected":false},"author":12,"featured_media":0,"parent":0,"menu_order":0,"comment_status":"closed","ping_status":"closed","template":"","meta":{"_eb_attr":"","_uag_custom_page_level_css":"","footnotes":""},"categories":[],"tags":[100,113,145],"class_list":["post-3544","page","type-page","status-publish","hentry","tag-english-u","tag-estonian-m","tag-greek-mu"],"uagb_featured_image_src":{"full":false,"thumbnail":false,"medium":false,"medium_large":false,"large":false,"1536x1536":false,"2048x2048":false,"menu-24x24":false,"menu-36x36":false,"menu-48x48":false},"uagb_author_info":{"display_name":"Ave Kartau","author_link":"https:\/\/domath.surju.ee\/et\/author\/ave\/"},"uagb_comment_info":0,"uagb_excerpt":"Mahu\u00fchikud, ruumala\u00fchikud Mahu\u00fchikud ehk ruumala\u00fchikud on \u00fchikud, millega m\u00f5\u00f5detakse mahtu.&nbsp; Mahu ehk ruumala m\u00f5\u00f5tmise p\u00f5hi\u00fchik on kuupmeeter (m\u00b3). Tihti kasutatakse veel kuupmillimeetrit (mm\u00b3), kuupsentimeetrit (cm\u00b3), kuupdetsimeetrit (dm\u00b3), kuupkilomeetrit (km\u00b3).&nbsp; Anumate mahtu ja vedelike kogust m\u00f5\u00f5dame liitrites (l).&nbsp; 1 liiter = 10 detsiliitrit (dl) 1 liiter = 100 sentiliitrit (cl) 1 liiter = 1000 milliliitrit (ml)&hellip;","_links":{"self":[{"href":"https:\/\/domath.surju.ee\/et\/wp-json\/wp\/v2\/pages\/3544","targetHints":{"allow":["GET"]}}],"collection":[{"href":"https:\/\/domath.surju.ee\/et\/wp-json\/wp\/v2\/pages"}],"about":[{"href":"https:\/\/domath.surju.ee\/et\/wp-json\/wp\/v2\/types\/page"}],"author":[{"embeddable":true,"href":"https:\/\/domath.surju.ee\/et\/wp-json\/wp\/v2\/users\/12"}],"replies":[{"embeddable":true,"href":"https:\/\/domath.surju.ee\/et\/wp-json\/wp\/v2\/comments?post=3544"}],"version-history":[{"count":5,"href":"https:\/\/domath.surju.ee\/et\/wp-json\/wp\/v2\/pages\/3544\/revisions"}],"predecessor-version":[{"id":3891,"href":"https:\/\/domath.surju.ee\/et\/wp-json\/wp\/v2\/pages\/3544\/revisions\/3891"}],"wp:attachment":[{"href":"https:\/\/domath.surju.ee\/et\/wp-json\/wp\/v2\/media?parent=3544"}],"wp:term":[{"taxonomy":"category","embeddable":true,"href":"https:\/\/domath.surju.ee\/et\/wp-json\/wp\/v2\/categories?post=3544"},{"taxonomy":"post_tag","embeddable":true,"href":"https:\/\/domath.surju.ee\/et\/wp-json\/wp\/v2\/tags?post=3544"}],"curies":[{"name":"wp","href":"https:\/\/api.w.org\/{rel}","templated":true}]}}