{"id":3542,"date":"2024-08-06T17:30:43","date_gmt":"2024-08-06T17:30:43","guid":{"rendered":"https:\/\/domath.surju.ee\/?page_id=3542"},"modified":"2025-01-02T20:36:49","modified_gmt":"2025-01-02T20:36:49","slug":"vertical-angles","status":"publish","type":"page","link":"https:\/\/domath.surju.ee\/et\/tippnurgad\/","title":{"rendered":"Tippnurgad"},"content":{"rendered":"<h1 style=\"text-align: center;\"><span style=\"color: #008000;\"><strong>Tippnurgad<\/strong><br \/>\r\n<\/span><\/h1>\r\n<p>Kaht nurka nimetatakse <strong><span style=\"color: #ff0000;\">tippnurkadek<\/span>s<\/strong>, kui \u00fche nurga haarad on teise nurga haarade pikendused \u00fcle nende \u00fchise tipu. <br \/>\r\n<strong>Tippnurgad<\/strong> on v\u00f5rdsed.<\/p>\r\n<p>Tippnurkadel on \u00fchine tipp ja haarad moodustavad sirged.&nbsp;<\/p>\r\n<h5><span style=\"font-size: 12pt;\"><strong><span style=\"color: #0000ff;\">N\u00e4ited:&nbsp;<\/span><\/strong><\/span><\/h5>\r\n<table style=\"border-collapse: collapse; width: 98.9286%; height: 177px;\">\r\n<tbody>\r\n<tr>\r\n<td style=\"width: 50%;\"><img loading=\"lazy\" decoding=\"async\" class=\"wp-image-3976 aligncenter\" src=\"https:\/\/domath.surju.ee\/wp-content\/uploads\/2024\/08\/Tippnurgad-300x191.png\" alt=\"\" width=\"283\" height=\"180\" srcset=\"https:\/\/domath.surju.ee\/wp-content\/uploads\/2024\/08\/Tippnurgad-300x191.png 300w, https:\/\/domath.surju.ee\/wp-content\/uploads\/2024\/08\/Tippnurgad-1024x653.png 1024w, https:\/\/domath.surju.ee\/wp-content\/uploads\/2024\/08\/Tippnurgad-768x490.png 768w, https:\/\/domath.surju.ee\/wp-content\/uploads\/2024\/08\/Tippnurgad-1536x980.png 1536w, https:\/\/domath.surju.ee\/wp-content\/uploads\/2024\/08\/Tippnurgad-2048x1307.png 2048w, https:\/\/domath.surju.ee\/wp-content\/uploads\/2024\/08\/Tippnurgad-24x15.png 24w, https:\/\/domath.surju.ee\/wp-content\/uploads\/2024\/08\/Tippnurgad-36x23.png 36w, https:\/\/domath.surju.ee\/wp-content\/uploads\/2024\/08\/Tippnurgad-48x31.png 48w\" sizes=\"auto, (max-width: 283px) 100vw, 283px\" \/><\/td>\r\n<td style=\"width: 50%;\"><img loading=\"lazy\" decoding=\"async\" class=\"size-medium wp-image-3977 aligncenter\" src=\"https:\/\/domath.surju.ee\/wp-content\/uploads\/2024\/08\/Tippnurgad-1-300x166.png\" alt=\"\" width=\"300\" height=\"166\" srcset=\"https:\/\/domath.surju.ee\/wp-content\/uploads\/2024\/08\/Tippnurgad-1-300x166.png 300w, https:\/\/domath.surju.ee\/wp-content\/uploads\/2024\/08\/Tippnurgad-1-1024x568.png 1024w, https:\/\/domath.surju.ee\/wp-content\/uploads\/2024\/08\/Tippnurgad-1-768x426.png 768w, https:\/\/domath.surju.ee\/wp-content\/uploads\/2024\/08\/Tippnurgad-1-1536x851.png 1536w, https:\/\/domath.surju.ee\/wp-content\/uploads\/2024\/08\/Tippnurgad-1-2048x1135.png 2048w, https:\/\/domath.surju.ee\/wp-content\/uploads\/2024\/08\/Tippnurgad-1-24x13.png 24w, https:\/\/domath.surju.ee\/wp-content\/uploads\/2024\/08\/Tippnurgad-1-36x20.png 36w, https:\/\/domath.surju.ee\/wp-content\/uploads\/2024\/08\/Tippnurgad-1-48x27.png 48w\" sizes=\"auto, (max-width: 300px) 100vw, 300px\" \/><\/td>\r\n<\/tr>\r\n<\/tbody>\r\n<\/table>\r\n<table style=\"border-collapse: collapse; width: 99.1667%; height: 21px;\">\r\n<tbody>\r\n<tr style=\"height: 21px;\">\r\n<td style=\"width: 50%; text-align: center; height: 21px;\">\u2220AOD ja \u2220BOC on <strong>tippnurgad.<\/strong><\/td>\r\n<td style=\"width: 50%; text-align: center; height: 21px;\">\u2220AOC ja \u2220BOD on <strong>tippnurgad.<\/strong><\/td>\r\n<\/tr>\r\n<\/tbody>\r\n<\/table>\r\n<table style=\"border-collapse: collapse; width: 99.0476%; height: 40px;\">\r\n<tbody>\r\n<tr style=\"height: 21px;\">\r\n<td style=\"width: 100%; height: 21px;\">&nbsp;<\/td>\r\n<\/tr>\r\n<tr style=\"height: 19px;\">\r\n<td style=\"width: 100%; height: 19px;\">\r\n<h6 style=\"text-align: center;\"><span style=\"color: #ff0000;\"><strong>Tippnurgad on v\u00f5rdsed. <\/strong><\/span><\/h6>\r\n<\/td>\r\n<\/tr>\r\n<\/tbody>\r\n<\/table>\r\n<table style=\"border-collapse: collapse; width: 100%;\">\r\n<tbody>\r\n<tr>\r\n<td style=\"width: 100%;\">&nbsp;<\/td>\r\n<\/tr>\r\n<\/tbody>\r\n<\/table>\r\n\r\n<hr class=\"wp-block-separator has-alpha-channel-opacity\" \/>\r\n <iframe loading=\"lazy\" style=\"border: 0px;\" title=\"Tippnurgad\" src=\"https:\/\/www.geogebra.org\/material\/iframe\/id\/rfdx7n9u\/width\/1100\/height\/585\/border\/888888\/sfsb\/true\/smb\/false\/stb\/false\/stbh\/false\/ai\/false\/asb\/false\/sri\/false\/rc\/false\/ld\/false\/sdz\/false\/ctl\/false\" width=\"700px\" height=\"385px\" scrolling=\"no\"> <\/iframe> \r\n\r\n<p>&nbsp;<\/p>\r\n","protected":false},"excerpt":{"rendered":"<p>Tippnurgad Kaht nurka nimetatakse tippnurkadeks, kui \u00fche nurga haarad on teise nurga haarade pikendused \u00fcle nende \u00fchise tipu. Tippnurgad on v\u00f5rdsed. Tippnurkadel on \u00fchine tipp ja haarad moodustavad sirged.&nbsp; N\u00e4ited:&nbsp; \u2220AOD ja \u2220BOC on tippnurgad. \u2220AOC ja \u2220BOD on tippnurgad. &nbsp; Tippnurgad on v\u00f5rdsed. &nbsp; &nbsp; [&#8230;]<\/p>\n<p><a class=\"btn btn-secondary understrap-read-more-link\" href=\"https:\/\/domath.surju.ee\/et\/tippnurgad\/\">Read More&#8230;<span class=\"screen-reader-text\"> from Tippnurgad<\/span><\/a><\/p>\n","protected":false},"author":12,"featured_media":0,"parent":0,"menu_order":0,"comment_status":"closed","ping_status":"closed","template":"","meta":{"_eb_attr":"","_uag_custom_page_level_css":"","footnotes":""},"categories":[],"tags":[102,40,73],"class_list":["post-3542","page","type-page","status-publish","hentry","tag-english-v","tag-estonian-t","tag-greek-kappa"],"uagb_featured_image_src":{"full":false,"thumbnail":false,"medium":false,"medium_large":false,"large":false,"1536x1536":false,"2048x2048":false,"menu-24x24":false,"menu-36x36":false,"menu-48x48":false},"uagb_author_info":{"display_name":"Ave Kartau","author_link":"https:\/\/domath.surju.ee\/et\/author\/ave\/"},"uagb_comment_info":0,"uagb_excerpt":"Tippnurgad Kaht nurka nimetatakse tippnurkadeks, kui \u00fche nurga haarad on teise nurga haarade pikendused \u00fcle nende \u00fchise tipu. Tippnurgad on v\u00f5rdsed. Tippnurkadel on \u00fchine tipp ja haarad moodustavad sirged.&nbsp; N\u00e4ited:&nbsp; \u2220AOD ja \u2220BOC on tippnurgad. \u2220AOC ja \u2220BOD on tippnurgad. &nbsp; Tippnurgad on v\u00f5rdsed. &nbsp; &nbsp; [...]Read More... from Tippnurgad","_links":{"self":[{"href":"https:\/\/domath.surju.ee\/et\/wp-json\/wp\/v2\/pages\/3542","targetHints":{"allow":["GET"]}}],"collection":[{"href":"https:\/\/domath.surju.ee\/et\/wp-json\/wp\/v2\/pages"}],"about":[{"href":"https:\/\/domath.surju.ee\/et\/wp-json\/wp\/v2\/types\/page"}],"author":[{"embeddable":true,"href":"https:\/\/domath.surju.ee\/et\/wp-json\/wp\/v2\/users\/12"}],"replies":[{"embeddable":true,"href":"https:\/\/domath.surju.ee\/et\/wp-json\/wp\/v2\/comments?post=3542"}],"version-history":[{"count":10,"href":"https:\/\/domath.surju.ee\/et\/wp-json\/wp\/v2\/pages\/3542\/revisions"}],"predecessor-version":[{"id":4003,"href":"https:\/\/domath.surju.ee\/et\/wp-json\/wp\/v2\/pages\/3542\/revisions\/4003"}],"wp:attachment":[{"href":"https:\/\/domath.surju.ee\/et\/wp-json\/wp\/v2\/media?parent=3542"}],"wp:term":[{"taxonomy":"category","embeddable":true,"href":"https:\/\/domath.surju.ee\/et\/wp-json\/wp\/v2\/categories?post=3542"},{"taxonomy":"post_tag","embeddable":true,"href":"https:\/\/domath.surju.ee\/et\/wp-json\/wp\/v2\/tags?post=3542"}],"curies":[{"name":"wp","href":"https:\/\/api.w.org\/{rel}","templated":true}]}}