{"id":3540,"date":"2024-08-06T17:26:41","date_gmt":"2024-08-06T17:26:41","guid":{"rendered":"https:\/\/domath.surju.ee\/?page_id=3540"},"modified":"2025-01-02T20:32:52","modified_gmt":"2025-01-02T20:32:52","slug":"vertical","status":"publish","type":"page","link":"https:\/\/domath.surju.ee\/et\/vertikaalne\/","title":{"rendered":"Vertikaalne"},"content":{"rendered":"<h1 style=\"text-align: center;\"><span style=\"color: #008000;\"><strong>Vertikaalne<\/strong><\/span><\/h1>\n<p><span style=\"color: #ff0000;\"><strong>Vertikaalne&nbsp;<\/strong><span style=\"color: #000000;\">joon on p\u00fcstine, \u00fclalt alla v\u00f5i alt \u00fcles kulgev joon.&nbsp;<\/span><\/span><\/p>\n<p>&nbsp;<\/p>\n<table style=\"border-collapse: collapse; width: 97.619%; height: 18px;\">\n<tbody>\n<tr>\n<td style=\"width: 50%;\"><img loading=\"lazy\" decoding=\"async\" class=\"size-medium wp-image-3963 aligncenter\" src=\"https:\/\/domath.surju.ee\/wp-content\/uploads\/2024\/08\/lines-237x300.png\" alt=\"\" width=\"237\" height=\"300\" srcset=\"https:\/\/domath.surju.ee\/wp-content\/uploads\/2024\/08\/lines-237x300.png 237w, https:\/\/domath.surju.ee\/wp-content\/uploads\/2024\/08\/lines-19x24.png 19w, https:\/\/domath.surju.ee\/wp-content\/uploads\/2024\/08\/lines-28x36.png 28w, https:\/\/domath.surju.ee\/wp-content\/uploads\/2024\/08\/lines-38x48.png 38w, https:\/\/domath.surju.ee\/wp-content\/uploads\/2024\/08\/lines.png 641w\" sizes=\"auto, (max-width: 237px) 100vw, 237px\" \/><\/td>\n<td style=\"width: 50%;\"><img loading=\"lazy\" decoding=\"async\" class=\"size-medium wp-image-3966 aligncenter\" src=\"https:\/\/domath.surju.ee\/wp-content\/uploads\/2024\/08\/lines2-1-300x221.png\" alt=\"\" width=\"300\" height=\"221\" srcset=\"https:\/\/domath.surju.ee\/wp-content\/uploads\/2024\/08\/lines2-1-300x221.png 300w, https:\/\/domath.surju.ee\/wp-content\/uploads\/2024\/08\/lines2-1-24x18.png 24w, https:\/\/domath.surju.ee\/wp-content\/uploads\/2024\/08\/lines2-1-36x27.png 36w, https:\/\/domath.surju.ee\/wp-content\/uploads\/2024\/08\/lines2-1-48x35.png 48w, https:\/\/domath.surju.ee\/wp-content\/uploads\/2024\/08\/lines2-1.png 634w\" sizes=\"auto, (max-width: 300px) 100vw, 300px\" \/><\/td>\n<\/tr>\n<\/tbody>\n<\/table>\n<p style=\"text-align: center;\">Graafikutel ja koordinaatteljestikel on horisontaalne telg (x-telg) ja <strong>vertikaalne<\/strong> telg (y-telg).<\/p>\n<p><img loading=\"lazy\" decoding=\"async\" class=\" wp-image-3969 aligncenter\" src=\"https:\/\/domath.surju.ee\/wp-content\/uploads\/2024\/08\/Mystery_of_the_horizontal_y-axis-300x225.png\" alt=\"\" width=\"368\" height=\"276\" srcset=\"https:\/\/domath.surju.ee\/wp-content\/uploads\/2024\/08\/Mystery_of_the_horizontal_y-axis-300x225.png 300w, https:\/\/domath.surju.ee\/wp-content\/uploads\/2024\/08\/Mystery_of_the_horizontal_y-axis-24x18.png 24w, https:\/\/domath.surju.ee\/wp-content\/uploads\/2024\/08\/Mystery_of_the_horizontal_y-axis-36x27.png 36w, https:\/\/domath.surju.ee\/wp-content\/uploads\/2024\/08\/Mystery_of_the_horizontal_y-axis-48x36.png 48w, https:\/\/domath.surju.ee\/wp-content\/uploads\/2024\/08\/Mystery_of_the_horizontal_y-axis.png 614w\" sizes=\"auto, (max-width: 368px) 100vw, 368px\" \/><\/p>\n<p style=\"text-align: center;\"><a href=\"https:\/\/en.wikipedia.org\/wiki\/File:Mystery_of_the_horizontal_y-axis.PNG\">https:\/\/en.wikipedia.org\/wiki\/File:Mystery_of_the_horizontal_y-axis.PNG<\/a><\/p>\n","protected":false},"excerpt":{"rendered":"<p>Vertikaalne Vertikaalne&nbsp;joon on p\u00fcstine, \u00fclalt alla v\u00f5i alt \u00fcles kulgev joon.&nbsp; &nbsp; Graafikutel ja koordinaatteljestikel on horisontaalne telg (x-telg) ja vertikaalne telg (y-telg). https:\/\/en.wikipedia.org\/wiki\/File:Mystery_of_the_horizontal_y-axis.PNG [&#8230;]<\/p>\n<p><a class=\"btn btn-secondary understrap-read-more-link\" href=\"https:\/\/domath.surju.ee\/et\/vertikaalne\/\">Read More&#8230;<span class=\"screen-reader-text\"> from Vertikaalne<\/span><\/a><\/p>\n","protected":false},"author":12,"featured_media":0,"parent":0,"menu_order":0,"comment_status":"closed","ping_status":"closed","template":"","meta":{"_eb_attr":"","_uag_custom_page_level_css":"","footnotes":""},"categories":[],"tags":[102,119,73],"class_list":["post-3540","page","type-page","status-publish","hentry","tag-english-v","tag-estonian-v","tag-greek-kappa"],"uagb_featured_image_src":{"full":false,"thumbnail":false,"medium":false,"medium_large":false,"large":false,"1536x1536":false,"2048x2048":false,"menu-24x24":false,"menu-36x36":false,"menu-48x48":false},"uagb_author_info":{"display_name":"Ave Kartau","author_link":"https:\/\/domath.surju.ee\/et\/author\/ave\/"},"uagb_comment_info":0,"uagb_excerpt":"Vertikaalne Vertikaalne&nbsp;joon on p\u00fcstine, \u00fclalt alla v\u00f5i alt \u00fcles kulgev joon.&nbsp; &nbsp; Graafikutel ja koordinaatteljestikel on horisontaalne telg (x-telg) ja vertikaalne telg (y-telg). https:\/\/en.wikipedia.org\/wiki\/File:Mystery_of_the_horizontal_y-axis.PNG [...]Read More... from Vertikaalne","_links":{"self":[{"href":"https:\/\/domath.surju.ee\/et\/wp-json\/wp\/v2\/pages\/3540","targetHints":{"allow":["GET"]}}],"collection":[{"href":"https:\/\/domath.surju.ee\/et\/wp-json\/wp\/v2\/pages"}],"about":[{"href":"https:\/\/domath.surju.ee\/et\/wp-json\/wp\/v2\/types\/page"}],"author":[{"embeddable":true,"href":"https:\/\/domath.surju.ee\/et\/wp-json\/wp\/v2\/users\/12"}],"replies":[{"embeddable":true,"href":"https:\/\/domath.surju.ee\/et\/wp-json\/wp\/v2\/comments?post=3540"}],"version-history":[{"count":6,"href":"https:\/\/domath.surju.ee\/et\/wp-json\/wp\/v2\/pages\/3540\/revisions"}],"predecessor-version":[{"id":3973,"href":"https:\/\/domath.surju.ee\/et\/wp-json\/wp\/v2\/pages\/3540\/revisions\/3973"}],"wp:attachment":[{"href":"https:\/\/domath.surju.ee\/et\/wp-json\/wp\/v2\/media?parent=3540"}],"wp:term":[{"taxonomy":"category","embeddable":true,"href":"https:\/\/domath.surju.ee\/et\/wp-json\/wp\/v2\/categories?post=3540"},{"taxonomy":"post_tag","embeddable":true,"href":"https:\/\/domath.surju.ee\/et\/wp-json\/wp\/v2\/tags?post=3540"}],"curies":[{"name":"wp","href":"https:\/\/api.w.org\/{rel}","templated":true}]}}