{"id":3534,"date":"2024-08-06T17:14:18","date_gmt":"2024-08-06T17:14:18","guid":{"rendered":"https:\/\/domath.surju.ee\/?page_id=3534"},"modified":"2025-01-02T20:18:05","modified_gmt":"2025-01-02T20:18:05","slug":"units-of-weight","status":"publish","type":"page","link":"https:\/\/domath.surju.ee\/et\/massiuhikud\/","title":{"rendered":"Massi\u00fchikud"},"content":{"rendered":"<h1 style=\"text-align: center;\"><strong><span style=\"color: #008000;\">Massi\u00fchikud<\/span><\/strong><\/h1>\r\n<p><strong><span style=\"color: #ff0000;\">Massi\u00fchikud <\/span><\/strong><span style=\"color: #ff0000;\"><span style=\"color: #000000;\">on \u00fchikud, millega m\u00f5\u00f5detakse massi.&nbsp;<br \/>\r\n<strong>Massi<\/strong>&nbsp;p\u00f5hi\u00fchikuks on <strong>kilogramm (kg)<\/strong>. Tihti kasutatakse veel grammi (g), tsentnerit (ts) ja tonni (t).&nbsp;<\/span><\/span><\/p>\r\n<p style=\"text-align: center;\"><strong><span style=\"color: #ff0000;\">1 g = 1000 mg (1 gramm = 1000 milligrammi)<\/span><\/strong><\/p>\r\n<p style=\"text-align: center;\"><span style=\"color: #ff0000;\"><strong>1 kg = 1000 g ( 1 kilogramm = 1000 grammi)<br \/>\r\n1 ts = 100 kg ( 1 tsentner = 100 kilogrammi)<\/strong><\/span><\/p>\r\n<p style=\"text-align: center;\"><span style=\"color: #ff0000;\"><strong>1 t = 1000 kg (1 tonn = 1000 kilogrammi)<\/strong><\/span><\/p>\r\n<p><strong><span style=\"color: #0000ff;\">N\u00e4ited:&nbsp;<\/span><\/strong><br \/>\r\nKirjaklamber kaalub umbes \u00fche grammi. &nbsp;<\/p>\r\n<p>\u00dcheliitrine veepudel kaalub umbes \u00fcks kilogramm (\u00fchele kilogrammile lisandub pudeli kaal).<\/p>\r\n\r\n<hr class=\"wp-block-separator has-alpha-channel-opacity\" \/>\r\n<h5 style=\"text-align: center;\"><span style=\"color: #99ccff; background-color: #000080;\"><strong>Kaalud<\/strong><\/span><\/h5>\r\n<table style=\"border-collapse: collapse; width: 100%; height: 309px;\">\r\n<tbody>\r\n<tr style=\"height: 309px;\">\r\n<td style=\"width: 25%; height: 309px;\"><img loading=\"lazy\" decoding=\"async\" class=\"wp-image-3896 aligncenter\" src=\"https:\/\/domath.surju.ee\/wp-content\/uploads\/2024\/08\/scale-154924_1280-262x300.png\" alt=\"\" width=\"120\" height=\"138\" srcset=\"https:\/\/domath.surju.ee\/wp-content\/uploads\/2024\/08\/scale-154924_1280-262x300.png 262w, https:\/\/domath.surju.ee\/wp-content\/uploads\/2024\/08\/scale-154924_1280-894x1024.png 894w, https:\/\/domath.surju.ee\/wp-content\/uploads\/2024\/08\/scale-154924_1280-768x880.png 768w, https:\/\/domath.surju.ee\/wp-content\/uploads\/2024\/08\/scale-154924_1280-21x24.png 21w, https:\/\/domath.surju.ee\/wp-content\/uploads\/2024\/08\/scale-154924_1280-31x36.png 31w, https:\/\/domath.surju.ee\/wp-content\/uploads\/2024\/08\/scale-154924_1280-42x48.png 42w, https:\/\/domath.surju.ee\/wp-content\/uploads\/2024\/08\/scale-154924_1280.png 1117w\" sizes=\"auto, (max-width: 120px) 100vw, 120px\" \/><\/td>\r\n<td style=\"width: 25%; height: 309px;\"><img loading=\"lazy\" decoding=\"async\" class=\"wp-image-3897 aligncenter\" src=\"https:\/\/domath.surju.ee\/wp-content\/uploads\/2024\/08\/the-scale-1133910_1280-300x271.png\" alt=\"\" width=\"141\" height=\"127\" srcset=\"https:\/\/domath.surju.ee\/wp-content\/uploads\/2024\/08\/the-scale-1133910_1280-300x271.png 300w, https:\/\/domath.surju.ee\/wp-content\/uploads\/2024\/08\/the-scale-1133910_1280-1024x924.png 1024w, https:\/\/domath.surju.ee\/wp-content\/uploads\/2024\/08\/the-scale-1133910_1280-768x693.png 768w, https:\/\/domath.surju.ee\/wp-content\/uploads\/2024\/08\/the-scale-1133910_1280-24x22.png 24w, https:\/\/domath.surju.ee\/wp-content\/uploads\/2024\/08\/the-scale-1133910_1280-36x32.png 36w, https:\/\/domath.surju.ee\/wp-content\/uploads\/2024\/08\/the-scale-1133910_1280-48x43.png 48w, https:\/\/domath.surju.ee\/wp-content\/uploads\/2024\/08\/the-scale-1133910_1280.png 1280w\" sizes=\"auto, (max-width: 141px) 100vw, 141px\" \/><\/td>\r\n<td style=\"width: 25%; height: 309px;\"><img loading=\"lazy\" decoding=\"async\" class=\"wp-image-3898 aligncenter\" src=\"https:\/\/domath.surju.ee\/wp-content\/uploads\/2024\/08\/balance-154266_1280-300x150.png\" alt=\"\" width=\"184\" height=\"92\" srcset=\"https:\/\/domath.surju.ee\/wp-content\/uploads\/2024\/08\/balance-154266_1280-300x150.png 300w, https:\/\/domath.surju.ee\/wp-content\/uploads\/2024\/08\/balance-154266_1280-1024x512.png 1024w, https:\/\/domath.surju.ee\/wp-content\/uploads\/2024\/08\/balance-154266_1280-768x384.png 768w, https:\/\/domath.surju.ee\/wp-content\/uploads\/2024\/08\/balance-154266_1280-24x12.png 24w, https:\/\/domath.surju.ee\/wp-content\/uploads\/2024\/08\/balance-154266_1280-36x18.png 36w, https:\/\/domath.surju.ee\/wp-content\/uploads\/2024\/08\/balance-154266_1280-48x24.png 48w, https:\/\/domath.surju.ee\/wp-content\/uploads\/2024\/08\/balance-154266_1280.png 1280w\" sizes=\"auto, (max-width: 184px) 100vw, 184px\" \/><\/td>\r\n<td style=\"width: 25%; height: 309px;\"><img loading=\"lazy\" decoding=\"async\" class=\"wp-image-3899 aligncenter\" src=\"https:\/\/domath.surju.ee\/wp-content\/uploads\/2024\/08\/balance-2022667_1280-150x300.png\" alt=\"\" width=\"82\" height=\"164\" srcset=\"https:\/\/domath.surju.ee\/wp-content\/uploads\/2024\/08\/balance-2022667_1280-150x300.png 150w, https:\/\/domath.surju.ee\/wp-content\/uploads\/2024\/08\/balance-2022667_1280-512x1024.png 512w, https:\/\/domath.surju.ee\/wp-content\/uploads\/2024\/08\/balance-2022667_1280-12x24.png 12w, https:\/\/domath.surju.ee\/wp-content\/uploads\/2024\/08\/balance-2022667_1280-18x36.png 18w, https:\/\/domath.surju.ee\/wp-content\/uploads\/2024\/08\/balance-2022667_1280-24x48.png 24w, https:\/\/domath.surju.ee\/wp-content\/uploads\/2024\/08\/balance-2022667_1280.png 640w\" sizes=\"auto, (max-width: 82px) 100vw, 82px\" \/><\/td>\r\n<\/tr>\r\n<tr style=\"height: 20px;\">\r\n<td style=\"width: 25%; height: 20px; text-align: center;\"><strong><span style=\"color: #333399;\">k\u00f6\u00f6gikaal<\/span><\/strong><\/td>\r\n<td style=\"width: 25%; height: 20px; text-align: center;\"><strong><span style=\"color: #333399;\">digitaalne kaal<\/span><\/strong><\/td>\r\n<td style=\"width: 25%; height: 20px; text-align: center;\"><strong><span style=\"color: #333399;\">kangkaal<\/span><\/strong><\/td>\r\n<td style=\"width: 25%; height: 20px; text-align: center;\"><strong><span style=\"color: #333399;\">vedrukaal<\/span><\/strong><\/td>\r\n<\/tr>\r\n<\/tbody>\r\n<\/table>\r\n\r\n<hr class=\"wp-block-separator has-alpha-channel-opacity\" \/>\r\n<div class=\"wp-block-image\">\r\n<figure class=\"aligncenter size-large is-resized\"><a href=\"https:\/\/www.transum.org\/Maths\/Activity\/Units\/Default.asp?Level=4\" target=\"_blank\" rel=\"noreferrer noopener\"><img loading=\"lazy\" decoding=\"async\" width=\"1024\" height=\"649\" class=\"wp-image-3893\" style=\"width: 578px; height: auto;\" src=\"https:\/\/domath.surju.ee\/wp-content\/uploads\/2024\/08\/Kuvatommis-2024-08-10-012222-1024x649.png\" alt=\"\" srcset=\"https:\/\/domath.surju.ee\/wp-content\/uploads\/2024\/08\/Kuvatommis-2024-08-10-012222-1024x649.png 1024w, https:\/\/domath.surju.ee\/wp-content\/uploads\/2024\/08\/Kuvatommis-2024-08-10-012222-300x190.png 300w, https:\/\/domath.surju.ee\/wp-content\/uploads\/2024\/08\/Kuvatommis-2024-08-10-012222-768x487.png 768w, https:\/\/domath.surju.ee\/wp-content\/uploads\/2024\/08\/Kuvatommis-2024-08-10-012222-24x15.png 24w, https:\/\/domath.surju.ee\/wp-content\/uploads\/2024\/08\/Kuvatommis-2024-08-10-012222-36x23.png 36w, https:\/\/domath.surju.ee\/wp-content\/uploads\/2024\/08\/Kuvatommis-2024-08-10-012222-48x30.png 48w, https:\/\/domath.surju.ee\/wp-content\/uploads\/2024\/08\/Kuvatommis-2024-08-10-012222.png 1294w\" sizes=\"auto, (max-width: 1024px) 100vw, 1024px\" \/><\/a><\/figure><\/div>\r\n<p style=\"text-align: center;\"><a href=\"https:\/\/www.transum.org\/Maths\/Activity\/Units\/Default.asp?Level=4\">https:\/\/www.transum.org\/Maths\/Activity\/Units\/Default.asp?Level=4<\/a><\/p>","protected":false},"excerpt":{"rendered":"<p>Massi\u00fchikud Massi\u00fchikud on \u00fchikud, millega m\u00f5\u00f5detakse massi.&nbsp; Massi&nbsp;p\u00f5hi\u00fchikuks on kilogramm (kg). Tihti kasutatakse veel grammi (g), tsentnerit (ts) ja tonni (t).&nbsp; 1 g = 1000 mg (1 gramm = 1000 milligrammi) 1 kg = 1000 g ( 1 kilogramm = 1000 grammi) 1 ts = 100 kg ( 1 tsentner = 100 kilogrammi) 1 t [&#8230;]<\/p>\n<p><a class=\"btn btn-secondary understrap-read-more-link\" href=\"https:\/\/domath.surju.ee\/et\/massiuhikud\/\">Read More&#8230;<span class=\"screen-reader-text\"> from Massi\u00fchikud<\/span><\/a><\/p>\n","protected":false},"author":12,"featured_media":0,"parent":0,"menu_order":0,"comment_status":"closed","ping_status":"closed","template":"","meta":{"_eb_attr":"","_uag_custom_page_level_css":"","footnotes":""},"categories":[],"tags":[100,113,145],"class_list":["post-3534","page","type-page","status-publish","hentry","tag-english-u","tag-estonian-m","tag-greek-mu"],"uagb_featured_image_src":{"full":false,"thumbnail":false,"medium":false,"medium_large":false,"large":false,"1536x1536":false,"2048x2048":false,"menu-24x24":false,"menu-36x36":false,"menu-48x48":false},"uagb_author_info":{"display_name":"Ave Kartau","author_link":"https:\/\/domath.surju.ee\/et\/author\/ave\/"},"uagb_comment_info":0,"uagb_excerpt":"Massi\u00fchikud Massi\u00fchikud on \u00fchikud, millega m\u00f5\u00f5detakse massi.&nbsp; Massi&nbsp;p\u00f5hi\u00fchikuks on kilogramm (kg). Tihti kasutatakse veel grammi (g), tsentnerit (ts) ja tonni (t).&nbsp; 1 g = 1000 mg (1 gramm = 1000 milligrammi) 1 kg = 1000 g ( 1 kilogramm = 1000 grammi) 1 ts = 100 kg ( 1 tsentner = 100 kilogrammi) 1 t&hellip;","_links":{"self":[{"href":"https:\/\/domath.surju.ee\/et\/wp-json\/wp\/v2\/pages\/3534","targetHints":{"allow":["GET"]}}],"collection":[{"href":"https:\/\/domath.surju.ee\/et\/wp-json\/wp\/v2\/pages"}],"about":[{"href":"https:\/\/domath.surju.ee\/et\/wp-json\/wp\/v2\/types\/page"}],"author":[{"embeddable":true,"href":"https:\/\/domath.surju.ee\/et\/wp-json\/wp\/v2\/users\/12"}],"replies":[{"embeddable":true,"href":"https:\/\/domath.surju.ee\/et\/wp-json\/wp\/v2\/comments?post=3534"}],"version-history":[{"count":5,"href":"https:\/\/domath.surju.ee\/et\/wp-json\/wp\/v2\/pages\/3534\/revisions"}],"predecessor-version":[{"id":5182,"href":"https:\/\/domath.surju.ee\/et\/wp-json\/wp\/v2\/pages\/3534\/revisions\/5182"}],"wp:attachment":[{"href":"https:\/\/domath.surju.ee\/et\/wp-json\/wp\/v2\/media?parent=3534"}],"wp:term":[{"taxonomy":"category","embeddable":true,"href":"https:\/\/domath.surju.ee\/et\/wp-json\/wp\/v2\/categories?post=3534"},{"taxonomy":"post_tag","embeddable":true,"href":"https:\/\/domath.surju.ee\/et\/wp-json\/wp\/v2\/tags?post=3534"}],"curies":[{"name":"wp","href":"https:\/\/api.w.org\/{rel}","templated":true}]}}