{"id":3531,"date":"2024-08-06T17:08:00","date_gmt":"2024-08-06T17:08:00","guid":{"rendered":"https:\/\/domath.surju.ee\/?page_id=3531"},"modified":"2025-01-02T20:13:01","modified_gmt":"2025-01-02T20:13:01","slug":"units-of-time","status":"publish","type":"page","link":"https:\/\/domath.surju.ee\/et\/ajauhikud\/","title":{"rendered":"Aja\u00fchikud"},"content":{"rendered":"<h1 style=\"text-align: center;\"><strong><span style=\"color: #008000;\">Aja\u00fchikud<\/span><\/strong><\/h1>\r\n<p><strong><span style=\"color: #ff0000;\">Aja\u00fchikud <\/span><\/strong><span style=\"color: #ff0000;\"><span style=\"color: #000000;\">on m\u00f5\u00f5t\u00fchikud, millega m\u00f5\u00f5detakse aega. P\u00f5him\u00f5\u00f5t\u00fchikuks on <strong>sekund<\/strong>.&nbsp;<\/span><\/span><\/p>\r\n<p>&nbsp;<\/p>\r\n<p><span style=\"color: #99ccff; background-color: #000080;\"><strong>Aja\u00fchikud<\/strong><\/span><\/p>\r\n<ul class=\"wp-block-list\">\r\n\t<li>1 sekund<\/li>\r\n\t<li>60 sekundit =1 minut<\/li>\r\n\t<li>60 minutit = 1 tund<\/li>\r\n\t<li>24 tundi = 1 \u00f6\u00f6p\u00e4ev&nbsp;<\/li>\r\n\t<li>7 \u00f6\u00f6p\u00e4eva = 1 n\u00e4dal<\/li>\r\n\t<li>28, 29, 30 v\u00f5i 31 p\u00e4eva&nbsp; = 1 kuu<\/li>\r\n\t<li>365 or 366 p\u00e4eva = 1 aasta<\/li>\r\n\t<li>12 kuud = 1 aasta<\/li>\r\n\t<li>10 aastat = 1 dekaad<\/li>\r\n\t<li>100 aastat = 1 sajand<\/li>\r\n\t<li>1000 aastat = 1 millennium<\/li>\r\n<\/ul>\r\n\r\n\r\n\r\n\r\n\r\n<p>&nbsp;<\/p>\r\n\r\n<div class=\"wp-block-image\">\r\n<figure class=\"aligncenter size-full is-resized\"><img loading=\"lazy\" decoding=\"async\" width=\"500\" height=\"250\" class=\"wp-image-3418\" style=\"width: 439px; height: auto;\" src=\"https:\/\/domath.surju.ee\/wp-content\/uploads\/2024\/07\/measurement-of-time2-1.png\" alt=\"\" srcset=\"https:\/\/domath.surju.ee\/wp-content\/uploads\/2024\/07\/measurement-of-time2-1.png 500w, https:\/\/domath.surju.ee\/wp-content\/uploads\/2024\/07\/measurement-of-time2-1-300x150.png 300w, https:\/\/domath.surju.ee\/wp-content\/uploads\/2024\/07\/measurement-of-time2-1-24x12.png 24w, https:\/\/domath.surju.ee\/wp-content\/uploads\/2024\/07\/measurement-of-time2-1-36x18.png 36w, https:\/\/domath.surju.ee\/wp-content\/uploads\/2024\/07\/measurement-of-time2-1-48x24.png 48w\" sizes=\"auto, (max-width: 500px) 100vw, 500px\" \/><\/figure><\/div>\r\n\r\n<p><img loading=\"lazy\" decoding=\"async\" class=\"alignnone  wp-image-3420\" src=\"https:\/\/domath.surju.ee\/wp-content\/uploads\/2024\/07\/quarters-of-time2-300x300.png\" alt=\"\" width=\"333\" height=\"333\" srcset=\"https:\/\/domath.surju.ee\/wp-content\/uploads\/2024\/07\/quarters-of-time2-300x300.png 300w, https:\/\/domath.surju.ee\/wp-content\/uploads\/2024\/07\/quarters-of-time2-150x150.png 150w, https:\/\/domath.surju.ee\/wp-content\/uploads\/2024\/07\/quarters-of-time2-24x24.png 24w, https:\/\/domath.surju.ee\/wp-content\/uploads\/2024\/07\/quarters-of-time2-36x36.png 36w, https:\/\/domath.surju.ee\/wp-content\/uploads\/2024\/07\/quarters-of-time2-48x48.png 48w, https:\/\/domath.surju.ee\/wp-content\/uploads\/2024\/07\/quarters-of-time2.png 500w\" sizes=\"auto, (max-width: 333px) 100vw, 333px\" \/>&nbsp; &nbsp; <img loading=\"lazy\" decoding=\"async\" class=\"alignnone  wp-image-3419\" src=\"https:\/\/domath.surju.ee\/wp-content\/uploads\/2024\/07\/measurement-of-time2-2-300x300.png\" alt=\"\" width=\"327\" height=\"327\" srcset=\"https:\/\/domath.surju.ee\/wp-content\/uploads\/2024\/07\/measurement-of-time2-2-300x300.png 300w, https:\/\/domath.surju.ee\/wp-content\/uploads\/2024\/07\/measurement-of-time2-2-150x150.png 150w, https:\/\/domath.surju.ee\/wp-content\/uploads\/2024\/07\/measurement-of-time2-2-24x24.png 24w, https:\/\/domath.surju.ee\/wp-content\/uploads\/2024\/07\/measurement-of-time2-2-36x36.png 36w, https:\/\/domath.surju.ee\/wp-content\/uploads\/2024\/07\/measurement-of-time2-2-48x48.png 48w, https:\/\/domath.surju.ee\/wp-content\/uploads\/2024\/07\/measurement-of-time2-2.png 500w\" sizes=\"auto, (max-width: 327px) 100vw, 327px\" \/><\/p>\r\n\r\n<p style=\"text-align: left;\"><a href=\"https:\/\/www.crestolympiads.com\/topic\/class-2-time\">https:\/\/www.crestolympiads.com\/topic\/class-2-time<\/a><\/p>\r\n<div class=\"wp-block-image\">\r\n<figure class=\"aligncenter size-large is-resized\"><a href=\"https:\/\/www.thatquiz.org\/tq-g\/math\/time\/\" target=\"_blank\" rel=\"noreferrer noopener\"><img loading=\"lazy\" decoding=\"async\" width=\"1024\" height=\"356\" class=\"wp-image-3800\" style=\"width: 695px; height: auto;\" src=\"https:\/\/domath.surju.ee\/wp-content\/uploads\/2024\/08\/Kuvatommis-2024-08-09-030119-1024x356.png\" alt=\"\" srcset=\"https:\/\/domath.surju.ee\/wp-content\/uploads\/2024\/08\/Kuvatommis-2024-08-09-030119-1024x356.png 1024w, https:\/\/domath.surju.ee\/wp-content\/uploads\/2024\/08\/Kuvatommis-2024-08-09-030119-300x104.png 300w, https:\/\/domath.surju.ee\/wp-content\/uploads\/2024\/08\/Kuvatommis-2024-08-09-030119-768x267.png 768w, https:\/\/domath.surju.ee\/wp-content\/uploads\/2024\/08\/Kuvatommis-2024-08-09-030119-1536x534.png 1536w, https:\/\/domath.surju.ee\/wp-content\/uploads\/2024\/08\/Kuvatommis-2024-08-09-030119-24x8.png 24w, https:\/\/domath.surju.ee\/wp-content\/uploads\/2024\/08\/Kuvatommis-2024-08-09-030119-36x13.png 36w, https:\/\/domath.surju.ee\/wp-content\/uploads\/2024\/08\/Kuvatommis-2024-08-09-030119-48x17.png 48w, https:\/\/domath.surju.ee\/wp-content\/uploads\/2024\/08\/Kuvatommis-2024-08-09-030119.png 1837w\" sizes=\"auto, (max-width: 1024px) 100vw, 1024px\" \/><\/a><\/figure><\/div>\r\n<p style=\"text-align: center;\"><a href=\"https:\/\/www.thatquiz.org\/tq-g\/math\/time\/\">https:\/\/www.thatquiz.org\/tq-g\/math\/time\/<\/a><\/p>\r\n\r\n<p>&nbsp;<\/p>\r\n","protected":false},"excerpt":{"rendered":"<p>Aja\u00fchikud Aja\u00fchikud on m\u00f5\u00f5t\u00fchikud, millega m\u00f5\u00f5detakse aega. P\u00f5him\u00f5\u00f5t\u00fchikuks on sekund.&nbsp; &nbsp; Aja\u00fchikud 1 sekund 60 sekundit =1 minut 60 minutit = 1 tund 24 tundi = 1 \u00f6\u00f6p\u00e4ev&nbsp; 7 \u00f6\u00f6p\u00e4eva = 1 n\u00e4dal 28, 29, 30 v\u00f5i 31 p\u00e4eva&nbsp; = 1 kuu 365 or 366 p\u00e4eva = 1 aasta 12 kuud = 1 aasta 10 [&#8230;]<\/p>\n<p><a class=\"btn btn-secondary understrap-read-more-link\" href=\"https:\/\/domath.surju.ee\/et\/ajauhikud\/\">Read More&#8230;<span class=\"screen-reader-text\"> from Aja\u00fchikud<\/span><\/a><\/p>\n","protected":false},"author":12,"featured_media":0,"parent":0,"menu_order":0,"comment_status":"closed","ping_status":"closed","template":"","meta":{"_eb_attr":"","_uag_custom_page_level_css":"","footnotes":""},"categories":[],"tags":[100,22,145],"class_list":["post-3531","page","type-page","status-publish","hentry","tag-english-u","tag-estonian-a","tag-greek-mu"],"uagb_featured_image_src":{"full":false,"thumbnail":false,"medium":false,"medium_large":false,"large":false,"1536x1536":false,"2048x2048":false,"menu-24x24":false,"menu-36x36":false,"menu-48x48":false},"uagb_author_info":{"display_name":"Ave Kartau","author_link":"https:\/\/domath.surju.ee\/et\/author\/ave\/"},"uagb_comment_info":0,"uagb_excerpt":"Aja\u00fchikud Aja\u00fchikud on m\u00f5\u00f5t\u00fchikud, millega m\u00f5\u00f5detakse aega. P\u00f5him\u00f5\u00f5t\u00fchikuks on sekund.&nbsp; &nbsp; Aja\u00fchikud 1 sekund 60 sekundit =1 minut 60 minutit = 1 tund 24 tundi = 1 \u00f6\u00f6p\u00e4ev&nbsp; 7 \u00f6\u00f6p\u00e4eva = 1 n\u00e4dal 28, 29, 30 v\u00f5i 31 p\u00e4eva&nbsp; = 1 kuu 365 or 366 p\u00e4eva = 1 aasta 12 kuud = 1 aasta 10&hellip;","_links":{"self":[{"href":"https:\/\/domath.surju.ee\/et\/wp-json\/wp\/v2\/pages\/3531","targetHints":{"allow":["GET"]}}],"collection":[{"href":"https:\/\/domath.surju.ee\/et\/wp-json\/wp\/v2\/pages"}],"about":[{"href":"https:\/\/domath.surju.ee\/et\/wp-json\/wp\/v2\/types\/page"}],"author":[{"embeddable":true,"href":"https:\/\/domath.surju.ee\/et\/wp-json\/wp\/v2\/users\/12"}],"replies":[{"embeddable":true,"href":"https:\/\/domath.surju.ee\/et\/wp-json\/wp\/v2\/comments?post=3531"}],"version-history":[{"count":8,"href":"https:\/\/domath.surju.ee\/et\/wp-json\/wp\/v2\/pages\/3531\/revisions"}],"predecessor-version":[{"id":3811,"href":"https:\/\/domath.surju.ee\/et\/wp-json\/wp\/v2\/pages\/3531\/revisions\/3811"}],"wp:attachment":[{"href":"https:\/\/domath.surju.ee\/et\/wp-json\/wp\/v2\/media?parent=3531"}],"wp:term":[{"taxonomy":"category","embeddable":true,"href":"https:\/\/domath.surju.ee\/et\/wp-json\/wp\/v2\/categories?post=3531"},{"taxonomy":"post_tag","embeddable":true,"href":"https:\/\/domath.surju.ee\/et\/wp-json\/wp\/v2\/tags?post=3531"}],"curies":[{"name":"wp","href":"https:\/\/api.w.org\/{rel}","templated":true}]}}