{"id":3529,"date":"2024-08-06T16:52:57","date_gmt":"2024-08-06T16:52:57","guid":{"rendered":"https:\/\/domath.surju.ee\/?page_id=3529"},"modified":"2025-01-02T20:11:54","modified_gmt":"2025-01-02T20:11:54","slug":"units-of-speed","status":"publish","type":"page","link":"https:\/\/domath.surju.ee\/et\/kiirusuhikud\/","title":{"rendered":"Kiirus\u00fchikud"},"content":{"rendered":"<h1 style=\"text-align: center;\"><strong><span style=\"color: #008000;\">Kiirus\u00fchikud<\/span><\/strong><\/h1>\r\n<p><span style=\"color: #ff0000;\"><strong>Kiirus<\/strong> <\/span>n\u00e4itab, kui suure teepikkuse l\u00e4bib keha \u00fches aja\u00fchikus. <br \/>\r\nKiiruse p\u00f5hi\u00fchikuks on <strong>meeter sekundis (m\/s)<\/strong>. Samuti kasutatakse sageli \u00fchikut <strong>kilomeeter tunnis (km\/h)<\/strong>.<\/p>\r\n<p>Kiiruse valem on:&nbsp;<br \/>\r\n<strong><span style=\"color: #ff0000;\">kiirus = teepikkus \u00f7 aeg<\/span><\/strong><br \/>\r\n<br \/>\r\n<\/p>\r\n<p><span style=\"color: #008000;\"><strong>Teepikkus = kiirus x aeg<\/strong><\/span><\/p>\r\n<p>&nbsp;<\/p>\r\n<p><span style=\"color: #008000;\"><strong>Aeg = teepikkus \u00f7 kiirus<\/strong><\/span><\/p>\r\n<h5><span style=\"font-size: 12pt;\"><strong><span style=\"color: #0000ff;\">N\u00e4ited:&nbsp;<\/span><\/strong><\/span><\/h5>\r\n<p><img loading=\"lazy\" decoding=\"async\" class=\" wp-image-3815 alignleft\" src=\"https:\/\/domath.surju.ee\/wp-content\/uploads\/2024\/08\/car-160895_640-300x150.png\" alt=\"\" width=\"220\" height=\"110\" srcset=\"https:\/\/domath.surju.ee\/wp-content\/uploads\/2024\/08\/car-160895_640-300x150.png 300w, https:\/\/domath.surju.ee\/wp-content\/uploads\/2024\/08\/car-160895_640-24x12.png 24w, https:\/\/domath.surju.ee\/wp-content\/uploads\/2024\/08\/car-160895_640-36x18.png 36w, https:\/\/domath.surju.ee\/wp-content\/uploads\/2024\/08\/car-160895_640-48x24.png 48w, https:\/\/domath.surju.ee\/wp-content\/uploads\/2024\/08\/car-160895_640.png 640w\" sizes=\"auto, (max-width: 220px) 100vw, 220px\" \/>S\u00f5it kestab kaks tundi. \u00dchtlasel kiirusel l\u00e4bitakse 180 km.&nbsp; Mis on s\u00f5idukiirus?<\/p>\r\n<p><strong>Kiirus = 180 :&nbsp; 2 = 90 kilomeetrit tunnis (km\/h)<\/strong><\/p>\r\n\r\n<hr class=\"wp-block-separator has-alpha-channel-opacity\" \/>\r\n<p><iframe loading=\"lazy\" style=\"border: 0px;\" title=\"Autode kiirus ja s\u00f5itmine\" src=\"https:\/\/www.geogebra.org\/material\/iframe\/id\/ssfzpf7g\/width\/1200\/height\/485\/border\/888888\/sfsb\/true\/smb\/false\/stb\/false\/stbh\/false\/ai\/false\/asb\/false\/sri\/false\/rc\/false\/ld\/false\/sdz\/false\/ctl\/false\" width=\"600px\" height=\"250px\" scrolling=\"no\"> <\/iframe><\/p>\r\n<p><a href=\"https:\/\/www.geogebra.org\/u\/melissa_teo\"><span class=\"notranslate\">Melissa Teo<\/span><\/a> , License<a href=\"https:\/\/creativecommons.org\/licenses\/by-sa\/3.0\">CC-BY-SA<\/a>,&nbsp;<a href=\"https:\/\/www.geogebra.org\/tos\">GeoGebra Te<\/a><a href=\"https:\/\/www.geogebra.org\/tos\">rms of Use<\/a><\/p>\r\n\r\n<hr class=\"wp-block-separator has-alpha-channel-opacity\" \/>\r\n\r\n<p>&nbsp;<\/p>\r\n\r\n\r\n<p><iframe loading=\"lazy\" style=\"border: 0px;\" title=\"Autode s\u00f5itmine\" src=\"https:\/\/www.geogebra.org\/material\/iframe\/id\/npjvjrdb\/width\/1280\/height\/485\/border\/888888\/sfsb\/true\/smb\/false\/stb\/false\/stbh\/false\/ai\/false\/asb\/false\/sri\/false\/rc\/false\/ld\/false\/sdz\/false\/ctl\/false\" width=\"600px\" height=\"250px\" scrolling=\"no\"> <\/iframe><\/p>\r\n\r\n\r\n<p><a href=\"https:\/\/www.geogebra.org\/u\/user1606\">Yoong Kheong<\/a>&nbsp;, License<a href=\"https:\/\/creativecommons.org\/licenses\/by-sa\/3.0\">CC-BY-SA<\/a>,&nbsp;<a href=\"https:\/\/www.geogebra.org\/tos\">GeoGebra Terms of Use<\/a><\/p>\r\n\r\n <iframe loading=\"lazy\" style=\"border: 0px;\" title=\"Kiirus, aeg teepikkus\" src=\"https:\/\/www.geogebra.org\/material\/iframe\/id\/wuydxtgd\/width\/1200\/height\/585\/border\/888888\/sfsb\/true\/smb\/false\/stb\/false\/stbh\/false\/ai\/false\/asb\/false\/sri\/false\/rc\/false\/ld\/false\/sdz\/false\/ctl\/false\" width=\"600px\" height=\"300px\" scrolling=\"no\"> <\/iframe> \r\n<p><a href=\"https:\/\/www.geogebra.org\/u\/mr_stewart_maths\"><span class=\"notranslate\">Mr_Stewart_Maths<\/span><\/a>, License<a href=\"https:\/\/creativecommons.org\/licenses\/by-sa\/3.0\">CC-BY-SA<\/a>,&nbsp;<a href=\"https:\/\/www.geogebra.org\/tos\">GeoGebra Terms of Use<\/a><\/p>","protected":false},"excerpt":{"rendered":"<p>Kiirus\u00fchikud Kiirus n\u00e4itab, kui suure teepikkuse l\u00e4bib keha \u00fches aja\u00fchikus. Kiiruse p\u00f5hi\u00fchikuks on meeter sekundis (m\/s). Samuti kasutatakse sageli \u00fchikut kilomeeter tunnis (km\/h). Kiiruse valem on:&nbsp; kiirus = teepikkus \u00f7 aeg Teepikkus = kiirus x aeg &nbsp; Aeg = teepikkus \u00f7 kiirus N\u00e4ited:&nbsp; S\u00f5it kestab kaks tundi. \u00dchtlasel kiirusel l\u00e4bitakse 180 km.&nbsp; Mis on s\u00f5idukiirus? [&#8230;]<\/p>\n<p><a class=\"btn btn-secondary understrap-read-more-link\" href=\"https:\/\/domath.surju.ee\/et\/kiirusuhikud\/\">Read More&#8230;<span class=\"screen-reader-text\"> from Kiirus\u00fchikud<\/span><\/a><\/p>\n","protected":false},"author":12,"featured_media":0,"parent":0,"menu_order":0,"comment_status":"closed","ping_status":"closed","template":"","meta":{"_eb_attr":"","_uag_custom_page_level_css":"","footnotes":""},"categories":[],"tags":[100,76,145],"class_list":["post-3529","page","type-page","status-publish","hentry","tag-english-u","tag-estonian-k","tag-greek-mu"],"uagb_featured_image_src":{"full":false,"thumbnail":false,"medium":false,"medium_large":false,"large":false,"1536x1536":false,"2048x2048":false,"menu-24x24":false,"menu-36x36":false,"menu-48x48":false},"uagb_author_info":{"display_name":"Ave Kartau","author_link":"https:\/\/domath.surju.ee\/et\/author\/ave\/"},"uagb_comment_info":0,"uagb_excerpt":"Kiirus\u00fchikud Kiirus n\u00e4itab, kui suure teepikkuse l\u00e4bib keha \u00fches aja\u00fchikus. Kiiruse p\u00f5hi\u00fchikuks on meeter sekundis (m\/s). Samuti kasutatakse sageli \u00fchikut kilomeeter tunnis (km\/h). Kiiruse valem on:&nbsp; kiirus = teepikkus \u00f7 aeg Teepikkus = kiirus x aeg &nbsp; Aeg = teepikkus \u00f7 kiirus N\u00e4ited:&nbsp; S\u00f5it kestab kaks tundi. \u00dchtlasel kiirusel l\u00e4bitakse 180 km.&nbsp; Mis on s\u00f5idukiirus?&hellip;","_links":{"self":[{"href":"https:\/\/domath.surju.ee\/et\/wp-json\/wp\/v2\/pages\/3529","targetHints":{"allow":["GET"]}}],"collection":[{"href":"https:\/\/domath.surju.ee\/et\/wp-json\/wp\/v2\/pages"}],"about":[{"href":"https:\/\/domath.surju.ee\/et\/wp-json\/wp\/v2\/types\/page"}],"author":[{"embeddable":true,"href":"https:\/\/domath.surju.ee\/et\/wp-json\/wp\/v2\/users\/12"}],"replies":[{"embeddable":true,"href":"https:\/\/domath.surju.ee\/et\/wp-json\/wp\/v2\/comments?post=3529"}],"version-history":[{"count":10,"href":"https:\/\/domath.surju.ee\/et\/wp-json\/wp\/v2\/pages\/3529\/revisions"}],"predecessor-version":[{"id":3825,"href":"https:\/\/domath.surju.ee\/et\/wp-json\/wp\/v2\/pages\/3529\/revisions\/3825"}],"wp:attachment":[{"href":"https:\/\/domath.surju.ee\/et\/wp-json\/wp\/v2\/media?parent=3529"}],"wp:term":[{"taxonomy":"category","embeddable":true,"href":"https:\/\/domath.surju.ee\/et\/wp-json\/wp\/v2\/categories?post=3529"},{"taxonomy":"post_tag","embeddable":true,"href":"https:\/\/domath.surju.ee\/et\/wp-json\/wp\/v2\/tags?post=3529"}],"curies":[{"name":"wp","href":"https:\/\/api.w.org\/{rel}","templated":true}]}}